{"id":1040,"date":"2024-04-11T08:10:01","date_gmt":"2024-04-11T08:10:01","guid":{"rendered":"https:\/\/acc91073.maxer.hu\/?page_id=1040"},"modified":"2025-08-04T13:16:40","modified_gmt":"2025-08-04T13:16:40","slug":"venditalia","status":"publish","type":"page","link":"https:\/\/powder-products.com\/de\/venditalia\/","title":{"rendered":"VENDITALIA"},"content":{"rendered":"\n<p><strong>Besuchen Sie uns auf der Venditalia, Halle 12 Stand F01F05!<\/strong><\/p>\n\n\n\n<p>Sie k\u00f6nnen sich ganz einfach kostenlos anmelden, indem Sie auf den folgenden Link klicken:<br><a class=\"\" href=\"https:\/\/ticketonline.fieramilano.it\/venditalia\/2024\/operatori\/index.jsp?lang=en\">https:\/\/ticketonline.fieramilano.it\/venditalia\/2024\/operatori\/index.jsp?lang=en<\/a><\/p>\n\n\n\n<p>Nach dem Ausf\u00fcllen des Formulars erhalten Besucher einen \u201eVISITOR PASS\u201c Eintrittsausweis f\u00fcr die Venditalia 2024, g\u00fcltig f\u00fcr alle vier Veranstaltungstage.<\/p>\n\n\n\n<p>Falls Sie die M\u00f6glichkeit zur Voranmeldung verpassen, k\u00f6nnen Sie sich auch vor Ort an der Rezeption registrieren.<\/p>\n\n\n\n<p><strong>Besucher\u00f6ffnungszeiten:<\/strong><br>Mittwoch\/Donnerstag\/Freitag \u2013 9:30 bis 18:00 Uhr<br>Samstag \u2013 9:30 bis 15:00 Uhr<\/p>\n\n\n\n<p><strong>Veranstaltungsort:<\/strong><br>Fiera Milano Rho \u2013 Hallen 8 und 12<br>Eing\u00e4nge: Osttor \u2013 S\u00fcdtore<br>Adresse: Strada Statale del Sempione, 28 \u2013 20017 Rho (Mi)<\/p>\n\n\n\n<p>Wir freuen uns auf Ihren Besuch!<\/p>\n","protected":false},"excerpt":{"rendered":"<p>Besuchen Sie uns auf der Venditalia, Halle 12 Stand F01F05! Sie k\u00f6nnen sich ganz einfach kostenlos anmelden, indem Sie auf den folgenden Link klicken:https:\/\/ticketonline.fieramilano.it\/venditalia\/2024\/operatori\/index.jsp?lang=en Nach dem Ausf\u00fcllen des Formulars erhalten Besucher einen \u201eVISITOR PASS\u201c Eintrittsausweis f\u00fcr die Venditalia 2024, g\u00fcltig f\u00fcr alle vier Veranstaltungstage. Falls Sie die M\u00f6glichkeit zur Voranmeldung verpassen, k\u00f6nnen Sie sich auch &hellip; <\/p>\n<p class=\"link-more\"><a href=\"https:\/\/powder-products.com\/de\/venditalia\/\" class=\"more-link\"><span class=\"screen-reader-text\">\u201eVENDITALIA\u201c<\/span> weiterlesen<\/a><\/p>\n","protected":false},"author":2,"featured_media":0,"parent":0,"menu_order":0,"comment_status":"closed","ping_status":"closed","template":"","meta":{"footnotes":""},"class_list":["post-1040","page","type-page","status-publish","hentry"],"yoast_head":"<!-- This site is optimized with the Yoast SEO Premium plugin v25.6 (Yoast SEO v26.1.1) - https:\/\/yoast.com\/wordpress\/plugins\/seo\/ -->\n<title>VENDITALIA - PPP Private Powder Products<\/title>\n<meta name=\"robots\" content=\"index, follow, max-snippet:-1, max-image-preview:large, max-video-preview:-1\" \/>\n<link rel=\"canonical\" href=\"https:\/\/powder-products.com\/venditalia\/\" \/>\n<meta property=\"og:locale\" content=\"de_DE\" \/>\n<meta property=\"og:type\" content=\"article\" \/>\n<meta property=\"og:title\" content=\"VENDITALIA\" \/>\n<meta property=\"og:description\" content=\"Besuchen Sie uns auf der Venditalia, Halle 12 Stand F01F05! Sie k\u00f6nnen sich ganz einfach kostenlos anmelden, indem Sie auf den folgenden Link klicken:https:\/\/ticketonline.fieramilano.it\/venditalia\/2024\/operatori\/index.jsp?lang=en Nach dem Ausf\u00fcllen des Formulars erhalten Besucher einen \u201eVISITOR PASS\u201c Eintrittsausweis f\u00fcr die Venditalia 2024, g\u00fcltig f\u00fcr alle vier Veranstaltungstage. Falls Sie die M\u00f6glichkeit zur Voranmeldung verpassen, k\u00f6nnen Sie sich auch &hellip; \u201eVENDITALIA\u201c weiterlesen\" \/>\n<meta property=\"og:url\" content=\"https:\/\/powder-products.com\/venditalia\/\" \/>\n<meta property=\"og:site_name\" content=\"PPP Private Powder Products\" \/>\n<meta property=\"article:publisher\" content=\"https:\/\/www.facebook.com\/privatepowderproducts\" \/>\n<meta property=\"article:modified_time\" content=\"2025-08-04T13:16:40+00:00\" \/>\n<meta name=\"twitter:card\" content=\"summary_large_image\" \/>\n<meta name=\"twitter:label1\" content=\"Gesch\u00e4tzte Lesezeit\" \/>\n\t<meta name=\"twitter:data1\" content=\"1\u00a0Minute\" \/>\n<script type=\"application\/ld+json\" class=\"yoast-schema-graph\">{\"@context\":\"https:\/\/schema.org\",\"@graph\":[{\"@type\":\"WebPage\",\"@id\":\"https:\/\/powder-products.com\/venditalia\/\",\"url\":\"https:\/\/powder-products.com\/venditalia\/\",\"name\":\"VENDITALIA - PPP Private Powder Products\",\"isPartOf\":{\"@id\":\"https:\/\/powder-products.com\/hu\/#website\"},\"datePublished\":\"2024-04-11T08:10:01+00:00\",\"dateModified\":\"2025-08-04T13:16:40+00:00\",\"breadcrumb\":{\"@id\":\"https:\/\/powder-products.com\/venditalia\/#breadcrumb\"},\"inLanguage\":\"de\",\"potentialAction\":[{\"@type\":\"ReadAction\",\"target\":[\"https:\/\/powder-products.com\/venditalia\/\"]}]},{\"@type\":\"BreadcrumbList\",\"@id\":\"https:\/\/powder-products.com\/venditalia\/#breadcrumb\",\"itemListElement\":[{\"@type\":\"ListItem\",\"position\":1,\"name\":\"Home\",\"item\":\"https:\/\/powder-products.com\/\"},{\"@type\":\"ListItem\",\"position\":2,\"name\":\"VENDITALIA\"}]},{\"@type\":\"WebSite\",\"@id\":\"https:\/\/powder-products.com\/hu\/#website\",\"url\":\"https:\/\/powder-products.com\/hu\/\",\"name\":\"PPP Private Powder Products\",\"description\":\"Powder based products according to your needs.\",\"publisher\":{\"@id\":\"https:\/\/powder-products.com\/hu\/#organization\"},\"potentialAction\":[{\"@type\":\"SearchAction\",\"target\":{\"@type\":\"EntryPoint\",\"urlTemplate\":\"https:\/\/powder-products.com\/hu\/?s={search_term_string}\"},\"query-input\":{\"@type\":\"PropertyValueSpecification\",\"valueRequired\":true,\"valueName\":\"search_term_string\"}}],\"inLanguage\":\"de\"},{\"@type\":\"Organization\",\"@id\":\"https:\/\/powder-products.com\/hu\/#organization\",\"name\":\"PPP Private Powder Products\",\"url\":\"https:\/\/powder-products.com\/hu\/\",\"logo\":{\"@type\":\"ImageObject\",\"inLanguage\":\"de\",\"@id\":\"https:\/\/powder-products.com\/hu\/#\/schema\/logo\/image\/\",\"url\":\"https:\/\/powder-products.com\/wp-content\/uploads\/2024\/02\/ppp_logo_new-01.png\",\"contentUrl\":\"https:\/\/powder-products.com\/wp-content\/uploads\/2024\/02\/ppp_logo_new-01.png\",\"width\":512,\"height\":202,\"caption\":\"PPP Private Powder Products\"},\"image\":{\"@id\":\"https:\/\/powder-products.com\/hu\/#\/schema\/logo\/image\/\"},\"sameAs\":[\"https:\/\/www.facebook.com\/privatepowderproducts\"]}]}<\/script>\n<!-- \/ Yoast SEO Premium plugin. -->","yoast_head_json":{"title":"VENDITALIA - PPP Private Powder Products","robots":{"index":"index","follow":"follow","max-snippet":"max-snippet:-1","max-image-preview":"max-image-preview:large","max-video-preview":"max-video-preview:-1"},"canonical":"https:\/\/powder-products.com\/venditalia\/","og_locale":"de_DE","og_type":"article","og_title":"VENDITALIA","og_description":"Besuchen Sie uns auf der Venditalia, Halle 12 Stand F01F05! Sie k\u00f6nnen sich ganz einfach kostenlos anmelden, indem Sie auf den folgenden Link klicken:https:\/\/ticketonline.fieramilano.it\/venditalia\/2024\/operatori\/index.jsp?lang=en Nach dem Ausf\u00fcllen des Formulars erhalten Besucher einen \u201eVISITOR PASS\u201c Eintrittsausweis f\u00fcr die Venditalia 2024, g\u00fcltig f\u00fcr alle vier Veranstaltungstage. Falls Sie die M\u00f6glichkeit zur Voranmeldung verpassen, k\u00f6nnen Sie sich auch &hellip; \u201eVENDITALIA\u201c weiterlesen","og_url":"https:\/\/powder-products.com\/venditalia\/","og_site_name":"PPP Private Powder Products","article_publisher":"https:\/\/www.facebook.com\/privatepowderproducts","article_modified_time":"2025-08-04T13:16:40+00:00","twitter_card":"summary_large_image","twitter_misc":{"Gesch\u00e4tzte Lesezeit":"1\u00a0Minute"},"schema":{"@context":"https:\/\/schema.org","@graph":[{"@type":"WebPage","@id":"https:\/\/powder-products.com\/venditalia\/","url":"https:\/\/powder-products.com\/venditalia\/","name":"VENDITALIA - PPP Private Powder Products","isPartOf":{"@id":"https:\/\/powder-products.com\/hu\/#website"},"datePublished":"2024-04-11T08:10:01+00:00","dateModified":"2025-08-04T13:16:40+00:00","breadcrumb":{"@id":"https:\/\/powder-products.com\/venditalia\/#breadcrumb"},"inLanguage":"de","potentialAction":[{"@type":"ReadAction","target":["https:\/\/powder-products.com\/venditalia\/"]}]},{"@type":"BreadcrumbList","@id":"https:\/\/powder-products.com\/venditalia\/#breadcrumb","itemListElement":[{"@type":"ListItem","position":1,"name":"Home","item":"https:\/\/powder-products.com\/"},{"@type":"ListItem","position":2,"name":"VENDITALIA"}]},{"@type":"WebSite","@id":"https:\/\/powder-products.com\/hu\/#website","url":"https:\/\/powder-products.com\/hu\/","name":"PPP Private Powder Products","description":"Powder based products according to your needs.","publisher":{"@id":"https:\/\/powder-products.com\/hu\/#organization"},"potentialAction":[{"@type":"SearchAction","target":{"@type":"EntryPoint","urlTemplate":"https:\/\/powder-products.com\/hu\/?s={search_term_string}"},"query-input":{"@type":"PropertyValueSpecification","valueRequired":true,"valueName":"search_term_string"}}],"inLanguage":"de"},{"@type":"Organization","@id":"https:\/\/powder-products.com\/hu\/#organization","name":"PPP Private Powder Products","url":"https:\/\/powder-products.com\/hu\/","logo":{"@type":"ImageObject","inLanguage":"de","@id":"https:\/\/powder-products.com\/hu\/#\/schema\/logo\/image\/","url":"https:\/\/powder-products.com\/wp-content\/uploads\/2024\/02\/ppp_logo_new-01.png","contentUrl":"https:\/\/powder-products.com\/wp-content\/uploads\/2024\/02\/ppp_logo_new-01.png","width":512,"height":202,"caption":"PPP Private Powder Products"},"image":{"@id":"https:\/\/powder-products.com\/hu\/#\/schema\/logo\/image\/"},"sameAs":["https:\/\/www.facebook.com\/privatepowderproducts"]}]}},"_links":{"self":[{"href":"https:\/\/powder-products.com\/de\/wp-json\/wp\/v2\/pages\/1040","targetHints":{"allow":["GET"]}}],"collection":[{"href":"https:\/\/powder-products.com\/de\/wp-json\/wp\/v2\/pages"}],"about":[{"href":"https:\/\/powder-products.com\/de\/wp-json\/wp\/v2\/types\/page"}],"author":[{"embeddable":true,"href":"https:\/\/powder-products.com\/de\/wp-json\/wp\/v2\/users\/2"}],"replies":[{"embeddable":true,"href":"https:\/\/powder-products.com\/de\/wp-json\/wp\/v2\/comments?post=1040"}],"version-history":[{"count":2,"href":"https:\/\/powder-products.com\/de\/wp-json\/wp\/v2\/pages\/1040\/revisions"}],"predecessor-version":[{"id":1555,"href":"https:\/\/powder-products.com\/de\/wp-json\/wp\/v2\/pages\/1040\/revisions\/1555"}],"wp:attachment":[{"href":"https:\/\/powder-products.com\/de\/wp-json\/wp\/v2\/media?parent=1040"}],"curies":[{"name":"wp","href":"https:\/\/api.w.org\/{rel}","templated":true}]}}