{"id":1254,"date":"2024-09-12T07:27:41","date_gmt":"2024-09-12T07:27:41","guid":{"rendered":"https:\/\/powder-products.com\/barrier-free-day-2024\/"},"modified":"2024-12-04T13:14:10","modified_gmt":"2024-12-04T13:14:10","slug":"barrier-free-day-2024","status":"publish","type":"page","link":"https:\/\/powder-products.com\/de\/barrier-free-day-2024\/","title":{"rendered":"Barrierefreier Tag, 2024"},"content":{"rendered":"\n<div class=\"wp-block-media-text is-stacked-on-mobile\"><figure class=\"wp-block-media-text__media\"><img loading=\"lazy\" decoding=\"async\" width=\"1024\" height=\"768\" src=\"https:\/\/powder-products.com\/wp-content\/uploads\/2024\/09\/3-1024x768.jpg\" alt=\"\" class=\"wp-image-1246 size-full\" srcset=\"https:\/\/powder-products.com\/wp-content\/uploads\/2024\/09\/3-1024x768.jpg 1024w, https:\/\/powder-products.com\/wp-content\/uploads\/2024\/09\/3-300x225.jpg 300w, https:\/\/powder-products.com\/wp-content\/uploads\/2024\/09\/3-768x576.jpg 768w, https:\/\/powder-products.com\/wp-content\/uploads\/2024\/09\/3-1536x1152.jpg 1536w, https:\/\/powder-products.com\/wp-content\/uploads\/2024\/09\/3.jpg 2016w\" sizes=\"auto, (max-width: 767px) 89vw, (max-width: 1000px) 54vw, (max-width: 1071px) 543px, 580px\" \/><\/figure><div class=\"wp-block-media-text__content\">\n<p>Am Wochenende hatten wir die Ehre, als Hauptsponsor am 8. Barrierefreien Tourismustag teilzunehmen. Unsere Kolleginnen und Kollegen bildeten ein begeistertes Team von Freiwilligen und richteten PPP-Erfrischungspunkte ein, an denen die Besucher die M\u00f6glichkeit hatten, unsere Wonderful Cold Drink-Produkte zu genie\u00dfen. <\/p>\n<\/div><\/div>\n\n\n\n<p>Wie gewohnt packten wir auch unser Maskottchen, die PPP-Kuh, ein und fanden direkt am Ufer einen gem\u00fctlichen Platz f\u00fcr sie. Dort schufen wir mit Strohballen eine ruhige Zone, in der sich Besucher entspannen konnten.<\/p>\n\n\n\n<p>Wir sind fest davon \u00fcberzeugt, dass Unterst\u00fctzung \u2013 sei es physisch, finanziell oder strategisch \u2013 tiefgreifende positive Auswirkungen auf Gemeinschaften hat. Daher suchen wir regelm\u00e4\u00dfig nach M\u00f6glichkeiten, die Arbeit lokaler Organisationen zu f\u00f6rdern. Unsere Kolleginnen und Kollegen, die am Barrierefreien Tourismustag teilgenommen haben, gingen mit weit mehr als nur dem guten Gef\u00fchl der Hilfsbereitschaft nach Hause. Sie erfuhren auch die teambildende Wirkung von selbstlosem Einsatz und Dienstleistung. <\/p>\n\n\n\n<figure class=\"wp-block-image size-large\"><img loading=\"lazy\" decoding=\"async\" width=\"1024\" height=\"768\" src=\"https:\/\/powder-products.com\/wp-content\/uploads\/2024\/09\/1-1024x768.jpg\" alt=\"\" class=\"wp-image-1249\" srcset=\"https:\/\/powder-products.com\/wp-content\/uploads\/2024\/09\/1-1024x768.jpg 1024w, https:\/\/powder-products.com\/wp-content\/uploads\/2024\/09\/1-300x225.jpg 300w, https:\/\/powder-products.com\/wp-content\/uploads\/2024\/09\/1-768x576.jpg 768w, https:\/\/powder-products.com\/wp-content\/uploads\/2024\/09\/1-1536x1152.jpg 1536w, https:\/\/powder-products.com\/wp-content\/uploads\/2024\/09\/1.jpg 2016w\" sizes=\"auto, (max-width: 767px) 89vw, (max-width: 1000px) 54vw, (max-width: 1071px) 543px, 580px\" \/><\/figure>\n","protected":false},"excerpt":{"rendered":"<p>Am Wochenende hatten wir die Ehre, als Hauptsponsor am 8. Barrierefreien Tourismustag teilzunehmen. Unsere Kolleginnen und Kollegen bildeten ein begeistertes Team von Freiwilligen und richteten PPP-Erfrischungspunkte ein, an denen die Besucher die M\u00f6glichkeit hatten, unsere Wonderful Cold Drink-Produkte zu genie\u00dfen. Wie gewohnt packten wir auch unser Maskottchen, die PPP-Kuh, ein und fanden direkt am Ufer &hellip; <\/p>\n<p class=\"link-more\"><a href=\"https:\/\/powder-products.com\/de\/barrier-free-day-2024\/\" class=\"more-link\"><span class=\"screen-reader-text\">\u201eBarrierefreier Tag, 2024\u201c<\/span> weiterlesen<\/a><\/p>\n","protected":false},"author":2,"featured_media":0,"parent":0,"menu_order":0,"comment_status":"closed","ping_status":"closed","template":"","meta":{"footnotes":""},"class_list":["post-1254","page","type-page","status-publish","hentry"],"yoast_head":"<!-- This site is optimized with the Yoast SEO Premium plugin v25.6 (Yoast SEO v26.1.1) - https:\/\/yoast.com\/wordpress\/plugins\/seo\/ -->\n<title>Barrierefreier Tag, 2024 - PPP Private Powder Products<\/title>\n<meta name=\"robots\" content=\"index, follow, max-snippet:-1, max-image-preview:large, max-video-preview:-1\" \/>\n<link rel=\"canonical\" href=\"https:\/\/powder-products.com\/barrier-free-day-2024\/\" \/>\n<meta property=\"og:locale\" content=\"de_DE\" \/>\n<meta property=\"og:type\" content=\"article\" \/>\n<meta property=\"og:title\" content=\"Barrierefreier Tag, 2024\" \/>\n<meta property=\"og:description\" content=\"Am Wochenende hatten wir die Ehre, als Hauptsponsor am 8. Barrierefreien Tourismustag teilzunehmen. Unsere Kolleginnen und Kollegen bildeten ein begeistertes Team von Freiwilligen und richteten PPP-Erfrischungspunkte ein, an denen die Besucher die M\u00f6glichkeit hatten, unsere Wonderful Cold Drink-Produkte zu genie\u00dfen. Wie gewohnt packten wir auch unser Maskottchen, die PPP-Kuh, ein und fanden direkt am Ufer &hellip; \u201eBarrierefreier Tag, 2024\u201c weiterlesen\" \/>\n<meta property=\"og:url\" content=\"https:\/\/powder-products.com\/barrier-free-day-2024\/\" \/>\n<meta property=\"og:site_name\" content=\"PPP Private Powder Products\" \/>\n<meta property=\"article:publisher\" content=\"https:\/\/www.facebook.com\/privatepowderproducts\" \/>\n<meta property=\"article:modified_time\" content=\"2024-12-04T13:14:10+00:00\" \/>\n<meta property=\"og:image\" content=\"https:\/\/powder-products.com\/wp-content\/uploads\/2024\/09\/3-1024x768.jpg\" \/>\n<meta name=\"twitter:card\" content=\"summary_large_image\" \/>\n<meta name=\"twitter:label1\" content=\"Gesch\u00e4tzte Lesezeit\" \/>\n\t<meta name=\"twitter:data1\" content=\"1\u00a0Minute\" \/>\n<script type=\"application\/ld+json\" class=\"yoast-schema-graph\">{\"@context\":\"https:\/\/schema.org\",\"@graph\":[{\"@type\":\"WebPage\",\"@id\":\"https:\/\/powder-products.com\/barrier-free-day-2024\/\",\"url\":\"https:\/\/powder-products.com\/barrier-free-day-2024\/\",\"name\":\"Barrierefreier Tag, 2024 - PPP Private Powder Products\",\"isPartOf\":{\"@id\":\"https:\/\/powder-products.com\/hu\/#website\"},\"primaryImageOfPage\":{\"@id\":\"https:\/\/powder-products.com\/barrier-free-day-2024\/#primaryimage\"},\"image\":{\"@id\":\"https:\/\/powder-products.com\/barrier-free-day-2024\/#primaryimage\"},\"thumbnailUrl\":\"https:\/\/powder-products.com\/wp-content\/uploads\/2024\/09\/3-1024x768.jpg\",\"datePublished\":\"2024-09-12T07:27:41+00:00\",\"dateModified\":\"2024-12-04T13:14:10+00:00\",\"breadcrumb\":{\"@id\":\"https:\/\/powder-products.com\/barrier-free-day-2024\/#breadcrumb\"},\"inLanguage\":\"de\",\"potentialAction\":[{\"@type\":\"ReadAction\",\"target\":[\"https:\/\/powder-products.com\/barrier-free-day-2024\/\"]}]},{\"@type\":\"ImageObject\",\"inLanguage\":\"de\",\"@id\":\"https:\/\/powder-products.com\/barrier-free-day-2024\/#primaryimage\",\"url\":\"https:\/\/powder-products.com\/wp-content\/uploads\/2024\/09\/3-1024x768.jpg\",\"contentUrl\":\"https:\/\/powder-products.com\/wp-content\/uploads\/2024\/09\/3-1024x768.jpg\"},{\"@type\":\"BreadcrumbList\",\"@id\":\"https:\/\/powder-products.com\/barrier-free-day-2024\/#breadcrumb\",\"itemListElement\":[{\"@type\":\"ListItem\",\"position\":1,\"name\":\"Home\",\"item\":\"https:\/\/powder-products.com\/\"},{\"@type\":\"ListItem\",\"position\":2,\"name\":\"Barrierefreier Tag, 2024\"}]},{\"@type\":\"WebSite\",\"@id\":\"https:\/\/powder-products.com\/hu\/#website\",\"url\":\"https:\/\/powder-products.com\/hu\/\",\"name\":\"PPP Private Powder Products\",\"description\":\"Powder based products according to your needs.\",\"publisher\":{\"@id\":\"https:\/\/powder-products.com\/hu\/#organization\"},\"potentialAction\":[{\"@type\":\"SearchAction\",\"target\":{\"@type\":\"EntryPoint\",\"urlTemplate\":\"https:\/\/powder-products.com\/hu\/?s={search_term_string}\"},\"query-input\":{\"@type\":\"PropertyValueSpecification\",\"valueRequired\":true,\"valueName\":\"search_term_string\"}}],\"inLanguage\":\"de\"},{\"@type\":\"Organization\",\"@id\":\"https:\/\/powder-products.com\/hu\/#organization\",\"name\":\"PPP Private Powder Products\",\"url\":\"https:\/\/powder-products.com\/hu\/\",\"logo\":{\"@type\":\"ImageObject\",\"inLanguage\":\"de\",\"@id\":\"https:\/\/powder-products.com\/hu\/#\/schema\/logo\/image\/\",\"url\":\"https:\/\/powder-products.com\/wp-content\/uploads\/2024\/02\/ppp_logo_new-01.png\",\"contentUrl\":\"https:\/\/powder-products.com\/wp-content\/uploads\/2024\/02\/ppp_logo_new-01.png\",\"width\":512,\"height\":202,\"caption\":\"PPP Private Powder Products\"},\"image\":{\"@id\":\"https:\/\/powder-products.com\/hu\/#\/schema\/logo\/image\/\"},\"sameAs\":[\"https:\/\/www.facebook.com\/privatepowderproducts\"]}]}<\/script>\n<!-- \/ Yoast SEO Premium plugin. -->","yoast_head_json":{"title":"Barrierefreier Tag, 2024 - PPP Private Powder Products","robots":{"index":"index","follow":"follow","max-snippet":"max-snippet:-1","max-image-preview":"max-image-preview:large","max-video-preview":"max-video-preview:-1"},"canonical":"https:\/\/powder-products.com\/barrier-free-day-2024\/","og_locale":"de_DE","og_type":"article","og_title":"Barrierefreier Tag, 2024","og_description":"Am Wochenende hatten wir die Ehre, als Hauptsponsor am 8. Barrierefreien Tourismustag teilzunehmen. Unsere Kolleginnen und Kollegen bildeten ein begeistertes Team von Freiwilligen und richteten PPP-Erfrischungspunkte ein, an denen die Besucher die M\u00f6glichkeit hatten, unsere Wonderful Cold Drink-Produkte zu genie\u00dfen. Wie gewohnt packten wir auch unser Maskottchen, die PPP-Kuh, ein und fanden direkt am Ufer &hellip; \u201eBarrierefreier Tag, 2024\u201c weiterlesen","og_url":"https:\/\/powder-products.com\/barrier-free-day-2024\/","og_site_name":"PPP Private Powder Products","article_publisher":"https:\/\/www.facebook.com\/privatepowderproducts","article_modified_time":"2024-12-04T13:14:10+00:00","og_image":[{"url":"https:\/\/powder-products.com\/wp-content\/uploads\/2024\/09\/3-1024x768.jpg","type":"","width":"","height":""}],"twitter_card":"summary_large_image","twitter_misc":{"Gesch\u00e4tzte Lesezeit":"1\u00a0Minute"},"schema":{"@context":"https:\/\/schema.org","@graph":[{"@type":"WebPage","@id":"https:\/\/powder-products.com\/barrier-free-day-2024\/","url":"https:\/\/powder-products.com\/barrier-free-day-2024\/","name":"Barrierefreier Tag, 2024 - PPP Private Powder Products","isPartOf":{"@id":"https:\/\/powder-products.com\/hu\/#website"},"primaryImageOfPage":{"@id":"https:\/\/powder-products.com\/barrier-free-day-2024\/#primaryimage"},"image":{"@id":"https:\/\/powder-products.com\/barrier-free-day-2024\/#primaryimage"},"thumbnailUrl":"https:\/\/powder-products.com\/wp-content\/uploads\/2024\/09\/3-1024x768.jpg","datePublished":"2024-09-12T07:27:41+00:00","dateModified":"2024-12-04T13:14:10+00:00","breadcrumb":{"@id":"https:\/\/powder-products.com\/barrier-free-day-2024\/#breadcrumb"},"inLanguage":"de","potentialAction":[{"@type":"ReadAction","target":["https:\/\/powder-products.com\/barrier-free-day-2024\/"]}]},{"@type":"ImageObject","inLanguage":"de","@id":"https:\/\/powder-products.com\/barrier-free-day-2024\/#primaryimage","url":"https:\/\/powder-products.com\/wp-content\/uploads\/2024\/09\/3-1024x768.jpg","contentUrl":"https:\/\/powder-products.com\/wp-content\/uploads\/2024\/09\/3-1024x768.jpg"},{"@type":"BreadcrumbList","@id":"https:\/\/powder-products.com\/barrier-free-day-2024\/#breadcrumb","itemListElement":[{"@type":"ListItem","position":1,"name":"Home","item":"https:\/\/powder-products.com\/"},{"@type":"ListItem","position":2,"name":"Barrierefreier Tag, 2024"}]},{"@type":"WebSite","@id":"https:\/\/powder-products.com\/hu\/#website","url":"https:\/\/powder-products.com\/hu\/","name":"PPP Private Powder Products","description":"Powder based products according to your needs.","publisher":{"@id":"https:\/\/powder-products.com\/hu\/#organization"},"potentialAction":[{"@type":"SearchAction","target":{"@type":"EntryPoint","urlTemplate":"https:\/\/powder-products.com\/hu\/?s={search_term_string}"},"query-input":{"@type":"PropertyValueSpecification","valueRequired":true,"valueName":"search_term_string"}}],"inLanguage":"de"},{"@type":"Organization","@id":"https:\/\/powder-products.com\/hu\/#organization","name":"PPP Private Powder Products","url":"https:\/\/powder-products.com\/hu\/","logo":{"@type":"ImageObject","inLanguage":"de","@id":"https:\/\/powder-products.com\/hu\/#\/schema\/logo\/image\/","url":"https:\/\/powder-products.com\/wp-content\/uploads\/2024\/02\/ppp_logo_new-01.png","contentUrl":"https:\/\/powder-products.com\/wp-content\/uploads\/2024\/02\/ppp_logo_new-01.png","width":512,"height":202,"caption":"PPP Private Powder Products"},"image":{"@id":"https:\/\/powder-products.com\/hu\/#\/schema\/logo\/image\/"},"sameAs":["https:\/\/www.facebook.com\/privatepowderproducts"]}]}},"_links":{"self":[{"href":"https:\/\/powder-products.com\/de\/wp-json\/wp\/v2\/pages\/1254","targetHints":{"allow":["GET"]}}],"collection":[{"href":"https:\/\/powder-products.com\/de\/wp-json\/wp\/v2\/pages"}],"about":[{"href":"https:\/\/powder-products.com\/de\/wp-json\/wp\/v2\/types\/page"}],"author":[{"embeddable":true,"href":"https:\/\/powder-products.com\/de\/wp-json\/wp\/v2\/users\/2"}],"replies":[{"embeddable":true,"href":"https:\/\/powder-products.com\/de\/wp-json\/wp\/v2\/comments?post=1254"}],"version-history":[{"count":1,"href":"https:\/\/powder-products.com\/de\/wp-json\/wp\/v2\/pages\/1254\/revisions"}],"predecessor-version":[{"id":1334,"href":"https:\/\/powder-products.com\/de\/wp-json\/wp\/v2\/pages\/1254\/revisions\/1334"}],"wp:attachment":[{"href":"https:\/\/powder-products.com\/de\/wp-json\/wp\/v2\/media?parent=1254"}],"curies":[{"name":"wp","href":"https:\/\/api.w.org\/{rel}","templated":true}]}}