{"id":1335,"date":"2024-11-05T07:34:41","date_gmt":"2024-11-05T07:34:41","guid":{"rendered":"https:\/\/powder-products.com\/treffen-sie-uns-auf-der-gulfood-2025\/"},"modified":"2024-11-05T07:34:41","modified_gmt":"2024-11-05T07:34:41","slug":"treffen-sie-uns-auf-der-gulfood-2025","status":"publish","type":"page","link":"https:\/\/powder-products.com\/de\/treffen-sie-uns-auf-der-gulfood-2025\/","title":{"rendered":"Treffen Sie uns auf der Gulfood 2025!"},"content":{"rendered":"\n<p>Besuchen Sie uns im Februar 2025 auf der Gulfood, einer der gr\u00f6\u00dften und einflussreichsten j\u00e4hrlichen Fachmessen der Welt, die in Dubai stattfindet. Diese globale Messe vereint Lieferanten, Hersteller und Fachleute aus \u00fcber 180 L\u00e4ndern und pr\u00e4sentiert eine breite Palette an Lebensmitteln, Getr\u00e4nken und L\u00f6sungen f\u00fcr die Gastronomie. Die Gulfood pr\u00e4gt aktiv globale Trends und r\u00fcckt Themen wie Nachhaltigkeit, Lebensmitteltechnologie und kulinarische Innovationen in den Fokus.<\/p>\n\n\n\n<p>Sie finden unser Unternehmen am AMC-Stand!<\/p>\n\n\n\n<figure class=\"wp-block-image size-large\"><img loading=\"lazy\" decoding=\"async\" width=\"1024\" height=\"1024\" src=\"https:\/\/powder-products.com\/wp-content\/uploads\/2024\/11\/Beige-and-White-Summer-Sale-and-Discount-Instagram-Post-1024x1024.png\" alt=\"\" class=\"wp-image-1291\" srcset=\"https:\/\/powder-products.com\/wp-content\/uploads\/2024\/11\/Beige-and-White-Summer-Sale-and-Discount-Instagram-Post-1024x1024.png 1024w, https:\/\/powder-products.com\/wp-content\/uploads\/2024\/11\/Beige-and-White-Summer-Sale-and-Discount-Instagram-Post-300x300.png 300w, https:\/\/powder-products.com\/wp-content\/uploads\/2024\/11\/Beige-and-White-Summer-Sale-and-Discount-Instagram-Post-150x150.png 150w, https:\/\/powder-products.com\/wp-content\/uploads\/2024\/11\/Beige-and-White-Summer-Sale-and-Discount-Instagram-Post-768x768.png 768w, https:\/\/powder-products.com\/wp-content\/uploads\/2024\/11\/Beige-and-White-Summer-Sale-and-Discount-Instagram-Post-100x100.png 100w, https:\/\/powder-products.com\/wp-content\/uploads\/2024\/11\/Beige-and-White-Summer-Sale-and-Discount-Instagram-Post.png 1080w\" sizes=\"auto, (max-width: 767px) 89vw, (max-width: 1000px) 54vw, (max-width: 1071px) 543px, 580px\" \/><\/figure>\n","protected":false},"excerpt":{"rendered":"<p>Besuchen Sie uns im Februar 2025 auf der Gulfood, einer der gr\u00f6\u00dften und einflussreichsten j\u00e4hrlichen Fachmessen der Welt, die in Dubai stattfindet. Diese globale Messe vereint Lieferanten, Hersteller und Fachleute aus \u00fcber 180 L\u00e4ndern und pr\u00e4sentiert eine breite Palette an Lebensmitteln, Getr\u00e4nken und L\u00f6sungen f\u00fcr die Gastronomie. Die Gulfood pr\u00e4gt aktiv globale Trends und r\u00fcckt &hellip; <\/p>\n<p class=\"link-more\"><a href=\"https:\/\/powder-products.com\/de\/treffen-sie-uns-auf-der-gulfood-2025\/\" class=\"more-link\"><span class=\"screen-reader-text\">\u201eTreffen Sie uns auf der Gulfood 2025!\u201c<\/span> weiterlesen<\/a><\/p>\n","protected":false},"author":2,"featured_media":0,"parent":0,"menu_order":0,"comment_status":"closed","ping_status":"closed","template":"","meta":{"footnotes":""},"class_list":["post-1335","page","type-page","status-publish","hentry"],"yoast_head":"<!-- This site is optimized with the Yoast SEO Premium plugin v25.6 (Yoast SEO v26.1.1) - https:\/\/yoast.com\/wordpress\/plugins\/seo\/ -->\n<title>Treffen Sie uns auf der Gulfood 2025! - PPP Private Powder Products<\/title>\n<meta name=\"robots\" content=\"index, follow, max-snippet:-1, max-image-preview:large, max-video-preview:-1\" \/>\n<link rel=\"canonical\" href=\"https:\/\/powder-products.com\/meet-us-at-gulfood-2025\/\" \/>\n<meta property=\"og:locale\" content=\"de_DE\" \/>\n<meta property=\"og:type\" content=\"article\" \/>\n<meta property=\"og:title\" content=\"Treffen Sie uns auf der Gulfood 2025!\" \/>\n<meta property=\"og:description\" content=\"Besuchen Sie uns im Februar 2025 auf der Gulfood, einer der gr\u00f6\u00dften und einflussreichsten j\u00e4hrlichen Fachmessen der Welt, die in Dubai stattfindet. Diese globale Messe vereint Lieferanten, Hersteller und Fachleute aus \u00fcber 180 L\u00e4ndern und pr\u00e4sentiert eine breite Palette an Lebensmitteln, Getr\u00e4nken und L\u00f6sungen f\u00fcr die Gastronomie. Die Gulfood pr\u00e4gt aktiv globale Trends und r\u00fcckt &hellip; \u201eTreffen Sie uns auf der Gulfood 2025!\u201c weiterlesen\" \/>\n<meta property=\"og:url\" content=\"https:\/\/powder-products.com\/meet-us-at-gulfood-2025\/\" \/>\n<meta property=\"og:site_name\" content=\"PPP Private Powder Products\" \/>\n<meta property=\"article:publisher\" content=\"https:\/\/www.facebook.com\/privatepowderproducts\" \/>\n<meta property=\"og:image\" content=\"https:\/\/powder-products.com\/wp-content\/uploads\/2024\/11\/Beige-and-White-Summer-Sale-and-Discount-Instagram-Post-1024x1024.png\" \/>\n<meta name=\"twitter:card\" content=\"summary_large_image\" \/>\n<script type=\"application\/ld+json\" class=\"yoast-schema-graph\">{\"@context\":\"https:\/\/schema.org\",\"@graph\":[{\"@type\":\"WebPage\",\"@id\":\"https:\/\/powder-products.com\/meet-us-at-gulfood-2025\/\",\"url\":\"https:\/\/powder-products.com\/meet-us-at-gulfood-2025\/\",\"name\":\"Treffen Sie uns auf der Gulfood 2025! - PPP Private Powder Products\",\"isPartOf\":{\"@id\":\"https:\/\/powder-products.com\/hu\/#website\"},\"primaryImageOfPage\":{\"@id\":\"https:\/\/powder-products.com\/meet-us-at-gulfood-2025\/#primaryimage\"},\"image\":{\"@id\":\"https:\/\/powder-products.com\/meet-us-at-gulfood-2025\/#primaryimage\"},\"thumbnailUrl\":\"https:\/\/powder-products.com\/wp-content\/uploads\/2024\/11\/Beige-and-White-Summer-Sale-and-Discount-Instagram-Post-1024x1024.png\",\"datePublished\":\"2024-11-05T07:34:41+00:00\",\"breadcrumb\":{\"@id\":\"https:\/\/powder-products.com\/meet-us-at-gulfood-2025\/#breadcrumb\"},\"inLanguage\":\"de\",\"potentialAction\":[{\"@type\":\"ReadAction\",\"target\":[\"https:\/\/powder-products.com\/meet-us-at-gulfood-2025\/\"]}]},{\"@type\":\"ImageObject\",\"inLanguage\":\"de\",\"@id\":\"https:\/\/powder-products.com\/meet-us-at-gulfood-2025\/#primaryimage\",\"url\":\"https:\/\/powder-products.com\/wp-content\/uploads\/2024\/11\/Beige-and-White-Summer-Sale-and-Discount-Instagram-Post-1024x1024.png\",\"contentUrl\":\"https:\/\/powder-products.com\/wp-content\/uploads\/2024\/11\/Beige-and-White-Summer-Sale-and-Discount-Instagram-Post-1024x1024.png\"},{\"@type\":\"BreadcrumbList\",\"@id\":\"https:\/\/powder-products.com\/meet-us-at-gulfood-2025\/#breadcrumb\",\"itemListElement\":[{\"@type\":\"ListItem\",\"position\":1,\"name\":\"Home\",\"item\":\"https:\/\/powder-products.com\/\"},{\"@type\":\"ListItem\",\"position\":2,\"name\":\"Treffen Sie uns auf der Gulfood 2025!\"}]},{\"@type\":\"WebSite\",\"@id\":\"https:\/\/powder-products.com\/hu\/#website\",\"url\":\"https:\/\/powder-products.com\/hu\/\",\"name\":\"PPP Private Powder Products\",\"description\":\"Powder based products according to your needs.\",\"publisher\":{\"@id\":\"https:\/\/powder-products.com\/hu\/#organization\"},\"potentialAction\":[{\"@type\":\"SearchAction\",\"target\":{\"@type\":\"EntryPoint\",\"urlTemplate\":\"https:\/\/powder-products.com\/hu\/?s={search_term_string}\"},\"query-input\":{\"@type\":\"PropertyValueSpecification\",\"valueRequired\":true,\"valueName\":\"search_term_string\"}}],\"inLanguage\":\"de\"},{\"@type\":\"Organization\",\"@id\":\"https:\/\/powder-products.com\/hu\/#organization\",\"name\":\"PPP Private Powder Products\",\"url\":\"https:\/\/powder-products.com\/hu\/\",\"logo\":{\"@type\":\"ImageObject\",\"inLanguage\":\"de\",\"@id\":\"https:\/\/powder-products.com\/hu\/#\/schema\/logo\/image\/\",\"url\":\"https:\/\/powder-products.com\/wp-content\/uploads\/2024\/02\/ppp_logo_new-01.png\",\"contentUrl\":\"https:\/\/powder-products.com\/wp-content\/uploads\/2024\/02\/ppp_logo_new-01.png\",\"width\":512,\"height\":202,\"caption\":\"PPP Private Powder Products\"},\"image\":{\"@id\":\"https:\/\/powder-products.com\/hu\/#\/schema\/logo\/image\/\"},\"sameAs\":[\"https:\/\/www.facebook.com\/privatepowderproducts\"]}]}<\/script>\n<!-- \/ Yoast SEO Premium plugin. -->","yoast_head_json":{"title":"Treffen Sie uns auf der Gulfood 2025! - PPP Private Powder Products","robots":{"index":"index","follow":"follow","max-snippet":"max-snippet:-1","max-image-preview":"max-image-preview:large","max-video-preview":"max-video-preview:-1"},"canonical":"https:\/\/powder-products.com\/meet-us-at-gulfood-2025\/","og_locale":"de_DE","og_type":"article","og_title":"Treffen Sie uns auf der Gulfood 2025!","og_description":"Besuchen Sie uns im Februar 2025 auf der Gulfood, einer der gr\u00f6\u00dften und einflussreichsten j\u00e4hrlichen Fachmessen der Welt, die in Dubai stattfindet. Diese globale Messe vereint Lieferanten, Hersteller und Fachleute aus \u00fcber 180 L\u00e4ndern und pr\u00e4sentiert eine breite Palette an Lebensmitteln, Getr\u00e4nken und L\u00f6sungen f\u00fcr die Gastronomie. Die Gulfood pr\u00e4gt aktiv globale Trends und r\u00fcckt &hellip; \u201eTreffen Sie uns auf der Gulfood 2025!\u201c weiterlesen","og_url":"https:\/\/powder-products.com\/meet-us-at-gulfood-2025\/","og_site_name":"PPP Private Powder Products","article_publisher":"https:\/\/www.facebook.com\/privatepowderproducts","og_image":[{"url":"https:\/\/powder-products.com\/wp-content\/uploads\/2024\/11\/Beige-and-White-Summer-Sale-and-Discount-Instagram-Post-1024x1024.png","type":"","width":"","height":""}],"twitter_card":"summary_large_image","schema":{"@context":"https:\/\/schema.org","@graph":[{"@type":"WebPage","@id":"https:\/\/powder-products.com\/meet-us-at-gulfood-2025\/","url":"https:\/\/powder-products.com\/meet-us-at-gulfood-2025\/","name":"Treffen Sie uns auf der Gulfood 2025! - PPP Private Powder Products","isPartOf":{"@id":"https:\/\/powder-products.com\/hu\/#website"},"primaryImageOfPage":{"@id":"https:\/\/powder-products.com\/meet-us-at-gulfood-2025\/#primaryimage"},"image":{"@id":"https:\/\/powder-products.com\/meet-us-at-gulfood-2025\/#primaryimage"},"thumbnailUrl":"https:\/\/powder-products.com\/wp-content\/uploads\/2024\/11\/Beige-and-White-Summer-Sale-and-Discount-Instagram-Post-1024x1024.png","datePublished":"2024-11-05T07:34:41+00:00","breadcrumb":{"@id":"https:\/\/powder-products.com\/meet-us-at-gulfood-2025\/#breadcrumb"},"inLanguage":"de","potentialAction":[{"@type":"ReadAction","target":["https:\/\/powder-products.com\/meet-us-at-gulfood-2025\/"]}]},{"@type":"ImageObject","inLanguage":"de","@id":"https:\/\/powder-products.com\/meet-us-at-gulfood-2025\/#primaryimage","url":"https:\/\/powder-products.com\/wp-content\/uploads\/2024\/11\/Beige-and-White-Summer-Sale-and-Discount-Instagram-Post-1024x1024.png","contentUrl":"https:\/\/powder-products.com\/wp-content\/uploads\/2024\/11\/Beige-and-White-Summer-Sale-and-Discount-Instagram-Post-1024x1024.png"},{"@type":"BreadcrumbList","@id":"https:\/\/powder-products.com\/meet-us-at-gulfood-2025\/#breadcrumb","itemListElement":[{"@type":"ListItem","position":1,"name":"Home","item":"https:\/\/powder-products.com\/"},{"@type":"ListItem","position":2,"name":"Treffen Sie uns auf der Gulfood 2025!"}]},{"@type":"WebSite","@id":"https:\/\/powder-products.com\/hu\/#website","url":"https:\/\/powder-products.com\/hu\/","name":"PPP Private Powder Products","description":"Powder based products according to your needs.","publisher":{"@id":"https:\/\/powder-products.com\/hu\/#organization"},"potentialAction":[{"@type":"SearchAction","target":{"@type":"EntryPoint","urlTemplate":"https:\/\/powder-products.com\/hu\/?s={search_term_string}"},"query-input":{"@type":"PropertyValueSpecification","valueRequired":true,"valueName":"search_term_string"}}],"inLanguage":"de"},{"@type":"Organization","@id":"https:\/\/powder-products.com\/hu\/#organization","name":"PPP Private Powder Products","url":"https:\/\/powder-products.com\/hu\/","logo":{"@type":"ImageObject","inLanguage":"de","@id":"https:\/\/powder-products.com\/hu\/#\/schema\/logo\/image\/","url":"https:\/\/powder-products.com\/wp-content\/uploads\/2024\/02\/ppp_logo_new-01.png","contentUrl":"https:\/\/powder-products.com\/wp-content\/uploads\/2024\/02\/ppp_logo_new-01.png","width":512,"height":202,"caption":"PPP Private Powder Products"},"image":{"@id":"https:\/\/powder-products.com\/hu\/#\/schema\/logo\/image\/"},"sameAs":["https:\/\/www.facebook.com\/privatepowderproducts"]}]}},"_links":{"self":[{"href":"https:\/\/powder-products.com\/de\/wp-json\/wp\/v2\/pages\/1335","targetHints":{"allow":["GET"]}}],"collection":[{"href":"https:\/\/powder-products.com\/de\/wp-json\/wp\/v2\/pages"}],"about":[{"href":"https:\/\/powder-products.com\/de\/wp-json\/wp\/v2\/types\/page"}],"author":[{"embeddable":true,"href":"https:\/\/powder-products.com\/de\/wp-json\/wp\/v2\/users\/2"}],"replies":[{"embeddable":true,"href":"https:\/\/powder-products.com\/de\/wp-json\/wp\/v2\/comments?post=1335"}],"version-history":[{"count":0,"href":"https:\/\/powder-products.com\/de\/wp-json\/wp\/v2\/pages\/1335\/revisions"}],"wp:attachment":[{"href":"https:\/\/powder-products.com\/de\/wp-json\/wp\/v2\/media?parent=1335"}],"curies":[{"name":"wp","href":"https:\/\/api.w.org\/{rel}","templated":true}]}}