{"id":1337,"date":"2024-05-30T05:59:04","date_gmt":"2024-05-30T05:59:04","guid":{"rendered":"https:\/\/powder-products.com\/ppp-wohltatigkeitsarbeit-mit-der-nevetnikek-stiftung\/"},"modified":"2024-05-30T05:59:04","modified_gmt":"2024-05-30T05:59:04","slug":"ppp-wohltatigkeitsarbeit-mit-der-nevetnikek-stiftung","status":"publish","type":"page","link":"https:\/\/powder-products.com\/de\/ppp-wohltatigkeitsarbeit-mit-der-nevetnikek-stiftung\/","title":{"rendered":"PPP-Wohlt\u00e4tigkeitsarbeit mit der Nevetnik\u00e9k Stiftung"},"content":{"rendered":"\n<p>Ende 2023 entschied sich unser Unternehmen, die Nevetnik\u00e9k Alap\u00edtv\u00e1ny finanziell zu unterst\u00fctzen \u2013 als gemeinsames Weihnachtsgeschenk von uns und unseren Partnern. <\/p>\n\n\n\n<p>Unsere Mission, mit der Stiftung zusammenzuarbeiten, endete jedoch nicht dort. Anfang 2024 schlossen sich einige unserer Kolleginnen und Kollegen Nevetnik\u00e9k in einem neuen und streng geheimen Projekt an. <\/p>\n\n\n\n<p>Das Ziel von Nevetnik\u00e9k war es, die Stimmung der Kinder, die Zeit im Krankenhaus verbringen m\u00fcssen, irgendwie aufzuhellen \u2013 auch wenn das nahezu unm\u00f6glich erscheint. <br>In P\u00e9cs, wo sich das Werk von PPP befindet, wurde ein neuer Operationsfl\u00fcgel im Kinderkrankenhaus gebaut. Dort organisierte Nevetnik\u00e9k ein kreatives Malprojekt, bei dem die Hauptsehensw\u00fcrdigkeiten von P\u00e9cs an die Krankenhausw\u00e4nde gemalt wurden. <\/p>\n\n\n\n<p>Unsere Kolleginnen und Kollegen z\u00f6gerten nicht, die gute Sache zu unterst\u00fctzen: Auch ohne jegliche Erfahrung im Malen meisterten sie die Aufgabe souver\u00e4n und waren von dem Gef\u00fchl der Wohlt\u00e4tigkeit erf\u00fcllt. <\/p>\n\n\n\n<p>Wir sind mehr als stolz, Teil dieses Projekts zu sein, und hoffen, dass wir dazu beitragen konnten, die Atmosph\u00e4re des Operationsfl\u00fcgels ein wenig freundlicher zu gestalten.<\/p>\n\n\n\n<figure class=\"wp-block-image size-large\"><img loading=\"lazy\" decoding=\"async\" width=\"1024\" height=\"768\" src=\"https:\/\/powder-products.com\/wp-content\/uploads\/2024\/05\/20240203_160535-1-1024x768.jpg\" alt=\"\" class=\"wp-image-1095\" srcset=\"https:\/\/powder-products.com\/wp-content\/uploads\/2024\/05\/20240203_160535-1-1024x768.jpg 1024w, https:\/\/powder-products.com\/wp-content\/uploads\/2024\/05\/20240203_160535-1-300x225.jpg 300w, https:\/\/powder-products.com\/wp-content\/uploads\/2024\/05\/20240203_160535-1-768x576.jpg 768w, https:\/\/powder-products.com\/wp-content\/uploads\/2024\/05\/20240203_160535-1-1536x1152.jpg 1536w, https:\/\/powder-products.com\/wp-content\/uploads\/2024\/05\/20240203_160535-1-2048x1536.jpg 2048w\" sizes=\"auto, (max-width: 767px) 89vw, (max-width: 1000px) 54vw, (max-width: 1071px) 543px, 580px\" \/><\/figure>\n\n\n\n<figure class=\"wp-block-image size-large\"><img loading=\"lazy\" decoding=\"async\" width=\"1024\" height=\"768\" src=\"https:\/\/powder-products.com\/wp-content\/uploads\/2024\/05\/20240203_163746-1024x768.jpg\" alt=\"\" class=\"wp-image-1098\" srcset=\"https:\/\/powder-products.com\/wp-content\/uploads\/2024\/05\/20240203_163746-1024x768.jpg 1024w, https:\/\/powder-products.com\/wp-content\/uploads\/2024\/05\/20240203_163746-300x225.jpg 300w, https:\/\/powder-products.com\/wp-content\/uploads\/2024\/05\/20240203_163746-768x576.jpg 768w, https:\/\/powder-products.com\/wp-content\/uploads\/2024\/05\/20240203_163746-1536x1152.jpg 1536w, https:\/\/powder-products.com\/wp-content\/uploads\/2024\/05\/20240203_163746-2048x1536.jpg 2048w\" sizes=\"auto, (max-width: 767px) 89vw, (max-width: 1000px) 54vw, (max-width: 1071px) 543px, 580px\" \/><\/figure>\n","protected":false},"excerpt":{"rendered":"<p>Ende 2023 entschied sich unser Unternehmen, die Nevetnik\u00e9k Alap\u00edtv\u00e1ny finanziell zu unterst\u00fctzen \u2013 als gemeinsames Weihnachtsgeschenk von uns und unseren Partnern. Unsere Mission, mit der Stiftung zusammenzuarbeiten, endete jedoch nicht dort. Anfang 2024 schlossen sich einige unserer Kolleginnen und Kollegen Nevetnik\u00e9k in einem neuen und streng geheimen Projekt an. Das Ziel von Nevetnik\u00e9k war es, &hellip; <\/p>\n<p class=\"link-more\"><a href=\"https:\/\/powder-products.com\/de\/ppp-wohltatigkeitsarbeit-mit-der-nevetnikek-stiftung\/\" class=\"more-link\"><span class=\"screen-reader-text\">\u201ePPP-Wohlt\u00e4tigkeitsarbeit mit der Nevetnik\u00e9k Stiftung\u201c<\/span> weiterlesen<\/a><\/p>\n","protected":false},"author":2,"featured_media":0,"parent":0,"menu_order":0,"comment_status":"closed","ping_status":"closed","template":"","meta":{"footnotes":""},"class_list":["post-1337","page","type-page","status-publish","hentry"],"yoast_head":"<!-- This site is optimized with the Yoast SEO Premium plugin v25.6 (Yoast SEO v26.1.1) - https:\/\/yoast.com\/wordpress\/plugins\/seo\/ -->\n<title>PPP-Wohlt\u00e4tigkeitsarbeit mit der Nevetnik\u00e9k Stiftung - PPP Private Powder Products<\/title>\n<meta name=\"robots\" content=\"index, follow, max-snippet:-1, max-image-preview:large, max-video-preview:-1\" \/>\n<link rel=\"canonical\" href=\"https:\/\/powder-products.com\/ppp-charity-work-with-nevetnikek-alapitvany\/\" \/>\n<meta property=\"og:locale\" content=\"de_DE\" \/>\n<meta property=\"og:type\" content=\"article\" \/>\n<meta property=\"og:title\" content=\"PPP-Wohlt\u00e4tigkeitsarbeit mit der Nevetnik\u00e9k Stiftung\" \/>\n<meta property=\"og:description\" content=\"Ende 2023 entschied sich unser Unternehmen, die Nevetnik\u00e9k Alap\u00edtv\u00e1ny finanziell zu unterst\u00fctzen \u2013 als gemeinsames Weihnachtsgeschenk von uns und unseren Partnern. Unsere Mission, mit der Stiftung zusammenzuarbeiten, endete jedoch nicht dort. Anfang 2024 schlossen sich einige unserer Kolleginnen und Kollegen Nevetnik\u00e9k in einem neuen und streng geheimen Projekt an. Das Ziel von Nevetnik\u00e9k war es, &hellip; \u201ePPP-Wohlt\u00e4tigkeitsarbeit mit der Nevetnik\u00e9k Stiftung\u201c weiterlesen\" \/>\n<meta property=\"og:url\" content=\"https:\/\/powder-products.com\/ppp-charity-work-with-nevetnikek-alapitvany\/\" \/>\n<meta property=\"og:site_name\" content=\"PPP Private Powder Products\" \/>\n<meta property=\"article:publisher\" content=\"https:\/\/www.facebook.com\/privatepowderproducts\" \/>\n<meta property=\"og:image\" content=\"https:\/\/powder-products.com\/wp-content\/uploads\/2024\/05\/20240203_160535-1-1024x768.jpg\" \/>\n<meta name=\"twitter:card\" content=\"summary_large_image\" \/>\n<meta name=\"twitter:label1\" content=\"Gesch\u00e4tzte Lesezeit\" \/>\n\t<meta name=\"twitter:data1\" content=\"1\u00a0Minute\" \/>\n<script type=\"application\/ld+json\" class=\"yoast-schema-graph\">{\"@context\":\"https:\/\/schema.org\",\"@graph\":[{\"@type\":\"WebPage\",\"@id\":\"https:\/\/powder-products.com\/ppp-charity-work-with-nevetnikek-alapitvany\/\",\"url\":\"https:\/\/powder-products.com\/ppp-charity-work-with-nevetnikek-alapitvany\/\",\"name\":\"PPP-Wohlt\u00e4tigkeitsarbeit mit der Nevetnik\u00e9k Stiftung - PPP Private Powder Products\",\"isPartOf\":{\"@id\":\"https:\/\/powder-products.com\/hu\/#website\"},\"primaryImageOfPage\":{\"@id\":\"https:\/\/powder-products.com\/ppp-charity-work-with-nevetnikek-alapitvany\/#primaryimage\"},\"image\":{\"@id\":\"https:\/\/powder-products.com\/ppp-charity-work-with-nevetnikek-alapitvany\/#primaryimage\"},\"thumbnailUrl\":\"https:\/\/powder-products.com\/wp-content\/uploads\/2024\/05\/20240203_160535-1-1024x768.jpg\",\"datePublished\":\"2024-05-30T05:59:04+00:00\",\"breadcrumb\":{\"@id\":\"https:\/\/powder-products.com\/ppp-charity-work-with-nevetnikek-alapitvany\/#breadcrumb\"},\"inLanguage\":\"de\",\"potentialAction\":[{\"@type\":\"ReadAction\",\"target\":[\"https:\/\/powder-products.com\/ppp-charity-work-with-nevetnikek-alapitvany\/\"]}]},{\"@type\":\"ImageObject\",\"inLanguage\":\"de\",\"@id\":\"https:\/\/powder-products.com\/ppp-charity-work-with-nevetnikek-alapitvany\/#primaryimage\",\"url\":\"https:\/\/powder-products.com\/wp-content\/uploads\/2024\/05\/20240203_160535-1-1024x768.jpg\",\"contentUrl\":\"https:\/\/powder-products.com\/wp-content\/uploads\/2024\/05\/20240203_160535-1-1024x768.jpg\"},{\"@type\":\"BreadcrumbList\",\"@id\":\"https:\/\/powder-products.com\/ppp-charity-work-with-nevetnikek-alapitvany\/#breadcrumb\",\"itemListElement\":[{\"@type\":\"ListItem\",\"position\":1,\"name\":\"Home\",\"item\":\"https:\/\/powder-products.com\/\"},{\"@type\":\"ListItem\",\"position\":2,\"name\":\"PPP-Wohlt\u00e4tigkeitsarbeit mit der Nevetnik\u00e9k Stiftung\"}]},{\"@type\":\"WebSite\",\"@id\":\"https:\/\/powder-products.com\/hu\/#website\",\"url\":\"https:\/\/powder-products.com\/hu\/\",\"name\":\"PPP Private Powder Products\",\"description\":\"Powder based products according to your needs.\",\"publisher\":{\"@id\":\"https:\/\/powder-products.com\/hu\/#organization\"},\"potentialAction\":[{\"@type\":\"SearchAction\",\"target\":{\"@type\":\"EntryPoint\",\"urlTemplate\":\"https:\/\/powder-products.com\/hu\/?s={search_term_string}\"},\"query-input\":{\"@type\":\"PropertyValueSpecification\",\"valueRequired\":true,\"valueName\":\"search_term_string\"}}],\"inLanguage\":\"de\"},{\"@type\":\"Organization\",\"@id\":\"https:\/\/powder-products.com\/hu\/#organization\",\"name\":\"PPP Private Powder Products\",\"url\":\"https:\/\/powder-products.com\/hu\/\",\"logo\":{\"@type\":\"ImageObject\",\"inLanguage\":\"de\",\"@id\":\"https:\/\/powder-products.com\/hu\/#\/schema\/logo\/image\/\",\"url\":\"https:\/\/powder-products.com\/wp-content\/uploads\/2024\/02\/ppp_logo_new-01.png\",\"contentUrl\":\"https:\/\/powder-products.com\/wp-content\/uploads\/2024\/02\/ppp_logo_new-01.png\",\"width\":512,\"height\":202,\"caption\":\"PPP Private Powder Products\"},\"image\":{\"@id\":\"https:\/\/powder-products.com\/hu\/#\/schema\/logo\/image\/\"},\"sameAs\":[\"https:\/\/www.facebook.com\/privatepowderproducts\"]}]}<\/script>\n<!-- \/ Yoast SEO Premium plugin. -->","yoast_head_json":{"title":"PPP-Wohlt\u00e4tigkeitsarbeit mit der Nevetnik\u00e9k Stiftung - PPP Private Powder Products","robots":{"index":"index","follow":"follow","max-snippet":"max-snippet:-1","max-image-preview":"max-image-preview:large","max-video-preview":"max-video-preview:-1"},"canonical":"https:\/\/powder-products.com\/ppp-charity-work-with-nevetnikek-alapitvany\/","og_locale":"de_DE","og_type":"article","og_title":"PPP-Wohlt\u00e4tigkeitsarbeit mit der Nevetnik\u00e9k Stiftung","og_description":"Ende 2023 entschied sich unser Unternehmen, die Nevetnik\u00e9k Alap\u00edtv\u00e1ny finanziell zu unterst\u00fctzen \u2013 als gemeinsames Weihnachtsgeschenk von uns und unseren Partnern. Unsere Mission, mit der Stiftung zusammenzuarbeiten, endete jedoch nicht dort. Anfang 2024 schlossen sich einige unserer Kolleginnen und Kollegen Nevetnik\u00e9k in einem neuen und streng geheimen Projekt an. Das Ziel von Nevetnik\u00e9k war es, &hellip; \u201ePPP-Wohlt\u00e4tigkeitsarbeit mit der Nevetnik\u00e9k Stiftung\u201c weiterlesen","og_url":"https:\/\/powder-products.com\/ppp-charity-work-with-nevetnikek-alapitvany\/","og_site_name":"PPP Private Powder Products","article_publisher":"https:\/\/www.facebook.com\/privatepowderproducts","og_image":[{"url":"https:\/\/powder-products.com\/wp-content\/uploads\/2024\/05\/20240203_160535-1-1024x768.jpg","type":"","width":"","height":""}],"twitter_card":"summary_large_image","twitter_misc":{"Gesch\u00e4tzte Lesezeit":"1\u00a0Minute"},"schema":{"@context":"https:\/\/schema.org","@graph":[{"@type":"WebPage","@id":"https:\/\/powder-products.com\/ppp-charity-work-with-nevetnikek-alapitvany\/","url":"https:\/\/powder-products.com\/ppp-charity-work-with-nevetnikek-alapitvany\/","name":"PPP-Wohlt\u00e4tigkeitsarbeit mit der Nevetnik\u00e9k Stiftung - PPP Private Powder Products","isPartOf":{"@id":"https:\/\/powder-products.com\/hu\/#website"},"primaryImageOfPage":{"@id":"https:\/\/powder-products.com\/ppp-charity-work-with-nevetnikek-alapitvany\/#primaryimage"},"image":{"@id":"https:\/\/powder-products.com\/ppp-charity-work-with-nevetnikek-alapitvany\/#primaryimage"},"thumbnailUrl":"https:\/\/powder-products.com\/wp-content\/uploads\/2024\/05\/20240203_160535-1-1024x768.jpg","datePublished":"2024-05-30T05:59:04+00:00","breadcrumb":{"@id":"https:\/\/powder-products.com\/ppp-charity-work-with-nevetnikek-alapitvany\/#breadcrumb"},"inLanguage":"de","potentialAction":[{"@type":"ReadAction","target":["https:\/\/powder-products.com\/ppp-charity-work-with-nevetnikek-alapitvany\/"]}]},{"@type":"ImageObject","inLanguage":"de","@id":"https:\/\/powder-products.com\/ppp-charity-work-with-nevetnikek-alapitvany\/#primaryimage","url":"https:\/\/powder-products.com\/wp-content\/uploads\/2024\/05\/20240203_160535-1-1024x768.jpg","contentUrl":"https:\/\/powder-products.com\/wp-content\/uploads\/2024\/05\/20240203_160535-1-1024x768.jpg"},{"@type":"BreadcrumbList","@id":"https:\/\/powder-products.com\/ppp-charity-work-with-nevetnikek-alapitvany\/#breadcrumb","itemListElement":[{"@type":"ListItem","position":1,"name":"Home","item":"https:\/\/powder-products.com\/"},{"@type":"ListItem","position":2,"name":"PPP-Wohlt\u00e4tigkeitsarbeit mit der Nevetnik\u00e9k Stiftung"}]},{"@type":"WebSite","@id":"https:\/\/powder-products.com\/hu\/#website","url":"https:\/\/powder-products.com\/hu\/","name":"PPP Private Powder Products","description":"Powder based products according to your needs.","publisher":{"@id":"https:\/\/powder-products.com\/hu\/#organization"},"potentialAction":[{"@type":"SearchAction","target":{"@type":"EntryPoint","urlTemplate":"https:\/\/powder-products.com\/hu\/?s={search_term_string}"},"query-input":{"@type":"PropertyValueSpecification","valueRequired":true,"valueName":"search_term_string"}}],"inLanguage":"de"},{"@type":"Organization","@id":"https:\/\/powder-products.com\/hu\/#organization","name":"PPP Private Powder Products","url":"https:\/\/powder-products.com\/hu\/","logo":{"@type":"ImageObject","inLanguage":"de","@id":"https:\/\/powder-products.com\/hu\/#\/schema\/logo\/image\/","url":"https:\/\/powder-products.com\/wp-content\/uploads\/2024\/02\/ppp_logo_new-01.png","contentUrl":"https:\/\/powder-products.com\/wp-content\/uploads\/2024\/02\/ppp_logo_new-01.png","width":512,"height":202,"caption":"PPP Private Powder Products"},"image":{"@id":"https:\/\/powder-products.com\/hu\/#\/schema\/logo\/image\/"},"sameAs":["https:\/\/www.facebook.com\/privatepowderproducts"]}]}},"_links":{"self":[{"href":"https:\/\/powder-products.com\/de\/wp-json\/wp\/v2\/pages\/1337","targetHints":{"allow":["GET"]}}],"collection":[{"href":"https:\/\/powder-products.com\/de\/wp-json\/wp\/v2\/pages"}],"about":[{"href":"https:\/\/powder-products.com\/de\/wp-json\/wp\/v2\/types\/page"}],"author":[{"embeddable":true,"href":"https:\/\/powder-products.com\/de\/wp-json\/wp\/v2\/users\/2"}],"replies":[{"embeddable":true,"href":"https:\/\/powder-products.com\/de\/wp-json\/wp\/v2\/comments?post=1337"}],"version-history":[{"count":0,"href":"https:\/\/powder-products.com\/de\/wp-json\/wp\/v2\/pages\/1337\/revisions"}],"wp:attachment":[{"href":"https:\/\/powder-products.com\/de\/wp-json\/wp\/v2\/media?parent=1337"}],"curies":[{"name":"wp","href":"https:\/\/api.w.org\/{rel}","templated":true}]}}