{"id":52,"date":"2024-02-09T12:16:37","date_gmt":"2024-02-09T12:16:37","guid":{"rendered":"https:\/\/acc91073.maxer.hu\/startseite\/"},"modified":"2024-04-03T07:42:43","modified_gmt":"2024-04-03T07:42:43","slug":"startseite","status":"publish","type":"page","link":"https:\/\/powder-products.com\/de\/","title":{"rendered":"\u00dcber PPP"},"content":{"rendered":"\n<p class=\"has-medium-font-size\">Maximale Flexibilit\u00e4t, Innovation und Verantwortung. Wir ordnen unsere t\u00e4gliche Arbeit und unsere festgesetzten Strategien diesen Werten unter, mit der Zielsetzung: ein determinativer europ\u00e4ischer Hersteller und Entwickler von pulverbasierten Lebensmitteln zu werden.<\/p>\n\n\n\n<div class=\"wp-block-buttons is-layout-flex wp-block-buttons-is-layout-flex\">\n<div class=\"wp-block-button has-custom-width wp-block-button__width-75 has-custom-font-size is-style-outline has-small-font-size is-style-outline--1\"><a class=\"wp-block-button__link wp-element-button\" href=\"https:\/\/www.youtube.com\/watch?v=mM0fGZbf6Uw&amp;t=2s\" target=\"_blank\" rel=\"noreferrer noopener\">Schaue Dich unser Imagevideo an!<\/a><\/div>\n\n\n\n<div class=\"wp-block-button has-custom-width wp-block-button__width-75 has-custom-font-size is-style-outline has-small-font-size is-style-outline--2\"><a class=\"wp-block-button__link wp-element-button\" href=\"https:\/\/acc91073.maxer.hu\/de\/unsere-geschichte\/\">Unsere Geschichte<\/a><\/div>\n<\/div>\n\n\n\n<h3 class=\"wp-block-heading\">&nbsp;<\/h3>\n\n\n\n<div class=\"wp-block-buttons is-layout-flex wp-block-buttons-is-layout-flex\"><\/div>\n","protected":false},"excerpt":{"rendered":"<p>Maximale Flexibilit\u00e4t, Innovation und Verantwortung. Wir ordnen unsere t\u00e4gliche Arbeit und unsere festgesetzten Strategien diesen Werten unter, mit der Zielsetzung: ein determinativer europ\u00e4ischer Hersteller und Entwickler von pulverbasierten Lebensmitteln zu werden. &nbsp;<\/p>\n","protected":false},"author":1,"featured_media":0,"parent":0,"menu_order":0,"comment_status":"closed","ping_status":"closed","template":"","meta":{"footnotes":""},"class_list":["post-52","page","type-page","status-publish","hentry"],"yoast_head":"<!-- This site is optimized with the Yoast SEO Premium plugin v25.6 (Yoast SEO v26.1.1) - https:\/\/yoast.com\/wordpress\/plugins\/seo\/ -->\n<title>\u00dcber PPP - PPP Private Powder Products<\/title>\n<meta name=\"robots\" content=\"index, follow, max-snippet:-1, max-image-preview:large, max-video-preview:-1\" \/>\n<link rel=\"canonical\" href=\"https:\/\/powder-products.com\/\" \/>\n<meta property=\"og:locale\" content=\"de_DE\" \/>\n<meta property=\"og:type\" content=\"article\" \/>\n<meta property=\"og:title\" content=\"\u00dcber PPP\" \/>\n<meta property=\"og:description\" content=\"Maximale Flexibilit\u00e4t, Innovation und Verantwortung. Wir ordnen unsere t\u00e4gliche Arbeit und unsere festgesetzten Strategien diesen Werten unter, mit der Zielsetzung: ein determinativer europ\u00e4ischer Hersteller und Entwickler von pulverbasierten Lebensmitteln zu werden. &nbsp;\" \/>\n<meta property=\"og:url\" content=\"https:\/\/powder-products.com\/\" \/>\n<meta property=\"og:site_name\" content=\"PPP Private Powder Products\" \/>\n<meta property=\"article:publisher\" content=\"https:\/\/www.facebook.com\/privatepowderproducts\" \/>\n<meta property=\"article:modified_time\" content=\"2024-04-03T07:42:43+00:00\" \/>\n<meta name=\"twitter:card\" content=\"summary_large_image\" \/>\n<script type=\"application\/ld+json\" class=\"yoast-schema-graph\">{\"@context\":\"https:\/\/schema.org\",\"@graph\":[{\"@type\":\"WebPage\",\"@id\":\"https:\/\/powder-products.com\/\",\"url\":\"https:\/\/powder-products.com\/\",\"name\":\"\u00dcber PPP - PPP Private Powder Products\",\"isPartOf\":{\"@id\":\"https:\/\/powder-products.com\/hu\/#website\"},\"datePublished\":\"2024-02-09T12:16:37+00:00\",\"dateModified\":\"2024-04-03T07:42:43+00:00\",\"breadcrumb\":{\"@id\":\"https:\/\/powder-products.com\/#breadcrumb\"},\"inLanguage\":\"de\",\"potentialAction\":[{\"@type\":\"ReadAction\",\"target\":[\"https:\/\/powder-products.com\/\"]}]},{\"@type\":\"BreadcrumbList\",\"@id\":\"https:\/\/powder-products.com\/#breadcrumb\",\"itemListElement\":[{\"@type\":\"ListItem\",\"position\":1,\"name\":\"Home\",\"item\":\"https:\/\/powder-products.com\/\"},{\"@type\":\"ListItem\",\"position\":2,\"name\":\"\u00dcber PPP\"}]},{\"@type\":\"WebSite\",\"@id\":\"https:\/\/powder-products.com\/hu\/#website\",\"url\":\"https:\/\/powder-products.com\/hu\/\",\"name\":\"PPP Private Powder Products\",\"description\":\"Powder based products according to your needs.\",\"publisher\":{\"@id\":\"https:\/\/powder-products.com\/hu\/#organization\"},\"potentialAction\":[{\"@type\":\"SearchAction\",\"target\":{\"@type\":\"EntryPoint\",\"urlTemplate\":\"https:\/\/powder-products.com\/hu\/?s={search_term_string}\"},\"query-input\":{\"@type\":\"PropertyValueSpecification\",\"valueRequired\":true,\"valueName\":\"search_term_string\"}}],\"inLanguage\":\"de\"},{\"@type\":\"Organization\",\"@id\":\"https:\/\/powder-products.com\/hu\/#organization\",\"name\":\"PPP Private Powder Products\",\"url\":\"https:\/\/powder-products.com\/hu\/\",\"logo\":{\"@type\":\"ImageObject\",\"inLanguage\":\"de\",\"@id\":\"https:\/\/powder-products.com\/hu\/#\/schema\/logo\/image\/\",\"url\":\"https:\/\/powder-products.com\/wp-content\/uploads\/2024\/02\/ppp_logo_new-01.png\",\"contentUrl\":\"https:\/\/powder-products.com\/wp-content\/uploads\/2024\/02\/ppp_logo_new-01.png\",\"width\":512,\"height\":202,\"caption\":\"PPP Private Powder Products\"},\"image\":{\"@id\":\"https:\/\/powder-products.com\/hu\/#\/schema\/logo\/image\/\"},\"sameAs\":[\"https:\/\/www.facebook.com\/privatepowderproducts\"]}]}<\/script>\n<!-- \/ Yoast SEO Premium plugin. -->","yoast_head_json":{"title":"\u00dcber PPP - PPP Private Powder Products","robots":{"index":"index","follow":"follow","max-snippet":"max-snippet:-1","max-image-preview":"max-image-preview:large","max-video-preview":"max-video-preview:-1"},"canonical":"https:\/\/powder-products.com\/","og_locale":"de_DE","og_type":"article","og_title":"\u00dcber PPP","og_description":"Maximale Flexibilit\u00e4t, Innovation und Verantwortung. Wir ordnen unsere t\u00e4gliche Arbeit und unsere festgesetzten Strategien diesen Werten unter, mit der Zielsetzung: ein determinativer europ\u00e4ischer Hersteller und Entwickler von pulverbasierten Lebensmitteln zu werden. &nbsp;","og_url":"https:\/\/powder-products.com\/","og_site_name":"PPP Private Powder Products","article_publisher":"https:\/\/www.facebook.com\/privatepowderproducts","article_modified_time":"2024-04-03T07:42:43+00:00","twitter_card":"summary_large_image","schema":{"@context":"https:\/\/schema.org","@graph":[{"@type":"WebPage","@id":"https:\/\/powder-products.com\/","url":"https:\/\/powder-products.com\/","name":"\u00dcber PPP - PPP Private Powder Products","isPartOf":{"@id":"https:\/\/powder-products.com\/hu\/#website"},"datePublished":"2024-02-09T12:16:37+00:00","dateModified":"2024-04-03T07:42:43+00:00","breadcrumb":{"@id":"https:\/\/powder-products.com\/#breadcrumb"},"inLanguage":"de","potentialAction":[{"@type":"ReadAction","target":["https:\/\/powder-products.com\/"]}]},{"@type":"BreadcrumbList","@id":"https:\/\/powder-products.com\/#breadcrumb","itemListElement":[{"@type":"ListItem","position":1,"name":"Home","item":"https:\/\/powder-products.com\/"},{"@type":"ListItem","position":2,"name":"\u00dcber PPP"}]},{"@type":"WebSite","@id":"https:\/\/powder-products.com\/hu\/#website","url":"https:\/\/powder-products.com\/hu\/","name":"PPP Private Powder Products","description":"Powder based products according to your needs.","publisher":{"@id":"https:\/\/powder-products.com\/hu\/#organization"},"potentialAction":[{"@type":"SearchAction","target":{"@type":"EntryPoint","urlTemplate":"https:\/\/powder-products.com\/hu\/?s={search_term_string}"},"query-input":{"@type":"PropertyValueSpecification","valueRequired":true,"valueName":"search_term_string"}}],"inLanguage":"de"},{"@type":"Organization","@id":"https:\/\/powder-products.com\/hu\/#organization","name":"PPP Private Powder Products","url":"https:\/\/powder-products.com\/hu\/","logo":{"@type":"ImageObject","inLanguage":"de","@id":"https:\/\/powder-products.com\/hu\/#\/schema\/logo\/image\/","url":"https:\/\/powder-products.com\/wp-content\/uploads\/2024\/02\/ppp_logo_new-01.png","contentUrl":"https:\/\/powder-products.com\/wp-content\/uploads\/2024\/02\/ppp_logo_new-01.png","width":512,"height":202,"caption":"PPP Private Powder Products"},"image":{"@id":"https:\/\/powder-products.com\/hu\/#\/schema\/logo\/image\/"},"sameAs":["https:\/\/www.facebook.com\/privatepowderproducts"]}]}},"_links":{"self":[{"href":"https:\/\/powder-products.com\/de\/wp-json\/wp\/v2\/pages\/52","targetHints":{"allow":["GET"]}}],"collection":[{"href":"https:\/\/powder-products.com\/de\/wp-json\/wp\/v2\/pages"}],"about":[{"href":"https:\/\/powder-products.com\/de\/wp-json\/wp\/v2\/types\/page"}],"author":[{"embeddable":true,"href":"https:\/\/powder-products.com\/de\/wp-json\/wp\/v2\/users\/1"}],"replies":[{"embeddable":true,"href":"https:\/\/powder-products.com\/de\/wp-json\/wp\/v2\/comments?post=52"}],"version-history":[{"count":2,"href":"https:\/\/powder-products.com\/de\/wp-json\/wp\/v2\/pages\/52\/revisions"}],"predecessor-version":[{"id":830,"href":"https:\/\/powder-products.com\/de\/wp-json\/wp\/v2\/pages\/52\/revisions\/830"}],"wp:attachment":[{"href":"https:\/\/powder-products.com\/de\/wp-json\/wp\/v2\/media?parent=52"}],"curies":[{"name":"wp","href":"https:\/\/api.w.org\/{rel}","templated":true}]}}