{"id":832,"date":"2024-02-14T12:59:32","date_gmt":"2024-02-14T12:59:32","guid":{"rendered":"https:\/\/acc91073.maxer.hu\/auftragsfertigung\/"},"modified":"2024-02-14T12:59:32","modified_gmt":"2024-02-14T12:59:32","slug":"auftragsfertigung","status":"publish","type":"page","link":"https:\/\/powder-products.com\/de\/auftragsfertigung\/","title":{"rendered":"Auftragsfertigung"},"content":{"rendered":"\n<p>Durchf\u00fchrung individueller Produktentwicklungsaufgaben nach Kundenwunsch im Bereich pulverf\u00f6rmiger, granulierter und st\u00fcckiger Produkte. Neben der Erstellung der Beschaffenheit der Produkte wird die gesamte Produktentwicklung durchgef\u00fchrt, von der Auswahl der Rohstoffe \u00fcber die Definition der Produktionstechnologie bis hin zur Produktverpackung und beh\u00f6rdlichen Zulassung. <\/p>\n\n\n\n<p>Unsere verf\u00fcgbaren Verpackungsl\u00f6sungen: <\/p>\n\n\n\n<p><\/p>\n\n\n\n<div class=\"wp-block-columns is-layout-flex wp-container-core-columns-is-layout-9d6595d7 wp-block-columns-is-layout-flex\">\n<div class=\"wp-block-column is-layout-flow wp-block-column-is-layout-flow\">\n<figure class=\"wp-block-image size-full is-resized\"><img loading=\"lazy\" decoding=\"async\" width=\"296\" height=\"297\" src=\"https:\/\/acc91073.maxer.hu\/wp-content\/uploads\/2024\/03\/soma_web_icon_termekek-02_f.png\" alt=\"\" class=\"wp-image-593\" style=\"width:192px;height:auto\" srcset=\"https:\/\/powder-products.com\/wp-content\/uploads\/2024\/03\/soma_web_icon_termekek-02_f.png 296w, https:\/\/powder-products.com\/wp-content\/uploads\/2024\/03\/soma_web_icon_termekek-02_f-150x150.png 150w, https:\/\/powder-products.com\/wp-content\/uploads\/2024\/03\/soma_web_icon_termekek-02_f-100x100.png 100w\" sizes=\"auto, (max-width: 296px) 100vw, 296px\" \/><\/figure>\n<\/div>\n\n\n\n<div class=\"wp-block-column is-layout-flow wp-block-column-is-layout-flow\">\n<figure class=\"wp-block-image size-full is-resized\"><img loading=\"lazy\" decoding=\"async\" width=\"296\" height=\"297\" src=\"https:\/\/acc91073.maxer.hu\/wp-content\/uploads\/2024\/03\/soma_web_icon_termekek-03_f.png\" alt=\"\" class=\"wp-image-596\" style=\"width:189px;height:auto\" srcset=\"https:\/\/powder-products.com\/wp-content\/uploads\/2024\/03\/soma_web_icon_termekek-03_f.png 296w, https:\/\/powder-products.com\/wp-content\/uploads\/2024\/03\/soma_web_icon_termekek-03_f-150x150.png 150w, https:\/\/powder-products.com\/wp-content\/uploads\/2024\/03\/soma_web_icon_termekek-03_f-100x100.png 100w\" sizes=\"auto, (max-width: 296px) 100vw, 296px\" \/><\/figure>\n<\/div>\n\n\n\n<div class=\"wp-block-column is-layout-flow wp-block-column-is-layout-flow\">\n<figure class=\"wp-block-image size-full\"><img loading=\"lazy\" decoding=\"async\" width=\"296\" height=\"297\" src=\"https:\/\/acc91073.maxer.hu\/wp-content\/uploads\/2024\/03\/soma_web_icon_termekek-04_f.png\" alt=\"\" class=\"wp-image-599\" srcset=\"https:\/\/powder-products.com\/wp-content\/uploads\/2024\/03\/soma_web_icon_termekek-04_f.png 296w, https:\/\/powder-products.com\/wp-content\/uploads\/2024\/03\/soma_web_icon_termekek-04_f-150x150.png 150w, https:\/\/powder-products.com\/wp-content\/uploads\/2024\/03\/soma_web_icon_termekek-04_f-100x100.png 100w\" sizes=\"auto, (max-width: 296px) 100vw, 296px\" \/><\/figure>\n<\/div>\n<\/div>\n\n\n\n<div class=\"wp-block-columns is-layout-flex wp-container-core-columns-is-layout-9d6595d7 wp-block-columns-is-layout-flex\">\n<div class=\"wp-block-column is-layout-flow wp-block-column-is-layout-flow\">\n<figure class=\"wp-block-image size-full\"><img loading=\"lazy\" decoding=\"async\" width=\"297\" height=\"297\" src=\"https:\/\/acc91073.maxer.hu\/wp-content\/uploads\/2024\/03\/soma_web_icon_termekek-05_f.png\" alt=\"\" class=\"wp-image-602\" srcset=\"https:\/\/powder-products.com\/wp-content\/uploads\/2024\/03\/soma_web_icon_termekek-05_f.png 297w, https:\/\/powder-products.com\/wp-content\/uploads\/2024\/03\/soma_web_icon_termekek-05_f-150x150.png 150w, https:\/\/powder-products.com\/wp-content\/uploads\/2024\/03\/soma_web_icon_termekek-05_f-100x100.png 100w\" sizes=\"auto, (max-width: 297px) 100vw, 297px\" \/><\/figure>\n<\/div>\n\n\n\n<div class=\"wp-block-column is-layout-flow wp-block-column-is-layout-flow\">\n<figure class=\"wp-block-image size-full\"><img loading=\"lazy\" decoding=\"async\" width=\"296\" height=\"297\" src=\"https:\/\/acc91073.maxer.hu\/wp-content\/uploads\/2024\/03\/soma_web_icon_termekek-06_f.png\" alt=\"\" class=\"wp-image-605\" srcset=\"https:\/\/powder-products.com\/wp-content\/uploads\/2024\/03\/soma_web_icon_termekek-06_f.png 296w, https:\/\/powder-products.com\/wp-content\/uploads\/2024\/03\/soma_web_icon_termekek-06_f-150x150.png 150w, https:\/\/powder-products.com\/wp-content\/uploads\/2024\/03\/soma_web_icon_termekek-06_f-100x100.png 100w\" sizes=\"auto, (max-width: 296px) 100vw, 296px\" \/><\/figure>\n<\/div>\n\n\n\n<div class=\"wp-block-column is-layout-flow wp-block-column-is-layout-flow\">\n<figure class=\"wp-block-image size-full\"><img loading=\"lazy\" decoding=\"async\" width=\"296\" height=\"297\" src=\"https:\/\/acc91073.maxer.hu\/wp-content\/uploads\/2024\/03\/soma_web_icon_termekek-07_f.png\" alt=\"\" class=\"wp-image-608\" srcset=\"https:\/\/powder-products.com\/wp-content\/uploads\/2024\/03\/soma_web_icon_termekek-07_f.png 296w, https:\/\/powder-products.com\/wp-content\/uploads\/2024\/03\/soma_web_icon_termekek-07_f-150x150.png 150w, https:\/\/powder-products.com\/wp-content\/uploads\/2024\/03\/soma_web_icon_termekek-07_f-100x100.png 100w\" sizes=\"auto, (max-width: 296px) 100vw, 296px\" \/><\/figure>\n<\/div>\n<\/div>\n","protected":false},"excerpt":{"rendered":"<p>Durchf\u00fchrung individueller Produktentwicklungsaufgaben nach Kundenwunsch im Bereich pulverf\u00f6rmiger, granulierter und st\u00fcckiger Produkte. Neben der Erstellung der Beschaffenheit der Produkte wird die gesamte Produktentwicklung durchgef\u00fchrt, von der Auswahl der Rohstoffe \u00fcber die Definition der Produktionstechnologie bis hin zur Produktverpackung und beh\u00f6rdlichen Zulassung. Unsere verf\u00fcgbaren Verpackungsl\u00f6sungen:<\/p>\n","protected":false},"author":2,"featured_media":0,"parent":0,"menu_order":0,"comment_status":"closed","ping_status":"closed","template":"","meta":{"footnotes":""},"class_list":["post-832","page","type-page","status-publish","hentry"],"yoast_head":"<!-- This site is optimized with the Yoast SEO Premium plugin v25.6 (Yoast SEO v26.1.1) - https:\/\/yoast.com\/wordpress\/plugins\/seo\/ -->\n<title>Auftragsfertigung - PPP Private Powder Products<\/title>\n<meta name=\"robots\" content=\"index, follow, max-snippet:-1, max-image-preview:large, max-video-preview:-1\" \/>\n<link rel=\"canonical\" href=\"https:\/\/powder-products.com\/contract-manufacturing\/\" \/>\n<meta property=\"og:locale\" content=\"de_DE\" \/>\n<meta property=\"og:type\" content=\"article\" \/>\n<meta property=\"og:title\" content=\"Auftragsfertigung\" \/>\n<meta property=\"og:description\" content=\"Durchf\u00fchrung individueller Produktentwicklungsaufgaben nach Kundenwunsch im Bereich pulverf\u00f6rmiger, granulierter und st\u00fcckiger Produkte. Neben der Erstellung der Beschaffenheit der Produkte wird die gesamte Produktentwicklung durchgef\u00fchrt, von der Auswahl der Rohstoffe \u00fcber die Definition der Produktionstechnologie bis hin zur Produktverpackung und beh\u00f6rdlichen Zulassung. Unsere verf\u00fcgbaren Verpackungsl\u00f6sungen:\" \/>\n<meta property=\"og:url\" content=\"https:\/\/powder-products.com\/contract-manufacturing\/\" \/>\n<meta property=\"og:site_name\" content=\"PPP Private Powder Products\" \/>\n<meta property=\"article:publisher\" content=\"https:\/\/www.facebook.com\/privatepowderproducts\" \/>\n<meta property=\"og:image\" content=\"https:\/\/acc91073.maxer.hu\/wp-content\/uploads\/2024\/03\/soma_web_icon_termekek-02_f.png\" \/>\n<meta name=\"twitter:card\" content=\"summary_large_image\" \/>\n<script type=\"application\/ld+json\" class=\"yoast-schema-graph\">{\"@context\":\"https:\/\/schema.org\",\"@graph\":[{\"@type\":\"WebPage\",\"@id\":\"https:\/\/powder-products.com\/contract-manufacturing\/\",\"url\":\"https:\/\/powder-products.com\/contract-manufacturing\/\",\"name\":\"Auftragsfertigung - PPP Private Powder Products\",\"isPartOf\":{\"@id\":\"https:\/\/powder-products.com\/hu\/#website\"},\"primaryImageOfPage\":{\"@id\":\"https:\/\/powder-products.com\/contract-manufacturing\/#primaryimage\"},\"image\":{\"@id\":\"https:\/\/powder-products.com\/contract-manufacturing\/#primaryimage\"},\"thumbnailUrl\":\"https:\/\/acc91073.maxer.hu\/wp-content\/uploads\/2024\/03\/soma_web_icon_termekek-02_f.png\",\"datePublished\":\"2024-02-14T12:59:32+00:00\",\"breadcrumb\":{\"@id\":\"https:\/\/powder-products.com\/contract-manufacturing\/#breadcrumb\"},\"inLanguage\":\"de\",\"potentialAction\":[{\"@type\":\"ReadAction\",\"target\":[\"https:\/\/powder-products.com\/contract-manufacturing\/\"]}]},{\"@type\":\"ImageObject\",\"inLanguage\":\"de\",\"@id\":\"https:\/\/powder-products.com\/contract-manufacturing\/#primaryimage\",\"url\":\"https:\/\/acc91073.maxer.hu\/wp-content\/uploads\/2024\/03\/soma_web_icon_termekek-02_f.png\",\"contentUrl\":\"https:\/\/acc91073.maxer.hu\/wp-content\/uploads\/2024\/03\/soma_web_icon_termekek-02_f.png\"},{\"@type\":\"BreadcrumbList\",\"@id\":\"https:\/\/powder-products.com\/contract-manufacturing\/#breadcrumb\",\"itemListElement\":[{\"@type\":\"ListItem\",\"position\":1,\"name\":\"Home\",\"item\":\"https:\/\/powder-products.com\/\"},{\"@type\":\"ListItem\",\"position\":2,\"name\":\"Auftragsfertigung\"}]},{\"@type\":\"WebSite\",\"@id\":\"https:\/\/powder-products.com\/hu\/#website\",\"url\":\"https:\/\/powder-products.com\/hu\/\",\"name\":\"PPP Private Powder Products\",\"description\":\"Powder based products according to your needs.\",\"publisher\":{\"@id\":\"https:\/\/powder-products.com\/hu\/#organization\"},\"potentialAction\":[{\"@type\":\"SearchAction\",\"target\":{\"@type\":\"EntryPoint\",\"urlTemplate\":\"https:\/\/powder-products.com\/hu\/?s={search_term_string}\"},\"query-input\":{\"@type\":\"PropertyValueSpecification\",\"valueRequired\":true,\"valueName\":\"search_term_string\"}}],\"inLanguage\":\"de\"},{\"@type\":\"Organization\",\"@id\":\"https:\/\/powder-products.com\/hu\/#organization\",\"name\":\"PPP Private Powder Products\",\"url\":\"https:\/\/powder-products.com\/hu\/\",\"logo\":{\"@type\":\"ImageObject\",\"inLanguage\":\"de\",\"@id\":\"https:\/\/powder-products.com\/hu\/#\/schema\/logo\/image\/\",\"url\":\"https:\/\/powder-products.com\/wp-content\/uploads\/2024\/02\/ppp_logo_new-01.png\",\"contentUrl\":\"https:\/\/powder-products.com\/wp-content\/uploads\/2024\/02\/ppp_logo_new-01.png\",\"width\":512,\"height\":202,\"caption\":\"PPP Private Powder Products\"},\"image\":{\"@id\":\"https:\/\/powder-products.com\/hu\/#\/schema\/logo\/image\/\"},\"sameAs\":[\"https:\/\/www.facebook.com\/privatepowderproducts\"]}]}<\/script>\n<!-- \/ Yoast SEO Premium plugin. -->","yoast_head_json":{"title":"Auftragsfertigung - PPP Private Powder Products","robots":{"index":"index","follow":"follow","max-snippet":"max-snippet:-1","max-image-preview":"max-image-preview:large","max-video-preview":"max-video-preview:-1"},"canonical":"https:\/\/powder-products.com\/contract-manufacturing\/","og_locale":"de_DE","og_type":"article","og_title":"Auftragsfertigung","og_description":"Durchf\u00fchrung individueller Produktentwicklungsaufgaben nach Kundenwunsch im Bereich pulverf\u00f6rmiger, granulierter und st\u00fcckiger Produkte. Neben der Erstellung der Beschaffenheit der Produkte wird die gesamte Produktentwicklung durchgef\u00fchrt, von der Auswahl der Rohstoffe \u00fcber die Definition der Produktionstechnologie bis hin zur Produktverpackung und beh\u00f6rdlichen Zulassung. Unsere verf\u00fcgbaren Verpackungsl\u00f6sungen:","og_url":"https:\/\/powder-products.com\/contract-manufacturing\/","og_site_name":"PPP Private Powder Products","article_publisher":"https:\/\/www.facebook.com\/privatepowderproducts","og_image":[{"url":"https:\/\/acc91073.maxer.hu\/wp-content\/uploads\/2024\/03\/soma_web_icon_termekek-02_f.png","type":"","width":"","height":""}],"twitter_card":"summary_large_image","schema":{"@context":"https:\/\/schema.org","@graph":[{"@type":"WebPage","@id":"https:\/\/powder-products.com\/contract-manufacturing\/","url":"https:\/\/powder-products.com\/contract-manufacturing\/","name":"Auftragsfertigung - PPP Private Powder Products","isPartOf":{"@id":"https:\/\/powder-products.com\/hu\/#website"},"primaryImageOfPage":{"@id":"https:\/\/powder-products.com\/contract-manufacturing\/#primaryimage"},"image":{"@id":"https:\/\/powder-products.com\/contract-manufacturing\/#primaryimage"},"thumbnailUrl":"https:\/\/acc91073.maxer.hu\/wp-content\/uploads\/2024\/03\/soma_web_icon_termekek-02_f.png","datePublished":"2024-02-14T12:59:32+00:00","breadcrumb":{"@id":"https:\/\/powder-products.com\/contract-manufacturing\/#breadcrumb"},"inLanguage":"de","potentialAction":[{"@type":"ReadAction","target":["https:\/\/powder-products.com\/contract-manufacturing\/"]}]},{"@type":"ImageObject","inLanguage":"de","@id":"https:\/\/powder-products.com\/contract-manufacturing\/#primaryimage","url":"https:\/\/acc91073.maxer.hu\/wp-content\/uploads\/2024\/03\/soma_web_icon_termekek-02_f.png","contentUrl":"https:\/\/acc91073.maxer.hu\/wp-content\/uploads\/2024\/03\/soma_web_icon_termekek-02_f.png"},{"@type":"BreadcrumbList","@id":"https:\/\/powder-products.com\/contract-manufacturing\/#breadcrumb","itemListElement":[{"@type":"ListItem","position":1,"name":"Home","item":"https:\/\/powder-products.com\/"},{"@type":"ListItem","position":2,"name":"Auftragsfertigung"}]},{"@type":"WebSite","@id":"https:\/\/powder-products.com\/hu\/#website","url":"https:\/\/powder-products.com\/hu\/","name":"PPP Private Powder Products","description":"Powder based products according to your needs.","publisher":{"@id":"https:\/\/powder-products.com\/hu\/#organization"},"potentialAction":[{"@type":"SearchAction","target":{"@type":"EntryPoint","urlTemplate":"https:\/\/powder-products.com\/hu\/?s={search_term_string}"},"query-input":{"@type":"PropertyValueSpecification","valueRequired":true,"valueName":"search_term_string"}}],"inLanguage":"de"},{"@type":"Organization","@id":"https:\/\/powder-products.com\/hu\/#organization","name":"PPP Private Powder Products","url":"https:\/\/powder-products.com\/hu\/","logo":{"@type":"ImageObject","inLanguage":"de","@id":"https:\/\/powder-products.com\/hu\/#\/schema\/logo\/image\/","url":"https:\/\/powder-products.com\/wp-content\/uploads\/2024\/02\/ppp_logo_new-01.png","contentUrl":"https:\/\/powder-products.com\/wp-content\/uploads\/2024\/02\/ppp_logo_new-01.png","width":512,"height":202,"caption":"PPP Private Powder Products"},"image":{"@id":"https:\/\/powder-products.com\/hu\/#\/schema\/logo\/image\/"},"sameAs":["https:\/\/www.facebook.com\/privatepowderproducts"]}]}},"_links":{"self":[{"href":"https:\/\/powder-products.com\/de\/wp-json\/wp\/v2\/pages\/832","targetHints":{"allow":["GET"]}}],"collection":[{"href":"https:\/\/powder-products.com\/de\/wp-json\/wp\/v2\/pages"}],"about":[{"href":"https:\/\/powder-products.com\/de\/wp-json\/wp\/v2\/types\/page"}],"author":[{"embeddable":true,"href":"https:\/\/powder-products.com\/de\/wp-json\/wp\/v2\/users\/2"}],"replies":[{"embeddable":true,"href":"https:\/\/powder-products.com\/de\/wp-json\/wp\/v2\/comments?post=832"}],"version-history":[{"count":0,"href":"https:\/\/powder-products.com\/de\/wp-json\/wp\/v2\/pages\/832\/revisions"}],"wp:attachment":[{"href":"https:\/\/powder-products.com\/de\/wp-json\/wp\/v2\/media?parent=832"}],"curies":[{"name":"wp","href":"https:\/\/api.w.org\/{rel}","templated":true}]}}