{"id":833,"date":"2024-02-13T07:54:49","date_gmt":"2024-02-13T07:54:49","guid":{"rendered":"https:\/\/acc91073.maxer.hu\/lebensmittelsicherheitspolitik\/"},"modified":"2024-02-13T07:54:49","modified_gmt":"2024-02-13T07:54:49","slug":"lebensmittelsicherheitspolitik","status":"publish","type":"page","link":"https:\/\/powder-products.com\/de\/lebensmittelsicherheitspolitik\/","title":{"rendered":"Lebensmittelsicherheitspolitik"},"content":{"rendered":"\n<p>LEBENSMITTELSICHERHEITSPOLITIK DER PPP PRIVATE POWDER PRODUCTS KFT.<\/p>\n\n\n\n<p>Unser grunds\u00e4tzliches Ziel ist es, mit unserer T\u00e4tigkeit und der gleichbleibend guten Qualit\u00e4t unserer Produkte den Erwartungen und den gegenseitig abgestimmten und akzeptierten Anforderungen unserer Kunden sowie den anwendbaren internationalen und nationalen Rechtsnormen und regulierten Umst\u00e4nden gerecht zu werden. Wir haben die externen und internen Faktoren identifiziert, die unsere erwarteten Ergebnisse beeinflussen k\u00f6nnen und aktualisieren diese Informationen st\u00e4ndig. Wir \u00fcberwachen st\u00e4ndig die Bed\u00fcrfnisse unserer Kunden und gestalten unsere Produktherstellungsprozesse, Empfehlungen bez\u00fcglich der guten Produktionspraxis den Kundenbed\u00fcrfnissen angepasst, neben Einhaltung unseres Systems aus.<\/p>\n\n\n\n<p>Um die Zertifizierung des Systems zu erwerben und aufrechtzuerhalten, sind wir bestrebt und verpflichten uns, den Anforderungen des FSSC 22000-Standards und der Lebensmittelsicherheit auf dem h\u00f6chstm\u00f6glichen Niveau zu entsprechen und diese unter dem Gesichtspunkt einer kontinuierlichen Weiterentwicklung zu erf\u00fcllen.<br>Unser Ziel ist die Herstellung sicherer Lebensmittel unter hohen hygienischen Bedingungen durch Anwendung der Grundprinzipien von HACCP. Wir halten es f\u00fcr wichtig und notwendig, dass alle unsere Mitarbeiter \u00fcber die erforderliche Lebensmittelsicherheitskompetenz verf\u00fcgen und unser Ziel ist es, diese kontinuierlich auf dem entsprechenden Niveau zu halten.<\/p>\n\n\n\n<p>Wir entwickeln unsere Produktherstellungstechnologie st\u00e4ndig weiter, um sichere Lebensmittel herzustellen und die wirtschaftlichen Ergebnisse zu steigern.<br>Durch die Anwendung des Lebensmittelsicherheitsmanagementsystems streben wir danach, die Anzahl der Reklamationen kontinuierlich zu reduzieren und unter dem in unseren Zielen definierten Niveau zu halten sowie Vorf\u00e4lle im Zusammenhang mit der Lebensmittelsicherheit und negative gesundheitliche Folgen durch den Verzehr von Produkten zu vermeiden. Bei der Festlegung unserer weiteren Ziele achten wir vor allem auf Faktoren der Lebensmittelsicherheit und deren Entwicklung, wir \u00fcberpr\u00fcfen unsere Ziele in regelm\u00e4\u00dfigen Abst\u00e4nden und passen sie bei Bedarf an oder legen neue fest.<\/p>\n\n\n\n<p>Wir engagieren uns f\u00fcr den Schutz unserer Umwelt. Wir tun alles daf\u00fcr, dass der Energieverbrauch reduziert wird \u2013 ohne die Produktsicherheit zu gef\u00e4hrden.<\/p>\n\n\n\n<p>Unser Ziel ist es, die Bewertungskriterien unserer Kunden kontinuierlich zu erf\u00fcllen und deren Zufriedenheit zu steigern. Wir streben nach langfristigen, f\u00fcr beide Seiten vorteilhaften Beziehungen zu unseren Lieferanten, Subunternehmern und Kunden und kommunizieren daher effizient mit ihnen sowie den zust\u00e4ndigen Beh\u00f6rden, um so das notwendige Wissen \u00fcber Lebensmittelsicherheit f\u00fcr alle interessierten Parteien sicherzustellen.<\/p>\n\n\n\n<p>Mit unserer internen Kommunikation stellen wir sicher, dass uns aus Sicht der Lebensmittelsicherheit wichtige Informationen \u00fcber Einflussfaktoren aller Art zeitnah zur Verf\u00fcgung stehen und die von diesen Faktoren getroffenen Entscheidungen kontinuierlich die Lebensmittelsicherheit gew\u00e4hrleisten.<br>Die grundlegende Pflicht aller Mitglieder der Organisation besteht darin, sich f\u00fcr Qualit\u00e4t und Lebensmittelsicherheit einzusetzen und bei ihrer Arbeit alles f\u00fcr die effiziente Bet\u00e4tigung des Unternehmens zu tun.<\/p>\n\n\n\n<p>P\u00e9cs, Jan. 21, 2020<\/p>\n\n\n\n<p><em>K\u00e1roly \u00dajhelyi <\/em><\/p>\n\n\n\n<p><em>Firmenleiter<\/em><\/p>\n","protected":false},"excerpt":{"rendered":"<p>LEBENSMITTELSICHERHEITSPOLITIK DER PPP PRIVATE POWDER PRODUCTS KFT. Unser grunds\u00e4tzliches Ziel ist es, mit unserer T\u00e4tigkeit und der gleichbleibend guten Qualit\u00e4t unserer Produkte den Erwartungen und den gegenseitig abgestimmten und akzeptierten Anforderungen unserer Kunden sowie den anwendbaren internationalen und nationalen Rechtsnormen und regulierten Umst\u00e4nden gerecht zu werden. Wir haben die externen und internen Faktoren identifiziert, die &hellip; <\/p>\n<p class=\"link-more\"><a href=\"https:\/\/powder-products.com\/de\/lebensmittelsicherheitspolitik\/\" class=\"more-link\"><span class=\"screen-reader-text\">\u201eLebensmittelsicherheitspolitik\u201c<\/span> weiterlesen<\/a><\/p>\n","protected":false},"author":2,"featured_media":0,"parent":0,"menu_order":0,"comment_status":"closed","ping_status":"closed","template":"","meta":{"footnotes":""},"class_list":["post-833","page","type-page","status-publish","hentry"],"yoast_head":"<!-- This site is optimized with the Yoast SEO Premium plugin v25.6 (Yoast SEO v26.1.1) - https:\/\/yoast.com\/wordpress\/plugins\/seo\/ -->\n<title>Lebensmittelsicherheitspolitik - PPP Private Powder Products<\/title>\n<meta name=\"robots\" content=\"index, follow, max-snippet:-1, max-image-preview:large, max-video-preview:-1\" \/>\n<link rel=\"canonical\" href=\"https:\/\/powder-products.com\/ppp-private-powder-products-ltd-food-safety-policy\/\" \/>\n<meta property=\"og:locale\" content=\"de_DE\" \/>\n<meta property=\"og:type\" content=\"article\" \/>\n<meta property=\"og:title\" content=\"Lebensmittelsicherheitspolitik\" \/>\n<meta property=\"og:description\" content=\"LEBENSMITTELSICHERHEITSPOLITIK DER PPP PRIVATE POWDER PRODUCTS KFT. Unser grunds\u00e4tzliches Ziel ist es, mit unserer T\u00e4tigkeit und der gleichbleibend guten Qualit\u00e4t unserer Produkte den Erwartungen und den gegenseitig abgestimmten und akzeptierten Anforderungen unserer Kunden sowie den anwendbaren internationalen und nationalen Rechtsnormen und regulierten Umst\u00e4nden gerecht zu werden. Wir haben die externen und internen Faktoren identifiziert, die &hellip; \u201eLebensmittelsicherheitspolitik\u201c weiterlesen\" \/>\n<meta property=\"og:url\" content=\"https:\/\/powder-products.com\/ppp-private-powder-products-ltd-food-safety-policy\/\" \/>\n<meta property=\"og:site_name\" content=\"PPP Private Powder Products\" \/>\n<meta property=\"article:publisher\" content=\"https:\/\/www.facebook.com\/privatepowderproducts\" \/>\n<meta name=\"twitter:card\" content=\"summary_large_image\" \/>\n<meta name=\"twitter:label1\" content=\"Gesch\u00e4tzte Lesezeit\" \/>\n\t<meta name=\"twitter:data1\" content=\"2\u00a0Minuten\" \/>\n<script type=\"application\/ld+json\" class=\"yoast-schema-graph\">{\"@context\":\"https:\/\/schema.org\",\"@graph\":[{\"@type\":\"WebPage\",\"@id\":\"https:\/\/powder-products.com\/ppp-private-powder-products-ltd-food-safety-policy\/\",\"url\":\"https:\/\/powder-products.com\/ppp-private-powder-products-ltd-food-safety-policy\/\",\"name\":\"Lebensmittelsicherheitspolitik - PPP Private Powder Products\",\"isPartOf\":{\"@id\":\"https:\/\/powder-products.com\/hu\/#website\"},\"datePublished\":\"2024-02-13T07:54:49+00:00\",\"breadcrumb\":{\"@id\":\"https:\/\/powder-products.com\/ppp-private-powder-products-ltd-food-safety-policy\/#breadcrumb\"},\"inLanguage\":\"de\",\"potentialAction\":[{\"@type\":\"ReadAction\",\"target\":[\"https:\/\/powder-products.com\/ppp-private-powder-products-ltd-food-safety-policy\/\"]}]},{\"@type\":\"BreadcrumbList\",\"@id\":\"https:\/\/powder-products.com\/ppp-private-powder-products-ltd-food-safety-policy\/#breadcrumb\",\"itemListElement\":[{\"@type\":\"ListItem\",\"position\":1,\"name\":\"Home\",\"item\":\"https:\/\/powder-products.com\/\"},{\"@type\":\"ListItem\",\"position\":2,\"name\":\"Lebensmittelsicherheitspolitik\"}]},{\"@type\":\"WebSite\",\"@id\":\"https:\/\/powder-products.com\/hu\/#website\",\"url\":\"https:\/\/powder-products.com\/hu\/\",\"name\":\"PPP Private Powder Products\",\"description\":\"Powder based products according to your needs.\",\"publisher\":{\"@id\":\"https:\/\/powder-products.com\/hu\/#organization\"},\"potentialAction\":[{\"@type\":\"SearchAction\",\"target\":{\"@type\":\"EntryPoint\",\"urlTemplate\":\"https:\/\/powder-products.com\/hu\/?s={search_term_string}\"},\"query-input\":{\"@type\":\"PropertyValueSpecification\",\"valueRequired\":true,\"valueName\":\"search_term_string\"}}],\"inLanguage\":\"de\"},{\"@type\":\"Organization\",\"@id\":\"https:\/\/powder-products.com\/hu\/#organization\",\"name\":\"PPP Private Powder Products\",\"url\":\"https:\/\/powder-products.com\/hu\/\",\"logo\":{\"@type\":\"ImageObject\",\"inLanguage\":\"de\",\"@id\":\"https:\/\/powder-products.com\/hu\/#\/schema\/logo\/image\/\",\"url\":\"https:\/\/powder-products.com\/wp-content\/uploads\/2024\/02\/ppp_logo_new-01.png\",\"contentUrl\":\"https:\/\/powder-products.com\/wp-content\/uploads\/2024\/02\/ppp_logo_new-01.png\",\"width\":512,\"height\":202,\"caption\":\"PPP Private Powder Products\"},\"image\":{\"@id\":\"https:\/\/powder-products.com\/hu\/#\/schema\/logo\/image\/\"},\"sameAs\":[\"https:\/\/www.facebook.com\/privatepowderproducts\"]}]}<\/script>\n<!-- \/ Yoast SEO Premium plugin. -->","yoast_head_json":{"title":"Lebensmittelsicherheitspolitik - PPP Private Powder Products","robots":{"index":"index","follow":"follow","max-snippet":"max-snippet:-1","max-image-preview":"max-image-preview:large","max-video-preview":"max-video-preview:-1"},"canonical":"https:\/\/powder-products.com\/ppp-private-powder-products-ltd-food-safety-policy\/","og_locale":"de_DE","og_type":"article","og_title":"Lebensmittelsicherheitspolitik","og_description":"LEBENSMITTELSICHERHEITSPOLITIK DER PPP PRIVATE POWDER PRODUCTS KFT. Unser grunds\u00e4tzliches Ziel ist es, mit unserer T\u00e4tigkeit und der gleichbleibend guten Qualit\u00e4t unserer Produkte den Erwartungen und den gegenseitig abgestimmten und akzeptierten Anforderungen unserer Kunden sowie den anwendbaren internationalen und nationalen Rechtsnormen und regulierten Umst\u00e4nden gerecht zu werden. Wir haben die externen und internen Faktoren identifiziert, die &hellip; \u201eLebensmittelsicherheitspolitik\u201c weiterlesen","og_url":"https:\/\/powder-products.com\/ppp-private-powder-products-ltd-food-safety-policy\/","og_site_name":"PPP Private Powder Products","article_publisher":"https:\/\/www.facebook.com\/privatepowderproducts","twitter_card":"summary_large_image","twitter_misc":{"Gesch\u00e4tzte Lesezeit":"2\u00a0Minuten"},"schema":{"@context":"https:\/\/schema.org","@graph":[{"@type":"WebPage","@id":"https:\/\/powder-products.com\/ppp-private-powder-products-ltd-food-safety-policy\/","url":"https:\/\/powder-products.com\/ppp-private-powder-products-ltd-food-safety-policy\/","name":"Lebensmittelsicherheitspolitik - PPP Private Powder Products","isPartOf":{"@id":"https:\/\/powder-products.com\/hu\/#website"},"datePublished":"2024-02-13T07:54:49+00:00","breadcrumb":{"@id":"https:\/\/powder-products.com\/ppp-private-powder-products-ltd-food-safety-policy\/#breadcrumb"},"inLanguage":"de","potentialAction":[{"@type":"ReadAction","target":["https:\/\/powder-products.com\/ppp-private-powder-products-ltd-food-safety-policy\/"]}]},{"@type":"BreadcrumbList","@id":"https:\/\/powder-products.com\/ppp-private-powder-products-ltd-food-safety-policy\/#breadcrumb","itemListElement":[{"@type":"ListItem","position":1,"name":"Home","item":"https:\/\/powder-products.com\/"},{"@type":"ListItem","position":2,"name":"Lebensmittelsicherheitspolitik"}]},{"@type":"WebSite","@id":"https:\/\/powder-products.com\/hu\/#website","url":"https:\/\/powder-products.com\/hu\/","name":"PPP Private Powder Products","description":"Powder based products according to your needs.","publisher":{"@id":"https:\/\/powder-products.com\/hu\/#organization"},"potentialAction":[{"@type":"SearchAction","target":{"@type":"EntryPoint","urlTemplate":"https:\/\/powder-products.com\/hu\/?s={search_term_string}"},"query-input":{"@type":"PropertyValueSpecification","valueRequired":true,"valueName":"search_term_string"}}],"inLanguage":"de"},{"@type":"Organization","@id":"https:\/\/powder-products.com\/hu\/#organization","name":"PPP Private Powder Products","url":"https:\/\/powder-products.com\/hu\/","logo":{"@type":"ImageObject","inLanguage":"de","@id":"https:\/\/powder-products.com\/hu\/#\/schema\/logo\/image\/","url":"https:\/\/powder-products.com\/wp-content\/uploads\/2024\/02\/ppp_logo_new-01.png","contentUrl":"https:\/\/powder-products.com\/wp-content\/uploads\/2024\/02\/ppp_logo_new-01.png","width":512,"height":202,"caption":"PPP Private Powder Products"},"image":{"@id":"https:\/\/powder-products.com\/hu\/#\/schema\/logo\/image\/"},"sameAs":["https:\/\/www.facebook.com\/privatepowderproducts"]}]}},"_links":{"self":[{"href":"https:\/\/powder-products.com\/de\/wp-json\/wp\/v2\/pages\/833","targetHints":{"allow":["GET"]}}],"collection":[{"href":"https:\/\/powder-products.com\/de\/wp-json\/wp\/v2\/pages"}],"about":[{"href":"https:\/\/powder-products.com\/de\/wp-json\/wp\/v2\/types\/page"}],"author":[{"embeddable":true,"href":"https:\/\/powder-products.com\/de\/wp-json\/wp\/v2\/users\/2"}],"replies":[{"embeddable":true,"href":"https:\/\/powder-products.com\/de\/wp-json\/wp\/v2\/comments?post=833"}],"version-history":[{"count":0,"href":"https:\/\/powder-products.com\/de\/wp-json\/wp\/v2\/pages\/833\/revisions"}],"wp:attachment":[{"href":"https:\/\/powder-products.com\/de\/wp-json\/wp\/v2\/media?parent=833"}],"curies":[{"name":"wp","href":"https:\/\/api.w.org\/{rel}","templated":true}]}}