{"id":835,"date":"2024-02-29T13:10:07","date_gmt":"2024-02-29T13:10:07","guid":{"rendered":"https:\/\/acc91073.maxer.hu\/cookie-management\/"},"modified":"2024-04-03T13:08:21","modified_gmt":"2024-04-03T13:08:21","slug":"cookie-management","status":"publish","type":"page","link":"https:\/\/powder-products.com\/de\/cookie-management\/","title":{"rendered":"Cookie Management"},"content":{"rendered":"\n<p>These Cookie Policy (hereinafter: cookie) contains the cookie conditions for the use of the website operated by Private Powder Products Kft. As a service provider (\u201cService Provider\u201d). When designing the website, we paid attention to the regulations for the further use of cookies. The following instructions for this use have been observed and are used accordingly:<\/p>\n\n\n\n<ul class=\"wp-block-list\">\n<li><a href=\"https:\/\/net.jogtar.hu\/jr\/gen\/hjegy_doc.cgi?docid=A0300100.TV\" target=\"_blank\" rel=\"noreferrer noopener\">2003. \u00e9vi C. t\u00f6rv\u00e9ny az elektronikus h\u00edrk\u00f6zl\u00e9sr\u0151l<\/a><\/li>\n\n\n\n<li><a href=\"https:\/\/net.jogtar.hu\/jr\/gen\/hjegy_doc.cgi?docid=A0100108.TV\" target=\"_blank\" rel=\"noreferrer noopener\">CVIII of 2001 Act on Certain Issues in Electronic Commerce Services and Information Society Services<\/a><\/li>\n\n\n\n<li><a href=\"https:\/\/net.jogtar.hu\/jr\/gen\/hjegy_doc.cgi?docid=A1100112.TV\" target=\"_blank\" rel=\"noreferrer noopener\">2011 CXII. Act on the Right to Information Self-Determination and Freedom of Information<\/a><\/li>\n\n\n\n<li><a href=\"https:\/\/eur-lex.europa.eu\/LexUriServ\/LexUriServ.do?uri=CELEX:32002L0058:HU:HTML\" target=\"_blank\" rel=\"noreferrer noopener\">Directive 2002\/58 \/ EC of 12 July 2002 concerning the processing of personal data and the protection of privacy in the electronic communications sector (\u201cElectronic Communications Data Protection Directive\u201d)<\/a><\/li>\n<\/ul>\n\n\n\n<p>Please read this document carefully and use our services only if you agree with all its points and accept them as binding on you (hereinafter: the User). Please note that this policy only applies to the handling of cookies on this website. If you click on an external link on the website, please also find and read the website\u2019s own policies.<\/p>\n\n\n\n<h3 class=\"wp-block-heading\">A cookie<\/h3>\n\n\n\n<p>Cookie or cookie means: files or pieces of information that have been downloaded from our website by your internet browser and stored on your computer. These cookies are used by the server computer that stores the materials on our website to recognize when you have visited our website that you have already visited our website. Most web browsers accept cookies by default. If you think you can switch your browser to reject cookies or alert you that cookies have been sent to your machine. Our website uses such cookies to provide certain functions or for convenience only. The cookies we use do not load, slow down or harm your computer. The site also uses cookies from third parties on the website. Cookies can be deleted and disabled from browsers. In addition, cookies can be disabled. You can find information about these settings on the official website of the browser.<\/p>\n\n\n\n<h3 class=\"wp-block-heading\">What are the purpose of cookies?<\/h3>\n\n\n\n<p>We use these technologies for a variety of purposes, such as to display content or advertising that is most relevant to the User; to further develop our products and services; and to maintain the security of our services. The exact name of the cookies, pixels and other similar technologies we use may change from time to time as the services are developed and updated.<\/p>\n\n\n\n<h3 class=\"wp-block-heading\">How is a cookie created?<\/h3>\n\n\n\n<p>First, the client machine sends a request to the server. The server then creates a unique ID and stores it in its own database, and then sends the cookie created to it back to the client with all the information. The information cookie thus returned is stored on the client machine.<\/p>\n\n\n\n<h3 class=\"wp-block-heading\">How is the cookie used?<\/h3>\n\n\n\n<p>When the client machine reconnects to the server, it already attaches the previously created and stored cookie. The server compares the content of the received cookie with that of the cookie it stores. This makes it easy to identify e.g. the registered user.<\/p>\n\n\n\n<h3 class=\"wp-block-heading\">What cookies do we use?<\/h3>\n\n\n\n<p>There are several types of cookies in use, but each website uses different types. Our website usually uses only the following, but we may use new varieties in addition to the ones we have made as a result of improvements.<\/p>\n\n\n\n<p><strong>Session \/ Temporary cookie:<\/strong><\/p>\n\n\n\n<ul class=\"wp-block-list\">\n<li>these cookies are only temporarily cached while the user is navigating the site. When the user closes the browser, the cookie is deleted. These cookies do not contain personal information and are not suitable for identifying the visitor.<\/li>\n<\/ul>\n\n\n\n<p><strong>Stored \/ Persistent cookie:<\/strong><\/p>\n\n\n\n<ul class=\"wp-block-list\">\n<li>these are cookies that are used every time a user visits the site. Depending on the type of cookies, we can use them as follows:<\/li>\n<\/ul>\n\n\n\n<p><strong>Analytics \/ Analysis:<\/strong><\/p>\n\n\n\n<ul class=\"wp-block-list\">\n<li>it shows where you went within the website, what products you looked at, what you did. Depending on the lifetime of the cookie, it remains on the client machine. It can be used by features like Google Analytics or Youtube. These cookies do not contain personal information and are not suitable for identifying the visitor.<\/li>\n<\/ul>\n\n\n\n<p><strong>Social networks:<\/strong><\/p>\n\n\n\n<ul class=\"wp-block-list\">\n<li>allows you to easily access social media networks, share your opinions, information about our products with others. may be used by third-party features such as Facebook, Twitter, Google+, Pinterest, or Youtube. These cookies may contain personal information and are suitable for identifying the visitor.<\/li>\n<\/ul>\n\n\n\n<p><strong>Media:<\/strong><\/p>\n\n\n\n<ul class=\"wp-block-list\">\n<li>they allow you to view videos on the page, for example. It is used by third-party features such as Youtube. These cookies do not contain personal information and are not suitable for identifying the visitor.<\/li>\n<\/ul>\n\n\n\n<p><strong>Functional:<\/strong><\/p>\n\n\n\n<ul class=\"wp-block-list\">\n<li>this shows how the user has been to the site and by what means. Memorizes user name, password, language selected, location information. These cookies may contain personal information and are suitable for identifying the visitor.<\/li>\n<\/ul>\n\n\n\n<p><strong>Advertising:<\/strong><\/p>\n\n\n\n<ul class=\"wp-block-list\">\n<li>with the help of these I can send information and newsletters to the user according to their interests. These cookies may contain personal information and are suitable for identifying the visitor.<\/li>\n<\/ul>\n\n\n\n<p><em>For information on the types of cookies and their full functionality, visit&nbsp;<a href=\"https:\/\/www.allaboutcookies.org\/\">www.allaboutcookies.org<\/a>&nbsp;weboldalt.<\/em><\/p>\n\n\n\n<h3 class=\"wp-block-heading\">How are cookies handled?<\/h3>\n\n\n\n<p>There are different ways, but the client has the option to configure their browser to handle cookies in several ways. In general, there are three ways to configure browsers:<\/p>\n\n\n\n<ul class=\"wp-block-list\">\n<li>Accept all cookies<\/li>\n\n\n\n<li>Reject all cookies<\/li>\n\n\n\n<li>Request notification of each cookie usage<\/li>\n<\/ul>\n\n\n\n<p>For information about cookie settings, you may want to look around your browser\u2019s \u201cOptions\u201d or \u201cSettings\u201d menu or refer to your browser\u2019s \u201cHelp\u201d menu. The following websites can help you set up the most commonly used browsers.<\/p>\n\n\n\n<ul class=\"wp-block-list\">\n<li>Internet Explorer<\/li>\n\n\n\n<li>Firefox<\/li>\n\n\n\n<li>Chrome<\/li>\n<\/ul>\n\n\n\n<p>It is important to note that the website was created with cookie handling. If the client partially or completely disables their use, it may prevent the operation of the website. If this happens, there may be features and services that you will not be able to use in full or in part. We use cookies even if the User does not have a registered account or has logged out of the account. For example, if a User has logged out of their account, we use cookies to facilitate:<\/p>\n\n\n\n<ul class=\"wp-block-list\">\n<li>identify and block accounts from spammers<\/li>\n\n\n\n<li>restore your account in case you lose access<\/li>\n\n\n\n<li>provide additional security features such as login notifications and login approvals<\/li>\n\n\n\n<li>prevent the registration of minors with a false date of birth<\/li>\n\n\n\n<li>display, select, evaluate, measure, and interpret the ads displayed on the site and elsewhere (including ads displayed by or on behalf of our affiliates or partners)<\/li>\n\n\n\n<li>compiling analytical information about the people who interact with our services and the websites of our advertisers and partners.<\/li>\n<\/ul>\n\n\n\n<p>To protect the Services and its users from malicious activity, we place cookies even if the User does not have an account registered but has visited our website. For example, these cookies help detect and prevent attacks that interrupt service and create fake accounts in bulk. If there are cookies in your browser or on your device, we can read the cookie when you visit a website with a social module. Cookies created by social networking sites (Facebook, Twitter, LinkedIn, GooglePlus) are the responsibility of the operator of the pages, which can be found on the website of the given social networking site.<\/p>\n","protected":false},"excerpt":{"rendered":"<p>These Cookie Policy (hereinafter: cookie) contains the cookie conditions for the use of the website operated by Private Powder Products Kft. As a service provider (\u201cService Provider\u201d). When designing the website, we paid attention to the regulations for the further use of cookies. The following instructions for this use have been observed and are used &hellip; <\/p>\n<p class=\"link-more\"><a href=\"https:\/\/powder-products.com\/de\/cookie-management\/\" class=\"more-link\"><span class=\"screen-reader-text\">\u201eCookie Management\u201c<\/span> weiterlesen<\/a><\/p>\n","protected":false},"author":2,"featured_media":0,"parent":0,"menu_order":0,"comment_status":"closed","ping_status":"closed","template":"","meta":{"footnotes":""},"class_list":["post-835","page","type-page","status-publish","hentry"],"yoast_head":"<!-- This site is optimized with the Yoast SEO Premium plugin v25.6 (Yoast SEO v26.1.1) - https:\/\/yoast.com\/wordpress\/plugins\/seo\/ -->\n<title>Cookie Management - PPP Private Powder Products<\/title>\n<meta name=\"robots\" content=\"index, follow, max-snippet:-1, max-image-preview:large, max-video-preview:-1\" \/>\n<link rel=\"canonical\" href=\"https:\/\/powder-products.com\/cookie-kezeles\/\" \/>\n<meta property=\"og:locale\" content=\"de_DE\" \/>\n<meta property=\"og:type\" content=\"article\" \/>\n<meta property=\"og:title\" content=\"Cookie Management\" \/>\n<meta property=\"og:description\" content=\"These Cookie Policy (hereinafter: cookie) contains the cookie conditions for the use of the website operated by Private Powder Products Kft. As a service provider (\u201cService Provider\u201d). When designing the website, we paid attention to the regulations for the further use of cookies. The following instructions for this use have been observed and are used &hellip; \u201eCookie Management\u201c weiterlesen\" \/>\n<meta property=\"og:url\" content=\"https:\/\/powder-products.com\/cookie-kezeles\/\" \/>\n<meta property=\"og:site_name\" content=\"PPP Private Powder Products\" \/>\n<meta property=\"article:publisher\" content=\"https:\/\/www.facebook.com\/privatepowderproducts\" \/>\n<meta property=\"article:modified_time\" content=\"2024-04-03T13:08:21+00:00\" \/>\n<meta name=\"twitter:card\" content=\"summary_large_image\" \/>\n<meta name=\"twitter:label1\" content=\"Gesch\u00e4tzte Lesezeit\" \/>\n\t<meta name=\"twitter:data1\" content=\"6\u00a0Minuten\" \/>\n<script type=\"application\/ld+json\" class=\"yoast-schema-graph\">{\"@context\":\"https:\/\/schema.org\",\"@graph\":[{\"@type\":\"WebPage\",\"@id\":\"https:\/\/powder-products.com\/cookie-kezeles\/\",\"url\":\"https:\/\/powder-products.com\/cookie-kezeles\/\",\"name\":\"Cookie Management - PPP Private Powder Products\",\"isPartOf\":{\"@id\":\"https:\/\/powder-products.com\/hu\/#website\"},\"datePublished\":\"2024-02-29T13:10:07+00:00\",\"dateModified\":\"2024-04-03T13:08:21+00:00\",\"breadcrumb\":{\"@id\":\"https:\/\/powder-products.com\/cookie-kezeles\/#breadcrumb\"},\"inLanguage\":\"de\",\"potentialAction\":[{\"@type\":\"ReadAction\",\"target\":[\"https:\/\/powder-products.com\/cookie-kezeles\/\"]}]},{\"@type\":\"BreadcrumbList\",\"@id\":\"https:\/\/powder-products.com\/cookie-kezeles\/#breadcrumb\",\"itemListElement\":[{\"@type\":\"ListItem\",\"position\":1,\"name\":\"Home\",\"item\":\"https:\/\/powder-products.com\/\"},{\"@type\":\"ListItem\",\"position\":2,\"name\":\"Cookie Management\"}]},{\"@type\":\"WebSite\",\"@id\":\"https:\/\/powder-products.com\/hu\/#website\",\"url\":\"https:\/\/powder-products.com\/hu\/\",\"name\":\"PPP Private Powder Products\",\"description\":\"Powder based products according to your needs.\",\"publisher\":{\"@id\":\"https:\/\/powder-products.com\/hu\/#organization\"},\"potentialAction\":[{\"@type\":\"SearchAction\",\"target\":{\"@type\":\"EntryPoint\",\"urlTemplate\":\"https:\/\/powder-products.com\/hu\/?s={search_term_string}\"},\"query-input\":{\"@type\":\"PropertyValueSpecification\",\"valueRequired\":true,\"valueName\":\"search_term_string\"}}],\"inLanguage\":\"de\"},{\"@type\":\"Organization\",\"@id\":\"https:\/\/powder-products.com\/hu\/#organization\",\"name\":\"PPP Private Powder Products\",\"url\":\"https:\/\/powder-products.com\/hu\/\",\"logo\":{\"@type\":\"ImageObject\",\"inLanguage\":\"de\",\"@id\":\"https:\/\/powder-products.com\/hu\/#\/schema\/logo\/image\/\",\"url\":\"https:\/\/powder-products.com\/wp-content\/uploads\/2024\/02\/ppp_logo_new-01.png\",\"contentUrl\":\"https:\/\/powder-products.com\/wp-content\/uploads\/2024\/02\/ppp_logo_new-01.png\",\"width\":512,\"height\":202,\"caption\":\"PPP Private Powder Products\"},\"image\":{\"@id\":\"https:\/\/powder-products.com\/hu\/#\/schema\/logo\/image\/\"},\"sameAs\":[\"https:\/\/www.facebook.com\/privatepowderproducts\"]}]}<\/script>\n<!-- \/ Yoast SEO Premium plugin. -->","yoast_head_json":{"title":"Cookie Management - PPP Private Powder Products","robots":{"index":"index","follow":"follow","max-snippet":"max-snippet:-1","max-image-preview":"max-image-preview:large","max-video-preview":"max-video-preview:-1"},"canonical":"https:\/\/powder-products.com\/cookie-kezeles\/","og_locale":"de_DE","og_type":"article","og_title":"Cookie Management","og_description":"These Cookie Policy (hereinafter: cookie) contains the cookie conditions for the use of the website operated by Private Powder Products Kft. As a service provider (\u201cService Provider\u201d). When designing the website, we paid attention to the regulations for the further use of cookies. The following instructions for this use have been observed and are used &hellip; \u201eCookie Management\u201c weiterlesen","og_url":"https:\/\/powder-products.com\/cookie-kezeles\/","og_site_name":"PPP Private Powder Products","article_publisher":"https:\/\/www.facebook.com\/privatepowderproducts","article_modified_time":"2024-04-03T13:08:21+00:00","twitter_card":"summary_large_image","twitter_misc":{"Gesch\u00e4tzte Lesezeit":"6\u00a0Minuten"},"schema":{"@context":"https:\/\/schema.org","@graph":[{"@type":"WebPage","@id":"https:\/\/powder-products.com\/cookie-kezeles\/","url":"https:\/\/powder-products.com\/cookie-kezeles\/","name":"Cookie Management - PPP Private Powder Products","isPartOf":{"@id":"https:\/\/powder-products.com\/hu\/#website"},"datePublished":"2024-02-29T13:10:07+00:00","dateModified":"2024-04-03T13:08:21+00:00","breadcrumb":{"@id":"https:\/\/powder-products.com\/cookie-kezeles\/#breadcrumb"},"inLanguage":"de","potentialAction":[{"@type":"ReadAction","target":["https:\/\/powder-products.com\/cookie-kezeles\/"]}]},{"@type":"BreadcrumbList","@id":"https:\/\/powder-products.com\/cookie-kezeles\/#breadcrumb","itemListElement":[{"@type":"ListItem","position":1,"name":"Home","item":"https:\/\/powder-products.com\/"},{"@type":"ListItem","position":2,"name":"Cookie Management"}]},{"@type":"WebSite","@id":"https:\/\/powder-products.com\/hu\/#website","url":"https:\/\/powder-products.com\/hu\/","name":"PPP Private Powder Products","description":"Powder based products according to your needs.","publisher":{"@id":"https:\/\/powder-products.com\/hu\/#organization"},"potentialAction":[{"@type":"SearchAction","target":{"@type":"EntryPoint","urlTemplate":"https:\/\/powder-products.com\/hu\/?s={search_term_string}"},"query-input":{"@type":"PropertyValueSpecification","valueRequired":true,"valueName":"search_term_string"}}],"inLanguage":"de"},{"@type":"Organization","@id":"https:\/\/powder-products.com\/hu\/#organization","name":"PPP Private Powder Products","url":"https:\/\/powder-products.com\/hu\/","logo":{"@type":"ImageObject","inLanguage":"de","@id":"https:\/\/powder-products.com\/hu\/#\/schema\/logo\/image\/","url":"https:\/\/powder-products.com\/wp-content\/uploads\/2024\/02\/ppp_logo_new-01.png","contentUrl":"https:\/\/powder-products.com\/wp-content\/uploads\/2024\/02\/ppp_logo_new-01.png","width":512,"height":202,"caption":"PPP Private Powder Products"},"image":{"@id":"https:\/\/powder-products.com\/hu\/#\/schema\/logo\/image\/"},"sameAs":["https:\/\/www.facebook.com\/privatepowderproducts"]}]}},"_links":{"self":[{"href":"https:\/\/powder-products.com\/de\/wp-json\/wp\/v2\/pages\/835","targetHints":{"allow":["GET"]}}],"collection":[{"href":"https:\/\/powder-products.com\/de\/wp-json\/wp\/v2\/pages"}],"about":[{"href":"https:\/\/powder-products.com\/de\/wp-json\/wp\/v2\/types\/page"}],"author":[{"embeddable":true,"href":"https:\/\/powder-products.com\/de\/wp-json\/wp\/v2\/users\/2"}],"replies":[{"embeddable":true,"href":"https:\/\/powder-products.com\/de\/wp-json\/wp\/v2\/comments?post=835"}],"version-history":[{"count":1,"href":"https:\/\/powder-products.com\/de\/wp-json\/wp\/v2\/pages\/835\/revisions"}],"predecessor-version":[{"id":836,"href":"https:\/\/powder-products.com\/de\/wp-json\/wp\/v2\/pages\/835\/revisions\/836"}],"wp:attachment":[{"href":"https:\/\/powder-products.com\/de\/wp-json\/wp\/v2\/media?parent=835"}],"curies":[{"name":"wp","href":"https:\/\/api.w.org\/{rel}","templated":true}]}}