{"id":839,"date":"2024-03-12T09:02:11","date_gmt":"2024-03-12T09:02:11","guid":{"rendered":"https:\/\/acc91073.maxer.hu\/unsere-geschichte\/"},"modified":"2024-03-12T09:02:11","modified_gmt":"2024-03-12T09:02:11","slug":"unsere-geschichte","status":"publish","type":"page","link":"https:\/\/powder-products.com\/de\/unsere-geschichte\/","title":{"rendered":"Unsere Geschichte"},"content":{"rendered":"\n<p><\/p>\n\n\n\n<h2 class=\"wp-block-heading\"><mark style=\"background-color:rgba(0, 0, 0, 0)\" class=\"has-inline-color has-vivid-red-color\"><strong>2017<\/strong><\/mark><\/h2>\n\n\n\n<div class=\"wp-block-media-text is-stacked-on-mobile\" style=\"grid-template-columns:15% auto\"><figure class=\"wp-block-media-text__media\"><img loading=\"lazy\" decoding=\"async\" width=\"128\" height=\"128\" src=\"https:\/\/acc91073.maxer.hu\/wp-content\/uploads\/2024\/04\/8420942271578629625-128-1.png\" alt=\"\" class=\"wp-image-777 size-full\" srcset=\"https:\/\/powder-products.com\/wp-content\/uploads\/2024\/04\/8420942271578629625-128-1.png 128w, https:\/\/powder-products.com\/wp-content\/uploads\/2024\/04\/8420942271578629625-128-1-100x100.png 100w\" sizes=\"auto, (max-width: 128px) 100vw, 128px\" \/><\/figure><div class=\"wp-block-media-text__content\">\n<p>Der Vorg\u00e4nger von PPP Private Powder Products, FleXoco, wird in D\u00e4nemark gegr\u00fcndet. Das Unternehmen befasst sich mit der Produktentwicklung und dem Handel von im Auftrag hergestellten Hei\u00dfgetr\u00e4nkepulvern, vorwiegend f\u00fcr den d\u00e4nischen und deutschen Markt.<\/p>\n<\/div><\/div>\n\n\n\n<h2 class=\"wp-block-heading\"><mark style=\"background-color:rgba(0, 0, 0, 0)\" class=\"has-inline-color has-vivid-red-color\"><strong>2013<\/strong><\/mark><\/h2>\n\n\n\n<div class=\"wp-block-media-text is-stacked-on-mobile\" style=\"grid-template-columns:15% auto\"><figure class=\"wp-block-media-text__media\"><img loading=\"lazy\" decoding=\"async\" width=\"128\" height=\"128\" src=\"https:\/\/acc91073.maxer.hu\/wp-content\/uploads\/2024\/04\/3023758921639553030-128.png\" alt=\"\" class=\"wp-image-780 size-full\" srcset=\"https:\/\/powder-products.com\/wp-content\/uploads\/2024\/04\/3023758921639553030-128.png 128w, https:\/\/powder-products.com\/wp-content\/uploads\/2024\/04\/3023758921639553030-128-100x100.png 100w\" sizes=\"auto, (max-width: 128px) 100vw, 128px\" \/><\/figure><div class=\"wp-block-media-text__content\">\n<p>Der Bau der Produktionsbasis in Ungarn beginnt und die Produktproduktion f\u00e4gt mit 10 Mitarbeitern auf einer 2.000 m2 gro\u00dfen Produktions- und Lagerfl\u00e4che an.<\/p>\n<\/div><\/div>\n\n\n\n<h2 class=\"wp-block-heading\"><mark style=\"background-color:rgba(0, 0, 0, 0)\" class=\"has-inline-color has-vivid-red-color\"><strong>2016<\/strong><\/mark><\/h2>\n\n\n\n<div class=\"wp-block-media-text is-stacked-on-mobile\" style=\"grid-template-columns:15% auto\"><figure class=\"wp-block-media-text__media\"><img loading=\"lazy\" decoding=\"async\" width=\"128\" height=\"128\" src=\"https:\/\/acc91073.maxer.hu\/wp-content\/uploads\/2024\/04\/5530167231639546471-128.png\" alt=\"\" class=\"wp-image-783 size-full\" srcset=\"https:\/\/powder-products.com\/wp-content\/uploads\/2024\/04\/5530167231639546471-128.png 128w, https:\/\/powder-products.com\/wp-content\/uploads\/2024\/04\/5530167231639546471-128-100x100.png 100w\" sizes=\"auto, (max-width: 128px) 100vw, 128px\" \/><\/figure><div class=\"wp-block-media-text__content\">\n<p>&nbsp;Das Unternehmen zieht in eine neue Produktionsbasis um, wo auf einer Fl\u00e4che von 3.600 m2, mit 20 Mitarbeitern und mit h\u00f6herer Kapazit\u00e4t produziert wird.<\/p>\n<\/div><\/div>\n\n\n\n<h2 class=\"wp-block-heading\"><mark style=\"background-color:rgba(0, 0, 0, 0)\" class=\"has-inline-color has-vivid-red-color\"><strong>2017<\/strong><\/mark><\/h2>\n\n\n\n<div class=\"wp-block-media-text is-stacked-on-mobile\" style=\"grid-template-columns:15% auto\"><figure class=\"wp-block-media-text__media\"><img loading=\"lazy\" decoding=\"async\" width=\"128\" height=\"128\" src=\"https:\/\/acc91073.maxer.hu\/wp-content\/uploads\/2024\/04\/6561169091685266643-128.png\" alt=\"\" class=\"wp-image-786 size-full\" srcset=\"https:\/\/powder-products.com\/wp-content\/uploads\/2024\/04\/6561169091685266643-128.png 128w, https:\/\/powder-products.com\/wp-content\/uploads\/2024\/04\/6561169091685266643-128-100x100.png 100w\" sizes=\"auto, (max-width: 128px) 100vw, 128px\" \/><\/figure><div class=\"wp-block-media-text__content\">\n<p>PPP Private Powder Products develops its own instantization system.<\/p>\n<\/div><\/div>\n\n\n\n<h2 class=\"wp-block-heading\"><strong><mark style=\"background-color:rgba(0, 0, 0, 0)\" class=\"has-inline-color has-vivid-red-color\">2021<\/mark><\/strong><\/h2>\n\n\n\n<div class=\"wp-block-media-text is-stacked-on-mobile\" style=\"grid-template-columns:15% auto\"><figure class=\"wp-block-media-text__media\"><img loading=\"lazy\" decoding=\"async\" width=\"128\" height=\"128\" src=\"https:\/\/acc91073.maxer.hu\/wp-content\/uploads\/2024\/04\/16313407691680330749-128.png\" alt=\"\" class=\"wp-image-789 size-full\" srcset=\"https:\/\/powder-products.com\/wp-content\/uploads\/2024\/04\/16313407691680330749-128.png 128w, https:\/\/powder-products.com\/wp-content\/uploads\/2024\/04\/16313407691680330749-128-100x100.png 100w\" sizes=\"auto, (max-width: 128px) 100vw, 128px\" \/><\/figure><div class=\"wp-block-media-text__content\">\n<p>Bal\u00e1zs Bogn\u00e1r,J\u00f3zsef Tam\u00e1s Bogn\u00e1r und \u00c1kos Karl kaufen das Unternehmen als professionelle Investoren. Die d\u00e4nische Flexoco fusioniert mit der ungarischen PPP Private Powder Products. Die Neuorganisation und Organisationsentwicklung des Unternehmens beginnen.<\/p>\n<\/div><\/div>\n\n\n\n<h2 class=\"wp-block-heading\"><strong><mark style=\"background-color:rgba(0, 0, 0, 0)\" class=\"has-inline-color has-vivid-red-color\">2022<\/mark><\/strong><\/h2>\n\n\n\n<div class=\"wp-block-media-text is-stacked-on-mobile\" style=\"grid-template-columns:15% auto\"><figure class=\"wp-block-media-text__media\"><img loading=\"lazy\" decoding=\"async\" width=\"128\" height=\"128\" src=\"https:\/\/acc91073.maxer.hu\/wp-content\/uploads\/2024\/04\/17231006481680331157-128.png\" alt=\"\" class=\"wp-image-792 size-full\" srcset=\"https:\/\/powder-products.com\/wp-content\/uploads\/2024\/04\/17231006481680331157-128.png 128w, https:\/\/powder-products.com\/wp-content\/uploads\/2024\/04\/17231006481680331157-128-100x100.png 100w\" sizes=\"auto, (max-width: 128px) 100vw, 128px\" \/><\/figure><div class=\"wp-block-media-text__content\">\n<p>Es findet eine Technologie- und Kapazit\u00e4tsentwicklung statt, wodurch sich dem Unternehmen neue Marktchancen er\u00f6ffnen. Unter der Leitung von Alexander Powel wird eine neue Vertriebsorganisation aufgebaut. Die Produktion von InCup-Produkten wird eingef\u00fchrt.<\/p>\n<\/div><\/div>\n\n\n\n<h2 class=\"wp-block-heading\"><strong><mark style=\"background-color:rgba(0, 0, 0, 0)\" class=\"has-inline-color has-vivid-red-color\">2023<\/mark><\/strong><\/h2>\n\n\n\n<div class=\"wp-block-media-text is-stacked-on-mobile\" style=\"grid-template-columns:15% auto\"><figure class=\"wp-block-media-text__media\"><img loading=\"lazy\" decoding=\"async\" width=\"128\" height=\"128\" src=\"https:\/\/acc91073.maxer.hu\/wp-content\/uploads\/2024\/04\/17360557961683347565-128.png\" alt=\"\" class=\"wp-image-795 size-full\" srcset=\"https:\/\/powder-products.com\/wp-content\/uploads\/2024\/04\/17360557961683347565-128.png 128w, https:\/\/powder-products.com\/wp-content\/uploads\/2024\/04\/17360557961683347565-128-100x100.png 100w\" sizes=\"auto, (max-width: 128px) 100vw, 128px\" \/><\/figure><div class=\"wp-block-media-text__content\">\n<p>Die Produktion und Lagerung erfolgt auf einer Fl\u00e4che von 6.600 m2 mit 85 Mitarbeitern. The increase of capacity makes it possible to produce 30000+ MT products. Unter den Produktentwicklungsprojekten wird die Entwicklung verschiedener Produktkategorien von Kaltgetr\u00e4nkepulvern hervorgehoben. Die Produktion von Instant-Suppenpulvern beginnt. Private Powder Products exports to more than 30 countries.<\/p>\n<\/div><\/div>\n\n\n\n<h2 class=\"wp-block-heading\"><mark style=\"background-color:rgba(0, 0, 0, 0)\" class=\"has-inline-color has-vivid-red-color\"><strong>2024<\/strong><\/mark><\/h2>\n\n\n\n<div class=\"wp-block-media-text is-stacked-on-mobile\" style=\"grid-template-columns:15% auto\"><figure class=\"wp-block-media-text__media\"><img loading=\"lazy\" decoding=\"async\" width=\"128\" height=\"128\" src=\"https:\/\/acc91073.maxer.hu\/wp-content\/uploads\/2024\/04\/2517599061636522166-128.png\" alt=\"\" class=\"wp-image-798 size-full\" srcset=\"https:\/\/powder-products.com\/wp-content\/uploads\/2024\/04\/2517599061636522166-128.png 128w, https:\/\/powder-products.com\/wp-content\/uploads\/2024\/04\/2517599061636522166-128-100x100.png 100w\" sizes=\"auto, (max-width: 128px) 100vw, 128px\" \/><\/figure><div class=\"wp-block-media-text__content\">\n<p>Technological and capacity optimization are in progress. The sustainability strategy of the company is introduced. \u201ePPP Powder Science Lab\u201d starts, which focuses on the technological research and development of powder-based food products.<\/p>\n<\/div><\/div>\n","protected":false},"excerpt":{"rendered":"<p>2017 Der Vorg\u00e4nger von PPP Private Powder Products, FleXoco, wird in D\u00e4nemark gegr\u00fcndet. Das Unternehmen befasst sich mit der Produktentwicklung und dem Handel von im Auftrag hergestellten Hei\u00dfgetr\u00e4nkepulvern, vorwiegend f\u00fcr den d\u00e4nischen und deutschen Markt. 2013 Der Bau der Produktionsbasis in Ungarn beginnt und die Produktproduktion f\u00e4gt mit 10 Mitarbeitern auf einer 2.000 m2 gro\u00dfen &hellip; <\/p>\n<p class=\"link-more\"><a href=\"https:\/\/powder-products.com\/de\/unsere-geschichte\/\" class=\"more-link\"><span class=\"screen-reader-text\">\u201eUnsere Geschichte\u201c<\/span> weiterlesen<\/a><\/p>\n","protected":false},"author":2,"featured_media":0,"parent":0,"menu_order":0,"comment_status":"closed","ping_status":"closed","template":"","meta":{"footnotes":""},"class_list":["post-839","page","type-page","status-publish","hentry"],"yoast_head":"<!-- This site is optimized with the Yoast SEO Premium plugin v25.6 (Yoast SEO v26.1.1) - https:\/\/yoast.com\/wordpress\/plugins\/seo\/ -->\n<title>Unsere Geschichte - PPP Private Powder Products<\/title>\n<meta name=\"robots\" content=\"index, follow, max-snippet:-1, max-image-preview:large, max-video-preview:-1\" \/>\n<link rel=\"canonical\" href=\"https:\/\/powder-products.com\/our-story\/\" \/>\n<meta property=\"og:locale\" content=\"de_DE\" \/>\n<meta property=\"og:type\" content=\"article\" \/>\n<meta property=\"og:title\" content=\"Unsere Geschichte\" \/>\n<meta property=\"og:description\" content=\"2017 Der Vorg\u00e4nger von PPP Private Powder Products, FleXoco, wird in D\u00e4nemark gegr\u00fcndet. Das Unternehmen befasst sich mit der Produktentwicklung und dem Handel von im Auftrag hergestellten Hei\u00dfgetr\u00e4nkepulvern, vorwiegend f\u00fcr den d\u00e4nischen und deutschen Markt. 2013 Der Bau der Produktionsbasis in Ungarn beginnt und die Produktproduktion f\u00e4gt mit 10 Mitarbeitern auf einer 2.000 m2 gro\u00dfen &hellip; \u201eUnsere Geschichte\u201c weiterlesen\" \/>\n<meta property=\"og:url\" content=\"https:\/\/powder-products.com\/our-story\/\" \/>\n<meta property=\"og:site_name\" content=\"PPP Private Powder Products\" \/>\n<meta property=\"article:publisher\" content=\"https:\/\/www.facebook.com\/privatepowderproducts\" \/>\n<meta property=\"og:image\" content=\"https:\/\/acc91073.maxer.hu\/wp-content\/uploads\/2024\/04\/8420942271578629625-128-1.png\" \/>\n<meta name=\"twitter:card\" content=\"summary_large_image\" \/>\n<meta name=\"twitter:label1\" content=\"Gesch\u00e4tzte Lesezeit\" \/>\n\t<meta name=\"twitter:data1\" content=\"1\u00a0Minute\" \/>\n<script type=\"application\/ld+json\" class=\"yoast-schema-graph\">{\"@context\":\"https:\/\/schema.org\",\"@graph\":[{\"@type\":\"WebPage\",\"@id\":\"https:\/\/powder-products.com\/our-story\/\",\"url\":\"https:\/\/powder-products.com\/our-story\/\",\"name\":\"Unsere Geschichte - PPP Private Powder Products\",\"isPartOf\":{\"@id\":\"https:\/\/powder-products.com\/hu\/#website\"},\"primaryImageOfPage\":{\"@id\":\"https:\/\/powder-products.com\/our-story\/#primaryimage\"},\"image\":{\"@id\":\"https:\/\/powder-products.com\/our-story\/#primaryimage\"},\"thumbnailUrl\":\"https:\/\/acc91073.maxer.hu\/wp-content\/uploads\/2024\/04\/8420942271578629625-128-1.png\",\"datePublished\":\"2024-03-12T09:02:11+00:00\",\"breadcrumb\":{\"@id\":\"https:\/\/powder-products.com\/our-story\/#breadcrumb\"},\"inLanguage\":\"de\",\"potentialAction\":[{\"@type\":\"ReadAction\",\"target\":[\"https:\/\/powder-products.com\/our-story\/\"]}]},{\"@type\":\"ImageObject\",\"inLanguage\":\"de\",\"@id\":\"https:\/\/powder-products.com\/our-story\/#primaryimage\",\"url\":\"https:\/\/acc91073.maxer.hu\/wp-content\/uploads\/2024\/04\/8420942271578629625-128-1.png\",\"contentUrl\":\"https:\/\/acc91073.maxer.hu\/wp-content\/uploads\/2024\/04\/8420942271578629625-128-1.png\"},{\"@type\":\"BreadcrumbList\",\"@id\":\"https:\/\/powder-products.com\/our-story\/#breadcrumb\",\"itemListElement\":[{\"@type\":\"ListItem\",\"position\":1,\"name\":\"Home\",\"item\":\"https:\/\/powder-products.com\/\"},{\"@type\":\"ListItem\",\"position\":2,\"name\":\"Unsere Geschichte\"}]},{\"@type\":\"WebSite\",\"@id\":\"https:\/\/powder-products.com\/hu\/#website\",\"url\":\"https:\/\/powder-products.com\/hu\/\",\"name\":\"PPP Private Powder Products\",\"description\":\"Powder based products according to your needs.\",\"publisher\":{\"@id\":\"https:\/\/powder-products.com\/hu\/#organization\"},\"potentialAction\":[{\"@type\":\"SearchAction\",\"target\":{\"@type\":\"EntryPoint\",\"urlTemplate\":\"https:\/\/powder-products.com\/hu\/?s={search_term_string}\"},\"query-input\":{\"@type\":\"PropertyValueSpecification\",\"valueRequired\":true,\"valueName\":\"search_term_string\"}}],\"inLanguage\":\"de\"},{\"@type\":\"Organization\",\"@id\":\"https:\/\/powder-products.com\/hu\/#organization\",\"name\":\"PPP Private Powder Products\",\"url\":\"https:\/\/powder-products.com\/hu\/\",\"logo\":{\"@type\":\"ImageObject\",\"inLanguage\":\"de\",\"@id\":\"https:\/\/powder-products.com\/hu\/#\/schema\/logo\/image\/\",\"url\":\"https:\/\/powder-products.com\/wp-content\/uploads\/2024\/02\/ppp_logo_new-01.png\",\"contentUrl\":\"https:\/\/powder-products.com\/wp-content\/uploads\/2024\/02\/ppp_logo_new-01.png\",\"width\":512,\"height\":202,\"caption\":\"PPP Private Powder Products\"},\"image\":{\"@id\":\"https:\/\/powder-products.com\/hu\/#\/schema\/logo\/image\/\"},\"sameAs\":[\"https:\/\/www.facebook.com\/privatepowderproducts\"]}]}<\/script>\n<!-- \/ Yoast SEO Premium plugin. -->","yoast_head_json":{"title":"Unsere Geschichte - PPP Private Powder Products","robots":{"index":"index","follow":"follow","max-snippet":"max-snippet:-1","max-image-preview":"max-image-preview:large","max-video-preview":"max-video-preview:-1"},"canonical":"https:\/\/powder-products.com\/our-story\/","og_locale":"de_DE","og_type":"article","og_title":"Unsere Geschichte","og_description":"2017 Der Vorg\u00e4nger von PPP Private Powder Products, FleXoco, wird in D\u00e4nemark gegr\u00fcndet. Das Unternehmen befasst sich mit der Produktentwicklung und dem Handel von im Auftrag hergestellten Hei\u00dfgetr\u00e4nkepulvern, vorwiegend f\u00fcr den d\u00e4nischen und deutschen Markt. 2013 Der Bau der Produktionsbasis in Ungarn beginnt und die Produktproduktion f\u00e4gt mit 10 Mitarbeitern auf einer 2.000 m2 gro\u00dfen &hellip; \u201eUnsere Geschichte\u201c weiterlesen","og_url":"https:\/\/powder-products.com\/our-story\/","og_site_name":"PPP Private Powder Products","article_publisher":"https:\/\/www.facebook.com\/privatepowderproducts","og_image":[{"url":"https:\/\/acc91073.maxer.hu\/wp-content\/uploads\/2024\/04\/8420942271578629625-128-1.png","type":"","width":"","height":""}],"twitter_card":"summary_large_image","twitter_misc":{"Gesch\u00e4tzte Lesezeit":"1\u00a0Minute"},"schema":{"@context":"https:\/\/schema.org","@graph":[{"@type":"WebPage","@id":"https:\/\/powder-products.com\/our-story\/","url":"https:\/\/powder-products.com\/our-story\/","name":"Unsere Geschichte - PPP Private Powder Products","isPartOf":{"@id":"https:\/\/powder-products.com\/hu\/#website"},"primaryImageOfPage":{"@id":"https:\/\/powder-products.com\/our-story\/#primaryimage"},"image":{"@id":"https:\/\/powder-products.com\/our-story\/#primaryimage"},"thumbnailUrl":"https:\/\/acc91073.maxer.hu\/wp-content\/uploads\/2024\/04\/8420942271578629625-128-1.png","datePublished":"2024-03-12T09:02:11+00:00","breadcrumb":{"@id":"https:\/\/powder-products.com\/our-story\/#breadcrumb"},"inLanguage":"de","potentialAction":[{"@type":"ReadAction","target":["https:\/\/powder-products.com\/our-story\/"]}]},{"@type":"ImageObject","inLanguage":"de","@id":"https:\/\/powder-products.com\/our-story\/#primaryimage","url":"https:\/\/acc91073.maxer.hu\/wp-content\/uploads\/2024\/04\/8420942271578629625-128-1.png","contentUrl":"https:\/\/acc91073.maxer.hu\/wp-content\/uploads\/2024\/04\/8420942271578629625-128-1.png"},{"@type":"BreadcrumbList","@id":"https:\/\/powder-products.com\/our-story\/#breadcrumb","itemListElement":[{"@type":"ListItem","position":1,"name":"Home","item":"https:\/\/powder-products.com\/"},{"@type":"ListItem","position":2,"name":"Unsere Geschichte"}]},{"@type":"WebSite","@id":"https:\/\/powder-products.com\/hu\/#website","url":"https:\/\/powder-products.com\/hu\/","name":"PPP Private Powder Products","description":"Powder based products according to your needs.","publisher":{"@id":"https:\/\/powder-products.com\/hu\/#organization"},"potentialAction":[{"@type":"SearchAction","target":{"@type":"EntryPoint","urlTemplate":"https:\/\/powder-products.com\/hu\/?s={search_term_string}"},"query-input":{"@type":"PropertyValueSpecification","valueRequired":true,"valueName":"search_term_string"}}],"inLanguage":"de"},{"@type":"Organization","@id":"https:\/\/powder-products.com\/hu\/#organization","name":"PPP Private Powder Products","url":"https:\/\/powder-products.com\/hu\/","logo":{"@type":"ImageObject","inLanguage":"de","@id":"https:\/\/powder-products.com\/hu\/#\/schema\/logo\/image\/","url":"https:\/\/powder-products.com\/wp-content\/uploads\/2024\/02\/ppp_logo_new-01.png","contentUrl":"https:\/\/powder-products.com\/wp-content\/uploads\/2024\/02\/ppp_logo_new-01.png","width":512,"height":202,"caption":"PPP Private Powder Products"},"image":{"@id":"https:\/\/powder-products.com\/hu\/#\/schema\/logo\/image\/"},"sameAs":["https:\/\/www.facebook.com\/privatepowderproducts"]}]}},"_links":{"self":[{"href":"https:\/\/powder-products.com\/de\/wp-json\/wp\/v2\/pages\/839","targetHints":{"allow":["GET"]}}],"collection":[{"href":"https:\/\/powder-products.com\/de\/wp-json\/wp\/v2\/pages"}],"about":[{"href":"https:\/\/powder-products.com\/de\/wp-json\/wp\/v2\/types\/page"}],"author":[{"embeddable":true,"href":"https:\/\/powder-products.com\/de\/wp-json\/wp\/v2\/users\/2"}],"replies":[{"embeddable":true,"href":"https:\/\/powder-products.com\/de\/wp-json\/wp\/v2\/comments?post=839"}],"version-history":[{"count":0,"href":"https:\/\/powder-products.com\/de\/wp-json\/wp\/v2\/pages\/839\/revisions"}],"wp:attachment":[{"href":"https:\/\/powder-products.com\/de\/wp-json\/wp\/v2\/media?parent=839"}],"curies":[{"name":"wp","href":"https:\/\/api.w.org\/{rel}","templated":true}]}}