{"id":840,"date":"2024-02-13T14:29:28","date_gmt":"2024-02-13T14:29:28","guid":{"rendered":"https:\/\/acc91073.maxer.hu\/produkte-auf-pulverbasis\/"},"modified":"2024-02-13T14:29:28","modified_gmt":"2024-02-13T14:29:28","slug":"produkte-auf-pulverbasis","status":"publish","type":"page","link":"https:\/\/powder-products.com\/de\/produkte-auf-pulverbasis\/","title":{"rendered":"Produkte auf Pulverbasis"},"content":{"rendered":"\n<p>Durchf\u00fchrung individueller Produktentwicklungsaufgaben nach Kundenwunsch im Bereich pulverf\u00f6rmiger, granulierter und st\u00fcckiger Produkte. Neben der Erstellung der Beschaffenheit der Produkte wird die gesamte Produktentwicklung durchgef\u00fchrt, von der Auswahl der Rohstoffe \u00fcber die Definition der Produktionstechnologie bis hin zur Produktverpackung und beh\u00f6rdlichen Zulassung. Zus\u00e4tzlich zu den Markenprodukten von PPP \u2013 PPP, Wonderful Drinks und Moouw \u2013 bieten wir einzigartige Produkte in vollst\u00e4ndig kundenspezifischen Verpackungen an.<\/p>\n\n\n\n<div class=\"wp-block-buttons is-layout-flex wp-block-buttons-is-layout-flex\">\n<div class=\"wp-block-button has-custom-width wp-block-button__width-75 has-custom-font-size is-style-fill has-small-font-size\"><a class=\"wp-block-button__link wp-element-button\">Produktkatalog<\/a><\/div>\n<\/div>\n","protected":false},"excerpt":{"rendered":"<p>Durchf\u00fchrung individueller Produktentwicklungsaufgaben nach Kundenwunsch im Bereich pulverf\u00f6rmiger, granulierter und st\u00fcckiger Produkte. Neben der Erstellung der Beschaffenheit der Produkte wird die gesamte Produktentwicklung durchgef\u00fchrt, von der Auswahl der Rohstoffe \u00fcber die Definition der Produktionstechnologie bis hin zur Produktverpackung und beh\u00f6rdlichen Zulassung. Zus\u00e4tzlich zu den Markenprodukten von PPP \u2013 PPP, Wonderful Drinks und Moouw \u2013 bieten &hellip; <\/p>\n<p class=\"link-more\"><a href=\"https:\/\/powder-products.com\/de\/produkte-auf-pulverbasis\/\" class=\"more-link\"><span class=\"screen-reader-text\">\u201eProdukte auf Pulverbasis\u201c<\/span> weiterlesen<\/a><\/p>\n","protected":false},"author":2,"featured_media":0,"parent":0,"menu_order":0,"comment_status":"closed","ping_status":"closed","template":"","meta":{"footnotes":""},"class_list":["post-840","page","type-page","status-publish","hentry"],"yoast_head":"<!-- This site is optimized with the Yoast SEO Premium plugin v25.6 (Yoast SEO v26.1.1) - https:\/\/yoast.com\/wordpress\/plugins\/seo\/ -->\n<title>Produkte auf Pulverbasis - PPP Private Powder Products<\/title>\n<meta name=\"robots\" content=\"index, follow, max-snippet:-1, max-image-preview:large, max-video-preview:-1\" \/>\n<link rel=\"canonical\" href=\"https:\/\/powder-products.com\/powder-based-products\/\" \/>\n<meta property=\"og:locale\" content=\"de_DE\" \/>\n<meta property=\"og:type\" content=\"article\" \/>\n<meta property=\"og:title\" content=\"Produkte auf Pulverbasis\" \/>\n<meta property=\"og:description\" content=\"Durchf\u00fchrung individueller Produktentwicklungsaufgaben nach Kundenwunsch im Bereich pulverf\u00f6rmiger, granulierter und st\u00fcckiger Produkte. Neben der Erstellung der Beschaffenheit der Produkte wird die gesamte Produktentwicklung durchgef\u00fchrt, von der Auswahl der Rohstoffe \u00fcber die Definition der Produktionstechnologie bis hin zur Produktverpackung und beh\u00f6rdlichen Zulassung. Zus\u00e4tzlich zu den Markenprodukten von PPP \u2013 PPP, Wonderful Drinks und Moouw \u2013 bieten &hellip; \u201eProdukte auf Pulverbasis\u201c weiterlesen\" \/>\n<meta property=\"og:url\" content=\"https:\/\/powder-products.com\/powder-based-products\/\" \/>\n<meta property=\"og:site_name\" content=\"PPP Private Powder Products\" \/>\n<meta property=\"article:publisher\" content=\"https:\/\/www.facebook.com\/privatepowderproducts\" \/>\n<meta name=\"twitter:card\" content=\"summary_large_image\" \/>\n<script type=\"application\/ld+json\" class=\"yoast-schema-graph\">{\"@context\":\"https:\/\/schema.org\",\"@graph\":[{\"@type\":\"WebPage\",\"@id\":\"https:\/\/powder-products.com\/powder-based-products\/\",\"url\":\"https:\/\/powder-products.com\/powder-based-products\/\",\"name\":\"Produkte auf Pulverbasis - PPP Private Powder Products\",\"isPartOf\":{\"@id\":\"https:\/\/powder-products.com\/hu\/#website\"},\"datePublished\":\"2024-02-13T14:29:28+00:00\",\"breadcrumb\":{\"@id\":\"https:\/\/powder-products.com\/powder-based-products\/#breadcrumb\"},\"inLanguage\":\"de\",\"potentialAction\":[{\"@type\":\"ReadAction\",\"target\":[\"https:\/\/powder-products.com\/powder-based-products\/\"]}]},{\"@type\":\"BreadcrumbList\",\"@id\":\"https:\/\/powder-products.com\/powder-based-products\/#breadcrumb\",\"itemListElement\":[{\"@type\":\"ListItem\",\"position\":1,\"name\":\"Home\",\"item\":\"https:\/\/powder-products.com\/\"},{\"@type\":\"ListItem\",\"position\":2,\"name\":\"Produkte auf Pulverbasis\"}]},{\"@type\":\"WebSite\",\"@id\":\"https:\/\/powder-products.com\/hu\/#website\",\"url\":\"https:\/\/powder-products.com\/hu\/\",\"name\":\"PPP Private Powder Products\",\"description\":\"Powder based products according to your needs.\",\"publisher\":{\"@id\":\"https:\/\/powder-products.com\/hu\/#organization\"},\"potentialAction\":[{\"@type\":\"SearchAction\",\"target\":{\"@type\":\"EntryPoint\",\"urlTemplate\":\"https:\/\/powder-products.com\/hu\/?s={search_term_string}\"},\"query-input\":{\"@type\":\"PropertyValueSpecification\",\"valueRequired\":true,\"valueName\":\"search_term_string\"}}],\"inLanguage\":\"de\"},{\"@type\":\"Organization\",\"@id\":\"https:\/\/powder-products.com\/hu\/#organization\",\"name\":\"PPP Private Powder Products\",\"url\":\"https:\/\/powder-products.com\/hu\/\",\"logo\":{\"@type\":\"ImageObject\",\"inLanguage\":\"de\",\"@id\":\"https:\/\/powder-products.com\/hu\/#\/schema\/logo\/image\/\",\"url\":\"https:\/\/powder-products.com\/wp-content\/uploads\/2024\/02\/ppp_logo_new-01.png\",\"contentUrl\":\"https:\/\/powder-products.com\/wp-content\/uploads\/2024\/02\/ppp_logo_new-01.png\",\"width\":512,\"height\":202,\"caption\":\"PPP Private Powder Products\"},\"image\":{\"@id\":\"https:\/\/powder-products.com\/hu\/#\/schema\/logo\/image\/\"},\"sameAs\":[\"https:\/\/www.facebook.com\/privatepowderproducts\"]}]}<\/script>\n<!-- \/ Yoast SEO Premium plugin. -->","yoast_head_json":{"title":"Produkte auf Pulverbasis - PPP Private Powder Products","robots":{"index":"index","follow":"follow","max-snippet":"max-snippet:-1","max-image-preview":"max-image-preview:large","max-video-preview":"max-video-preview:-1"},"canonical":"https:\/\/powder-products.com\/powder-based-products\/","og_locale":"de_DE","og_type":"article","og_title":"Produkte auf Pulverbasis","og_description":"Durchf\u00fchrung individueller Produktentwicklungsaufgaben nach Kundenwunsch im Bereich pulverf\u00f6rmiger, granulierter und st\u00fcckiger Produkte. Neben der Erstellung der Beschaffenheit der Produkte wird die gesamte Produktentwicklung durchgef\u00fchrt, von der Auswahl der Rohstoffe \u00fcber die Definition der Produktionstechnologie bis hin zur Produktverpackung und beh\u00f6rdlichen Zulassung. Zus\u00e4tzlich zu den Markenprodukten von PPP \u2013 PPP, Wonderful Drinks und Moouw \u2013 bieten &hellip; \u201eProdukte auf Pulverbasis\u201c weiterlesen","og_url":"https:\/\/powder-products.com\/powder-based-products\/","og_site_name":"PPP Private Powder Products","article_publisher":"https:\/\/www.facebook.com\/privatepowderproducts","twitter_card":"summary_large_image","schema":{"@context":"https:\/\/schema.org","@graph":[{"@type":"WebPage","@id":"https:\/\/powder-products.com\/powder-based-products\/","url":"https:\/\/powder-products.com\/powder-based-products\/","name":"Produkte auf Pulverbasis - PPP Private Powder Products","isPartOf":{"@id":"https:\/\/powder-products.com\/hu\/#website"},"datePublished":"2024-02-13T14:29:28+00:00","breadcrumb":{"@id":"https:\/\/powder-products.com\/powder-based-products\/#breadcrumb"},"inLanguage":"de","potentialAction":[{"@type":"ReadAction","target":["https:\/\/powder-products.com\/powder-based-products\/"]}]},{"@type":"BreadcrumbList","@id":"https:\/\/powder-products.com\/powder-based-products\/#breadcrumb","itemListElement":[{"@type":"ListItem","position":1,"name":"Home","item":"https:\/\/powder-products.com\/"},{"@type":"ListItem","position":2,"name":"Produkte auf Pulverbasis"}]},{"@type":"WebSite","@id":"https:\/\/powder-products.com\/hu\/#website","url":"https:\/\/powder-products.com\/hu\/","name":"PPP Private Powder Products","description":"Powder based products according to your needs.","publisher":{"@id":"https:\/\/powder-products.com\/hu\/#organization"},"potentialAction":[{"@type":"SearchAction","target":{"@type":"EntryPoint","urlTemplate":"https:\/\/powder-products.com\/hu\/?s={search_term_string}"},"query-input":{"@type":"PropertyValueSpecification","valueRequired":true,"valueName":"search_term_string"}}],"inLanguage":"de"},{"@type":"Organization","@id":"https:\/\/powder-products.com\/hu\/#organization","name":"PPP Private Powder Products","url":"https:\/\/powder-products.com\/hu\/","logo":{"@type":"ImageObject","inLanguage":"de","@id":"https:\/\/powder-products.com\/hu\/#\/schema\/logo\/image\/","url":"https:\/\/powder-products.com\/wp-content\/uploads\/2024\/02\/ppp_logo_new-01.png","contentUrl":"https:\/\/powder-products.com\/wp-content\/uploads\/2024\/02\/ppp_logo_new-01.png","width":512,"height":202,"caption":"PPP Private Powder Products"},"image":{"@id":"https:\/\/powder-products.com\/hu\/#\/schema\/logo\/image\/"},"sameAs":["https:\/\/www.facebook.com\/privatepowderproducts"]}]}},"_links":{"self":[{"href":"https:\/\/powder-products.com\/de\/wp-json\/wp\/v2\/pages\/840","targetHints":{"allow":["GET"]}}],"collection":[{"href":"https:\/\/powder-products.com\/de\/wp-json\/wp\/v2\/pages"}],"about":[{"href":"https:\/\/powder-products.com\/de\/wp-json\/wp\/v2\/types\/page"}],"author":[{"embeddable":true,"href":"https:\/\/powder-products.com\/de\/wp-json\/wp\/v2\/users\/2"}],"replies":[{"embeddable":true,"href":"https:\/\/powder-products.com\/de\/wp-json\/wp\/v2\/comments?post=840"}],"version-history":[{"count":0,"href":"https:\/\/powder-products.com\/de\/wp-json\/wp\/v2\/pages\/840\/revisions"}],"wp:attachment":[{"href":"https:\/\/powder-products.com\/de\/wp-json\/wp\/v2\/media?parent=840"}],"curies":[{"name":"wp","href":"https:\/\/api.w.org\/{rel}","templated":true}]}}