{"id":843,"date":"2024-02-14T12:59:14","date_gmt":"2024-02-14T12:59:14","guid":{"rendered":"https:\/\/acc91073.maxer.hu\/produktentwicklung\/"},"modified":"2024-04-09T08:59:27","modified_gmt":"2024-04-09T08:59:27","slug":"produktentwicklung","status":"publish","type":"page","link":"https:\/\/powder-products.com\/de\/produktentwicklung\/","title":{"rendered":"Produktentwicklung"},"content":{"rendered":"\n<div class=\"wp-block-columns is-layout-flex wp-container-core-columns-is-layout-9d6595d7 wp-block-columns-is-layout-flex\">\n<div class=\"wp-block-column is-layout-flow wp-block-column-is-layout-flow\">\n<p><strong><mark style=\"background-color:rgba(0, 0, 0, 0)\" class=\"has-inline-color has-vivid-red-color\">1.<\/mark><\/strong><\/p>\n\n\n\n<div class=\"wp-block-media-text is-stacked-on-mobile\" style=\"grid-template-columns:15% auto\"><figure class=\"wp-block-media-text__media\"><img loading=\"lazy\" decoding=\"async\" width=\"128\" height=\"128\" src=\"https:\/\/acc91073.maxer.hu\/wp-content\/uploads\/2024\/04\/10505838651639495756-128-2.png\" alt=\"\" class=\"wp-image-971 size-full\" srcset=\"https:\/\/powder-products.com\/wp-content\/uploads\/2024\/04\/10505838651639495756-128-2.png 128w, https:\/\/powder-products.com\/wp-content\/uploads\/2024\/04\/10505838651639495756-128-2-100x100.png 100w\" sizes=\"auto, (max-width: 128px) 100vw, 128px\" \/><\/figure><div class=\"wp-block-media-text__content\">\n<p>Sag uns, von welchem pulverbasierten Produkt Du getr\u00e4umt hast und wir geben Dir Informationen \u00fcber die M\u00f6glichkeiten, einschlie\u00dflich unserer Produktpalette, verf\u00fcgbaren Verpackungsformen und Produktentwicklungsprozesse. Wir stellen Dir einen festen Ansprechpartner zur Seite, der Projektmanagementaufgaben wahrnimmt und Dich mit aktuellen Informationen versorgt.<\/p>\n<\/div><\/div>\n\n\n\n<h2 class=\"wp-block-heading\"><strong><mark style=\"background-color:rgba(0, 0, 0, 0)\" class=\"has-inline-color has-vivid-red-color\">2.<\/mark><\/strong><\/h2>\n\n\n\n<div class=\"wp-block-media-text is-stacked-on-mobile\" style=\"grid-template-columns:15% auto\"><figure class=\"wp-block-media-text__media\"><img loading=\"lazy\" decoding=\"async\" width=\"128\" height=\"128\" src=\"https:\/\/acc91073.maxer.hu\/wp-content\/uploads\/2024\/04\/7372861651683293150-128-2.png\" alt=\"\" class=\"wp-image-974 size-full\" srcset=\"https:\/\/powder-products.com\/wp-content\/uploads\/2024\/04\/7372861651683293150-128-2.png 128w, https:\/\/powder-products.com\/wp-content\/uploads\/2024\/04\/7372861651683293150-128-2-100x100.png 100w\" sizes=\"auto, (max-width: 128px) 100vw, 128px\" \/><\/figure><div class=\"wp-block-media-text__content\">\n<p>Du kannst Dich daf\u00fcr entscheiden, ein Produkt, das wir bereits verkaufen, nach Deinem eigenen Bild zu gestalten oder Du kannst Dich f\u00fcr unsere all-in-one L\u00f6sung entscheiden, in deren Rahmen wir Dich von der Produktentwicklung \u00fcber das Verpackungsdesign bis hin zur Produktion und Lizenzierung des fertigen Produkts unterst\u00fctzen.<\/p>\n<\/div><\/div>\n<\/div>\n<\/div>\n\n\n\n<div class=\"wp-block-columns is-layout-flex wp-container-core-columns-is-layout-9d6595d7 wp-block-columns-is-layout-flex\">\n<div class=\"wp-block-column is-layout-flow wp-block-column-is-layout-flow\">\n<p><strong><mark style=\"background-color:rgba(0, 0, 0, 0)\" class=\"has-inline-color has-vivid-red-color\">3.<\/mark><\/strong><\/p>\n\n\n\n<div class=\"wp-block-media-text is-stacked-on-mobile\" style=\"grid-template-columns:15% auto\"><figure class=\"wp-block-media-text__media\"><img loading=\"lazy\" decoding=\"async\" width=\"128\" height=\"128\" src=\"https:\/\/acc91073.maxer.hu\/wp-content\/uploads\/2024\/04\/6769615631639470522-128-2.png\" alt=\"\" class=\"wp-image-978 size-full\" srcset=\"https:\/\/powder-products.com\/wp-content\/uploads\/2024\/04\/6769615631639470522-128-2.png 128w, https:\/\/powder-products.com\/wp-content\/uploads\/2024\/04\/6769615631639470522-128-2-100x100.png 100w\" sizes=\"auto, (max-width: 128px) 100vw, 128px\" \/><\/figure><div class=\"wp-block-media-text__content\">\n<p>Du kannst Dich daf\u00fcr entscheiden, ein Produkt, das wir bereits verkaufen, nach Deinem eigenen Bild zu gestalten oder Du kannst Dich f\u00fcr unsere all-in-one L\u00f6sung entscheiden, in deren Rahmen wir Dich von der Produktentwicklung \u00fcber das Verpackungsdesign bis hin zur Produktion und Lizenzierung des fertigen Produkts unterst\u00fctzen.<\/p>\n<\/div><\/div>\n\n\n\n<h2 class=\"wp-block-heading\"><strong><mark style=\"background-color:rgba(0, 0, 0, 0)\" class=\"has-inline-color has-vivid-red-color\">4.<\/mark><\/strong><\/h2>\n\n\n\n<div class=\"wp-block-media-text is-stacked-on-mobile\" style=\"grid-template-columns:15% auto\"><figure class=\"wp-block-media-text__media\"><img loading=\"lazy\" decoding=\"async\" width=\"128\" height=\"128\" src=\"https:\/\/acc91073.maxer.hu\/wp-content\/uploads\/2024\/04\/100066945116317756104233-128-2.png\" alt=\"\" class=\"wp-image-981 size-full\" srcset=\"https:\/\/powder-products.com\/wp-content\/uploads\/2024\/04\/100066945116317756104233-128-2.png 128w, https:\/\/powder-products.com\/wp-content\/uploads\/2024\/04\/100066945116317756104233-128-2-100x100.png 100w\" sizes=\"auto, (max-width: 128px) 100vw, 128px\" \/><\/figure><div class=\"wp-block-media-text__content\">\n<p>Wenn Du Dich f\u00fcr ein Produkt aus unserem Sortiment entscheidest, das Du unter Deinem eigenen Markennamen verkaufen w\u00fcrdest, hilft Dir unser Grafikdesign-Team dabei, Deinen Produktdesignpl\u00e4nen eine konkrete Form zu geben.<\/p>\n<\/div><\/div>\n<\/div>\n<\/div>\n\n\n\n<div class=\"wp-block-columns is-layout-flex wp-container-core-columns-is-layout-9d6595d7 wp-block-columns-is-layout-flex\">\n<div class=\"wp-block-column is-layout-flow wp-block-column-is-layout-flow\">\n<h2 class=\"wp-block-heading\"><strong><mark style=\"background-color:rgba(0, 0, 0, 0)\" class=\"has-inline-color has-vivid-red-color\">5.<\/mark><\/strong><\/h2>\n\n\n\n<div class=\"wp-block-media-text is-stacked-on-mobile\" style=\"grid-template-columns:15% auto\"><figure class=\"wp-block-media-text__media\"><img loading=\"lazy\" decoding=\"async\" width=\"128\" height=\"128\" src=\"https:\/\/acc91073.maxer.hu\/wp-content\/uploads\/2024\/04\/10104079031640698745-128-2.png\" alt=\"\" class=\"wp-image-984 size-full\" srcset=\"https:\/\/powder-products.com\/wp-content\/uploads\/2024\/04\/10104079031640698745-128-2.png 128w, https:\/\/powder-products.com\/wp-content\/uploads\/2024\/04\/10104079031640698745-128-2-100x100.png 100w\" sizes=\"auto, (max-width: 128px) 100vw, 128px\" \/><\/figure><div class=\"wp-block-media-text__content\">\n<p>Wenn Du Dich f\u00fcr eine individuelle Produktentwicklung entscheidest, kannst Du Deine Ziele mithilfe unserer Produktentwickler-, Grafikdesigner-, Qualit\u00e4tskontrolleur- und Projektmanagerkollegen erreichen.Deine einzigartige Idee und unser Fachwissen f\u00fchren zu einem hochwertigen und marktf\u00e4higen Produkt. Hochwertige Inhaltsstoffe, anspruchsvolles Design und Fachwissen garantieren den Erfolg Deines Produktes.<\/p>\n<\/div><\/div>\n\n\n\n<p><\/p>\n<\/div>\n<\/div>\n\n\n\n<div class=\"wp-block-columns is-layout-flex wp-container-core-columns-is-layout-9d6595d7 wp-block-columns-is-layout-flex\">\n<div class=\"wp-block-column is-layout-flow wp-block-column-is-layout-flow\">\n<p><\/p>\n<\/div>\n<\/div>\n","protected":false},"excerpt":{"rendered":"<p>1. Sag uns, von welchem pulverbasierten Produkt Du getr\u00e4umt hast und wir geben Dir Informationen \u00fcber die M\u00f6glichkeiten, einschlie\u00dflich unserer Produktpalette, verf\u00fcgbaren Verpackungsformen und Produktentwicklungsprozesse. Wir stellen Dir einen festen Ansprechpartner zur Seite, der Projektmanagementaufgaben wahrnimmt und Dich mit aktuellen Informationen versorgt. 2. Du kannst Dich daf\u00fcr entscheiden, ein Produkt, das wir bereits verkaufen, nach &hellip; <\/p>\n<p class=\"link-more\"><a href=\"https:\/\/powder-products.com\/de\/produktentwicklung\/\" class=\"more-link\"><span class=\"screen-reader-text\">\u201eProduktentwicklung\u201c<\/span> weiterlesen<\/a><\/p>\n","protected":false},"author":2,"featured_media":0,"parent":0,"menu_order":0,"comment_status":"closed","ping_status":"closed","template":"","meta":{"footnotes":""},"class_list":["post-843","page","type-page","status-publish","hentry"],"yoast_head":"<!-- This site is optimized with the Yoast SEO Premium plugin v25.6 (Yoast SEO v26.1.1) - https:\/\/yoast.com\/wordpress\/plugins\/seo\/ -->\n<title>Produktentwicklung - PPP Private Powder Products<\/title>\n<meta name=\"robots\" content=\"index, follow, max-snippet:-1, max-image-preview:large, max-video-preview:-1\" \/>\n<link rel=\"canonical\" href=\"https:\/\/powder-products.com\/product-development\/\" \/>\n<meta property=\"og:locale\" content=\"de_DE\" \/>\n<meta property=\"og:type\" content=\"article\" \/>\n<meta property=\"og:title\" content=\"Produktentwicklung\" \/>\n<meta property=\"og:description\" content=\"1. Sag uns, von welchem pulverbasierten Produkt Du getr\u00e4umt hast und wir geben Dir Informationen \u00fcber die M\u00f6glichkeiten, einschlie\u00dflich unserer Produktpalette, verf\u00fcgbaren Verpackungsformen und Produktentwicklungsprozesse. Wir stellen Dir einen festen Ansprechpartner zur Seite, der Projektmanagementaufgaben wahrnimmt und Dich mit aktuellen Informationen versorgt. 2. Du kannst Dich daf\u00fcr entscheiden, ein Produkt, das wir bereits verkaufen, nach &hellip; \u201eProduktentwicklung\u201c weiterlesen\" \/>\n<meta property=\"og:url\" content=\"https:\/\/powder-products.com\/product-development\/\" \/>\n<meta property=\"og:site_name\" content=\"PPP Private Powder Products\" \/>\n<meta property=\"article:publisher\" content=\"https:\/\/www.facebook.com\/privatepowderproducts\" \/>\n<meta property=\"article:modified_time\" content=\"2024-04-09T08:59:27+00:00\" \/>\n<meta property=\"og:image\" content=\"https:\/\/acc91073.maxer.hu\/wp-content\/uploads\/2024\/04\/10505838651639495756-128-2.png\" \/>\n<meta name=\"twitter:card\" content=\"summary_large_image\" \/>\n<meta name=\"twitter:label1\" content=\"Gesch\u00e4tzte Lesezeit\" \/>\n\t<meta name=\"twitter:data1\" content=\"1\u00a0Minute\" \/>\n<script type=\"application\/ld+json\" class=\"yoast-schema-graph\">{\"@context\":\"https:\/\/schema.org\",\"@graph\":[{\"@type\":\"WebPage\",\"@id\":\"https:\/\/powder-products.com\/product-development\/\",\"url\":\"https:\/\/powder-products.com\/product-development\/\",\"name\":\"Produktentwicklung - PPP Private Powder Products\",\"isPartOf\":{\"@id\":\"https:\/\/powder-products.com\/hu\/#website\"},\"primaryImageOfPage\":{\"@id\":\"https:\/\/powder-products.com\/product-development\/#primaryimage\"},\"image\":{\"@id\":\"https:\/\/powder-products.com\/product-development\/#primaryimage\"},\"thumbnailUrl\":\"https:\/\/acc91073.maxer.hu\/wp-content\/uploads\/2024\/04\/10505838651639495756-128-2.png\",\"datePublished\":\"2024-02-14T12:59:14+00:00\",\"dateModified\":\"2024-04-09T08:59:27+00:00\",\"breadcrumb\":{\"@id\":\"https:\/\/powder-products.com\/product-development\/#breadcrumb\"},\"inLanguage\":\"de\",\"potentialAction\":[{\"@type\":\"ReadAction\",\"target\":[\"https:\/\/powder-products.com\/product-development\/\"]}]},{\"@type\":\"ImageObject\",\"inLanguage\":\"de\",\"@id\":\"https:\/\/powder-products.com\/product-development\/#primaryimage\",\"url\":\"https:\/\/acc91073.maxer.hu\/wp-content\/uploads\/2024\/04\/10505838651639495756-128-2.png\",\"contentUrl\":\"https:\/\/acc91073.maxer.hu\/wp-content\/uploads\/2024\/04\/10505838651639495756-128-2.png\"},{\"@type\":\"BreadcrumbList\",\"@id\":\"https:\/\/powder-products.com\/product-development\/#breadcrumb\",\"itemListElement\":[{\"@type\":\"ListItem\",\"position\":1,\"name\":\"Home\",\"item\":\"https:\/\/powder-products.com\/\"},{\"@type\":\"ListItem\",\"position\":2,\"name\":\"Produktentwicklung\"}]},{\"@type\":\"WebSite\",\"@id\":\"https:\/\/powder-products.com\/hu\/#website\",\"url\":\"https:\/\/powder-products.com\/hu\/\",\"name\":\"PPP Private Powder Products\",\"description\":\"Powder based products according to your needs.\",\"publisher\":{\"@id\":\"https:\/\/powder-products.com\/hu\/#organization\"},\"potentialAction\":[{\"@type\":\"SearchAction\",\"target\":{\"@type\":\"EntryPoint\",\"urlTemplate\":\"https:\/\/powder-products.com\/hu\/?s={search_term_string}\"},\"query-input\":{\"@type\":\"PropertyValueSpecification\",\"valueRequired\":true,\"valueName\":\"search_term_string\"}}],\"inLanguage\":\"de\"},{\"@type\":\"Organization\",\"@id\":\"https:\/\/powder-products.com\/hu\/#organization\",\"name\":\"PPP Private Powder Products\",\"url\":\"https:\/\/powder-products.com\/hu\/\",\"logo\":{\"@type\":\"ImageObject\",\"inLanguage\":\"de\",\"@id\":\"https:\/\/powder-products.com\/hu\/#\/schema\/logo\/image\/\",\"url\":\"https:\/\/powder-products.com\/wp-content\/uploads\/2024\/02\/ppp_logo_new-01.png\",\"contentUrl\":\"https:\/\/powder-products.com\/wp-content\/uploads\/2024\/02\/ppp_logo_new-01.png\",\"width\":512,\"height\":202,\"caption\":\"PPP Private Powder Products\"},\"image\":{\"@id\":\"https:\/\/powder-products.com\/hu\/#\/schema\/logo\/image\/\"},\"sameAs\":[\"https:\/\/www.facebook.com\/privatepowderproducts\"]}]}<\/script>\n<!-- \/ Yoast SEO Premium plugin. -->","yoast_head_json":{"title":"Produktentwicklung - PPP Private Powder Products","robots":{"index":"index","follow":"follow","max-snippet":"max-snippet:-1","max-image-preview":"max-image-preview:large","max-video-preview":"max-video-preview:-1"},"canonical":"https:\/\/powder-products.com\/product-development\/","og_locale":"de_DE","og_type":"article","og_title":"Produktentwicklung","og_description":"1. Sag uns, von welchem pulverbasierten Produkt Du getr\u00e4umt hast und wir geben Dir Informationen \u00fcber die M\u00f6glichkeiten, einschlie\u00dflich unserer Produktpalette, verf\u00fcgbaren Verpackungsformen und Produktentwicklungsprozesse. Wir stellen Dir einen festen Ansprechpartner zur Seite, der Projektmanagementaufgaben wahrnimmt und Dich mit aktuellen Informationen versorgt. 2. Du kannst Dich daf\u00fcr entscheiden, ein Produkt, das wir bereits verkaufen, nach &hellip; \u201eProduktentwicklung\u201c weiterlesen","og_url":"https:\/\/powder-products.com\/product-development\/","og_site_name":"PPP Private Powder Products","article_publisher":"https:\/\/www.facebook.com\/privatepowderproducts","article_modified_time":"2024-04-09T08:59:27+00:00","og_image":[{"url":"https:\/\/acc91073.maxer.hu\/wp-content\/uploads\/2024\/04\/10505838651639495756-128-2.png","type":"","width":"","height":""}],"twitter_card":"summary_large_image","twitter_misc":{"Gesch\u00e4tzte Lesezeit":"1\u00a0Minute"},"schema":{"@context":"https:\/\/schema.org","@graph":[{"@type":"WebPage","@id":"https:\/\/powder-products.com\/product-development\/","url":"https:\/\/powder-products.com\/product-development\/","name":"Produktentwicklung - PPP Private Powder Products","isPartOf":{"@id":"https:\/\/powder-products.com\/hu\/#website"},"primaryImageOfPage":{"@id":"https:\/\/powder-products.com\/product-development\/#primaryimage"},"image":{"@id":"https:\/\/powder-products.com\/product-development\/#primaryimage"},"thumbnailUrl":"https:\/\/acc91073.maxer.hu\/wp-content\/uploads\/2024\/04\/10505838651639495756-128-2.png","datePublished":"2024-02-14T12:59:14+00:00","dateModified":"2024-04-09T08:59:27+00:00","breadcrumb":{"@id":"https:\/\/powder-products.com\/product-development\/#breadcrumb"},"inLanguage":"de","potentialAction":[{"@type":"ReadAction","target":["https:\/\/powder-products.com\/product-development\/"]}]},{"@type":"ImageObject","inLanguage":"de","@id":"https:\/\/powder-products.com\/product-development\/#primaryimage","url":"https:\/\/acc91073.maxer.hu\/wp-content\/uploads\/2024\/04\/10505838651639495756-128-2.png","contentUrl":"https:\/\/acc91073.maxer.hu\/wp-content\/uploads\/2024\/04\/10505838651639495756-128-2.png"},{"@type":"BreadcrumbList","@id":"https:\/\/powder-products.com\/product-development\/#breadcrumb","itemListElement":[{"@type":"ListItem","position":1,"name":"Home","item":"https:\/\/powder-products.com\/"},{"@type":"ListItem","position":2,"name":"Produktentwicklung"}]},{"@type":"WebSite","@id":"https:\/\/powder-products.com\/hu\/#website","url":"https:\/\/powder-products.com\/hu\/","name":"PPP Private Powder Products","description":"Powder based products according to your needs.","publisher":{"@id":"https:\/\/powder-products.com\/hu\/#organization"},"potentialAction":[{"@type":"SearchAction","target":{"@type":"EntryPoint","urlTemplate":"https:\/\/powder-products.com\/hu\/?s={search_term_string}"},"query-input":{"@type":"PropertyValueSpecification","valueRequired":true,"valueName":"search_term_string"}}],"inLanguage":"de"},{"@type":"Organization","@id":"https:\/\/powder-products.com\/hu\/#organization","name":"PPP Private Powder Products","url":"https:\/\/powder-products.com\/hu\/","logo":{"@type":"ImageObject","inLanguage":"de","@id":"https:\/\/powder-products.com\/hu\/#\/schema\/logo\/image\/","url":"https:\/\/powder-products.com\/wp-content\/uploads\/2024\/02\/ppp_logo_new-01.png","contentUrl":"https:\/\/powder-products.com\/wp-content\/uploads\/2024\/02\/ppp_logo_new-01.png","width":512,"height":202,"caption":"PPP Private Powder Products"},"image":{"@id":"https:\/\/powder-products.com\/hu\/#\/schema\/logo\/image\/"},"sameAs":["https:\/\/www.facebook.com\/privatepowderproducts"]}]}},"_links":{"self":[{"href":"https:\/\/powder-products.com\/de\/wp-json\/wp\/v2\/pages\/843","targetHints":{"allow":["GET"]}}],"collection":[{"href":"https:\/\/powder-products.com\/de\/wp-json\/wp\/v2\/pages"}],"about":[{"href":"https:\/\/powder-products.com\/de\/wp-json\/wp\/v2\/types\/page"}],"author":[{"embeddable":true,"href":"https:\/\/powder-products.com\/de\/wp-json\/wp\/v2\/users\/2"}],"replies":[{"embeddable":true,"href":"https:\/\/powder-products.com\/de\/wp-json\/wp\/v2\/comments?post=843"}],"version-history":[{"count":1,"href":"https:\/\/powder-products.com\/de\/wp-json\/wp\/v2\/pages\/843\/revisions"}],"predecessor-version":[{"id":987,"href":"https:\/\/powder-products.com\/de\/wp-json\/wp\/v2\/pages\/843\/revisions\/987"}],"wp:attachment":[{"href":"https:\/\/powder-products.com\/de\/wp-json\/wp\/v2\/media?parent=843"}],"curies":[{"name":"wp","href":"https:\/\/api.w.org\/{rel}","templated":true}]}}