{"id":853,"date":"2024-02-13T14:34:33","date_gmt":"2024-02-13T14:34:33","guid":{"rendered":"https:\/\/acc91073.maxer.hu\/produkte-und-dienstleistungen\/"},"modified":"2024-02-13T14:34:33","modified_gmt":"2024-02-13T14:34:33","slug":"produkte-und-dienstleistungen","status":"publish","type":"page","link":"https:\/\/powder-products.com\/de\/produkte-und-dienstleistungen\/","title":{"rendered":"Produkte und Dienstleistungen"},"content":{"rendered":"\n<h2 class=\"wp-block-heading\"><strong>Getr\u00e4nke auf Pulverbasis<\/strong><\/h2>\n\n\n\n<p>Durchf\u00fchrung individueller Produktentwicklungsaufgaben nach Kundenwunsch im Bereich pulverf\u00f6rmiger, granulierter und st\u00fcckiger Produkte. Neben der Erstellung der Beschaffenheit der Produkte wird die gesamte Produktentwicklung durchgef\u00fchrt, von der Auswahl der Rohstoffe \u00fcber die Definition der Produktionstechnologie bis hin zur Produktverpackung und beh\u00f6rdlichen Zulassung. Zus\u00e4tzlich zu den Markenprodukten von PPP \u2013 PPP, Wonderful Drinks und Moouw \u2013 bieten wir einzigartige Produkte in vollst\u00e4ndig kundenspezifischen Verpackungen an.<\/p>\n\n\n\n<div class=\"wp-block-buttons is-layout-flex wp-block-buttons-is-layout-flex\">\n<div class=\"wp-block-button has-custom-width wp-block-button__width-50 has-custom-font-size has-small-font-size\"><a class=\"wp-block-button__link wp-element-button\"><strong>Produktkatalog<\/strong><\/a><\/div>\n<\/div>\n\n\n\n<h2 class=\"wp-block-heading\"><strong>Produktentwicklung<\/strong><\/h2>\n\n\n\n<p>Durchf\u00fchrung individueller Produktentwicklungsaufgaben nach Kundenwunsch im Bereich pulverf\u00f6rmiger, granulierter und st\u00fcckiger Produkte. Neben der Erstellung der Beschaffenheit der Produkte wird die gesamte Produktentwicklung durchgef\u00fchrt, von der Auswahl der Rohstoffe \u00fcber die Definition der Produktionstechnologie bis hin zur Produktverpackung und beh\u00f6rdlichen Zulassung.<\/p>\n\n\n\n<div class=\"wp-block-buttons is-layout-flex wp-block-buttons-is-layout-flex\">\n<div class=\"wp-block-button has-custom-width wp-block-button__width-50 has-custom-font-size has-small-font-size\"><a class=\"wp-block-button__link wp-element-button\" href=\"https:\/\/acc91073.maxer.hu\/product-development\/\"><strong>informationen<\/strong><\/a><\/div>\n<\/div>\n\n\n\n<h2 class=\"wp-block-heading\"><strong>Auftragsfertigung<\/strong><\/h2>\n\n\n\n<p>Lohnherstellung von pulverf\u00f6rmigen und granulierten Produkten, nach individueller Vereinbarung: Trockenmischen, Agglomeration (Instantisierung), Umpacken, Lohnverpackung (Stick-Pack, Metall-\/Dosenbox, Beutel, Doy-Pack, Papiersack, Big-Bag, Karton, Kunststoff- oder Glasflasche), Lagerung und Logistik.<\/p>\n\n\n\n<div class=\"wp-block-buttons is-layout-flex wp-block-buttons-is-layout-flex\">\n<div class=\"wp-block-button has-custom-width wp-block-button__width-50 has-custom-font-size has-small-font-size\"><a class=\"wp-block-button__link wp-element-button\" href=\"https:\/\/acc91073.maxer.hu\/contract-manufacturing\/\"><strong>informationen<\/strong><\/a><\/div>\n\n\n<\/div>\n","protected":false},"excerpt":{"rendered":"<p>Getr\u00e4nke auf Pulverbasis Durchf\u00fchrung individueller Produktentwicklungsaufgaben nach Kundenwunsch im Bereich pulverf\u00f6rmiger, granulierter und st\u00fcckiger Produkte. Neben der Erstellung der Beschaffenheit der Produkte wird die gesamte Produktentwicklung durchgef\u00fchrt, von der Auswahl der Rohstoffe \u00fcber die Definition der Produktionstechnologie bis hin zur Produktverpackung und beh\u00f6rdlichen Zulassung. Zus\u00e4tzlich zu den Markenprodukten von PPP \u2013 PPP, Wonderful Drinks und &hellip; <\/p>\n<p class=\"link-more\"><a href=\"https:\/\/powder-products.com\/de\/produkte-und-dienstleistungen\/\" class=\"more-link\"><span class=\"screen-reader-text\">\u201eProdukte und Dienstleistungen\u201c<\/span> weiterlesen<\/a><\/p>\n","protected":false},"author":2,"featured_media":0,"parent":0,"menu_order":0,"comment_status":"closed","ping_status":"closed","template":"","meta":{"footnotes":""},"class_list":["post-853","page","type-page","status-publish","hentry"],"yoast_head":"<!-- This site is optimized with the Yoast SEO Premium plugin v25.6 (Yoast SEO v26.1.1) - https:\/\/yoast.com\/wordpress\/plugins\/seo\/ -->\n<title>Produkte und Dienstleistungen - PPP Private Powder Products<\/title>\n<meta name=\"robots\" content=\"index, follow, max-snippet:-1, max-image-preview:large, max-video-preview:-1\" \/>\n<link rel=\"canonical\" href=\"https:\/\/powder-products.com\/services\/\" \/>\n<meta property=\"og:locale\" content=\"de_DE\" \/>\n<meta property=\"og:type\" content=\"article\" \/>\n<meta property=\"og:title\" content=\"Produkte und Dienstleistungen\" \/>\n<meta property=\"og:description\" content=\"Getr\u00e4nke auf Pulverbasis Durchf\u00fchrung individueller Produktentwicklungsaufgaben nach Kundenwunsch im Bereich pulverf\u00f6rmiger, granulierter und st\u00fcckiger Produkte. Neben der Erstellung der Beschaffenheit der Produkte wird die gesamte Produktentwicklung durchgef\u00fchrt, von der Auswahl der Rohstoffe \u00fcber die Definition der Produktionstechnologie bis hin zur Produktverpackung und beh\u00f6rdlichen Zulassung. Zus\u00e4tzlich zu den Markenprodukten von PPP \u2013 PPP, Wonderful Drinks und &hellip; \u201eProdukte und Dienstleistungen\u201c weiterlesen\" \/>\n<meta property=\"og:url\" content=\"https:\/\/powder-products.com\/services\/\" \/>\n<meta property=\"og:site_name\" content=\"PPP Private Powder Products\" \/>\n<meta property=\"article:publisher\" content=\"https:\/\/www.facebook.com\/privatepowderproducts\" \/>\n<meta name=\"twitter:card\" content=\"summary_large_image\" \/>\n<meta name=\"twitter:label1\" content=\"Gesch\u00e4tzte Lesezeit\" \/>\n\t<meta name=\"twitter:data1\" content=\"1\u00a0Minute\" \/>\n<script type=\"application\/ld+json\" class=\"yoast-schema-graph\">{\"@context\":\"https:\/\/schema.org\",\"@graph\":[{\"@type\":\"WebPage\",\"@id\":\"https:\/\/powder-products.com\/services\/\",\"url\":\"https:\/\/powder-products.com\/services\/\",\"name\":\"Produkte und Dienstleistungen - PPP Private Powder Products\",\"isPartOf\":{\"@id\":\"https:\/\/powder-products.com\/hu\/#website\"},\"datePublished\":\"2024-02-13T14:34:33+00:00\",\"breadcrumb\":{\"@id\":\"https:\/\/powder-products.com\/services\/#breadcrumb\"},\"inLanguage\":\"de\",\"potentialAction\":[{\"@type\":\"ReadAction\",\"target\":[\"https:\/\/powder-products.com\/services\/\"]}]},{\"@type\":\"BreadcrumbList\",\"@id\":\"https:\/\/powder-products.com\/services\/#breadcrumb\",\"itemListElement\":[{\"@type\":\"ListItem\",\"position\":1,\"name\":\"Home\",\"item\":\"https:\/\/powder-products.com\/\"},{\"@type\":\"ListItem\",\"position\":2,\"name\":\"Produkte und Dienstleistungen\"}]},{\"@type\":\"WebSite\",\"@id\":\"https:\/\/powder-products.com\/hu\/#website\",\"url\":\"https:\/\/powder-products.com\/hu\/\",\"name\":\"PPP Private Powder Products\",\"description\":\"Powder based products according to your needs.\",\"publisher\":{\"@id\":\"https:\/\/powder-products.com\/hu\/#organization\"},\"potentialAction\":[{\"@type\":\"SearchAction\",\"target\":{\"@type\":\"EntryPoint\",\"urlTemplate\":\"https:\/\/powder-products.com\/hu\/?s={search_term_string}\"},\"query-input\":{\"@type\":\"PropertyValueSpecification\",\"valueRequired\":true,\"valueName\":\"search_term_string\"}}],\"inLanguage\":\"de\"},{\"@type\":\"Organization\",\"@id\":\"https:\/\/powder-products.com\/hu\/#organization\",\"name\":\"PPP Private Powder Products\",\"url\":\"https:\/\/powder-products.com\/hu\/\",\"logo\":{\"@type\":\"ImageObject\",\"inLanguage\":\"de\",\"@id\":\"https:\/\/powder-products.com\/hu\/#\/schema\/logo\/image\/\",\"url\":\"https:\/\/powder-products.com\/wp-content\/uploads\/2024\/02\/ppp_logo_new-01.png\",\"contentUrl\":\"https:\/\/powder-products.com\/wp-content\/uploads\/2024\/02\/ppp_logo_new-01.png\",\"width\":512,\"height\":202,\"caption\":\"PPP Private Powder Products\"},\"image\":{\"@id\":\"https:\/\/powder-products.com\/hu\/#\/schema\/logo\/image\/\"},\"sameAs\":[\"https:\/\/www.facebook.com\/privatepowderproducts\"]}]}<\/script>\n<!-- \/ Yoast SEO Premium plugin. -->","yoast_head_json":{"title":"Produkte und Dienstleistungen - PPP Private Powder Products","robots":{"index":"index","follow":"follow","max-snippet":"max-snippet:-1","max-image-preview":"max-image-preview:large","max-video-preview":"max-video-preview:-1"},"canonical":"https:\/\/powder-products.com\/services\/","og_locale":"de_DE","og_type":"article","og_title":"Produkte und Dienstleistungen","og_description":"Getr\u00e4nke auf Pulverbasis Durchf\u00fchrung individueller Produktentwicklungsaufgaben nach Kundenwunsch im Bereich pulverf\u00f6rmiger, granulierter und st\u00fcckiger Produkte. Neben der Erstellung der Beschaffenheit der Produkte wird die gesamte Produktentwicklung durchgef\u00fchrt, von der Auswahl der Rohstoffe \u00fcber die Definition der Produktionstechnologie bis hin zur Produktverpackung und beh\u00f6rdlichen Zulassung. Zus\u00e4tzlich zu den Markenprodukten von PPP \u2013 PPP, Wonderful Drinks und &hellip; \u201eProdukte und Dienstleistungen\u201c weiterlesen","og_url":"https:\/\/powder-products.com\/services\/","og_site_name":"PPP Private Powder Products","article_publisher":"https:\/\/www.facebook.com\/privatepowderproducts","twitter_card":"summary_large_image","twitter_misc":{"Gesch\u00e4tzte Lesezeit":"1\u00a0Minute"},"schema":{"@context":"https:\/\/schema.org","@graph":[{"@type":"WebPage","@id":"https:\/\/powder-products.com\/services\/","url":"https:\/\/powder-products.com\/services\/","name":"Produkte und Dienstleistungen - PPP Private Powder Products","isPartOf":{"@id":"https:\/\/powder-products.com\/hu\/#website"},"datePublished":"2024-02-13T14:34:33+00:00","breadcrumb":{"@id":"https:\/\/powder-products.com\/services\/#breadcrumb"},"inLanguage":"de","potentialAction":[{"@type":"ReadAction","target":["https:\/\/powder-products.com\/services\/"]}]},{"@type":"BreadcrumbList","@id":"https:\/\/powder-products.com\/services\/#breadcrumb","itemListElement":[{"@type":"ListItem","position":1,"name":"Home","item":"https:\/\/powder-products.com\/"},{"@type":"ListItem","position":2,"name":"Produkte und Dienstleistungen"}]},{"@type":"WebSite","@id":"https:\/\/powder-products.com\/hu\/#website","url":"https:\/\/powder-products.com\/hu\/","name":"PPP Private Powder Products","description":"Powder based products according to your needs.","publisher":{"@id":"https:\/\/powder-products.com\/hu\/#organization"},"potentialAction":[{"@type":"SearchAction","target":{"@type":"EntryPoint","urlTemplate":"https:\/\/powder-products.com\/hu\/?s={search_term_string}"},"query-input":{"@type":"PropertyValueSpecification","valueRequired":true,"valueName":"search_term_string"}}],"inLanguage":"de"},{"@type":"Organization","@id":"https:\/\/powder-products.com\/hu\/#organization","name":"PPP Private Powder Products","url":"https:\/\/powder-products.com\/hu\/","logo":{"@type":"ImageObject","inLanguage":"de","@id":"https:\/\/powder-products.com\/hu\/#\/schema\/logo\/image\/","url":"https:\/\/powder-products.com\/wp-content\/uploads\/2024\/02\/ppp_logo_new-01.png","contentUrl":"https:\/\/powder-products.com\/wp-content\/uploads\/2024\/02\/ppp_logo_new-01.png","width":512,"height":202,"caption":"PPP Private Powder Products"},"image":{"@id":"https:\/\/powder-products.com\/hu\/#\/schema\/logo\/image\/"},"sameAs":["https:\/\/www.facebook.com\/privatepowderproducts"]}]}},"_links":{"self":[{"href":"https:\/\/powder-products.com\/de\/wp-json\/wp\/v2\/pages\/853","targetHints":{"allow":["GET"]}}],"collection":[{"href":"https:\/\/powder-products.com\/de\/wp-json\/wp\/v2\/pages"}],"about":[{"href":"https:\/\/powder-products.com\/de\/wp-json\/wp\/v2\/types\/page"}],"author":[{"embeddable":true,"href":"https:\/\/powder-products.com\/de\/wp-json\/wp\/v2\/users\/2"}],"replies":[{"embeddable":true,"href":"https:\/\/powder-products.com\/de\/wp-json\/wp\/v2\/comments?post=853"}],"version-history":[{"count":0,"href":"https:\/\/powder-products.com\/de\/wp-json\/wp\/v2\/pages\/853\/revisions"}],"wp:attachment":[{"href":"https:\/\/powder-products.com\/de\/wp-json\/wp\/v2\/media?parent=853"}],"curies":[{"name":"wp","href":"https:\/\/api.w.org\/{rel}","templated":true}]}}