{"id":854,"date":"2024-02-12T10:38:32","date_gmt":"2024-02-12T10:38:32","guid":{"rendered":"https:\/\/acc91073.maxer.hu\/qualitatssicherung\/"},"modified":"2024-02-12T10:38:32","modified_gmt":"2024-02-12T10:38:32","slug":"qualitatssicherung","status":"publish","type":"page","link":"https:\/\/powder-products.com\/de\/qualitatssicherung\/","title":{"rendered":"QUALIT\u00c4TSSICHERUNG"},"content":{"rendered":"\n<p>Das Unternehmen verf\u00fcgt \u00fcber zertifizierte Qualit\u00e4tssicherungssysteme <mark style=\"background-color:rgba(0, 0, 0, 0)\" class=\"has-inline-color has-vivid-red-color\"><strong>HACCP<\/strong><\/mark> und <mark style=\"background-color:rgba(0, 0, 0, 0)\" class=\"has-inline-color has-vivid-red-color\"><strong>FSSC22000<\/strong><\/mark>, zertifiziertes <strong><mark style=\"background-color:rgba(0, 0, 0, 0)\" class=\"has-inline-color has-vivid-red-color\">Bio<\/mark><\/strong>-System.<br>Dar\u00fcber hinaus k\u00f6nnen <strong><mark style=\"background-color:rgba(0, 0, 0, 0)\" class=\"has-inline-color has-vivid-red-color\">Halal<\/mark>-, <mark style=\"background-color:rgba(0, 0, 0, 0)\" class=\"has-inline-color has-vivid-red-color\">Koscher<\/mark><\/strong>-Systeme nach individueller Vereinbarung auch f\u00fcr die Produktion <strong><mark style=\"background-color:rgba(0, 0, 0, 0)\" class=\"has-inline-color has-vivid-red-color\">und jedes andere Qualit\u00e4tssicherungssystem (IFS, BRC usw.) eingesetzt werden.<\/mark><\/strong><\/p>\n\n\n\n<div class=\"wp-block-buttons is-layout-flex wp-block-buttons-is-layout-flex\">\n<div class=\"wp-block-button has-custom-width wp-block-button__width-75 has-custom-font-size is-style-outline has-small-font-size is-style-outline--1\"><a class=\"wp-block-button__link wp-element-button\" href=\"https:\/\/acc91073.maxer.hu\/ppp-private-powder-products-ltd-food-safety-policy\/\"><strong>Informationen<\/strong><\/a><\/div>\n<\/div>\n\n\n\n<div class=\"wp-block-buttons is-layout-flex wp-block-buttons-is-layout-flex\">\n<div class=\"wp-block-button has-custom-width wp-block-button__width-75 has-custom-font-size is-style-outline has-small-font-size is-style-outline--2\"><a class=\"wp-block-button__link wp-element-button\" href=\"https:\/\/acc91073.maxer.hu\/our-certificates\/\"><strong>Unsere Zertifikate<\/strong><\/a><\/div>\n<\/div>\n","protected":false},"excerpt":{"rendered":"<p>Das Unternehmen verf\u00fcgt \u00fcber zertifizierte Qualit\u00e4tssicherungssysteme HACCP und FSSC22000, zertifiziertes Bio-System.Dar\u00fcber hinaus k\u00f6nnen Halal-, Koscher-Systeme nach individueller Vereinbarung auch f\u00fcr die Produktion und jedes andere Qualit\u00e4tssicherungssystem (IFS, BRC usw.) eingesetzt werden.<\/p>\n","protected":false},"author":2,"featured_media":883,"parent":0,"menu_order":0,"comment_status":"closed","ping_status":"closed","template":"","meta":{"footnotes":""},"class_list":["post-854","page","type-page","status-publish","has-post-thumbnail","hentry"],"yoast_head":"<!-- This site is optimized with the Yoast SEO Premium plugin v25.6 (Yoast SEO v26.1.1) - https:\/\/yoast.com\/wordpress\/plugins\/seo\/ -->\n<title>QUALIT\u00c4TSSICHERUNG - PPP Private Powder Products<\/title>\n<meta name=\"robots\" content=\"index, follow, max-snippet:-1, max-image-preview:large, max-video-preview:-1\" \/>\n<link rel=\"canonical\" href=\"https:\/\/powder-products.com\/quality-assurance\/\" \/>\n<meta property=\"og:locale\" content=\"de_DE\" \/>\n<meta property=\"og:type\" content=\"article\" \/>\n<meta property=\"og:title\" content=\"QUALIT\u00c4TSSICHERUNG\" \/>\n<meta property=\"og:description\" content=\"Das Unternehmen verf\u00fcgt \u00fcber zertifizierte Qualit\u00e4tssicherungssysteme HACCP und FSSC22000, zertifiziertes Bio-System.Dar\u00fcber hinaus k\u00f6nnen Halal-, Koscher-Systeme nach individueller Vereinbarung auch f\u00fcr die Produktion und jedes andere Qualit\u00e4tssicherungssystem (IFS, BRC usw.) eingesetzt werden.\" \/>\n<meta property=\"og:url\" content=\"https:\/\/powder-products.com\/quality-assurance\/\" \/>\n<meta property=\"og:site_name\" content=\"PPP Private Powder Products\" \/>\n<meta property=\"article:publisher\" content=\"https:\/\/www.facebook.com\/privatepowderproducts\" \/>\n<meta property=\"og:image\" content=\"https:\/\/powder-products.com\/wp-content\/uploads\/2024\/04\/DDS_9754jk-2000.jpg\" \/>\n\t<meta property=\"og:image:width\" content=\"2000\" \/>\n\t<meta property=\"og:image:height\" content=\"1200\" \/>\n\t<meta property=\"og:image:type\" content=\"image\/jpeg\" \/>\n<meta name=\"twitter:card\" content=\"summary_large_image\" \/>\n<script type=\"application\/ld+json\" class=\"yoast-schema-graph\">{\"@context\":\"https:\/\/schema.org\",\"@graph\":[{\"@type\":\"WebPage\",\"@id\":\"https:\/\/powder-products.com\/quality-assurance\/\",\"url\":\"https:\/\/powder-products.com\/quality-assurance\/\",\"name\":\"QUALIT\u00c4TSSICHERUNG - PPP Private Powder Products\",\"isPartOf\":{\"@id\":\"https:\/\/powder-products.com\/hu\/#website\"},\"primaryImageOfPage\":{\"@id\":\"https:\/\/powder-products.com\/quality-assurance\/#primaryimage\"},\"image\":{\"@id\":\"https:\/\/powder-products.com\/quality-assurance\/#primaryimage\"},\"thumbnailUrl\":\"https:\/\/powder-products.com\/wp-content\/uploads\/2024\/04\/DDS_9754jk-2000.jpg\",\"datePublished\":\"2024-02-12T10:38:32+00:00\",\"breadcrumb\":{\"@id\":\"https:\/\/powder-products.com\/quality-assurance\/#breadcrumb\"},\"inLanguage\":\"de\",\"potentialAction\":[{\"@type\":\"ReadAction\",\"target\":[\"https:\/\/powder-products.com\/quality-assurance\/\"]}]},{\"@type\":\"ImageObject\",\"inLanguage\":\"de\",\"@id\":\"https:\/\/powder-products.com\/quality-assurance\/#primaryimage\",\"url\":\"https:\/\/powder-products.com\/wp-content\/uploads\/2024\/04\/DDS_9754jk-2000.jpg\",\"contentUrl\":\"https:\/\/powder-products.com\/wp-content\/uploads\/2024\/04\/DDS_9754jk-2000.jpg\",\"width\":2000,\"height\":1200},{\"@type\":\"BreadcrumbList\",\"@id\":\"https:\/\/powder-products.com\/quality-assurance\/#breadcrumb\",\"itemListElement\":[{\"@type\":\"ListItem\",\"position\":1,\"name\":\"Home\",\"item\":\"https:\/\/powder-products.com\/\"},{\"@type\":\"ListItem\",\"position\":2,\"name\":\"QUALIT\u00c4TSSICHERUNG\"}]},{\"@type\":\"WebSite\",\"@id\":\"https:\/\/powder-products.com\/hu\/#website\",\"url\":\"https:\/\/powder-products.com\/hu\/\",\"name\":\"PPP Private Powder Products\",\"description\":\"Powder based products according to your needs.\",\"publisher\":{\"@id\":\"https:\/\/powder-products.com\/hu\/#organization\"},\"potentialAction\":[{\"@type\":\"SearchAction\",\"target\":{\"@type\":\"EntryPoint\",\"urlTemplate\":\"https:\/\/powder-products.com\/hu\/?s={search_term_string}\"},\"query-input\":{\"@type\":\"PropertyValueSpecification\",\"valueRequired\":true,\"valueName\":\"search_term_string\"}}],\"inLanguage\":\"de\"},{\"@type\":\"Organization\",\"@id\":\"https:\/\/powder-products.com\/hu\/#organization\",\"name\":\"PPP Private Powder Products\",\"url\":\"https:\/\/powder-products.com\/hu\/\",\"logo\":{\"@type\":\"ImageObject\",\"inLanguage\":\"de\",\"@id\":\"https:\/\/powder-products.com\/hu\/#\/schema\/logo\/image\/\",\"url\":\"https:\/\/powder-products.com\/wp-content\/uploads\/2024\/02\/ppp_logo_new-01.png\",\"contentUrl\":\"https:\/\/powder-products.com\/wp-content\/uploads\/2024\/02\/ppp_logo_new-01.png\",\"width\":512,\"height\":202,\"caption\":\"PPP Private Powder Products\"},\"image\":{\"@id\":\"https:\/\/powder-products.com\/hu\/#\/schema\/logo\/image\/\"},\"sameAs\":[\"https:\/\/www.facebook.com\/privatepowderproducts\"]}]}<\/script>\n<!-- \/ Yoast SEO Premium plugin. -->","yoast_head_json":{"title":"QUALIT\u00c4TSSICHERUNG - PPP Private Powder Products","robots":{"index":"index","follow":"follow","max-snippet":"max-snippet:-1","max-image-preview":"max-image-preview:large","max-video-preview":"max-video-preview:-1"},"canonical":"https:\/\/powder-products.com\/quality-assurance\/","og_locale":"de_DE","og_type":"article","og_title":"QUALIT\u00c4TSSICHERUNG","og_description":"Das Unternehmen verf\u00fcgt \u00fcber zertifizierte Qualit\u00e4tssicherungssysteme HACCP und FSSC22000, zertifiziertes Bio-System.Dar\u00fcber hinaus k\u00f6nnen Halal-, Koscher-Systeme nach individueller Vereinbarung auch f\u00fcr die Produktion und jedes andere Qualit\u00e4tssicherungssystem (IFS, BRC usw.) eingesetzt werden.","og_url":"https:\/\/powder-products.com\/quality-assurance\/","og_site_name":"PPP Private Powder Products","article_publisher":"https:\/\/www.facebook.com\/privatepowderproducts","og_image":[{"width":2000,"height":1200,"url":"https:\/\/powder-products.com\/wp-content\/uploads\/2024\/04\/DDS_9754jk-2000.jpg","type":"image\/jpeg"}],"twitter_card":"summary_large_image","schema":{"@context":"https:\/\/schema.org","@graph":[{"@type":"WebPage","@id":"https:\/\/powder-products.com\/quality-assurance\/","url":"https:\/\/powder-products.com\/quality-assurance\/","name":"QUALIT\u00c4TSSICHERUNG - PPP Private Powder Products","isPartOf":{"@id":"https:\/\/powder-products.com\/hu\/#website"},"primaryImageOfPage":{"@id":"https:\/\/powder-products.com\/quality-assurance\/#primaryimage"},"image":{"@id":"https:\/\/powder-products.com\/quality-assurance\/#primaryimage"},"thumbnailUrl":"https:\/\/powder-products.com\/wp-content\/uploads\/2024\/04\/DDS_9754jk-2000.jpg","datePublished":"2024-02-12T10:38:32+00:00","breadcrumb":{"@id":"https:\/\/powder-products.com\/quality-assurance\/#breadcrumb"},"inLanguage":"de","potentialAction":[{"@type":"ReadAction","target":["https:\/\/powder-products.com\/quality-assurance\/"]}]},{"@type":"ImageObject","inLanguage":"de","@id":"https:\/\/powder-products.com\/quality-assurance\/#primaryimage","url":"https:\/\/powder-products.com\/wp-content\/uploads\/2024\/04\/DDS_9754jk-2000.jpg","contentUrl":"https:\/\/powder-products.com\/wp-content\/uploads\/2024\/04\/DDS_9754jk-2000.jpg","width":2000,"height":1200},{"@type":"BreadcrumbList","@id":"https:\/\/powder-products.com\/quality-assurance\/#breadcrumb","itemListElement":[{"@type":"ListItem","position":1,"name":"Home","item":"https:\/\/powder-products.com\/"},{"@type":"ListItem","position":2,"name":"QUALIT\u00c4TSSICHERUNG"}]},{"@type":"WebSite","@id":"https:\/\/powder-products.com\/hu\/#website","url":"https:\/\/powder-products.com\/hu\/","name":"PPP Private Powder Products","description":"Powder based products according to your needs.","publisher":{"@id":"https:\/\/powder-products.com\/hu\/#organization"},"potentialAction":[{"@type":"SearchAction","target":{"@type":"EntryPoint","urlTemplate":"https:\/\/powder-products.com\/hu\/?s={search_term_string}"},"query-input":{"@type":"PropertyValueSpecification","valueRequired":true,"valueName":"search_term_string"}}],"inLanguage":"de"},{"@type":"Organization","@id":"https:\/\/powder-products.com\/hu\/#organization","name":"PPP Private Powder Products","url":"https:\/\/powder-products.com\/hu\/","logo":{"@type":"ImageObject","inLanguage":"de","@id":"https:\/\/powder-products.com\/hu\/#\/schema\/logo\/image\/","url":"https:\/\/powder-products.com\/wp-content\/uploads\/2024\/02\/ppp_logo_new-01.png","contentUrl":"https:\/\/powder-products.com\/wp-content\/uploads\/2024\/02\/ppp_logo_new-01.png","width":512,"height":202,"caption":"PPP Private Powder Products"},"image":{"@id":"https:\/\/powder-products.com\/hu\/#\/schema\/logo\/image\/"},"sameAs":["https:\/\/www.facebook.com\/privatepowderproducts"]}]}},"_links":{"self":[{"href":"https:\/\/powder-products.com\/de\/wp-json\/wp\/v2\/pages\/854","targetHints":{"allow":["GET"]}}],"collection":[{"href":"https:\/\/powder-products.com\/de\/wp-json\/wp\/v2\/pages"}],"about":[{"href":"https:\/\/powder-products.com\/de\/wp-json\/wp\/v2\/types\/page"}],"author":[{"embeddable":true,"href":"https:\/\/powder-products.com\/de\/wp-json\/wp\/v2\/users\/2"}],"replies":[{"embeddable":true,"href":"https:\/\/powder-products.com\/de\/wp-json\/wp\/v2\/comments?post=854"}],"version-history":[{"count":0,"href":"https:\/\/powder-products.com\/de\/wp-json\/wp\/v2\/pages\/854\/revisions"}],"wp:featuredmedia":[{"embeddable":true,"href":"https:\/\/powder-products.com\/de\/wp-json\/wp\/v2\/media\/883"}],"wp:attachment":[{"href":"https:\/\/powder-products.com\/de\/wp-json\/wp\/v2\/media?parent=854"}],"curies":[{"name":"wp","href":"https:\/\/api.w.org\/{rel}","templated":true}]}}