{"id":1030,"date":"2024-04-11T08:10:01","date_gmt":"2024-04-11T08:10:01","guid":{"rendered":"https:\/\/acc91073.maxer.hu\/?page_id=1030"},"modified":"2024-04-11T08:35:50","modified_gmt":"2024-04-11T08:35:50","slug":"venditalia","status":"publish","type":"page","link":"https:\/\/powder-products.com\/hu\/venditalia\/","title":{"rendered":"Venditalia"},"content":{"rendered":"\n<p>Tal\u00e1lkozz vel\u00fcnk a Venditalia ki\u00e1ll\u00edt\u00e1son,<mark style=\"background-color:rgba(0, 0, 0, 0)\" class=\"has-inline-color has-vivid-red-color\">\u00a0<strong>Hall 12 Stand F01F05!<\/strong><\/mark><\/p>\n\n\n\n<p>A r\u00e9szv\u00e9tel ingyenes, de regisztr\u00e1ci\u00f3hoz k\u00f6t\u00f6tt, melyet az al\u00e1bbi linken k\u00f6nnyed\u00e9n elv\u00e9gezhetsz:<br><a href=\"https:\/\/ticketonline.fieramilano.it\/venditalia\/2024\/operatori\/index.jsp?lang=en\">https:\/\/ticketonline.fieramilano.it\/venditalia\/2024\/operatori\/index.jsp?lang=en<\/a><\/p>\n\n\n\n<p>A jelentkez\u00e9si lap kit\u00f6lt\u00e9se ut\u00e1n egy l\u00e1togat\u00f3i bel\u00e9p\u0151t kapsz, ami a 2024. \u00e9vi Venditalia ki\u00e1ll\u00edt\u00e1s 4 napj\u00e1n \u00e9rv\u00e9nyes. <\/p>\n\n\n\n<p>Ha lemaradn\u00e1l az el\u0151regisztr\u00e1ci\u00f3r\u00f3l, a helysz\u00ednen a recepci\u00f3n is van lehet\u0151s\u00e9ged ingyenes bel\u00e9p\u0151k\u00e1rty\u00e1t ig\u00e9nyelni.<\/p>\n\n\n\n<p><strong>Nyitvatart\u00e1s<\/strong>:  Szerda\/Cs\u00fct\u00f6rt\u00f6k\/P\u00e9ntek  \u2013 9.30 &#8211; 18.00pm; Szombat \u2013 9.30 &#8211; 15.00<br><strong>Hol<\/strong>: Fiera Milano Rho \u2013\u00a0<strong>Pavilonok<\/strong>: 8 and 12<br><strong>Bej\u00e1rat<\/strong>: Keleti Kapu \u2013 D\u00e9li kapu<br><strong>C\u00edm<\/strong>: Strada Statale del Sempione, 28 \u2013 20017 Rho (Mi)<\/p>\n\n\n\n<p>Ott v\u00e1runk!<\/p>\n","protected":false},"excerpt":{"rendered":"<p>Tal\u00e1lkozz vel\u00fcnk a Venditalia ki\u00e1ll\u00edt\u00e1son,\u00a0Hall 12 Stand F01F05! A r\u00e9szv\u00e9tel ingyenes, de regisztr\u00e1ci\u00f3hoz k\u00f6t\u00f6tt, melyet az al\u00e1bbi linken k\u00f6nnyed\u00e9n elv\u00e9gezhetsz:https:\/\/ticketonline.fieramilano.it\/venditalia\/2024\/operatori\/index.jsp?lang=en A jelentkez\u00e9si lap kit\u00f6lt\u00e9se ut\u00e1n egy l\u00e1togat\u00f3i bel\u00e9p\u0151t kapsz, ami a 2024. \u00e9vi Venditalia ki\u00e1ll\u00edt\u00e1s 4 napj\u00e1n \u00e9rv\u00e9nyes. Ha lemaradn\u00e1l az el\u0151regisztr\u00e1ci\u00f3r\u00f3l, a helysz\u00ednen a recepci\u00f3n is van lehet\u0151s\u00e9ged ingyenes bel\u00e9p\u0151k\u00e1rty\u00e1t ig\u00e9nyelni. Nyitvatart\u00e1s: Szerda\/Cs\u00fct\u00f6rt\u00f6k\/P\u00e9ntek \u2013 &hellip; <\/p>\n<p class=\"link-more\"><a href=\"https:\/\/powder-products.com\/hu\/venditalia\/\" class=\"more-link\"><span class=\"screen-reader-text\">&#8222;Venditalia&#8221;<\/span> b\u0151vebben<\/a><\/p>\n","protected":false},"author":2,"featured_media":0,"parent":0,"menu_order":0,"comment_status":"closed","ping_status":"closed","template":"","meta":{"footnotes":""},"class_list":["post-1030","page","type-page","status-publish","hentry"],"yoast_head":"<!-- This site is optimized with the Yoast SEO Premium plugin v25.6 (Yoast SEO v26.1.1) - https:\/\/yoast.com\/wordpress\/plugins\/seo\/ -->\n<title>Venditalia - PPP Private Powder Products<\/title>\n<meta name=\"robots\" content=\"index, follow, max-snippet:-1, max-image-preview:large, max-video-preview:-1\" \/>\n<link rel=\"canonical\" href=\"https:\/\/powder-products.com\/hu\/venditalia\/\" \/>\n<meta property=\"og:locale\" content=\"hu_HU\" \/>\n<meta property=\"og:type\" content=\"article\" \/>\n<meta property=\"og:title\" content=\"Venditalia\" \/>\n<meta property=\"og:description\" content=\"Tal\u00e1lkozz vel\u00fcnk a Venditalia ki\u00e1ll\u00edt\u00e1son,\u00a0Hall 12 Stand F01F05! A r\u00e9szv\u00e9tel ingyenes, de regisztr\u00e1ci\u00f3hoz k\u00f6t\u00f6tt, melyet az al\u00e1bbi linken k\u00f6nnyed\u00e9n elv\u00e9gezhetsz:https:\/\/ticketonline.fieramilano.it\/venditalia\/2024\/operatori\/index.jsp?lang=en A jelentkez\u00e9si lap kit\u00f6lt\u00e9se ut\u00e1n egy l\u00e1togat\u00f3i bel\u00e9p\u0151t kapsz, ami a 2024. \u00e9vi Venditalia ki\u00e1ll\u00edt\u00e1s 4 napj\u00e1n \u00e9rv\u00e9nyes. Ha lemaradn\u00e1l az el\u0151regisztr\u00e1ci\u00f3r\u00f3l, a helysz\u00ednen a recepci\u00f3n is van lehet\u0151s\u00e9ged ingyenes bel\u00e9p\u0151k\u00e1rty\u00e1t ig\u00e9nyelni. Nyitvatart\u00e1s: Szerda\/Cs\u00fct\u00f6rt\u00f6k\/P\u00e9ntek \u2013 &hellip; &quot;Venditalia&quot; b\u0151vebben\" \/>\n<meta property=\"og:url\" content=\"https:\/\/powder-products.com\/hu\/venditalia\/\" \/>\n<meta property=\"og:site_name\" content=\"PPP Private Powder Products\" \/>\n<meta property=\"article:publisher\" content=\"https:\/\/www.facebook.com\/privatepowderproducts\" \/>\n<meta property=\"article:modified_time\" content=\"2024-04-11T08:35:50+00:00\" \/>\n<meta name=\"twitter:card\" content=\"summary_large_image\" \/>\n<meta name=\"twitter:label1\" content=\"Becs\u00fclt olvas\u00e1si id\u0151\" \/>\n\t<meta name=\"twitter:data1\" content=\"1 perc\" \/>\n<script type=\"application\/ld+json\" class=\"yoast-schema-graph\">{\"@context\":\"https:\/\/schema.org\",\"@graph\":[{\"@type\":\"WebPage\",\"@id\":\"https:\/\/powder-products.com\/hu\/venditalia\/\",\"url\":\"https:\/\/powder-products.com\/hu\/venditalia\/\",\"name\":\"Venditalia - PPP Private Powder Products\",\"isPartOf\":{\"@id\":\"https:\/\/powder-products.com\/hu\/#website\"},\"datePublished\":\"2024-04-11T08:10:01+00:00\",\"dateModified\":\"2024-04-11T08:35:50+00:00\",\"breadcrumb\":{\"@id\":\"https:\/\/powder-products.com\/hu\/venditalia\/#breadcrumb\"},\"inLanguage\":\"hu\",\"potentialAction\":[{\"@type\":\"ReadAction\",\"target\":[\"https:\/\/powder-products.com\/hu\/venditalia\/\"]}]},{\"@type\":\"BreadcrumbList\",\"@id\":\"https:\/\/powder-products.com\/hu\/venditalia\/#breadcrumb\",\"itemListElement\":[{\"@type\":\"ListItem\",\"position\":1,\"name\":\"Home\",\"item\":\"https:\/\/powder-products.com\/hu\/\"},{\"@type\":\"ListItem\",\"position\":2,\"name\":\"Venditalia\"}]},{\"@type\":\"WebSite\",\"@id\":\"https:\/\/powder-products.com\/hu\/#website\",\"url\":\"https:\/\/powder-products.com\/hu\/\",\"name\":\"PPP Private Powder Products\",\"description\":\"Powder based products according to your needs.\",\"publisher\":{\"@id\":\"https:\/\/powder-products.com\/hu\/#organization\"},\"potentialAction\":[{\"@type\":\"SearchAction\",\"target\":{\"@type\":\"EntryPoint\",\"urlTemplate\":\"https:\/\/powder-products.com\/hu\/?s={search_term_string}\"},\"query-input\":{\"@type\":\"PropertyValueSpecification\",\"valueRequired\":true,\"valueName\":\"search_term_string\"}}],\"inLanguage\":\"hu\"},{\"@type\":\"Organization\",\"@id\":\"https:\/\/powder-products.com\/hu\/#organization\",\"name\":\"PPP Private Powder Products\",\"url\":\"https:\/\/powder-products.com\/hu\/\",\"logo\":{\"@type\":\"ImageObject\",\"inLanguage\":\"hu\",\"@id\":\"https:\/\/powder-products.com\/hu\/#\/schema\/logo\/image\/\",\"url\":\"https:\/\/powder-products.com\/wp-content\/uploads\/2024\/02\/ppp_logo_new-01.png\",\"contentUrl\":\"https:\/\/powder-products.com\/wp-content\/uploads\/2024\/02\/ppp_logo_new-01.png\",\"width\":512,\"height\":202,\"caption\":\"PPP Private Powder Products\"},\"image\":{\"@id\":\"https:\/\/powder-products.com\/hu\/#\/schema\/logo\/image\/\"},\"sameAs\":[\"https:\/\/www.facebook.com\/privatepowderproducts\"]}]}<\/script>\n<!-- \/ Yoast SEO Premium plugin. -->","yoast_head_json":{"title":"Venditalia - PPP Private Powder Products","robots":{"index":"index","follow":"follow","max-snippet":"max-snippet:-1","max-image-preview":"max-image-preview:large","max-video-preview":"max-video-preview:-1"},"canonical":"https:\/\/powder-products.com\/hu\/venditalia\/","og_locale":"hu_HU","og_type":"article","og_title":"Venditalia","og_description":"Tal\u00e1lkozz vel\u00fcnk a Venditalia ki\u00e1ll\u00edt\u00e1son,\u00a0Hall 12 Stand F01F05! A r\u00e9szv\u00e9tel ingyenes, de regisztr\u00e1ci\u00f3hoz k\u00f6t\u00f6tt, melyet az al\u00e1bbi linken k\u00f6nnyed\u00e9n elv\u00e9gezhetsz:https:\/\/ticketonline.fieramilano.it\/venditalia\/2024\/operatori\/index.jsp?lang=en A jelentkez\u00e9si lap kit\u00f6lt\u00e9se ut\u00e1n egy l\u00e1togat\u00f3i bel\u00e9p\u0151t kapsz, ami a 2024. \u00e9vi Venditalia ki\u00e1ll\u00edt\u00e1s 4 napj\u00e1n \u00e9rv\u00e9nyes. Ha lemaradn\u00e1l az el\u0151regisztr\u00e1ci\u00f3r\u00f3l, a helysz\u00ednen a recepci\u00f3n is van lehet\u0151s\u00e9ged ingyenes bel\u00e9p\u0151k\u00e1rty\u00e1t ig\u00e9nyelni. Nyitvatart\u00e1s: Szerda\/Cs\u00fct\u00f6rt\u00f6k\/P\u00e9ntek \u2013 &hellip; \"Venditalia\" b\u0151vebben","og_url":"https:\/\/powder-products.com\/hu\/venditalia\/","og_site_name":"PPP Private Powder Products","article_publisher":"https:\/\/www.facebook.com\/privatepowderproducts","article_modified_time":"2024-04-11T08:35:50+00:00","twitter_card":"summary_large_image","twitter_misc":{"Becs\u00fclt olvas\u00e1si id\u0151":"1 perc"},"schema":{"@context":"https:\/\/schema.org","@graph":[{"@type":"WebPage","@id":"https:\/\/powder-products.com\/hu\/venditalia\/","url":"https:\/\/powder-products.com\/hu\/venditalia\/","name":"Venditalia - PPP Private Powder Products","isPartOf":{"@id":"https:\/\/powder-products.com\/hu\/#website"},"datePublished":"2024-04-11T08:10:01+00:00","dateModified":"2024-04-11T08:35:50+00:00","breadcrumb":{"@id":"https:\/\/powder-products.com\/hu\/venditalia\/#breadcrumb"},"inLanguage":"hu","potentialAction":[{"@type":"ReadAction","target":["https:\/\/powder-products.com\/hu\/venditalia\/"]}]},{"@type":"BreadcrumbList","@id":"https:\/\/powder-products.com\/hu\/venditalia\/#breadcrumb","itemListElement":[{"@type":"ListItem","position":1,"name":"Home","item":"https:\/\/powder-products.com\/hu\/"},{"@type":"ListItem","position":2,"name":"Venditalia"}]},{"@type":"WebSite","@id":"https:\/\/powder-products.com\/hu\/#website","url":"https:\/\/powder-products.com\/hu\/","name":"PPP Private Powder Products","description":"Powder based products according to your needs.","publisher":{"@id":"https:\/\/powder-products.com\/hu\/#organization"},"potentialAction":[{"@type":"SearchAction","target":{"@type":"EntryPoint","urlTemplate":"https:\/\/powder-products.com\/hu\/?s={search_term_string}"},"query-input":{"@type":"PropertyValueSpecification","valueRequired":true,"valueName":"search_term_string"}}],"inLanguage":"hu"},{"@type":"Organization","@id":"https:\/\/powder-products.com\/hu\/#organization","name":"PPP Private Powder Products","url":"https:\/\/powder-products.com\/hu\/","logo":{"@type":"ImageObject","inLanguage":"hu","@id":"https:\/\/powder-products.com\/hu\/#\/schema\/logo\/image\/","url":"https:\/\/powder-products.com\/wp-content\/uploads\/2024\/02\/ppp_logo_new-01.png","contentUrl":"https:\/\/powder-products.com\/wp-content\/uploads\/2024\/02\/ppp_logo_new-01.png","width":512,"height":202,"caption":"PPP Private Powder Products"},"image":{"@id":"https:\/\/powder-products.com\/hu\/#\/schema\/logo\/image\/"},"sameAs":["https:\/\/www.facebook.com\/privatepowderproducts"]}]}},"_links":{"self":[{"href":"https:\/\/powder-products.com\/hu\/wp-json\/wp\/v2\/pages\/1030","targetHints":{"allow":["GET"]}}],"collection":[{"href":"https:\/\/powder-products.com\/hu\/wp-json\/wp\/v2\/pages"}],"about":[{"href":"https:\/\/powder-products.com\/hu\/wp-json\/wp\/v2\/types\/page"}],"author":[{"embeddable":true,"href":"https:\/\/powder-products.com\/hu\/wp-json\/wp\/v2\/users\/2"}],"replies":[{"embeddable":true,"href":"https:\/\/powder-products.com\/hu\/wp-json\/wp\/v2\/comments?post=1030"}],"version-history":[{"count":3,"href":"https:\/\/powder-products.com\/hu\/wp-json\/wp\/v2\/pages\/1030\/revisions"}],"predecessor-version":[{"id":1035,"href":"https:\/\/powder-products.com\/hu\/wp-json\/wp\/v2\/pages\/1030\/revisions\/1035"}],"wp:attachment":[{"href":"https:\/\/powder-products.com\/hu\/wp-json\/wp\/v2\/media?parent=1030"}],"curies":[{"name":"wp","href":"https:\/\/api.w.org\/{rel}","templated":true}]}}