{"id":1038,"date":"2024-04-11T08:18:25","date_gmt":"2024-04-11T08:18:25","guid":{"rendered":"https:\/\/acc91073.maxer.hu\/?page_id=1038"},"modified":"2024-04-11T08:42:05","modified_gmt":"2024-04-11T08:42:05","slug":"levesek","status":"publish","type":"page","link":"https:\/\/powder-products.com\/hu\/levesek\/","title":{"rendered":"Levesek"},"content":{"rendered":"\n<p>Pr\u00f3b\u00e1ld ki instant levesporainkat, amelyek ak\u00e1r gombnyom\u00e1sra, automat\u00e1b\u00f3l el\u00e9rhet\u0151ek. Term\u00e9kk\u00edn\u00e1latunkban megtal\u00e1lhat\u00f3 a klasszikus marha- vagy z\u00f6lds\u00e9gleves, de a k\u00fcl\u00f6nlegesebb \u00edzek is, mint a guly\u00e1s vagy a thai levesek. <\/p>\n","protected":false},"excerpt":{"rendered":"<p>Pr\u00f3b\u00e1ld ki instant levesporainkat, amelyek ak\u00e1r gombnyom\u00e1sra, automat\u00e1b\u00f3l el\u00e9rhet\u0151ek. Term\u00e9kk\u00edn\u00e1latunkban megtal\u00e1lhat\u00f3 a klasszikus marha- vagy z\u00f6lds\u00e9gleves, de a k\u00fcl\u00f6nlegesebb \u00edzek is, mint a guly\u00e1s vagy a thai levesek.<\/p>\n","protected":false},"author":2,"featured_media":0,"parent":0,"menu_order":0,"comment_status":"closed","ping_status":"closed","template":"","meta":{"footnotes":""},"class_list":["post-1038","page","type-page","status-publish","hentry"],"yoast_head":"<!-- This site is optimized with the Yoast SEO Premium plugin v25.6 (Yoast SEO v26.1.1) - https:\/\/yoast.com\/wordpress\/plugins\/seo\/ -->\n<title>Levesek - PPP Private Powder Products<\/title>\n<meta name=\"robots\" content=\"index, follow, max-snippet:-1, max-image-preview:large, max-video-preview:-1\" \/>\n<link rel=\"canonical\" href=\"https:\/\/powder-products.com\/hu\/levesek\/\" \/>\n<meta property=\"og:locale\" content=\"hu_HU\" \/>\n<meta property=\"og:type\" content=\"article\" \/>\n<meta property=\"og:title\" content=\"Levesek\" \/>\n<meta property=\"og:description\" content=\"Pr\u00f3b\u00e1ld ki instant levesporainkat, amelyek ak\u00e1r gombnyom\u00e1sra, automat\u00e1b\u00f3l el\u00e9rhet\u0151ek. Term\u00e9kk\u00edn\u00e1latunkban megtal\u00e1lhat\u00f3 a klasszikus marha- vagy z\u00f6lds\u00e9gleves, de a k\u00fcl\u00f6nlegesebb \u00edzek is, mint a guly\u00e1s vagy a thai levesek.\" \/>\n<meta property=\"og:url\" content=\"https:\/\/powder-products.com\/hu\/levesek\/\" \/>\n<meta property=\"og:site_name\" content=\"PPP Private Powder Products\" \/>\n<meta property=\"article:publisher\" content=\"https:\/\/www.facebook.com\/privatepowderproducts\" \/>\n<meta property=\"article:modified_time\" content=\"2024-04-11T08:42:05+00:00\" \/>\n<meta name=\"twitter:card\" content=\"summary_large_image\" \/>\n<script type=\"application\/ld+json\" class=\"yoast-schema-graph\">{\"@context\":\"https:\/\/schema.org\",\"@graph\":[{\"@type\":\"WebPage\",\"@id\":\"https:\/\/powder-products.com\/hu\/levesek\/\",\"url\":\"https:\/\/powder-products.com\/hu\/levesek\/\",\"name\":\"Levesek - PPP Private Powder Products\",\"isPartOf\":{\"@id\":\"https:\/\/powder-products.com\/hu\/#website\"},\"datePublished\":\"2024-04-11T08:18:25+00:00\",\"dateModified\":\"2024-04-11T08:42:05+00:00\",\"breadcrumb\":{\"@id\":\"https:\/\/powder-products.com\/hu\/levesek\/#breadcrumb\"},\"inLanguage\":\"hu\",\"potentialAction\":[{\"@type\":\"ReadAction\",\"target\":[\"https:\/\/powder-products.com\/hu\/levesek\/\"]}]},{\"@type\":\"BreadcrumbList\",\"@id\":\"https:\/\/powder-products.com\/hu\/levesek\/#breadcrumb\",\"itemListElement\":[{\"@type\":\"ListItem\",\"position\":1,\"name\":\"Home\",\"item\":\"https:\/\/powder-products.com\/hu\/\"},{\"@type\":\"ListItem\",\"position\":2,\"name\":\"Levesek\"}]},{\"@type\":\"WebSite\",\"@id\":\"https:\/\/powder-products.com\/hu\/#website\",\"url\":\"https:\/\/powder-products.com\/hu\/\",\"name\":\"PPP Private Powder Products\",\"description\":\"Powder based products according to your needs.\",\"publisher\":{\"@id\":\"https:\/\/powder-products.com\/hu\/#organization\"},\"potentialAction\":[{\"@type\":\"SearchAction\",\"target\":{\"@type\":\"EntryPoint\",\"urlTemplate\":\"https:\/\/powder-products.com\/hu\/?s={search_term_string}\"},\"query-input\":{\"@type\":\"PropertyValueSpecification\",\"valueRequired\":true,\"valueName\":\"search_term_string\"}}],\"inLanguage\":\"hu\"},{\"@type\":\"Organization\",\"@id\":\"https:\/\/powder-products.com\/hu\/#organization\",\"name\":\"PPP Private Powder Products\",\"url\":\"https:\/\/powder-products.com\/hu\/\",\"logo\":{\"@type\":\"ImageObject\",\"inLanguage\":\"hu\",\"@id\":\"https:\/\/powder-products.com\/hu\/#\/schema\/logo\/image\/\",\"url\":\"https:\/\/powder-products.com\/wp-content\/uploads\/2024\/02\/ppp_logo_new-01.png\",\"contentUrl\":\"https:\/\/powder-products.com\/wp-content\/uploads\/2024\/02\/ppp_logo_new-01.png\",\"width\":512,\"height\":202,\"caption\":\"PPP Private Powder Products\"},\"image\":{\"@id\":\"https:\/\/powder-products.com\/hu\/#\/schema\/logo\/image\/\"},\"sameAs\":[\"https:\/\/www.facebook.com\/privatepowderproducts\"]}]}<\/script>\n<!-- \/ Yoast SEO Premium plugin. -->","yoast_head_json":{"title":"Levesek - PPP Private Powder Products","robots":{"index":"index","follow":"follow","max-snippet":"max-snippet:-1","max-image-preview":"max-image-preview:large","max-video-preview":"max-video-preview:-1"},"canonical":"https:\/\/powder-products.com\/hu\/levesek\/","og_locale":"hu_HU","og_type":"article","og_title":"Levesek","og_description":"Pr\u00f3b\u00e1ld ki instant levesporainkat, amelyek ak\u00e1r gombnyom\u00e1sra, automat\u00e1b\u00f3l el\u00e9rhet\u0151ek. Term\u00e9kk\u00edn\u00e1latunkban megtal\u00e1lhat\u00f3 a klasszikus marha- vagy z\u00f6lds\u00e9gleves, de a k\u00fcl\u00f6nlegesebb \u00edzek is, mint a guly\u00e1s vagy a thai levesek.","og_url":"https:\/\/powder-products.com\/hu\/levesek\/","og_site_name":"PPP Private Powder Products","article_publisher":"https:\/\/www.facebook.com\/privatepowderproducts","article_modified_time":"2024-04-11T08:42:05+00:00","twitter_card":"summary_large_image","schema":{"@context":"https:\/\/schema.org","@graph":[{"@type":"WebPage","@id":"https:\/\/powder-products.com\/hu\/levesek\/","url":"https:\/\/powder-products.com\/hu\/levesek\/","name":"Levesek - PPP Private Powder Products","isPartOf":{"@id":"https:\/\/powder-products.com\/hu\/#website"},"datePublished":"2024-04-11T08:18:25+00:00","dateModified":"2024-04-11T08:42:05+00:00","breadcrumb":{"@id":"https:\/\/powder-products.com\/hu\/levesek\/#breadcrumb"},"inLanguage":"hu","potentialAction":[{"@type":"ReadAction","target":["https:\/\/powder-products.com\/hu\/levesek\/"]}]},{"@type":"BreadcrumbList","@id":"https:\/\/powder-products.com\/hu\/levesek\/#breadcrumb","itemListElement":[{"@type":"ListItem","position":1,"name":"Home","item":"https:\/\/powder-products.com\/hu\/"},{"@type":"ListItem","position":2,"name":"Levesek"}]},{"@type":"WebSite","@id":"https:\/\/powder-products.com\/hu\/#website","url":"https:\/\/powder-products.com\/hu\/","name":"PPP Private Powder Products","description":"Powder based products according to your needs.","publisher":{"@id":"https:\/\/powder-products.com\/hu\/#organization"},"potentialAction":[{"@type":"SearchAction","target":{"@type":"EntryPoint","urlTemplate":"https:\/\/powder-products.com\/hu\/?s={search_term_string}"},"query-input":{"@type":"PropertyValueSpecification","valueRequired":true,"valueName":"search_term_string"}}],"inLanguage":"hu"},{"@type":"Organization","@id":"https:\/\/powder-products.com\/hu\/#organization","name":"PPP Private Powder Products","url":"https:\/\/powder-products.com\/hu\/","logo":{"@type":"ImageObject","inLanguage":"hu","@id":"https:\/\/powder-products.com\/hu\/#\/schema\/logo\/image\/","url":"https:\/\/powder-products.com\/wp-content\/uploads\/2024\/02\/ppp_logo_new-01.png","contentUrl":"https:\/\/powder-products.com\/wp-content\/uploads\/2024\/02\/ppp_logo_new-01.png","width":512,"height":202,"caption":"PPP Private Powder Products"},"image":{"@id":"https:\/\/powder-products.com\/hu\/#\/schema\/logo\/image\/"},"sameAs":["https:\/\/www.facebook.com\/privatepowderproducts"]}]}},"_links":{"self":[{"href":"https:\/\/powder-products.com\/hu\/wp-json\/wp\/v2\/pages\/1038","targetHints":{"allow":["GET"]}}],"collection":[{"href":"https:\/\/powder-products.com\/hu\/wp-json\/wp\/v2\/pages"}],"about":[{"href":"https:\/\/powder-products.com\/hu\/wp-json\/wp\/v2\/types\/page"}],"author":[{"embeddable":true,"href":"https:\/\/powder-products.com\/hu\/wp-json\/wp\/v2\/users\/2"}],"replies":[{"embeddable":true,"href":"https:\/\/powder-products.com\/hu\/wp-json\/wp\/v2\/comments?post=1038"}],"version-history":[{"count":1,"href":"https:\/\/powder-products.com\/hu\/wp-json\/wp\/v2\/pages\/1038\/revisions"}],"predecessor-version":[{"id":1039,"href":"https:\/\/powder-products.com\/hu\/wp-json\/wp\/v2\/pages\/1038\/revisions\/1039"}],"wp:attachment":[{"href":"https:\/\/powder-products.com\/hu\/wp-json\/wp\/v2\/media?parent=1038"}],"curies":[{"name":"wp","href":"https:\/\/api.w.org\/{rel}","templated":true}]}}