{"id":1114,"date":"2024-05-30T05:59:04","date_gmt":"2024-05-30T05:59:04","guid":{"rendered":"https:\/\/powder-products.com\/ppp-onkentesseg-a-nevetnikek-alapitvany-szervezeseben\/"},"modified":"2024-05-30T05:59:04","modified_gmt":"2024-05-30T05:59:04","slug":"ppp-onkentesseg-a-nevetnikek-alapitvany-szervezeseben","status":"publish","type":"page","link":"https:\/\/powder-products.com\/hu\/ppp-onkentesseg-a-nevetnikek-alapitvany-szervezeseben\/","title":{"rendered":"PPP \u00f6nk\u00e9ntess\u00e9g a Nevetnik\u00e9k Alap\u00edtv\u00e1ny szervez\u00e9s\u00e9ben"},"content":{"rendered":"\n<p>2023 \u00e9v v\u00e9g\u00e9n c\u00e9g\u00fcnk anyagi seg\u00edts\u00e9ggel t\u00e1mogatta a Nevetnik\u00e9k Alap\u00edtv\u00e1nyt, mintegy k\u00f6z\u00f6s kar\u00e1csonyi aj\u00e1nd\u00e9kk\u00e9nt partnereinkt\u0151l \u00e9s t\u0151l\u00fcnk. <\/p>\n\n\n\n<p>Azonban egy\u00fcttm\u0171k\u00f6d\u00e9s\u00fcnk az alap\u00edtv\u00e1nnyal nem \u00e1llt meg. 2024 \u00e9v elej\u00e9n koll\u00e9g\u00e1ink csatlakoztak a Nevetnik\u00e9k csapat\u00e1hoz egy \u00faj \u00e9s szuper titkos projekt megval\u00f3s\u00edt\u00e1s\u00e1ban. <\/p>\n\n\n\n<p>A Nevetnik\u00e9k Alap\u00edtv\u00e1ny \u00e1ltal szervezett projekt c\u00e9lja az volt, hogy k\u00f6nny\u00edtsen a k\u00f3rh\u00e1zban tart\u00f3zkod\u00f3 gyermekek terhein, amennyire ez lehets\u00e9ges. <br>P\u00e9csen, ahol a PPP b\u00e1zisa is tal\u00e1lhat\u00f3, \u00e9ppen kialak\u00edt\u00e1s alatt volt egy \u00faj seb\u00e9szeti sz\u00e1rny a gyermekek r\u00e9sz\u00e9re, ide szervezett az alap\u00edtv\u00e1ny egy kreat\u00edv fest\u00e9szeti projektet, ahol P\u00e9cs nevezetess\u00e9geivel sz\u00ednes\u00edtett\u00e9k a k\u00f3rh\u00e1zfalakat. <\/p>\n\n\n\n<p>Koll\u00e9g\u00e1ink gondolkod\u00e1s n\u00e9lk\u00fcl csatlakoztak a j\u00f3 c\u00e9l \u00e9rdek\u00e9ben: b\u00e1r nem rendelkeztek semmilyen el\u0151zetes tapasztalattal a fest\u00e9s ter\u00fclet\u00e9n, j\u00f3t\u00e9kony lelkesed\u00e9s\u00fcknek k\u00f6sz\u00f6nhet\u0151en k\u00f6nnyen teljes\u00edtett\u00e9k a feladatot. <\/p>\n\n\n\n<p>Nagyon b\u00fcszk\u00e9k vagyunk, hogy r\u00e9szt vehett\u00fcnk a projektben \u00e9s sz\u00edvb\u0151l rem\u00e9lj\u00fck, hogy hozz\u00e1j\u00e1rultunk a k\u00f3rh\u00e1zi k\u00f6rnyezet bar\u00e1ts\u00e1gosabb\u00e1 t\u00e9tel\u00e9hez.<\/p>\n\n\n\n<figure class=\"wp-block-image size-large\"><img loading=\"lazy\" decoding=\"async\" width=\"1024\" height=\"768\" src=\"https:\/\/powder-products.com\/wp-content\/uploads\/2024\/05\/20240203_160535-1-1024x768.jpg\" alt=\"\" class=\"wp-image-1095\" srcset=\"https:\/\/powder-products.com\/wp-content\/uploads\/2024\/05\/20240203_160535-1-1024x768.jpg 1024w, https:\/\/powder-products.com\/wp-content\/uploads\/2024\/05\/20240203_160535-1-300x225.jpg 300w, https:\/\/powder-products.com\/wp-content\/uploads\/2024\/05\/20240203_160535-1-768x576.jpg 768w, https:\/\/powder-products.com\/wp-content\/uploads\/2024\/05\/20240203_160535-1-1536x1152.jpg 1536w, https:\/\/powder-products.com\/wp-content\/uploads\/2024\/05\/20240203_160535-1-2048x1536.jpg 2048w\" sizes=\"auto, (max-width: 767px) 89vw, (max-width: 1000px) 54vw, (max-width: 1071px) 543px, 580px\" \/><\/figure>\n\n\n\n<figure class=\"wp-block-image size-large\"><img loading=\"lazy\" decoding=\"async\" width=\"1024\" height=\"768\" src=\"https:\/\/powder-products.com\/wp-content\/uploads\/2024\/05\/20240203_163746-1024x768.jpg\" alt=\"\" class=\"wp-image-1098\" srcset=\"https:\/\/powder-products.com\/wp-content\/uploads\/2024\/05\/20240203_163746-1024x768.jpg 1024w, https:\/\/powder-products.com\/wp-content\/uploads\/2024\/05\/20240203_163746-300x225.jpg 300w, https:\/\/powder-products.com\/wp-content\/uploads\/2024\/05\/20240203_163746-768x576.jpg 768w, https:\/\/powder-products.com\/wp-content\/uploads\/2024\/05\/20240203_163746-1536x1152.jpg 1536w, https:\/\/powder-products.com\/wp-content\/uploads\/2024\/05\/20240203_163746-2048x1536.jpg 2048w\" sizes=\"auto, (max-width: 767px) 89vw, (max-width: 1000px) 54vw, (max-width: 1071px) 543px, 580px\" \/><\/figure>\n","protected":false},"excerpt":{"rendered":"<p>2023 \u00e9v v\u00e9g\u00e9n c\u00e9g\u00fcnk anyagi seg\u00edts\u00e9ggel t\u00e1mogatta a Nevetnik\u00e9k Alap\u00edtv\u00e1nyt, mintegy k\u00f6z\u00f6s kar\u00e1csonyi aj\u00e1nd\u00e9kk\u00e9nt partnereinkt\u0151l \u00e9s t\u0151l\u00fcnk. Azonban egy\u00fcttm\u0171k\u00f6d\u00e9s\u00fcnk az alap\u00edtv\u00e1nnyal nem \u00e1llt meg. 2024 \u00e9v elej\u00e9n koll\u00e9g\u00e1ink csatlakoztak a Nevetnik\u00e9k csapat\u00e1hoz egy \u00faj \u00e9s szuper titkos projekt megval\u00f3s\u00edt\u00e1s\u00e1ban. A Nevetnik\u00e9k Alap\u00edtv\u00e1ny \u00e1ltal szervezett projekt c\u00e9lja az volt, hogy k\u00f6nny\u00edtsen a k\u00f3rh\u00e1zban tart\u00f3zkod\u00f3 gyermekek terhein, &hellip; <\/p>\n<p class=\"link-more\"><a href=\"https:\/\/powder-products.com\/hu\/ppp-onkentesseg-a-nevetnikek-alapitvany-szervezeseben\/\" class=\"more-link\"><span class=\"screen-reader-text\">&#8222;PPP \u00f6nk\u00e9ntess\u00e9g a Nevetnik\u00e9k Alap\u00edtv\u00e1ny szervez\u00e9s\u00e9ben&#8221;<\/span> b\u0151vebben<\/a><\/p>\n","protected":false},"author":2,"featured_media":0,"parent":0,"menu_order":0,"comment_status":"closed","ping_status":"closed","template":"","meta":{"footnotes":""},"class_list":["post-1114","page","type-page","status-publish","hentry"],"yoast_head":"<!-- This site is optimized with the Yoast SEO Premium plugin v25.6 (Yoast SEO v26.1.1) - https:\/\/yoast.com\/wordpress\/plugins\/seo\/ -->\n<title>PPP \u00f6nk\u00e9ntess\u00e9g a Nevetnik\u00e9k Alap\u00edtv\u00e1ny szervez\u00e9s\u00e9ben - PPP Private Powder Products<\/title>\n<meta name=\"robots\" content=\"index, follow, max-snippet:-1, max-image-preview:large, max-video-preview:-1\" \/>\n<link rel=\"canonical\" href=\"https:\/\/powder-products.com\/hu\/ppp-onkentesseg-a-nevetnikek-alapitvany-szervezeseben\/\" \/>\n<meta property=\"og:locale\" content=\"hu_HU\" \/>\n<meta property=\"og:type\" content=\"article\" \/>\n<meta property=\"og:title\" content=\"PPP \u00f6nk\u00e9ntess\u00e9g a Nevetnik\u00e9k Alap\u00edtv\u00e1ny szervez\u00e9s\u00e9ben\" \/>\n<meta property=\"og:description\" content=\"2023 \u00e9v v\u00e9g\u00e9n c\u00e9g\u00fcnk anyagi seg\u00edts\u00e9ggel t\u00e1mogatta a Nevetnik\u00e9k Alap\u00edtv\u00e1nyt, mintegy k\u00f6z\u00f6s kar\u00e1csonyi aj\u00e1nd\u00e9kk\u00e9nt partnereinkt\u0151l \u00e9s t\u0151l\u00fcnk. Azonban egy\u00fcttm\u0171k\u00f6d\u00e9s\u00fcnk az alap\u00edtv\u00e1nnyal nem \u00e1llt meg. 2024 \u00e9v elej\u00e9n koll\u00e9g\u00e1ink csatlakoztak a Nevetnik\u00e9k csapat\u00e1hoz egy \u00faj \u00e9s szuper titkos projekt megval\u00f3s\u00edt\u00e1s\u00e1ban. A Nevetnik\u00e9k Alap\u00edtv\u00e1ny \u00e1ltal szervezett projekt c\u00e9lja az volt, hogy k\u00f6nny\u00edtsen a k\u00f3rh\u00e1zban tart\u00f3zkod\u00f3 gyermekek terhein, &hellip; &quot;PPP \u00f6nk\u00e9ntess\u00e9g a Nevetnik\u00e9k Alap\u00edtv\u00e1ny szervez\u00e9s\u00e9ben&quot; b\u0151vebben\" \/>\n<meta property=\"og:url\" content=\"https:\/\/powder-products.com\/hu\/ppp-onkentesseg-a-nevetnikek-alapitvany-szervezeseben\/\" \/>\n<meta property=\"og:site_name\" content=\"PPP Private Powder Products\" \/>\n<meta property=\"article:publisher\" content=\"https:\/\/www.facebook.com\/privatepowderproducts\" \/>\n<meta property=\"og:image\" content=\"https:\/\/powder-products.com\/wp-content\/uploads\/2024\/05\/20240203_160535-1-1024x768.jpg\" \/>\n<meta name=\"twitter:card\" content=\"summary_large_image\" \/>\n<meta name=\"twitter:label1\" content=\"Becs\u00fclt olvas\u00e1si id\u0151\" \/>\n\t<meta name=\"twitter:data1\" content=\"1 perc\" \/>\n<script type=\"application\/ld+json\" class=\"yoast-schema-graph\">{\"@context\":\"https:\/\/schema.org\",\"@graph\":[{\"@type\":\"WebPage\",\"@id\":\"https:\/\/powder-products.com\/hu\/ppp-onkentesseg-a-nevetnikek-alapitvany-szervezeseben\/\",\"url\":\"https:\/\/powder-products.com\/hu\/ppp-onkentesseg-a-nevetnikek-alapitvany-szervezeseben\/\",\"name\":\"PPP \u00f6nk\u00e9ntess\u00e9g a Nevetnik\u00e9k Alap\u00edtv\u00e1ny szervez\u00e9s\u00e9ben - PPP Private Powder Products\",\"isPartOf\":{\"@id\":\"https:\/\/powder-products.com\/hu\/#website\"},\"primaryImageOfPage\":{\"@id\":\"https:\/\/powder-products.com\/hu\/ppp-onkentesseg-a-nevetnikek-alapitvany-szervezeseben\/#primaryimage\"},\"image\":{\"@id\":\"https:\/\/powder-products.com\/hu\/ppp-onkentesseg-a-nevetnikek-alapitvany-szervezeseben\/#primaryimage\"},\"thumbnailUrl\":\"https:\/\/powder-products.com\/wp-content\/uploads\/2024\/05\/20240203_160535-1-1024x768.jpg\",\"datePublished\":\"2024-05-30T05:59:04+00:00\",\"breadcrumb\":{\"@id\":\"https:\/\/powder-products.com\/hu\/ppp-onkentesseg-a-nevetnikek-alapitvany-szervezeseben\/#breadcrumb\"},\"inLanguage\":\"hu\",\"potentialAction\":[{\"@type\":\"ReadAction\",\"target\":[\"https:\/\/powder-products.com\/hu\/ppp-onkentesseg-a-nevetnikek-alapitvany-szervezeseben\/\"]}]},{\"@type\":\"ImageObject\",\"inLanguage\":\"hu\",\"@id\":\"https:\/\/powder-products.com\/hu\/ppp-onkentesseg-a-nevetnikek-alapitvany-szervezeseben\/#primaryimage\",\"url\":\"https:\/\/powder-products.com\/wp-content\/uploads\/2024\/05\/20240203_160535-1-1024x768.jpg\",\"contentUrl\":\"https:\/\/powder-products.com\/wp-content\/uploads\/2024\/05\/20240203_160535-1-1024x768.jpg\"},{\"@type\":\"BreadcrumbList\",\"@id\":\"https:\/\/powder-products.com\/hu\/ppp-onkentesseg-a-nevetnikek-alapitvany-szervezeseben\/#breadcrumb\",\"itemListElement\":[{\"@type\":\"ListItem\",\"position\":1,\"name\":\"Home\",\"item\":\"https:\/\/powder-products.com\/hu\/\"},{\"@type\":\"ListItem\",\"position\":2,\"name\":\"PPP \u00f6nk\u00e9ntess\u00e9g a Nevetnik\u00e9k Alap\u00edtv\u00e1ny szervez\u00e9s\u00e9ben\"}]},{\"@type\":\"WebSite\",\"@id\":\"https:\/\/powder-products.com\/hu\/#website\",\"url\":\"https:\/\/powder-products.com\/hu\/\",\"name\":\"PPP Private Powder Products\",\"description\":\"Powder based products according to your needs.\",\"publisher\":{\"@id\":\"https:\/\/powder-products.com\/hu\/#organization\"},\"potentialAction\":[{\"@type\":\"SearchAction\",\"target\":{\"@type\":\"EntryPoint\",\"urlTemplate\":\"https:\/\/powder-products.com\/hu\/?s={search_term_string}\"},\"query-input\":{\"@type\":\"PropertyValueSpecification\",\"valueRequired\":true,\"valueName\":\"search_term_string\"}}],\"inLanguage\":\"hu\"},{\"@type\":\"Organization\",\"@id\":\"https:\/\/powder-products.com\/hu\/#organization\",\"name\":\"PPP Private Powder Products\",\"url\":\"https:\/\/powder-products.com\/hu\/\",\"logo\":{\"@type\":\"ImageObject\",\"inLanguage\":\"hu\",\"@id\":\"https:\/\/powder-products.com\/hu\/#\/schema\/logo\/image\/\",\"url\":\"https:\/\/powder-products.com\/wp-content\/uploads\/2024\/02\/ppp_logo_new-01.png\",\"contentUrl\":\"https:\/\/powder-products.com\/wp-content\/uploads\/2024\/02\/ppp_logo_new-01.png\",\"width\":512,\"height\":202,\"caption\":\"PPP Private Powder Products\"},\"image\":{\"@id\":\"https:\/\/powder-products.com\/hu\/#\/schema\/logo\/image\/\"},\"sameAs\":[\"https:\/\/www.facebook.com\/privatepowderproducts\"]}]}<\/script>\n<!-- \/ Yoast SEO Premium plugin. -->","yoast_head_json":{"title":"PPP \u00f6nk\u00e9ntess\u00e9g a Nevetnik\u00e9k Alap\u00edtv\u00e1ny szervez\u00e9s\u00e9ben - PPP Private Powder Products","robots":{"index":"index","follow":"follow","max-snippet":"max-snippet:-1","max-image-preview":"max-image-preview:large","max-video-preview":"max-video-preview:-1"},"canonical":"https:\/\/powder-products.com\/hu\/ppp-onkentesseg-a-nevetnikek-alapitvany-szervezeseben\/","og_locale":"hu_HU","og_type":"article","og_title":"PPP \u00f6nk\u00e9ntess\u00e9g a Nevetnik\u00e9k Alap\u00edtv\u00e1ny szervez\u00e9s\u00e9ben","og_description":"2023 \u00e9v v\u00e9g\u00e9n c\u00e9g\u00fcnk anyagi seg\u00edts\u00e9ggel t\u00e1mogatta a Nevetnik\u00e9k Alap\u00edtv\u00e1nyt, mintegy k\u00f6z\u00f6s kar\u00e1csonyi aj\u00e1nd\u00e9kk\u00e9nt partnereinkt\u0151l \u00e9s t\u0151l\u00fcnk. Azonban egy\u00fcttm\u0171k\u00f6d\u00e9s\u00fcnk az alap\u00edtv\u00e1nnyal nem \u00e1llt meg. 2024 \u00e9v elej\u00e9n koll\u00e9g\u00e1ink csatlakoztak a Nevetnik\u00e9k csapat\u00e1hoz egy \u00faj \u00e9s szuper titkos projekt megval\u00f3s\u00edt\u00e1s\u00e1ban. A Nevetnik\u00e9k Alap\u00edtv\u00e1ny \u00e1ltal szervezett projekt c\u00e9lja az volt, hogy k\u00f6nny\u00edtsen a k\u00f3rh\u00e1zban tart\u00f3zkod\u00f3 gyermekek terhein, &hellip; \"PPP \u00f6nk\u00e9ntess\u00e9g a Nevetnik\u00e9k Alap\u00edtv\u00e1ny szervez\u00e9s\u00e9ben\" b\u0151vebben","og_url":"https:\/\/powder-products.com\/hu\/ppp-onkentesseg-a-nevetnikek-alapitvany-szervezeseben\/","og_site_name":"PPP Private Powder Products","article_publisher":"https:\/\/www.facebook.com\/privatepowderproducts","og_image":[{"url":"https:\/\/powder-products.com\/wp-content\/uploads\/2024\/05\/20240203_160535-1-1024x768.jpg","type":"","width":"","height":""}],"twitter_card":"summary_large_image","twitter_misc":{"Becs\u00fclt olvas\u00e1si id\u0151":"1 perc"},"schema":{"@context":"https:\/\/schema.org","@graph":[{"@type":"WebPage","@id":"https:\/\/powder-products.com\/hu\/ppp-onkentesseg-a-nevetnikek-alapitvany-szervezeseben\/","url":"https:\/\/powder-products.com\/hu\/ppp-onkentesseg-a-nevetnikek-alapitvany-szervezeseben\/","name":"PPP \u00f6nk\u00e9ntess\u00e9g a Nevetnik\u00e9k Alap\u00edtv\u00e1ny szervez\u00e9s\u00e9ben - PPP Private Powder Products","isPartOf":{"@id":"https:\/\/powder-products.com\/hu\/#website"},"primaryImageOfPage":{"@id":"https:\/\/powder-products.com\/hu\/ppp-onkentesseg-a-nevetnikek-alapitvany-szervezeseben\/#primaryimage"},"image":{"@id":"https:\/\/powder-products.com\/hu\/ppp-onkentesseg-a-nevetnikek-alapitvany-szervezeseben\/#primaryimage"},"thumbnailUrl":"https:\/\/powder-products.com\/wp-content\/uploads\/2024\/05\/20240203_160535-1-1024x768.jpg","datePublished":"2024-05-30T05:59:04+00:00","breadcrumb":{"@id":"https:\/\/powder-products.com\/hu\/ppp-onkentesseg-a-nevetnikek-alapitvany-szervezeseben\/#breadcrumb"},"inLanguage":"hu","potentialAction":[{"@type":"ReadAction","target":["https:\/\/powder-products.com\/hu\/ppp-onkentesseg-a-nevetnikek-alapitvany-szervezeseben\/"]}]},{"@type":"ImageObject","inLanguage":"hu","@id":"https:\/\/powder-products.com\/hu\/ppp-onkentesseg-a-nevetnikek-alapitvany-szervezeseben\/#primaryimage","url":"https:\/\/powder-products.com\/wp-content\/uploads\/2024\/05\/20240203_160535-1-1024x768.jpg","contentUrl":"https:\/\/powder-products.com\/wp-content\/uploads\/2024\/05\/20240203_160535-1-1024x768.jpg"},{"@type":"BreadcrumbList","@id":"https:\/\/powder-products.com\/hu\/ppp-onkentesseg-a-nevetnikek-alapitvany-szervezeseben\/#breadcrumb","itemListElement":[{"@type":"ListItem","position":1,"name":"Home","item":"https:\/\/powder-products.com\/hu\/"},{"@type":"ListItem","position":2,"name":"PPP \u00f6nk\u00e9ntess\u00e9g a Nevetnik\u00e9k Alap\u00edtv\u00e1ny szervez\u00e9s\u00e9ben"}]},{"@type":"WebSite","@id":"https:\/\/powder-products.com\/hu\/#website","url":"https:\/\/powder-products.com\/hu\/","name":"PPP Private Powder Products","description":"Powder based products according to your needs.","publisher":{"@id":"https:\/\/powder-products.com\/hu\/#organization"},"potentialAction":[{"@type":"SearchAction","target":{"@type":"EntryPoint","urlTemplate":"https:\/\/powder-products.com\/hu\/?s={search_term_string}"},"query-input":{"@type":"PropertyValueSpecification","valueRequired":true,"valueName":"search_term_string"}}],"inLanguage":"hu"},{"@type":"Organization","@id":"https:\/\/powder-products.com\/hu\/#organization","name":"PPP Private Powder Products","url":"https:\/\/powder-products.com\/hu\/","logo":{"@type":"ImageObject","inLanguage":"hu","@id":"https:\/\/powder-products.com\/hu\/#\/schema\/logo\/image\/","url":"https:\/\/powder-products.com\/wp-content\/uploads\/2024\/02\/ppp_logo_new-01.png","contentUrl":"https:\/\/powder-products.com\/wp-content\/uploads\/2024\/02\/ppp_logo_new-01.png","width":512,"height":202,"caption":"PPP Private Powder Products"},"image":{"@id":"https:\/\/powder-products.com\/hu\/#\/schema\/logo\/image\/"},"sameAs":["https:\/\/www.facebook.com\/privatepowderproducts"]}]}},"_links":{"self":[{"href":"https:\/\/powder-products.com\/hu\/wp-json\/wp\/v2\/pages\/1114","targetHints":{"allow":["GET"]}}],"collection":[{"href":"https:\/\/powder-products.com\/hu\/wp-json\/wp\/v2\/pages"}],"about":[{"href":"https:\/\/powder-products.com\/hu\/wp-json\/wp\/v2\/types\/page"}],"author":[{"embeddable":true,"href":"https:\/\/powder-products.com\/hu\/wp-json\/wp\/v2\/users\/2"}],"replies":[{"embeddable":true,"href":"https:\/\/powder-products.com\/hu\/wp-json\/wp\/v2\/comments?post=1114"}],"version-history":[{"count":0,"href":"https:\/\/powder-products.com\/hu\/wp-json\/wp\/v2\/pages\/1114\/revisions"}],"wp:attachment":[{"href":"https:\/\/powder-products.com\/hu\/wp-json\/wp\/v2\/media?parent=1114"}],"curies":[{"name":"wp","href":"https:\/\/api.w.org\/{rel}","templated":true}]}}