{"id":1184,"date":"2024-07-09T09:11:51","date_gmt":"2024-07-09T09:11:51","guid":{"rendered":"https:\/\/powder-products.com\/uj-technologiak-a-por-alapu-elelmiszer-gyartasban\/"},"modified":"2024-07-09T09:11:51","modified_gmt":"2024-07-09T09:11:51","slug":"uj-technologiak-a-por-alapu-elelmiszer-gyartasban","status":"publish","type":"page","link":"https:\/\/powder-products.com\/hu\/uj-technologiak-a-por-alapu-elelmiszer-gyartasban\/","title":{"rendered":"\u00daj technol\u00f3gi\u00e1k a por alap\u00fa \u00e9lelmiszer gy\u00e1rt\u00e1sban"},"content":{"rendered":"\n<p>C\u00e9g\u00fcnk siker\u00e9nek egyik kulcsa, hogy folyamatosan l\u00e9p\u00e9st tartunk az \u00e9lelmiszeripart \u00e9rint\u0151 fejleszt\u00e9sekkel. Bels\u0151- \u00e9s k\u00fcls\u0151 tr\u00e9ningeken vesznek r\u00e9szt koll\u00e9g\u00e1ink, k\u00fcl\u00f6nb\u00f6z\u0151 ter\u00fcleteken k\u00e9pezz\u00fck magunkat, hogy a legkiv\u00e1l\u00f3bb min\u0151s\u00e9gben szolg\u00e1lhassuk ki partnereinket.<br>Ez\u00fattal egy d\u00e1n szak\u00e9rt\u0151 j\u00e1rt n\u00e1lunk egy t\u00f6bb napos k\u00e9pz\u00e9s keretein bel\u00fcl, ahol megismerkedt\u00fcnk a por alap\u00fa \u00e9lelmiszerek leg\u00fajabb gy\u00e1rt\u00e1stechnol\u00f3giai elj\u00e1r\u00e1saival.<\/p>\n\n\n\n<figure class=\"wp-block-image size-large\"><img loading=\"lazy\" decoding=\"async\" width=\"1024\" height=\"826\" src=\"https:\/\/powder-products.com\/wp-content\/uploads\/2024\/07\/internal-trainingcrop-1024x826.jpg\" alt=\"\" class=\"wp-image-1177\" srcset=\"https:\/\/powder-products.com\/wp-content\/uploads\/2024\/07\/internal-trainingcrop-1024x826.jpg 1024w, https:\/\/powder-products.com\/wp-content\/uploads\/2024\/07\/internal-trainingcrop-300x242.jpg 300w, https:\/\/powder-products.com\/wp-content\/uploads\/2024\/07\/internal-trainingcrop-768x620.jpg 768w, https:\/\/powder-products.com\/wp-content\/uploads\/2024\/07\/internal-trainingcrop.jpg 1512w\" sizes=\"auto, (max-width: 767px) 89vw, (max-width: 1000px) 54vw, (max-width: 1071px) 543px, 580px\" \/><\/figure>\n","protected":false},"excerpt":{"rendered":"<p>C\u00e9g\u00fcnk siker\u00e9nek egyik kulcsa, hogy folyamatosan l\u00e9p\u00e9st tartunk az \u00e9lelmiszeripart \u00e9rint\u0151 fejleszt\u00e9sekkel. Bels\u0151- \u00e9s k\u00fcls\u0151 tr\u00e9ningeken vesznek r\u00e9szt koll\u00e9g\u00e1ink, k\u00fcl\u00f6nb\u00f6z\u0151 ter\u00fcleteken k\u00e9pezz\u00fck magunkat, hogy a legkiv\u00e1l\u00f3bb min\u0151s\u00e9gben szolg\u00e1lhassuk ki partnereinket.Ez\u00fattal egy d\u00e1n szak\u00e9rt\u0151 j\u00e1rt n\u00e1lunk egy t\u00f6bb napos k\u00e9pz\u00e9s keretein bel\u00fcl, ahol megismerkedt\u00fcnk a por alap\u00fa \u00e9lelmiszerek leg\u00fajabb gy\u00e1rt\u00e1stechnol\u00f3giai elj\u00e1r\u00e1saival.<\/p>\n","protected":false},"author":2,"featured_media":0,"parent":0,"menu_order":0,"comment_status":"closed","ping_status":"closed","template":"","meta":{"footnotes":""},"class_list":["post-1184","page","type-page","status-publish","hentry"],"yoast_head":"<!-- This site is optimized with the Yoast SEO Premium plugin v25.6 (Yoast SEO v26.1.1) - https:\/\/yoast.com\/wordpress\/plugins\/seo\/ -->\n<title>\u00daj technol\u00f3gi\u00e1k a por alap\u00fa \u00e9lelmiszer gy\u00e1rt\u00e1sban - PPP Private Powder Products<\/title>\n<meta name=\"robots\" content=\"index, follow, max-snippet:-1, max-image-preview:large, max-video-preview:-1\" \/>\n<link rel=\"canonical\" href=\"https:\/\/powder-products.com\/new-technologies-in-powder-based-food-production\/\" \/>\n<meta property=\"og:locale\" content=\"hu_HU\" \/>\n<meta property=\"og:type\" content=\"article\" \/>\n<meta property=\"og:title\" content=\"\u00daj technol\u00f3gi\u00e1k a por alap\u00fa \u00e9lelmiszer gy\u00e1rt\u00e1sban\" \/>\n<meta property=\"og:description\" content=\"C\u00e9g\u00fcnk siker\u00e9nek egyik kulcsa, hogy folyamatosan l\u00e9p\u00e9st tartunk az \u00e9lelmiszeripart \u00e9rint\u0151 fejleszt\u00e9sekkel. Bels\u0151- \u00e9s k\u00fcls\u0151 tr\u00e9ningeken vesznek r\u00e9szt koll\u00e9g\u00e1ink, k\u00fcl\u00f6nb\u00f6z\u0151 ter\u00fcleteken k\u00e9pezz\u00fck magunkat, hogy a legkiv\u00e1l\u00f3bb min\u0151s\u00e9gben szolg\u00e1lhassuk ki partnereinket.Ez\u00fattal egy d\u00e1n szak\u00e9rt\u0151 j\u00e1rt n\u00e1lunk egy t\u00f6bb napos k\u00e9pz\u00e9s keretein bel\u00fcl, ahol megismerkedt\u00fcnk a por alap\u00fa \u00e9lelmiszerek leg\u00fajabb gy\u00e1rt\u00e1stechnol\u00f3giai elj\u00e1r\u00e1saival.\" \/>\n<meta property=\"og:url\" content=\"https:\/\/powder-products.com\/new-technologies-in-powder-based-food-production\/\" \/>\n<meta property=\"og:site_name\" content=\"PPP Private Powder Products\" \/>\n<meta property=\"article:publisher\" content=\"https:\/\/www.facebook.com\/privatepowderproducts\" \/>\n<meta property=\"og:image\" content=\"https:\/\/powder-products.com\/wp-content\/uploads\/2024\/07\/internal-trainingcrop-1024x826.jpg\" \/>\n<meta name=\"twitter:card\" content=\"summary_large_image\" \/>\n<script type=\"application\/ld+json\" class=\"yoast-schema-graph\">{\"@context\":\"https:\/\/schema.org\",\"@graph\":[{\"@type\":\"WebPage\",\"@id\":\"https:\/\/powder-products.com\/new-technologies-in-powder-based-food-production\/\",\"url\":\"https:\/\/powder-products.com\/new-technologies-in-powder-based-food-production\/\",\"name\":\"\u00daj technol\u00f3gi\u00e1k a por alap\u00fa \u00e9lelmiszer gy\u00e1rt\u00e1sban - PPP Private Powder Products\",\"isPartOf\":{\"@id\":\"https:\/\/powder-products.com\/hu\/#website\"},\"primaryImageOfPage\":{\"@id\":\"https:\/\/powder-products.com\/new-technologies-in-powder-based-food-production\/#primaryimage\"},\"image\":{\"@id\":\"https:\/\/powder-products.com\/new-technologies-in-powder-based-food-production\/#primaryimage\"},\"thumbnailUrl\":\"https:\/\/powder-products.com\/wp-content\/uploads\/2024\/07\/internal-trainingcrop-1024x826.jpg\",\"datePublished\":\"2024-07-09T09:11:51+00:00\",\"breadcrumb\":{\"@id\":\"https:\/\/powder-products.com\/new-technologies-in-powder-based-food-production\/#breadcrumb\"},\"inLanguage\":\"hu\",\"potentialAction\":[{\"@type\":\"ReadAction\",\"target\":[\"https:\/\/powder-products.com\/new-technologies-in-powder-based-food-production\/\"]}]},{\"@type\":\"ImageObject\",\"inLanguage\":\"hu\",\"@id\":\"https:\/\/powder-products.com\/new-technologies-in-powder-based-food-production\/#primaryimage\",\"url\":\"https:\/\/powder-products.com\/wp-content\/uploads\/2024\/07\/internal-trainingcrop-1024x826.jpg\",\"contentUrl\":\"https:\/\/powder-products.com\/wp-content\/uploads\/2024\/07\/internal-trainingcrop-1024x826.jpg\"},{\"@type\":\"BreadcrumbList\",\"@id\":\"https:\/\/powder-products.com\/new-technologies-in-powder-based-food-production\/#breadcrumb\",\"itemListElement\":[{\"@type\":\"ListItem\",\"position\":1,\"name\":\"Home\",\"item\":\"https:\/\/powder-products.com\/hu\/\"},{\"@type\":\"ListItem\",\"position\":2,\"name\":\"\u00daj technol\u00f3gi\u00e1k a por alap\u00fa \u00e9lelmiszer gy\u00e1rt\u00e1sban\"}]},{\"@type\":\"WebSite\",\"@id\":\"https:\/\/powder-products.com\/hu\/#website\",\"url\":\"https:\/\/powder-products.com\/hu\/\",\"name\":\"PPP Private Powder Products\",\"description\":\"Powder based products according to your needs.\",\"publisher\":{\"@id\":\"https:\/\/powder-products.com\/hu\/#organization\"},\"potentialAction\":[{\"@type\":\"SearchAction\",\"target\":{\"@type\":\"EntryPoint\",\"urlTemplate\":\"https:\/\/powder-products.com\/hu\/?s={search_term_string}\"},\"query-input\":{\"@type\":\"PropertyValueSpecification\",\"valueRequired\":true,\"valueName\":\"search_term_string\"}}],\"inLanguage\":\"hu\"},{\"@type\":\"Organization\",\"@id\":\"https:\/\/powder-products.com\/hu\/#organization\",\"name\":\"PPP Private Powder Products\",\"url\":\"https:\/\/powder-products.com\/hu\/\",\"logo\":{\"@type\":\"ImageObject\",\"inLanguage\":\"hu\",\"@id\":\"https:\/\/powder-products.com\/hu\/#\/schema\/logo\/image\/\",\"url\":\"https:\/\/powder-products.com\/wp-content\/uploads\/2024\/02\/ppp_logo_new-01.png\",\"contentUrl\":\"https:\/\/powder-products.com\/wp-content\/uploads\/2024\/02\/ppp_logo_new-01.png\",\"width\":512,\"height\":202,\"caption\":\"PPP Private Powder Products\"},\"image\":{\"@id\":\"https:\/\/powder-products.com\/hu\/#\/schema\/logo\/image\/\"},\"sameAs\":[\"https:\/\/www.facebook.com\/privatepowderproducts\"]}]}<\/script>\n<!-- \/ Yoast SEO Premium plugin. -->","yoast_head_json":{"title":"\u00daj technol\u00f3gi\u00e1k a por alap\u00fa \u00e9lelmiszer gy\u00e1rt\u00e1sban - PPP Private Powder Products","robots":{"index":"index","follow":"follow","max-snippet":"max-snippet:-1","max-image-preview":"max-image-preview:large","max-video-preview":"max-video-preview:-1"},"canonical":"https:\/\/powder-products.com\/new-technologies-in-powder-based-food-production\/","og_locale":"hu_HU","og_type":"article","og_title":"\u00daj technol\u00f3gi\u00e1k a por alap\u00fa \u00e9lelmiszer gy\u00e1rt\u00e1sban","og_description":"C\u00e9g\u00fcnk siker\u00e9nek egyik kulcsa, hogy folyamatosan l\u00e9p\u00e9st tartunk az \u00e9lelmiszeripart \u00e9rint\u0151 fejleszt\u00e9sekkel. Bels\u0151- \u00e9s k\u00fcls\u0151 tr\u00e9ningeken vesznek r\u00e9szt koll\u00e9g\u00e1ink, k\u00fcl\u00f6nb\u00f6z\u0151 ter\u00fcleteken k\u00e9pezz\u00fck magunkat, hogy a legkiv\u00e1l\u00f3bb min\u0151s\u00e9gben szolg\u00e1lhassuk ki partnereinket.Ez\u00fattal egy d\u00e1n szak\u00e9rt\u0151 j\u00e1rt n\u00e1lunk egy t\u00f6bb napos k\u00e9pz\u00e9s keretein bel\u00fcl, ahol megismerkedt\u00fcnk a por alap\u00fa \u00e9lelmiszerek leg\u00fajabb gy\u00e1rt\u00e1stechnol\u00f3giai elj\u00e1r\u00e1saival.","og_url":"https:\/\/powder-products.com\/new-technologies-in-powder-based-food-production\/","og_site_name":"PPP Private Powder Products","article_publisher":"https:\/\/www.facebook.com\/privatepowderproducts","og_image":[{"url":"https:\/\/powder-products.com\/wp-content\/uploads\/2024\/07\/internal-trainingcrop-1024x826.jpg","type":"","width":"","height":""}],"twitter_card":"summary_large_image","schema":{"@context":"https:\/\/schema.org","@graph":[{"@type":"WebPage","@id":"https:\/\/powder-products.com\/new-technologies-in-powder-based-food-production\/","url":"https:\/\/powder-products.com\/new-technologies-in-powder-based-food-production\/","name":"\u00daj technol\u00f3gi\u00e1k a por alap\u00fa \u00e9lelmiszer gy\u00e1rt\u00e1sban - PPP Private Powder Products","isPartOf":{"@id":"https:\/\/powder-products.com\/hu\/#website"},"primaryImageOfPage":{"@id":"https:\/\/powder-products.com\/new-technologies-in-powder-based-food-production\/#primaryimage"},"image":{"@id":"https:\/\/powder-products.com\/new-technologies-in-powder-based-food-production\/#primaryimage"},"thumbnailUrl":"https:\/\/powder-products.com\/wp-content\/uploads\/2024\/07\/internal-trainingcrop-1024x826.jpg","datePublished":"2024-07-09T09:11:51+00:00","breadcrumb":{"@id":"https:\/\/powder-products.com\/new-technologies-in-powder-based-food-production\/#breadcrumb"},"inLanguage":"hu","potentialAction":[{"@type":"ReadAction","target":["https:\/\/powder-products.com\/new-technologies-in-powder-based-food-production\/"]}]},{"@type":"ImageObject","inLanguage":"hu","@id":"https:\/\/powder-products.com\/new-technologies-in-powder-based-food-production\/#primaryimage","url":"https:\/\/powder-products.com\/wp-content\/uploads\/2024\/07\/internal-trainingcrop-1024x826.jpg","contentUrl":"https:\/\/powder-products.com\/wp-content\/uploads\/2024\/07\/internal-trainingcrop-1024x826.jpg"},{"@type":"BreadcrumbList","@id":"https:\/\/powder-products.com\/new-technologies-in-powder-based-food-production\/#breadcrumb","itemListElement":[{"@type":"ListItem","position":1,"name":"Home","item":"https:\/\/powder-products.com\/hu\/"},{"@type":"ListItem","position":2,"name":"\u00daj technol\u00f3gi\u00e1k a por alap\u00fa \u00e9lelmiszer gy\u00e1rt\u00e1sban"}]},{"@type":"WebSite","@id":"https:\/\/powder-products.com\/hu\/#website","url":"https:\/\/powder-products.com\/hu\/","name":"PPP Private Powder Products","description":"Powder based products according to your needs.","publisher":{"@id":"https:\/\/powder-products.com\/hu\/#organization"},"potentialAction":[{"@type":"SearchAction","target":{"@type":"EntryPoint","urlTemplate":"https:\/\/powder-products.com\/hu\/?s={search_term_string}"},"query-input":{"@type":"PropertyValueSpecification","valueRequired":true,"valueName":"search_term_string"}}],"inLanguage":"hu"},{"@type":"Organization","@id":"https:\/\/powder-products.com\/hu\/#organization","name":"PPP Private Powder Products","url":"https:\/\/powder-products.com\/hu\/","logo":{"@type":"ImageObject","inLanguage":"hu","@id":"https:\/\/powder-products.com\/hu\/#\/schema\/logo\/image\/","url":"https:\/\/powder-products.com\/wp-content\/uploads\/2024\/02\/ppp_logo_new-01.png","contentUrl":"https:\/\/powder-products.com\/wp-content\/uploads\/2024\/02\/ppp_logo_new-01.png","width":512,"height":202,"caption":"PPP Private Powder Products"},"image":{"@id":"https:\/\/powder-products.com\/hu\/#\/schema\/logo\/image\/"},"sameAs":["https:\/\/www.facebook.com\/privatepowderproducts"]}]}},"_links":{"self":[{"href":"https:\/\/powder-products.com\/hu\/wp-json\/wp\/v2\/pages\/1184","targetHints":{"allow":["GET"]}}],"collection":[{"href":"https:\/\/powder-products.com\/hu\/wp-json\/wp\/v2\/pages"}],"about":[{"href":"https:\/\/powder-products.com\/hu\/wp-json\/wp\/v2\/types\/page"}],"author":[{"embeddable":true,"href":"https:\/\/powder-products.com\/hu\/wp-json\/wp\/v2\/users\/2"}],"replies":[{"embeddable":true,"href":"https:\/\/powder-products.com\/hu\/wp-json\/wp\/v2\/comments?post=1184"}],"version-history":[{"count":0,"href":"https:\/\/powder-products.com\/hu\/wp-json\/wp\/v2\/pages\/1184\/revisions"}],"wp:attachment":[{"href":"https:\/\/powder-products.com\/hu\/wp-json\/wp\/v2\/media?parent=1184"}],"curies":[{"name":"wp","href":"https:\/\/api.w.org\/{rel}","templated":true}]}}