{"id":1253,"date":"2024-09-12T07:27:41","date_gmt":"2024-09-12T07:27:41","guid":{"rendered":"https:\/\/powder-products.com\/akadalymentes-turizmus-napja-2024\/"},"modified":"2024-09-12T07:27:41","modified_gmt":"2024-09-12T07:27:41","slug":"akadalymentes-turizmus-napja-2024","status":"publish","type":"page","link":"https:\/\/powder-products.com\/hu\/akadalymentes-turizmus-napja-2024\/","title":{"rendered":"Akad\u00e1lymentes Turizmus Napja, 2024"},"content":{"rendered":"\n<div class=\"wp-block-media-text is-stacked-on-mobile\"><figure class=\"wp-block-media-text__media\"><img loading=\"lazy\" decoding=\"async\" width=\"1024\" height=\"768\" src=\"https:\/\/powder-products.com\/wp-content\/uploads\/2024\/09\/3-1024x768.jpg\" alt=\"\" class=\"wp-image-1246 size-full\" srcset=\"https:\/\/powder-products.com\/wp-content\/uploads\/2024\/09\/3-1024x768.jpg 1024w, https:\/\/powder-products.com\/wp-content\/uploads\/2024\/09\/3-300x225.jpg 300w, https:\/\/powder-products.com\/wp-content\/uploads\/2024\/09\/3-768x576.jpg 768w, https:\/\/powder-products.com\/wp-content\/uploads\/2024\/09\/3-1536x1152.jpg 1536w, https:\/\/powder-products.com\/wp-content\/uploads\/2024\/09\/3.jpg 2016w\" sizes=\"auto, (max-width: 767px) 89vw, (max-width: 1000px) 54vw, (max-width: 1071px) 543px, 580px\" \/><\/figure><div class=\"wp-block-media-text__content\">\n<p>C\u00e9g\u00fcnk id\u00e9n kiemelt t\u00e1mogat\u00f3k\u00e9nt volt jelen szeptember 7.-\u00e9n, a 8. alkalommal megrendez\u00e9sre ker\u00fcl\u0151 Akad\u00e1lymentes Turizmus Napja-n , Orf\u0171n. Koll\u00e9g\u00e1ink \u00f6nk\u00e9ntes munk\u00e1jukkal is t\u00e1mogatt\u00e1k a rendezv\u00e9nyt, ahol a l\u00e1togat\u00f3k a PPP Friss\u00edt\u0151 Pontokon Wonderful hidegital term\u00e9keink k\u00f6z\u00fcl v\u00e1logathattak. <\/p>\n<\/div><\/div>\n\n\n\n<p>Term\u00e9szetesen kabal\u00e1nkat, a PPP tehenet sem hagytuk otthon, a t\u00f3parton v\u00e1rta k\u00e9nyelmes szalmab\u00e1l\u00e1kkal \u00e9s \u00e1rny\u00e9kkal a megpihenni v\u00e1gy\u00f3kat.<\/p>\n\n\n\n<p>Az Akad\u00e1lymentes Napon val\u00f3 r\u00e9szv\u00e9tel nem csak a seg\u00edts\u00e9gny\u00fajt\u00e1s okozta j\u00f3 \u00e9rz\u00e9st eredm\u00e9nyezte koll\u00e9g\u00e1ink sz\u00e1m\u00e1ra, \u00f6nk\u00e9nteseink megtapasztalhatt\u00e1k azt is, milyen csapatform\u00e1l\u00f3 er\u0151vel b\u00edr az \u00f6nzetlen\u00fcl v\u00e9gzett k\u00f6z\u00f6ss\u00e9gi munka. Hisz\u00fcnk benne, hogy a seg\u00edts\u00e9g, legyen sz\u00f3 ak\u00e1r anyagi, fizikai vagy strat\u00e9giai t\u00e1mogat\u00e1sr\u00f3l, komoly k\u00f6z\u00f6ss\u00e9gform\u00e1l\u00f3 er\u0151vel b\u00edr, ez\u00e9rt keress\u00fck id\u0151r\u0151l id\u0151re a lehet\u0151s\u00e9get, hogy t\u00e1mogat\u00f3k\u00e9nt k\u00f6nny\u00edthess\u00fck v\u00e1rosunk egyes\u00fcleteinek munk\u00e1j\u00e1t. <\/p>\n\n\n\n<figure class=\"wp-block-image size-large\"><img loading=\"lazy\" decoding=\"async\" width=\"1024\" height=\"768\" src=\"https:\/\/powder-products.com\/wp-content\/uploads\/2024\/09\/1-1024x768.jpg\" alt=\"\" class=\"wp-image-1249\" srcset=\"https:\/\/powder-products.com\/wp-content\/uploads\/2024\/09\/1-1024x768.jpg 1024w, https:\/\/powder-products.com\/wp-content\/uploads\/2024\/09\/1-300x225.jpg 300w, https:\/\/powder-products.com\/wp-content\/uploads\/2024\/09\/1-768x576.jpg 768w, https:\/\/powder-products.com\/wp-content\/uploads\/2024\/09\/1-1536x1152.jpg 1536w, https:\/\/powder-products.com\/wp-content\/uploads\/2024\/09\/1.jpg 2016w\" sizes=\"auto, (max-width: 767px) 89vw, (max-width: 1000px) 54vw, (max-width: 1071px) 543px, 580px\" \/><\/figure>\n","protected":false},"excerpt":{"rendered":"<p>C\u00e9g\u00fcnk id\u00e9n kiemelt t\u00e1mogat\u00f3k\u00e9nt volt jelen szeptember 7.-\u00e9n, a 8. alkalommal megrendez\u00e9sre ker\u00fcl\u0151 Akad\u00e1lymentes Turizmus Napja-n , Orf\u0171n. Koll\u00e9g\u00e1ink \u00f6nk\u00e9ntes munk\u00e1jukkal is t\u00e1mogatt\u00e1k a rendezv\u00e9nyt, ahol a l\u00e1togat\u00f3k a PPP Friss\u00edt\u0151 Pontokon Wonderful hidegital term\u00e9keink k\u00f6z\u00fcl v\u00e1logathattak. Term\u00e9szetesen kabal\u00e1nkat, a PPP tehenet sem hagytuk otthon, a t\u00f3parton v\u00e1rta k\u00e9nyelmes szalmab\u00e1l\u00e1kkal \u00e9s \u00e1rny\u00e9kkal a megpihenni v\u00e1gy\u00f3kat. &hellip; <\/p>\n<p class=\"link-more\"><a href=\"https:\/\/powder-products.com\/hu\/akadalymentes-turizmus-napja-2024\/\" class=\"more-link\"><span class=\"screen-reader-text\">&#8222;Akad\u00e1lymentes Turizmus Napja, 2024&#8221;<\/span> b\u0151vebben<\/a><\/p>\n","protected":false},"author":2,"featured_media":0,"parent":0,"menu_order":0,"comment_status":"closed","ping_status":"closed","template":"","meta":{"footnotes":""},"class_list":["post-1253","page","type-page","status-publish","hentry"],"yoast_head":"<!-- This site is optimized with the Yoast SEO Premium plugin v25.6 (Yoast SEO v26.1.1) - https:\/\/yoast.com\/wordpress\/plugins\/seo\/ -->\n<title>Akad\u00e1lymentes Turizmus Napja, 2024 - PPP Private Powder Products<\/title>\n<meta name=\"robots\" content=\"index, follow, max-snippet:-1, max-image-preview:large, max-video-preview:-1\" \/>\n<link rel=\"canonical\" href=\"https:\/\/powder-products.com\/hu\/akadalymentes-turizmus-napja-2024\/\" \/>\n<meta property=\"og:locale\" content=\"hu_HU\" \/>\n<meta property=\"og:type\" content=\"article\" \/>\n<meta property=\"og:title\" content=\"Akad\u00e1lymentes Turizmus Napja, 2024\" \/>\n<meta property=\"og:description\" content=\"C\u00e9g\u00fcnk id\u00e9n kiemelt t\u00e1mogat\u00f3k\u00e9nt volt jelen szeptember 7.-\u00e9n, a 8. alkalommal megrendez\u00e9sre ker\u00fcl\u0151 Akad\u00e1lymentes Turizmus Napja-n , Orf\u0171n. Koll\u00e9g\u00e1ink \u00f6nk\u00e9ntes munk\u00e1jukkal is t\u00e1mogatt\u00e1k a rendezv\u00e9nyt, ahol a l\u00e1togat\u00f3k a PPP Friss\u00edt\u0151 Pontokon Wonderful hidegital term\u00e9keink k\u00f6z\u00fcl v\u00e1logathattak. Term\u00e9szetesen kabal\u00e1nkat, a PPP tehenet sem hagytuk otthon, a t\u00f3parton v\u00e1rta k\u00e9nyelmes szalmab\u00e1l\u00e1kkal \u00e9s \u00e1rny\u00e9kkal a megpihenni v\u00e1gy\u00f3kat. &hellip; &quot;Akad\u00e1lymentes Turizmus Napja, 2024&quot; b\u0151vebben\" \/>\n<meta property=\"og:url\" content=\"https:\/\/powder-products.com\/hu\/akadalymentes-turizmus-napja-2024\/\" \/>\n<meta property=\"og:site_name\" content=\"PPP Private Powder Products\" \/>\n<meta property=\"article:publisher\" content=\"https:\/\/www.facebook.com\/privatepowderproducts\" \/>\n<meta property=\"og:image\" content=\"https:\/\/powder-products.com\/wp-content\/uploads\/2024\/09\/3-1024x768.jpg\" \/>\n<meta name=\"twitter:card\" content=\"summary_large_image\" \/>\n<meta name=\"twitter:label1\" content=\"Becs\u00fclt olvas\u00e1si id\u0151\" \/>\n\t<meta name=\"twitter:data1\" content=\"1 perc\" \/>\n<script type=\"application\/ld+json\" class=\"yoast-schema-graph\">{\"@context\":\"https:\/\/schema.org\",\"@graph\":[{\"@type\":\"WebPage\",\"@id\":\"https:\/\/powder-products.com\/hu\/akadalymentes-turizmus-napja-2024\/\",\"url\":\"https:\/\/powder-products.com\/hu\/akadalymentes-turizmus-napja-2024\/\",\"name\":\"Akad\u00e1lymentes Turizmus Napja, 2024 - PPP Private Powder Products\",\"isPartOf\":{\"@id\":\"https:\/\/powder-products.com\/hu\/#website\"},\"primaryImageOfPage\":{\"@id\":\"https:\/\/powder-products.com\/hu\/akadalymentes-turizmus-napja-2024\/#primaryimage\"},\"image\":{\"@id\":\"https:\/\/powder-products.com\/hu\/akadalymentes-turizmus-napja-2024\/#primaryimage\"},\"thumbnailUrl\":\"https:\/\/powder-products.com\/wp-content\/uploads\/2024\/09\/3-1024x768.jpg\",\"datePublished\":\"2024-09-12T07:27:41+00:00\",\"breadcrumb\":{\"@id\":\"https:\/\/powder-products.com\/hu\/akadalymentes-turizmus-napja-2024\/#breadcrumb\"},\"inLanguage\":\"hu\",\"potentialAction\":[{\"@type\":\"ReadAction\",\"target\":[\"https:\/\/powder-products.com\/hu\/akadalymentes-turizmus-napja-2024\/\"]}]},{\"@type\":\"ImageObject\",\"inLanguage\":\"hu\",\"@id\":\"https:\/\/powder-products.com\/hu\/akadalymentes-turizmus-napja-2024\/#primaryimage\",\"url\":\"https:\/\/powder-products.com\/wp-content\/uploads\/2024\/09\/3-1024x768.jpg\",\"contentUrl\":\"https:\/\/powder-products.com\/wp-content\/uploads\/2024\/09\/3-1024x768.jpg\"},{\"@type\":\"BreadcrumbList\",\"@id\":\"https:\/\/powder-products.com\/hu\/akadalymentes-turizmus-napja-2024\/#breadcrumb\",\"itemListElement\":[{\"@type\":\"ListItem\",\"position\":1,\"name\":\"Home\",\"item\":\"https:\/\/powder-products.com\/hu\/\"},{\"@type\":\"ListItem\",\"position\":2,\"name\":\"Akad\u00e1lymentes Turizmus Napja, 2024\"}]},{\"@type\":\"WebSite\",\"@id\":\"https:\/\/powder-products.com\/hu\/#website\",\"url\":\"https:\/\/powder-products.com\/hu\/\",\"name\":\"PPP Private Powder Products\",\"description\":\"Powder based products according to your needs.\",\"publisher\":{\"@id\":\"https:\/\/powder-products.com\/hu\/#organization\"},\"potentialAction\":[{\"@type\":\"SearchAction\",\"target\":{\"@type\":\"EntryPoint\",\"urlTemplate\":\"https:\/\/powder-products.com\/hu\/?s={search_term_string}\"},\"query-input\":{\"@type\":\"PropertyValueSpecification\",\"valueRequired\":true,\"valueName\":\"search_term_string\"}}],\"inLanguage\":\"hu\"},{\"@type\":\"Organization\",\"@id\":\"https:\/\/powder-products.com\/hu\/#organization\",\"name\":\"PPP Private Powder Products\",\"url\":\"https:\/\/powder-products.com\/hu\/\",\"logo\":{\"@type\":\"ImageObject\",\"inLanguage\":\"hu\",\"@id\":\"https:\/\/powder-products.com\/hu\/#\/schema\/logo\/image\/\",\"url\":\"https:\/\/powder-products.com\/wp-content\/uploads\/2024\/02\/ppp_logo_new-01.png\",\"contentUrl\":\"https:\/\/powder-products.com\/wp-content\/uploads\/2024\/02\/ppp_logo_new-01.png\",\"width\":512,\"height\":202,\"caption\":\"PPP Private Powder Products\"},\"image\":{\"@id\":\"https:\/\/powder-products.com\/hu\/#\/schema\/logo\/image\/\"},\"sameAs\":[\"https:\/\/www.facebook.com\/privatepowderproducts\"]}]}<\/script>\n<!-- \/ Yoast SEO Premium plugin. -->","yoast_head_json":{"title":"Akad\u00e1lymentes Turizmus Napja, 2024 - PPP Private Powder Products","robots":{"index":"index","follow":"follow","max-snippet":"max-snippet:-1","max-image-preview":"max-image-preview:large","max-video-preview":"max-video-preview:-1"},"canonical":"https:\/\/powder-products.com\/hu\/akadalymentes-turizmus-napja-2024\/","og_locale":"hu_HU","og_type":"article","og_title":"Akad\u00e1lymentes Turizmus Napja, 2024","og_description":"C\u00e9g\u00fcnk id\u00e9n kiemelt t\u00e1mogat\u00f3k\u00e9nt volt jelen szeptember 7.-\u00e9n, a 8. alkalommal megrendez\u00e9sre ker\u00fcl\u0151 Akad\u00e1lymentes Turizmus Napja-n , Orf\u0171n. Koll\u00e9g\u00e1ink \u00f6nk\u00e9ntes munk\u00e1jukkal is t\u00e1mogatt\u00e1k a rendezv\u00e9nyt, ahol a l\u00e1togat\u00f3k a PPP Friss\u00edt\u0151 Pontokon Wonderful hidegital term\u00e9keink k\u00f6z\u00fcl v\u00e1logathattak. Term\u00e9szetesen kabal\u00e1nkat, a PPP tehenet sem hagytuk otthon, a t\u00f3parton v\u00e1rta k\u00e9nyelmes szalmab\u00e1l\u00e1kkal \u00e9s \u00e1rny\u00e9kkal a megpihenni v\u00e1gy\u00f3kat. &hellip; \"Akad\u00e1lymentes Turizmus Napja, 2024\" b\u0151vebben","og_url":"https:\/\/powder-products.com\/hu\/akadalymentes-turizmus-napja-2024\/","og_site_name":"PPP Private Powder Products","article_publisher":"https:\/\/www.facebook.com\/privatepowderproducts","og_image":[{"url":"https:\/\/powder-products.com\/wp-content\/uploads\/2024\/09\/3-1024x768.jpg","type":"","width":"","height":""}],"twitter_card":"summary_large_image","twitter_misc":{"Becs\u00fclt olvas\u00e1si id\u0151":"1 perc"},"schema":{"@context":"https:\/\/schema.org","@graph":[{"@type":"WebPage","@id":"https:\/\/powder-products.com\/hu\/akadalymentes-turizmus-napja-2024\/","url":"https:\/\/powder-products.com\/hu\/akadalymentes-turizmus-napja-2024\/","name":"Akad\u00e1lymentes Turizmus Napja, 2024 - PPP Private Powder Products","isPartOf":{"@id":"https:\/\/powder-products.com\/hu\/#website"},"primaryImageOfPage":{"@id":"https:\/\/powder-products.com\/hu\/akadalymentes-turizmus-napja-2024\/#primaryimage"},"image":{"@id":"https:\/\/powder-products.com\/hu\/akadalymentes-turizmus-napja-2024\/#primaryimage"},"thumbnailUrl":"https:\/\/powder-products.com\/wp-content\/uploads\/2024\/09\/3-1024x768.jpg","datePublished":"2024-09-12T07:27:41+00:00","breadcrumb":{"@id":"https:\/\/powder-products.com\/hu\/akadalymentes-turizmus-napja-2024\/#breadcrumb"},"inLanguage":"hu","potentialAction":[{"@type":"ReadAction","target":["https:\/\/powder-products.com\/hu\/akadalymentes-turizmus-napja-2024\/"]}]},{"@type":"ImageObject","inLanguage":"hu","@id":"https:\/\/powder-products.com\/hu\/akadalymentes-turizmus-napja-2024\/#primaryimage","url":"https:\/\/powder-products.com\/wp-content\/uploads\/2024\/09\/3-1024x768.jpg","contentUrl":"https:\/\/powder-products.com\/wp-content\/uploads\/2024\/09\/3-1024x768.jpg"},{"@type":"BreadcrumbList","@id":"https:\/\/powder-products.com\/hu\/akadalymentes-turizmus-napja-2024\/#breadcrumb","itemListElement":[{"@type":"ListItem","position":1,"name":"Home","item":"https:\/\/powder-products.com\/hu\/"},{"@type":"ListItem","position":2,"name":"Akad\u00e1lymentes Turizmus Napja, 2024"}]},{"@type":"WebSite","@id":"https:\/\/powder-products.com\/hu\/#website","url":"https:\/\/powder-products.com\/hu\/","name":"PPP Private Powder Products","description":"Powder based products according to your needs.","publisher":{"@id":"https:\/\/powder-products.com\/hu\/#organization"},"potentialAction":[{"@type":"SearchAction","target":{"@type":"EntryPoint","urlTemplate":"https:\/\/powder-products.com\/hu\/?s={search_term_string}"},"query-input":{"@type":"PropertyValueSpecification","valueRequired":true,"valueName":"search_term_string"}}],"inLanguage":"hu"},{"@type":"Organization","@id":"https:\/\/powder-products.com\/hu\/#organization","name":"PPP Private Powder Products","url":"https:\/\/powder-products.com\/hu\/","logo":{"@type":"ImageObject","inLanguage":"hu","@id":"https:\/\/powder-products.com\/hu\/#\/schema\/logo\/image\/","url":"https:\/\/powder-products.com\/wp-content\/uploads\/2024\/02\/ppp_logo_new-01.png","contentUrl":"https:\/\/powder-products.com\/wp-content\/uploads\/2024\/02\/ppp_logo_new-01.png","width":512,"height":202,"caption":"PPP Private Powder Products"},"image":{"@id":"https:\/\/powder-products.com\/hu\/#\/schema\/logo\/image\/"},"sameAs":["https:\/\/www.facebook.com\/privatepowderproducts"]}]}},"_links":{"self":[{"href":"https:\/\/powder-products.com\/hu\/wp-json\/wp\/v2\/pages\/1253","targetHints":{"allow":["GET"]}}],"collection":[{"href":"https:\/\/powder-products.com\/hu\/wp-json\/wp\/v2\/pages"}],"about":[{"href":"https:\/\/powder-products.com\/hu\/wp-json\/wp\/v2\/types\/page"}],"author":[{"embeddable":true,"href":"https:\/\/powder-products.com\/hu\/wp-json\/wp\/v2\/users\/2"}],"replies":[{"embeddable":true,"href":"https:\/\/powder-products.com\/hu\/wp-json\/wp\/v2\/comments?post=1253"}],"version-history":[{"count":0,"href":"https:\/\/powder-products.com\/hu\/wp-json\/wp\/v2\/pages\/1253\/revisions"}],"wp:attachment":[{"href":"https:\/\/powder-products.com\/hu\/wp-json\/wp\/v2\/media?parent=1253"}],"curies":[{"name":"wp","href":"https:\/\/api.w.org\/{rel}","templated":true}]}}