{"id":1302,"date":"2024-11-05T07:46:50","date_gmt":"2024-11-05T07:46:50","guid":{"rendered":"https:\/\/powder-products.com\/?page_id=1302"},"modified":"2024-11-05T07:48:21","modified_gmt":"2024-11-05T07:48:21","slug":"talalkozzunk-a-gulfoodon","status":"publish","type":"page","link":"https:\/\/powder-products.com\/hu\/talalkozzunk-a-gulfoodon\/","title":{"rendered":"Tal\u00e1lkozzunk a Gulfoodon!"},"content":{"rendered":"\n<p>Tal\u00e1lkozz vel\u00fcnk 2025 febru\u00e1rj\u00e1ban a Gulfood-on, a vil\u00e1g egyik legnagyobb \u00e9s legbefoly\u00e1sosabb \u00e9ves kereskedelmi v\u00e1s\u00e1r\u00e1n, amelyet Dubajban rendeznek meg. A vil\u00e1gki\u00e1ll\u00edt\u00e1s t\u00f6bb mint 180 orsz\u00e1g sz\u00e1ll\u00edt\u00f3it, gy\u00e1rt\u00f3it \u00e9s ipar\u00e1gi szakembereit hozza \u00f6ssze, bemutatva az \u00e9lelmiszerek, italok \u00e9s vend\u00e9gl\u00e1t\u00f3ipari megold\u00e1sok sz\u00e9les sk\u00e1l\u00e1j\u00e1t. A Gulfood akt\u00edvan form\u00e1ja a glob\u00e1lis trendeket, mik\u00f6zben kiemeli a fenntarthat\u00f3s\u00e1got, az \u00e9lelmiszer-technol\u00f3gi\u00e1t \u00e9s a gasztron\u00f3miai fejl\u0151d\u00e9seket.<\/p>\n\n\n\n<p><a><\/a>C\u00e9g\u00fcnket az AMC standj\u00e1n\u00e1l tal\u00e1lj\u00e1tok majd!<\/p>\n\n\n\n<figure class=\"wp-block-image size-large\"><img loading=\"lazy\" decoding=\"async\" width=\"1024\" height=\"1024\" src=\"https:\/\/powder-products.com\/wp-content\/uploads\/2024\/11\/Beige-and-White-Summer-Sale-and-Discount-Instagram-Post-1-1024x1024.png\" alt=\"\" class=\"wp-image-1304\" srcset=\"https:\/\/powder-products.com\/wp-content\/uploads\/2024\/11\/Beige-and-White-Summer-Sale-and-Discount-Instagram-Post-1-1024x1024.png 1024w, https:\/\/powder-products.com\/wp-content\/uploads\/2024\/11\/Beige-and-White-Summer-Sale-and-Discount-Instagram-Post-1-300x300.png 300w, https:\/\/powder-products.com\/wp-content\/uploads\/2024\/11\/Beige-and-White-Summer-Sale-and-Discount-Instagram-Post-1-150x150.png 150w, https:\/\/powder-products.com\/wp-content\/uploads\/2024\/11\/Beige-and-White-Summer-Sale-and-Discount-Instagram-Post-1-768x768.png 768w, https:\/\/powder-products.com\/wp-content\/uploads\/2024\/11\/Beige-and-White-Summer-Sale-and-Discount-Instagram-Post-1-100x100.png 100w, https:\/\/powder-products.com\/wp-content\/uploads\/2024\/11\/Beige-and-White-Summer-Sale-and-Discount-Instagram-Post-1.png 1080w\" sizes=\"auto, (max-width: 767px) 89vw, (max-width: 1000px) 54vw, (max-width: 1071px) 543px, 580px\" \/><\/figure>\n","protected":false},"excerpt":{"rendered":"<p>Tal\u00e1lkozz vel\u00fcnk 2025 febru\u00e1rj\u00e1ban a Gulfood-on, a vil\u00e1g egyik legnagyobb \u00e9s legbefoly\u00e1sosabb \u00e9ves kereskedelmi v\u00e1s\u00e1r\u00e1n, amelyet Dubajban rendeznek meg. A vil\u00e1gki\u00e1ll\u00edt\u00e1s t\u00f6bb mint 180 orsz\u00e1g sz\u00e1ll\u00edt\u00f3it, gy\u00e1rt\u00f3it \u00e9s ipar\u00e1gi szakembereit hozza \u00f6ssze, bemutatva az \u00e9lelmiszerek, italok \u00e9s vend\u00e9gl\u00e1t\u00f3ipari megold\u00e1sok sz\u00e9les sk\u00e1l\u00e1j\u00e1t. A Gulfood akt\u00edvan form\u00e1ja a glob\u00e1lis trendeket, mik\u00f6zben kiemeli a fenntarthat\u00f3s\u00e1got, az \u00e9lelmiszer-technol\u00f3gi\u00e1t \u00e9s &hellip; <\/p>\n<p class=\"link-more\"><a href=\"https:\/\/powder-products.com\/hu\/talalkozzunk-a-gulfoodon\/\" class=\"more-link\"><span class=\"screen-reader-text\">&#8222;Tal\u00e1lkozzunk a Gulfoodon!&#8221;<\/span> b\u0151vebben<\/a><\/p>\n","protected":false},"author":2,"featured_media":0,"parent":0,"menu_order":0,"comment_status":"closed","ping_status":"closed","template":"","meta":{"footnotes":""},"class_list":["post-1302","page","type-page","status-publish","hentry"],"yoast_head":"<!-- This site is optimized with the Yoast SEO Premium plugin v25.6 (Yoast SEO v26.1.1) - https:\/\/yoast.com\/wordpress\/plugins\/seo\/ -->\n<title>Tal\u00e1lkozzunk a Gulfoodon! - PPP Private Powder Products<\/title>\n<meta name=\"robots\" content=\"index, follow, max-snippet:-1, max-image-preview:large, max-video-preview:-1\" \/>\n<link rel=\"canonical\" href=\"https:\/\/powder-products.com\/hu\/talalkozzunk-a-gulfoodon\/\" \/>\n<meta property=\"og:locale\" content=\"hu_HU\" \/>\n<meta property=\"og:type\" content=\"article\" \/>\n<meta property=\"og:title\" content=\"Tal\u00e1lkozzunk a Gulfoodon!\" \/>\n<meta property=\"og:description\" content=\"Tal\u00e1lkozz vel\u00fcnk 2025 febru\u00e1rj\u00e1ban a Gulfood-on, a vil\u00e1g egyik legnagyobb \u00e9s legbefoly\u00e1sosabb \u00e9ves kereskedelmi v\u00e1s\u00e1r\u00e1n, amelyet Dubajban rendeznek meg. A vil\u00e1gki\u00e1ll\u00edt\u00e1s t\u00f6bb mint 180 orsz\u00e1g sz\u00e1ll\u00edt\u00f3it, gy\u00e1rt\u00f3it \u00e9s ipar\u00e1gi szakembereit hozza \u00f6ssze, bemutatva az \u00e9lelmiszerek, italok \u00e9s vend\u00e9gl\u00e1t\u00f3ipari megold\u00e1sok sz\u00e9les sk\u00e1l\u00e1j\u00e1t. A Gulfood akt\u00edvan form\u00e1ja a glob\u00e1lis trendeket, mik\u00f6zben kiemeli a fenntarthat\u00f3s\u00e1got, az \u00e9lelmiszer-technol\u00f3gi\u00e1t \u00e9s &hellip; &quot;Tal\u00e1lkozzunk a Gulfoodon!&quot; b\u0151vebben\" \/>\n<meta property=\"og:url\" content=\"https:\/\/powder-products.com\/hu\/talalkozzunk-a-gulfoodon\/\" \/>\n<meta property=\"og:site_name\" content=\"PPP Private Powder Products\" \/>\n<meta property=\"article:publisher\" content=\"https:\/\/www.facebook.com\/privatepowderproducts\" \/>\n<meta property=\"article:modified_time\" content=\"2024-11-05T07:48:21+00:00\" \/>\n<meta property=\"og:image\" content=\"https:\/\/powder-products.com\/wp-content\/uploads\/2024\/11\/Beige-and-White-Summer-Sale-and-Discount-Instagram-Post-1-1024x1024.png\" \/>\n<meta name=\"twitter:card\" content=\"summary_large_image\" \/>\n<meta name=\"twitter:label1\" content=\"Becs\u00fclt olvas\u00e1si id\u0151\" \/>\n\t<meta name=\"twitter:data1\" content=\"1 perc\" \/>\n<script type=\"application\/ld+json\" class=\"yoast-schema-graph\">{\"@context\":\"https:\/\/schema.org\",\"@graph\":[{\"@type\":\"WebPage\",\"@id\":\"https:\/\/powder-products.com\/hu\/talalkozzunk-a-gulfoodon\/\",\"url\":\"https:\/\/powder-products.com\/hu\/talalkozzunk-a-gulfoodon\/\",\"name\":\"Tal\u00e1lkozzunk a Gulfoodon! - PPP Private Powder Products\",\"isPartOf\":{\"@id\":\"https:\/\/powder-products.com\/hu\/#website\"},\"primaryImageOfPage\":{\"@id\":\"https:\/\/powder-products.com\/hu\/talalkozzunk-a-gulfoodon\/#primaryimage\"},\"image\":{\"@id\":\"https:\/\/powder-products.com\/hu\/talalkozzunk-a-gulfoodon\/#primaryimage\"},\"thumbnailUrl\":\"https:\/\/powder-products.com\/wp-content\/uploads\/2024\/11\/Beige-and-White-Summer-Sale-and-Discount-Instagram-Post-1-1024x1024.png\",\"datePublished\":\"2024-11-05T07:46:50+00:00\",\"dateModified\":\"2024-11-05T07:48:21+00:00\",\"breadcrumb\":{\"@id\":\"https:\/\/powder-products.com\/hu\/talalkozzunk-a-gulfoodon\/#breadcrumb\"},\"inLanguage\":\"hu\",\"potentialAction\":[{\"@type\":\"ReadAction\",\"target\":[\"https:\/\/powder-products.com\/hu\/talalkozzunk-a-gulfoodon\/\"]}]},{\"@type\":\"ImageObject\",\"inLanguage\":\"hu\",\"@id\":\"https:\/\/powder-products.com\/hu\/talalkozzunk-a-gulfoodon\/#primaryimage\",\"url\":\"https:\/\/powder-products.com\/wp-content\/uploads\/2024\/11\/Beige-and-White-Summer-Sale-and-Discount-Instagram-Post-1-1024x1024.png\",\"contentUrl\":\"https:\/\/powder-products.com\/wp-content\/uploads\/2024\/11\/Beige-and-White-Summer-Sale-and-Discount-Instagram-Post-1-1024x1024.png\"},{\"@type\":\"BreadcrumbList\",\"@id\":\"https:\/\/powder-products.com\/hu\/talalkozzunk-a-gulfoodon\/#breadcrumb\",\"itemListElement\":[{\"@type\":\"ListItem\",\"position\":1,\"name\":\"Home\",\"item\":\"https:\/\/powder-products.com\/hu\/\"},{\"@type\":\"ListItem\",\"position\":2,\"name\":\"Tal\u00e1lkozzunk a Gulfoodon!\"}]},{\"@type\":\"WebSite\",\"@id\":\"https:\/\/powder-products.com\/hu\/#website\",\"url\":\"https:\/\/powder-products.com\/hu\/\",\"name\":\"PPP Private Powder Products\",\"description\":\"Powder based products according to your needs.\",\"publisher\":{\"@id\":\"https:\/\/powder-products.com\/hu\/#organization\"},\"potentialAction\":[{\"@type\":\"SearchAction\",\"target\":{\"@type\":\"EntryPoint\",\"urlTemplate\":\"https:\/\/powder-products.com\/hu\/?s={search_term_string}\"},\"query-input\":{\"@type\":\"PropertyValueSpecification\",\"valueRequired\":true,\"valueName\":\"search_term_string\"}}],\"inLanguage\":\"hu\"},{\"@type\":\"Organization\",\"@id\":\"https:\/\/powder-products.com\/hu\/#organization\",\"name\":\"PPP Private Powder Products\",\"url\":\"https:\/\/powder-products.com\/hu\/\",\"logo\":{\"@type\":\"ImageObject\",\"inLanguage\":\"hu\",\"@id\":\"https:\/\/powder-products.com\/hu\/#\/schema\/logo\/image\/\",\"url\":\"https:\/\/powder-products.com\/wp-content\/uploads\/2024\/02\/ppp_logo_new-01.png\",\"contentUrl\":\"https:\/\/powder-products.com\/wp-content\/uploads\/2024\/02\/ppp_logo_new-01.png\",\"width\":512,\"height\":202,\"caption\":\"PPP Private Powder Products\"},\"image\":{\"@id\":\"https:\/\/powder-products.com\/hu\/#\/schema\/logo\/image\/\"},\"sameAs\":[\"https:\/\/www.facebook.com\/privatepowderproducts\"]}]}<\/script>\n<!-- \/ Yoast SEO Premium plugin. -->","yoast_head_json":{"title":"Tal\u00e1lkozzunk a Gulfoodon! - PPP Private Powder Products","robots":{"index":"index","follow":"follow","max-snippet":"max-snippet:-1","max-image-preview":"max-image-preview:large","max-video-preview":"max-video-preview:-1"},"canonical":"https:\/\/powder-products.com\/hu\/talalkozzunk-a-gulfoodon\/","og_locale":"hu_HU","og_type":"article","og_title":"Tal\u00e1lkozzunk a Gulfoodon!","og_description":"Tal\u00e1lkozz vel\u00fcnk 2025 febru\u00e1rj\u00e1ban a Gulfood-on, a vil\u00e1g egyik legnagyobb \u00e9s legbefoly\u00e1sosabb \u00e9ves kereskedelmi v\u00e1s\u00e1r\u00e1n, amelyet Dubajban rendeznek meg. A vil\u00e1gki\u00e1ll\u00edt\u00e1s t\u00f6bb mint 180 orsz\u00e1g sz\u00e1ll\u00edt\u00f3it, gy\u00e1rt\u00f3it \u00e9s ipar\u00e1gi szakembereit hozza \u00f6ssze, bemutatva az \u00e9lelmiszerek, italok \u00e9s vend\u00e9gl\u00e1t\u00f3ipari megold\u00e1sok sz\u00e9les sk\u00e1l\u00e1j\u00e1t. A Gulfood akt\u00edvan form\u00e1ja a glob\u00e1lis trendeket, mik\u00f6zben kiemeli a fenntarthat\u00f3s\u00e1got, az \u00e9lelmiszer-technol\u00f3gi\u00e1t \u00e9s &hellip; \"Tal\u00e1lkozzunk a Gulfoodon!\" b\u0151vebben","og_url":"https:\/\/powder-products.com\/hu\/talalkozzunk-a-gulfoodon\/","og_site_name":"PPP Private Powder Products","article_publisher":"https:\/\/www.facebook.com\/privatepowderproducts","article_modified_time":"2024-11-05T07:48:21+00:00","og_image":[{"url":"https:\/\/powder-products.com\/wp-content\/uploads\/2024\/11\/Beige-and-White-Summer-Sale-and-Discount-Instagram-Post-1-1024x1024.png","type":"","width":"","height":""}],"twitter_card":"summary_large_image","twitter_misc":{"Becs\u00fclt olvas\u00e1si id\u0151":"1 perc"},"schema":{"@context":"https:\/\/schema.org","@graph":[{"@type":"WebPage","@id":"https:\/\/powder-products.com\/hu\/talalkozzunk-a-gulfoodon\/","url":"https:\/\/powder-products.com\/hu\/talalkozzunk-a-gulfoodon\/","name":"Tal\u00e1lkozzunk a Gulfoodon! - PPP Private Powder Products","isPartOf":{"@id":"https:\/\/powder-products.com\/hu\/#website"},"primaryImageOfPage":{"@id":"https:\/\/powder-products.com\/hu\/talalkozzunk-a-gulfoodon\/#primaryimage"},"image":{"@id":"https:\/\/powder-products.com\/hu\/talalkozzunk-a-gulfoodon\/#primaryimage"},"thumbnailUrl":"https:\/\/powder-products.com\/wp-content\/uploads\/2024\/11\/Beige-and-White-Summer-Sale-and-Discount-Instagram-Post-1-1024x1024.png","datePublished":"2024-11-05T07:46:50+00:00","dateModified":"2024-11-05T07:48:21+00:00","breadcrumb":{"@id":"https:\/\/powder-products.com\/hu\/talalkozzunk-a-gulfoodon\/#breadcrumb"},"inLanguage":"hu","potentialAction":[{"@type":"ReadAction","target":["https:\/\/powder-products.com\/hu\/talalkozzunk-a-gulfoodon\/"]}]},{"@type":"ImageObject","inLanguage":"hu","@id":"https:\/\/powder-products.com\/hu\/talalkozzunk-a-gulfoodon\/#primaryimage","url":"https:\/\/powder-products.com\/wp-content\/uploads\/2024\/11\/Beige-and-White-Summer-Sale-and-Discount-Instagram-Post-1-1024x1024.png","contentUrl":"https:\/\/powder-products.com\/wp-content\/uploads\/2024\/11\/Beige-and-White-Summer-Sale-and-Discount-Instagram-Post-1-1024x1024.png"},{"@type":"BreadcrumbList","@id":"https:\/\/powder-products.com\/hu\/talalkozzunk-a-gulfoodon\/#breadcrumb","itemListElement":[{"@type":"ListItem","position":1,"name":"Home","item":"https:\/\/powder-products.com\/hu\/"},{"@type":"ListItem","position":2,"name":"Tal\u00e1lkozzunk a Gulfoodon!"}]},{"@type":"WebSite","@id":"https:\/\/powder-products.com\/hu\/#website","url":"https:\/\/powder-products.com\/hu\/","name":"PPP Private Powder Products","description":"Powder based products according to your needs.","publisher":{"@id":"https:\/\/powder-products.com\/hu\/#organization"},"potentialAction":[{"@type":"SearchAction","target":{"@type":"EntryPoint","urlTemplate":"https:\/\/powder-products.com\/hu\/?s={search_term_string}"},"query-input":{"@type":"PropertyValueSpecification","valueRequired":true,"valueName":"search_term_string"}}],"inLanguage":"hu"},{"@type":"Organization","@id":"https:\/\/powder-products.com\/hu\/#organization","name":"PPP Private Powder Products","url":"https:\/\/powder-products.com\/hu\/","logo":{"@type":"ImageObject","inLanguage":"hu","@id":"https:\/\/powder-products.com\/hu\/#\/schema\/logo\/image\/","url":"https:\/\/powder-products.com\/wp-content\/uploads\/2024\/02\/ppp_logo_new-01.png","contentUrl":"https:\/\/powder-products.com\/wp-content\/uploads\/2024\/02\/ppp_logo_new-01.png","width":512,"height":202,"caption":"PPP Private Powder Products"},"image":{"@id":"https:\/\/powder-products.com\/hu\/#\/schema\/logo\/image\/"},"sameAs":["https:\/\/www.facebook.com\/privatepowderproducts"]}]}},"_links":{"self":[{"href":"https:\/\/powder-products.com\/hu\/wp-json\/wp\/v2\/pages\/1302","targetHints":{"allow":["GET"]}}],"collection":[{"href":"https:\/\/powder-products.com\/hu\/wp-json\/wp\/v2\/pages"}],"about":[{"href":"https:\/\/powder-products.com\/hu\/wp-json\/wp\/v2\/types\/page"}],"author":[{"embeddable":true,"href":"https:\/\/powder-products.com\/hu\/wp-json\/wp\/v2\/users\/2"}],"replies":[{"embeddable":true,"href":"https:\/\/powder-products.com\/hu\/wp-json\/wp\/v2\/comments?post=1302"}],"version-history":[{"count":2,"href":"https:\/\/powder-products.com\/hu\/wp-json\/wp\/v2\/pages\/1302\/revisions"}],"predecessor-version":[{"id":1308,"href":"https:\/\/powder-products.com\/hu\/wp-json\/wp\/v2\/pages\/1302\/revisions\/1308"}],"wp:attachment":[{"href":"https:\/\/powder-products.com\/hu\/wp-json\/wp\/v2\/media?parent=1302"}],"curies":[{"name":"wp","href":"https:\/\/api.w.org\/{rel}","templated":true}]}}