{"id":1396,"date":"2025-03-26T11:25:16","date_gmt":"2025-03-26T11:25:16","guid":{"rendered":"https:\/\/powder-products.com\/?page_id=1396"},"modified":"2025-03-26T11:25:20","modified_gmt":"2025-03-26T11:25:20","slug":"dubai-hot-choco","status":"publish","type":"page","link":"https:\/\/powder-products.com\/hu\/dubai-hot-choco\/","title":{"rendered":"Dubai Hot Choco"},"content":{"rendered":"\n<p><strong>Egy csepp Dubai luxusa minden cs\u00e9sz\u00e9ben<\/strong><\/p>\n\n\n\n<p>A PPP-n\u00e9l szenved\u00e9llyel alkotunk \u2013 a min\u0151s\u00e9g \u00e9s a k\u00fcl\u00f6nleges \u00edzek ir\u00e1nti elk\u00f6telezetts\u00e9g\u00fcnk teszi term\u00e9keinket igaz\u00e1n k\u00fcl\u00f6nlegess\u00e9.<br>\u00c9vek \u00f3ta azon dolgozunk, hogy olyan por alap\u00fa \u00e9lelmiszereket k\u00e9sz\u00edts\u00fcnk, amelyek minden pillanatot m\u00e9g \u00e9lvezetesebb\u00e9 tesznek.<\/p>\n\n\n\n<p>A <strong>Wonderful Dubai Hot Chocolate<\/strong> pontosan ezt ny\u00fajtja: egy igaz\u00e1n gazdag, kr\u00e9mes \u00e9s felejthetetlen \u00edz\u00e9lm\u00e9nyt. A legkiv\u00e1l\u00f3bb kaka\u00f3b\u00f3l \u00e9s gondosan t\u00f6k\u00e9letes\u00edtett recept alapj\u00e1n k\u00e9sz\u00fcl, hogy minden korty egy kis luxust csemp\u00e9sszen a napodba.<\/p>\n\n\n\n<p>Legyen sz\u00f3 egy pihentet\u0151 est\u00e9r\u0151l vagy egy kis k\u00e9nyeztet\u00e9sr\u0151l napk\u00f6zben, ez nem csup\u00e1n egy forr\u00f3 csoki \u2013 hanem egy \u00e9lm\u00e9ny!<\/p>\n\n\n\n<p>www.powder-products.com<br>sales@powder-products.com<\/p>\n\n\n\n<figure class=\"wp-block-image size-full\"><img loading=\"lazy\" decoding=\"async\" width=\"322\" height=\"297\" src=\"https:\/\/powder-products.com\/wp-content\/uploads\/2025\/03\/Dubai-Hot-Choco.png\" alt=\"\" class=\"wp-image-1392\" srcset=\"https:\/\/powder-products.com\/wp-content\/uploads\/2025\/03\/Dubai-Hot-Choco.png 322w, https:\/\/powder-products.com\/wp-content\/uploads\/2025\/03\/Dubai-Hot-Choco-300x277.png 300w\" sizes=\"auto, (max-width: 322px) 100vw, 322px\" \/><\/figure>\n\n\n\n<p><\/p>\n","protected":false},"excerpt":{"rendered":"<p>Egy csepp Dubai luxusa minden cs\u00e9sz\u00e9ben A PPP-n\u00e9l szenved\u00e9llyel alkotunk \u2013 a min\u0151s\u00e9g \u00e9s a k\u00fcl\u00f6nleges \u00edzek ir\u00e1nti elk\u00f6telezetts\u00e9g\u00fcnk teszi term\u00e9keinket igaz\u00e1n k\u00fcl\u00f6nlegess\u00e9.\u00c9vek \u00f3ta azon dolgozunk, hogy olyan por alap\u00fa \u00e9lelmiszereket k\u00e9sz\u00edts\u00fcnk, amelyek minden pillanatot m\u00e9g \u00e9lvezetesebb\u00e9 tesznek. A Wonderful Dubai Hot Chocolate pontosan ezt ny\u00fajtja: egy igaz\u00e1n gazdag, kr\u00e9mes \u00e9s felejthetetlen \u00edz\u00e9lm\u00e9nyt. A legkiv\u00e1l\u00f3bb &hellip; <\/p>\n<p class=\"link-more\"><a href=\"https:\/\/powder-products.com\/hu\/dubai-hot-choco\/\" class=\"more-link\"><span class=\"screen-reader-text\">&#8222;Dubai Hot Choco&#8221;<\/span> b\u0151vebben<\/a><\/p>\n","protected":false},"author":2,"featured_media":0,"parent":0,"menu_order":0,"comment_status":"closed","ping_status":"closed","template":"","meta":{"footnotes":""},"class_list":["post-1396","page","type-page","status-publish","hentry"],"yoast_head":"<!-- This site is optimized with the Yoast SEO Premium plugin v25.6 (Yoast SEO v26.1.1) - https:\/\/yoast.com\/wordpress\/plugins\/seo\/ -->\n<title>Dubai Hot Choco - PPP Private Powder Products<\/title>\n<meta name=\"robots\" content=\"index, follow, max-snippet:-1, max-image-preview:large, max-video-preview:-1\" \/>\n<link rel=\"canonical\" href=\"https:\/\/powder-products.com\/hu\/dubai-hot-choco\/\" \/>\n<meta property=\"og:locale\" content=\"hu_HU\" \/>\n<meta property=\"og:type\" content=\"article\" \/>\n<meta property=\"og:title\" content=\"Dubai Hot Choco\" \/>\n<meta property=\"og:description\" content=\"Egy csepp Dubai luxusa minden cs\u00e9sz\u00e9ben A PPP-n\u00e9l szenved\u00e9llyel alkotunk \u2013 a min\u0151s\u00e9g \u00e9s a k\u00fcl\u00f6nleges \u00edzek ir\u00e1nti elk\u00f6telezetts\u00e9g\u00fcnk teszi term\u00e9keinket igaz\u00e1n k\u00fcl\u00f6nlegess\u00e9.\u00c9vek \u00f3ta azon dolgozunk, hogy olyan por alap\u00fa \u00e9lelmiszereket k\u00e9sz\u00edts\u00fcnk, amelyek minden pillanatot m\u00e9g \u00e9lvezetesebb\u00e9 tesznek. A Wonderful Dubai Hot Chocolate pontosan ezt ny\u00fajtja: egy igaz\u00e1n gazdag, kr\u00e9mes \u00e9s felejthetetlen \u00edz\u00e9lm\u00e9nyt. A legkiv\u00e1l\u00f3bb &hellip; &quot;Dubai Hot Choco&quot; b\u0151vebben\" \/>\n<meta property=\"og:url\" content=\"https:\/\/powder-products.com\/hu\/dubai-hot-choco\/\" \/>\n<meta property=\"og:site_name\" content=\"PPP Private Powder Products\" \/>\n<meta property=\"article:publisher\" content=\"https:\/\/www.facebook.com\/privatepowderproducts\" \/>\n<meta property=\"article:modified_time\" content=\"2025-03-26T11:25:20+00:00\" \/>\n<meta property=\"og:image\" content=\"https:\/\/powder-products.com\/wp-content\/uploads\/2025\/03\/Dubai-Hot-Choco.png\" \/>\n<meta name=\"twitter:card\" content=\"summary_large_image\" \/>\n<meta name=\"twitter:label1\" content=\"Becs\u00fclt olvas\u00e1si id\u0151\" \/>\n\t<meta name=\"twitter:data1\" content=\"1 perc\" \/>\n<script type=\"application\/ld+json\" class=\"yoast-schema-graph\">{\"@context\":\"https:\/\/schema.org\",\"@graph\":[{\"@type\":\"WebPage\",\"@id\":\"https:\/\/powder-products.com\/hu\/dubai-hot-choco\/\",\"url\":\"https:\/\/powder-products.com\/hu\/dubai-hot-choco\/\",\"name\":\"Dubai Hot Choco - PPP Private Powder Products\",\"isPartOf\":{\"@id\":\"https:\/\/powder-products.com\/hu\/#website\"},\"primaryImageOfPage\":{\"@id\":\"https:\/\/powder-products.com\/hu\/dubai-hot-choco\/#primaryimage\"},\"image\":{\"@id\":\"https:\/\/powder-products.com\/hu\/dubai-hot-choco\/#primaryimage\"},\"thumbnailUrl\":\"https:\/\/powder-products.com\/wp-content\/uploads\/2025\/03\/Dubai-Hot-Choco.png\",\"datePublished\":\"2025-03-26T11:25:16+00:00\",\"dateModified\":\"2025-03-26T11:25:20+00:00\",\"breadcrumb\":{\"@id\":\"https:\/\/powder-products.com\/hu\/dubai-hot-choco\/#breadcrumb\"},\"inLanguage\":\"hu\",\"potentialAction\":[{\"@type\":\"ReadAction\",\"target\":[\"https:\/\/powder-products.com\/hu\/dubai-hot-choco\/\"]}]},{\"@type\":\"ImageObject\",\"inLanguage\":\"hu\",\"@id\":\"https:\/\/powder-products.com\/hu\/dubai-hot-choco\/#primaryimage\",\"url\":\"https:\/\/powder-products.com\/wp-content\/uploads\/2025\/03\/Dubai-Hot-Choco.png\",\"contentUrl\":\"https:\/\/powder-products.com\/wp-content\/uploads\/2025\/03\/Dubai-Hot-Choco.png\"},{\"@type\":\"BreadcrumbList\",\"@id\":\"https:\/\/powder-products.com\/hu\/dubai-hot-choco\/#breadcrumb\",\"itemListElement\":[{\"@type\":\"ListItem\",\"position\":1,\"name\":\"Home\",\"item\":\"https:\/\/powder-products.com\/hu\/\"},{\"@type\":\"ListItem\",\"position\":2,\"name\":\"Dubai Hot Choco\"}]},{\"@type\":\"WebSite\",\"@id\":\"https:\/\/powder-products.com\/hu\/#website\",\"url\":\"https:\/\/powder-products.com\/hu\/\",\"name\":\"PPP Private Powder Products\",\"description\":\"Powder based products according to your needs.\",\"publisher\":{\"@id\":\"https:\/\/powder-products.com\/hu\/#organization\"},\"potentialAction\":[{\"@type\":\"SearchAction\",\"target\":{\"@type\":\"EntryPoint\",\"urlTemplate\":\"https:\/\/powder-products.com\/hu\/?s={search_term_string}\"},\"query-input\":{\"@type\":\"PropertyValueSpecification\",\"valueRequired\":true,\"valueName\":\"search_term_string\"}}],\"inLanguage\":\"hu\"},{\"@type\":\"Organization\",\"@id\":\"https:\/\/powder-products.com\/hu\/#organization\",\"name\":\"PPP Private Powder Products\",\"url\":\"https:\/\/powder-products.com\/hu\/\",\"logo\":{\"@type\":\"ImageObject\",\"inLanguage\":\"hu\",\"@id\":\"https:\/\/powder-products.com\/hu\/#\/schema\/logo\/image\/\",\"url\":\"https:\/\/powder-products.com\/wp-content\/uploads\/2024\/02\/ppp_logo_new-01.png\",\"contentUrl\":\"https:\/\/powder-products.com\/wp-content\/uploads\/2024\/02\/ppp_logo_new-01.png\",\"width\":512,\"height\":202,\"caption\":\"PPP Private Powder Products\"},\"image\":{\"@id\":\"https:\/\/powder-products.com\/hu\/#\/schema\/logo\/image\/\"},\"sameAs\":[\"https:\/\/www.facebook.com\/privatepowderproducts\"]}]}<\/script>\n<!-- \/ Yoast SEO Premium plugin. -->","yoast_head_json":{"title":"Dubai Hot Choco - PPP Private Powder Products","robots":{"index":"index","follow":"follow","max-snippet":"max-snippet:-1","max-image-preview":"max-image-preview:large","max-video-preview":"max-video-preview:-1"},"canonical":"https:\/\/powder-products.com\/hu\/dubai-hot-choco\/","og_locale":"hu_HU","og_type":"article","og_title":"Dubai Hot Choco","og_description":"Egy csepp Dubai luxusa minden cs\u00e9sz\u00e9ben A PPP-n\u00e9l szenved\u00e9llyel alkotunk \u2013 a min\u0151s\u00e9g \u00e9s a k\u00fcl\u00f6nleges \u00edzek ir\u00e1nti elk\u00f6telezetts\u00e9g\u00fcnk teszi term\u00e9keinket igaz\u00e1n k\u00fcl\u00f6nlegess\u00e9.\u00c9vek \u00f3ta azon dolgozunk, hogy olyan por alap\u00fa \u00e9lelmiszereket k\u00e9sz\u00edts\u00fcnk, amelyek minden pillanatot m\u00e9g \u00e9lvezetesebb\u00e9 tesznek. A Wonderful Dubai Hot Chocolate pontosan ezt ny\u00fajtja: egy igaz\u00e1n gazdag, kr\u00e9mes \u00e9s felejthetetlen \u00edz\u00e9lm\u00e9nyt. A legkiv\u00e1l\u00f3bb &hellip; \"Dubai Hot Choco\" b\u0151vebben","og_url":"https:\/\/powder-products.com\/hu\/dubai-hot-choco\/","og_site_name":"PPP Private Powder Products","article_publisher":"https:\/\/www.facebook.com\/privatepowderproducts","article_modified_time":"2025-03-26T11:25:20+00:00","og_image":[{"url":"https:\/\/powder-products.com\/wp-content\/uploads\/2025\/03\/Dubai-Hot-Choco.png","type":"","width":"","height":""}],"twitter_card":"summary_large_image","twitter_misc":{"Becs\u00fclt olvas\u00e1si id\u0151":"1 perc"},"schema":{"@context":"https:\/\/schema.org","@graph":[{"@type":"WebPage","@id":"https:\/\/powder-products.com\/hu\/dubai-hot-choco\/","url":"https:\/\/powder-products.com\/hu\/dubai-hot-choco\/","name":"Dubai Hot Choco - PPP Private Powder Products","isPartOf":{"@id":"https:\/\/powder-products.com\/hu\/#website"},"primaryImageOfPage":{"@id":"https:\/\/powder-products.com\/hu\/dubai-hot-choco\/#primaryimage"},"image":{"@id":"https:\/\/powder-products.com\/hu\/dubai-hot-choco\/#primaryimage"},"thumbnailUrl":"https:\/\/powder-products.com\/wp-content\/uploads\/2025\/03\/Dubai-Hot-Choco.png","datePublished":"2025-03-26T11:25:16+00:00","dateModified":"2025-03-26T11:25:20+00:00","breadcrumb":{"@id":"https:\/\/powder-products.com\/hu\/dubai-hot-choco\/#breadcrumb"},"inLanguage":"hu","potentialAction":[{"@type":"ReadAction","target":["https:\/\/powder-products.com\/hu\/dubai-hot-choco\/"]}]},{"@type":"ImageObject","inLanguage":"hu","@id":"https:\/\/powder-products.com\/hu\/dubai-hot-choco\/#primaryimage","url":"https:\/\/powder-products.com\/wp-content\/uploads\/2025\/03\/Dubai-Hot-Choco.png","contentUrl":"https:\/\/powder-products.com\/wp-content\/uploads\/2025\/03\/Dubai-Hot-Choco.png"},{"@type":"BreadcrumbList","@id":"https:\/\/powder-products.com\/hu\/dubai-hot-choco\/#breadcrumb","itemListElement":[{"@type":"ListItem","position":1,"name":"Home","item":"https:\/\/powder-products.com\/hu\/"},{"@type":"ListItem","position":2,"name":"Dubai Hot Choco"}]},{"@type":"WebSite","@id":"https:\/\/powder-products.com\/hu\/#website","url":"https:\/\/powder-products.com\/hu\/","name":"PPP Private Powder Products","description":"Powder based products according to your needs.","publisher":{"@id":"https:\/\/powder-products.com\/hu\/#organization"},"potentialAction":[{"@type":"SearchAction","target":{"@type":"EntryPoint","urlTemplate":"https:\/\/powder-products.com\/hu\/?s={search_term_string}"},"query-input":{"@type":"PropertyValueSpecification","valueRequired":true,"valueName":"search_term_string"}}],"inLanguage":"hu"},{"@type":"Organization","@id":"https:\/\/powder-products.com\/hu\/#organization","name":"PPP Private Powder Products","url":"https:\/\/powder-products.com\/hu\/","logo":{"@type":"ImageObject","inLanguage":"hu","@id":"https:\/\/powder-products.com\/hu\/#\/schema\/logo\/image\/","url":"https:\/\/powder-products.com\/wp-content\/uploads\/2024\/02\/ppp_logo_new-01.png","contentUrl":"https:\/\/powder-products.com\/wp-content\/uploads\/2024\/02\/ppp_logo_new-01.png","width":512,"height":202,"caption":"PPP Private Powder Products"},"image":{"@id":"https:\/\/powder-products.com\/hu\/#\/schema\/logo\/image\/"},"sameAs":["https:\/\/www.facebook.com\/privatepowderproducts"]}]}},"_links":{"self":[{"href":"https:\/\/powder-products.com\/hu\/wp-json\/wp\/v2\/pages\/1396","targetHints":{"allow":["GET"]}}],"collection":[{"href":"https:\/\/powder-products.com\/hu\/wp-json\/wp\/v2\/pages"}],"about":[{"href":"https:\/\/powder-products.com\/hu\/wp-json\/wp\/v2\/types\/page"}],"author":[{"embeddable":true,"href":"https:\/\/powder-products.com\/hu\/wp-json\/wp\/v2\/users\/2"}],"replies":[{"embeddable":true,"href":"https:\/\/powder-products.com\/hu\/wp-json\/wp\/v2\/comments?post=1396"}],"version-history":[{"count":1,"href":"https:\/\/powder-products.com\/hu\/wp-json\/wp\/v2\/pages\/1396\/revisions"}],"predecessor-version":[{"id":1398,"href":"https:\/\/powder-products.com\/hu\/wp-json\/wp\/v2\/pages\/1396\/revisions\/1398"}],"wp:attachment":[{"href":"https:\/\/powder-products.com\/hu\/wp-json\/wp\/v2\/media?parent=1396"}],"curies":[{"name":"wp","href":"https:\/\/api.w.org\/{rel}","templated":true}]}}