{"id":1450,"date":"2025-04-24T09:11:29","date_gmt":"2025-04-24T09:11:29","guid":{"rendered":"https:\/\/powder-products.com\/?page_id=1450"},"modified":"2025-04-24T09:13:16","modified_gmt":"2025-04-24T09:13:16","slug":"wonderful-karak-chai","status":"publish","type":"page","link":"https:\/\/powder-products.com\/hu\/wonderful-karak-chai\/","title":{"rendered":"Wonderful Karak Chai"},"content":{"rendered":"\n<p><\/p>\n\n\n\n<p><br>A hagyom\u00e1nyos Karak Chai karakteres fekete te\u00e1b\u00f3l, kr\u00e9mes tejb\u0151l \u00e9s gazdag f\u0171szerekb\u0151l \u2013 p\u00e9ld\u00e1ul kardamomb\u00f3l \u00e9s fah\u00e9jb\u00f3l \u2013 k\u00e9sz\u00fcl. Mostant\u00f3l hosszadalmas elk\u00e9sz\u00edt\u00e9s n\u00e9lk\u00fcl is \u00e9lvezheted az instant v\u00e1ltozat\u00e1t! <\/p>\n\n\n\n<p>Az autentikus \u00edzvil\u00e1g megmaradt, mintha csak egy hagyom\u00e1nyos teah\u00e1zban kortyolgatn\u00e1d, de koll\u00e9g\u00e1ink elhivatott munk\u00e1j\u00e1nak k\u00f6sz\u00f6nhet\u0151en ezt a kr\u00e9mes, f\u0171szeres k\u00fcl\u00f6nlegess\u00e9get b\u00e1rmikor \u00e9lvezheted. Ak\u00e1r egy reggeli energial\u00f6ketre v\u00e1gysz, ak\u00e1r egy friss\u00edt\u0151 d\u00e9lut\u00e1ni sz\u00fcnetre, vagy egy kis k\u00e9nyeztet\u00e9sre a nap v\u00e9g\u00e9n, a Wonderful Karak Chai mindig t\u00f6k\u00e9letes v\u00e1laszt\u00e1s.<\/p>\n\n\n\n<p><br><\/p>\n\n\n\n<figure class=\"wp-block-image size-full\"><img loading=\"lazy\" decoding=\"async\" width=\"670\" height=\"462\" src=\"https:\/\/powder-products.com\/wp-content\/uploads\/2025\/04\/Kepernyokep-2025-04-24-111108.png\" alt=\"\" class=\"wp-image-1454\" srcset=\"https:\/\/powder-products.com\/wp-content\/uploads\/2025\/04\/Kepernyokep-2025-04-24-111108.png 670w, https:\/\/powder-products.com\/wp-content\/uploads\/2025\/04\/Kepernyokep-2025-04-24-111108-300x207.png 300w\" sizes=\"auto, (max-width: 670px) 100vw, 670px\" \/><\/figure>\n","protected":false},"excerpt":{"rendered":"<p>A hagyom\u00e1nyos Karak Chai karakteres fekete te\u00e1b\u00f3l, kr\u00e9mes tejb\u0151l \u00e9s gazdag f\u0171szerekb\u0151l \u2013 p\u00e9ld\u00e1ul kardamomb\u00f3l \u00e9s fah\u00e9jb\u00f3l \u2013 k\u00e9sz\u00fcl. Mostant\u00f3l hosszadalmas elk\u00e9sz\u00edt\u00e9s n\u00e9lk\u00fcl is \u00e9lvezheted az instant v\u00e1ltozat\u00e1t! Az autentikus \u00edzvil\u00e1g megmaradt, mintha csak egy hagyom\u00e1nyos teah\u00e1zban kortyolgatn\u00e1d, de koll\u00e9g\u00e1ink elhivatott munk\u00e1j\u00e1nak k\u00f6sz\u00f6nhet\u0151en ezt a kr\u00e9mes, f\u0171szeres k\u00fcl\u00f6nlegess\u00e9get b\u00e1rmikor \u00e9lvezheted. Ak\u00e1r egy reggeli energial\u00f6ketre v\u00e1gysz, &hellip; <\/p>\n<p class=\"link-more\"><a href=\"https:\/\/powder-products.com\/hu\/wonderful-karak-chai\/\" class=\"more-link\"><span class=\"screen-reader-text\">&#8222;Wonderful Karak Chai&#8221;<\/span> b\u0151vebben<\/a><\/p>\n","protected":false},"author":2,"featured_media":0,"parent":0,"menu_order":0,"comment_status":"closed","ping_status":"closed","template":"","meta":{"footnotes":""},"class_list":["post-1450","page","type-page","status-publish","hentry"],"yoast_head":"<!-- This site is optimized with the Yoast SEO Premium plugin v25.6 (Yoast SEO v26.1.1) - https:\/\/yoast.com\/wordpress\/plugins\/seo\/ -->\n<title>Wonderful Karak Chai - PPP Private Powder Products<\/title>\n<meta name=\"robots\" content=\"index, follow, max-snippet:-1, max-image-preview:large, max-video-preview:-1\" \/>\n<link rel=\"canonical\" href=\"https:\/\/powder-products.com\/hu\/wonderful-karak-chai\/\" \/>\n<meta property=\"og:locale\" content=\"hu_HU\" \/>\n<meta property=\"og:type\" content=\"article\" \/>\n<meta property=\"og:title\" content=\"Wonderful Karak Chai\" \/>\n<meta property=\"og:description\" content=\"A hagyom\u00e1nyos Karak Chai karakteres fekete te\u00e1b\u00f3l, kr\u00e9mes tejb\u0151l \u00e9s gazdag f\u0171szerekb\u0151l \u2013 p\u00e9ld\u00e1ul kardamomb\u00f3l \u00e9s fah\u00e9jb\u00f3l \u2013 k\u00e9sz\u00fcl. Mostant\u00f3l hosszadalmas elk\u00e9sz\u00edt\u00e9s n\u00e9lk\u00fcl is \u00e9lvezheted az instant v\u00e1ltozat\u00e1t! Az autentikus \u00edzvil\u00e1g megmaradt, mintha csak egy hagyom\u00e1nyos teah\u00e1zban kortyolgatn\u00e1d, de koll\u00e9g\u00e1ink elhivatott munk\u00e1j\u00e1nak k\u00f6sz\u00f6nhet\u0151en ezt a kr\u00e9mes, f\u0171szeres k\u00fcl\u00f6nlegess\u00e9get b\u00e1rmikor \u00e9lvezheted. Ak\u00e1r egy reggeli energial\u00f6ketre v\u00e1gysz, &hellip; &quot;Wonderful Karak Chai&quot; b\u0151vebben\" \/>\n<meta property=\"og:url\" content=\"https:\/\/powder-products.com\/hu\/wonderful-karak-chai\/\" \/>\n<meta property=\"og:site_name\" content=\"PPP Private Powder Products\" \/>\n<meta property=\"article:publisher\" content=\"https:\/\/www.facebook.com\/privatepowderproducts\" \/>\n<meta property=\"article:modified_time\" content=\"2025-04-24T09:13:16+00:00\" \/>\n<meta property=\"og:image\" content=\"https:\/\/powder-products.com\/wp-content\/uploads\/2025\/04\/Kepernyokep-2025-04-24-111108.png\" \/>\n<meta name=\"twitter:card\" content=\"summary_large_image\" \/>\n<meta name=\"twitter:label1\" content=\"Becs\u00fclt olvas\u00e1si id\u0151\" \/>\n\t<meta name=\"twitter:data1\" content=\"1 perc\" \/>\n<script type=\"application\/ld+json\" class=\"yoast-schema-graph\">{\"@context\":\"https:\/\/schema.org\",\"@graph\":[{\"@type\":\"WebPage\",\"@id\":\"https:\/\/powder-products.com\/hu\/wonderful-karak-chai\/\",\"url\":\"https:\/\/powder-products.com\/hu\/wonderful-karak-chai\/\",\"name\":\"Wonderful Karak Chai - PPP Private Powder Products\",\"isPartOf\":{\"@id\":\"https:\/\/powder-products.com\/hu\/#website\"},\"primaryImageOfPage\":{\"@id\":\"https:\/\/powder-products.com\/hu\/wonderful-karak-chai\/#primaryimage\"},\"image\":{\"@id\":\"https:\/\/powder-products.com\/hu\/wonderful-karak-chai\/#primaryimage\"},\"thumbnailUrl\":\"https:\/\/powder-products.com\/wp-content\/uploads\/2025\/04\/Kepernyokep-2025-04-24-111108.png\",\"datePublished\":\"2025-04-24T09:11:29+00:00\",\"dateModified\":\"2025-04-24T09:13:16+00:00\",\"breadcrumb\":{\"@id\":\"https:\/\/powder-products.com\/hu\/wonderful-karak-chai\/#breadcrumb\"},\"inLanguage\":\"hu\",\"potentialAction\":[{\"@type\":\"ReadAction\",\"target\":[\"https:\/\/powder-products.com\/hu\/wonderful-karak-chai\/\"]}]},{\"@type\":\"ImageObject\",\"inLanguage\":\"hu\",\"@id\":\"https:\/\/powder-products.com\/hu\/wonderful-karak-chai\/#primaryimage\",\"url\":\"https:\/\/powder-products.com\/wp-content\/uploads\/2025\/04\/Kepernyokep-2025-04-24-111108.png\",\"contentUrl\":\"https:\/\/powder-products.com\/wp-content\/uploads\/2025\/04\/Kepernyokep-2025-04-24-111108.png\"},{\"@type\":\"BreadcrumbList\",\"@id\":\"https:\/\/powder-products.com\/hu\/wonderful-karak-chai\/#breadcrumb\",\"itemListElement\":[{\"@type\":\"ListItem\",\"position\":1,\"name\":\"Home\",\"item\":\"https:\/\/powder-products.com\/hu\/\"},{\"@type\":\"ListItem\",\"position\":2,\"name\":\"Wonderful Karak Chai\"}]},{\"@type\":\"WebSite\",\"@id\":\"https:\/\/powder-products.com\/hu\/#website\",\"url\":\"https:\/\/powder-products.com\/hu\/\",\"name\":\"PPP Private Powder Products\",\"description\":\"Powder based products according to your needs.\",\"publisher\":{\"@id\":\"https:\/\/powder-products.com\/hu\/#organization\"},\"potentialAction\":[{\"@type\":\"SearchAction\",\"target\":{\"@type\":\"EntryPoint\",\"urlTemplate\":\"https:\/\/powder-products.com\/hu\/?s={search_term_string}\"},\"query-input\":{\"@type\":\"PropertyValueSpecification\",\"valueRequired\":true,\"valueName\":\"search_term_string\"}}],\"inLanguage\":\"hu\"},{\"@type\":\"Organization\",\"@id\":\"https:\/\/powder-products.com\/hu\/#organization\",\"name\":\"PPP Private Powder Products\",\"url\":\"https:\/\/powder-products.com\/hu\/\",\"logo\":{\"@type\":\"ImageObject\",\"inLanguage\":\"hu\",\"@id\":\"https:\/\/powder-products.com\/hu\/#\/schema\/logo\/image\/\",\"url\":\"https:\/\/powder-products.com\/wp-content\/uploads\/2024\/02\/ppp_logo_new-01.png\",\"contentUrl\":\"https:\/\/powder-products.com\/wp-content\/uploads\/2024\/02\/ppp_logo_new-01.png\",\"width\":512,\"height\":202,\"caption\":\"PPP Private Powder Products\"},\"image\":{\"@id\":\"https:\/\/powder-products.com\/hu\/#\/schema\/logo\/image\/\"},\"sameAs\":[\"https:\/\/www.facebook.com\/privatepowderproducts\"]}]}<\/script>\n<!-- \/ Yoast SEO Premium plugin. -->","yoast_head_json":{"title":"Wonderful Karak Chai - PPP Private Powder Products","robots":{"index":"index","follow":"follow","max-snippet":"max-snippet:-1","max-image-preview":"max-image-preview:large","max-video-preview":"max-video-preview:-1"},"canonical":"https:\/\/powder-products.com\/hu\/wonderful-karak-chai\/","og_locale":"hu_HU","og_type":"article","og_title":"Wonderful Karak Chai","og_description":"A hagyom\u00e1nyos Karak Chai karakteres fekete te\u00e1b\u00f3l, kr\u00e9mes tejb\u0151l \u00e9s gazdag f\u0171szerekb\u0151l \u2013 p\u00e9ld\u00e1ul kardamomb\u00f3l \u00e9s fah\u00e9jb\u00f3l \u2013 k\u00e9sz\u00fcl. Mostant\u00f3l hosszadalmas elk\u00e9sz\u00edt\u00e9s n\u00e9lk\u00fcl is \u00e9lvezheted az instant v\u00e1ltozat\u00e1t! Az autentikus \u00edzvil\u00e1g megmaradt, mintha csak egy hagyom\u00e1nyos teah\u00e1zban kortyolgatn\u00e1d, de koll\u00e9g\u00e1ink elhivatott munk\u00e1j\u00e1nak k\u00f6sz\u00f6nhet\u0151en ezt a kr\u00e9mes, f\u0171szeres k\u00fcl\u00f6nlegess\u00e9get b\u00e1rmikor \u00e9lvezheted. Ak\u00e1r egy reggeli energial\u00f6ketre v\u00e1gysz, &hellip; \"Wonderful Karak Chai\" b\u0151vebben","og_url":"https:\/\/powder-products.com\/hu\/wonderful-karak-chai\/","og_site_name":"PPP Private Powder Products","article_publisher":"https:\/\/www.facebook.com\/privatepowderproducts","article_modified_time":"2025-04-24T09:13:16+00:00","og_image":[{"url":"https:\/\/powder-products.com\/wp-content\/uploads\/2025\/04\/Kepernyokep-2025-04-24-111108.png","type":"","width":"","height":""}],"twitter_card":"summary_large_image","twitter_misc":{"Becs\u00fclt olvas\u00e1si id\u0151":"1 perc"},"schema":{"@context":"https:\/\/schema.org","@graph":[{"@type":"WebPage","@id":"https:\/\/powder-products.com\/hu\/wonderful-karak-chai\/","url":"https:\/\/powder-products.com\/hu\/wonderful-karak-chai\/","name":"Wonderful Karak Chai - PPP Private Powder Products","isPartOf":{"@id":"https:\/\/powder-products.com\/hu\/#website"},"primaryImageOfPage":{"@id":"https:\/\/powder-products.com\/hu\/wonderful-karak-chai\/#primaryimage"},"image":{"@id":"https:\/\/powder-products.com\/hu\/wonderful-karak-chai\/#primaryimage"},"thumbnailUrl":"https:\/\/powder-products.com\/wp-content\/uploads\/2025\/04\/Kepernyokep-2025-04-24-111108.png","datePublished":"2025-04-24T09:11:29+00:00","dateModified":"2025-04-24T09:13:16+00:00","breadcrumb":{"@id":"https:\/\/powder-products.com\/hu\/wonderful-karak-chai\/#breadcrumb"},"inLanguage":"hu","potentialAction":[{"@type":"ReadAction","target":["https:\/\/powder-products.com\/hu\/wonderful-karak-chai\/"]}]},{"@type":"ImageObject","inLanguage":"hu","@id":"https:\/\/powder-products.com\/hu\/wonderful-karak-chai\/#primaryimage","url":"https:\/\/powder-products.com\/wp-content\/uploads\/2025\/04\/Kepernyokep-2025-04-24-111108.png","contentUrl":"https:\/\/powder-products.com\/wp-content\/uploads\/2025\/04\/Kepernyokep-2025-04-24-111108.png"},{"@type":"BreadcrumbList","@id":"https:\/\/powder-products.com\/hu\/wonderful-karak-chai\/#breadcrumb","itemListElement":[{"@type":"ListItem","position":1,"name":"Home","item":"https:\/\/powder-products.com\/hu\/"},{"@type":"ListItem","position":2,"name":"Wonderful Karak Chai"}]},{"@type":"WebSite","@id":"https:\/\/powder-products.com\/hu\/#website","url":"https:\/\/powder-products.com\/hu\/","name":"PPP Private Powder Products","description":"Powder based products according to your needs.","publisher":{"@id":"https:\/\/powder-products.com\/hu\/#organization"},"potentialAction":[{"@type":"SearchAction","target":{"@type":"EntryPoint","urlTemplate":"https:\/\/powder-products.com\/hu\/?s={search_term_string}"},"query-input":{"@type":"PropertyValueSpecification","valueRequired":true,"valueName":"search_term_string"}}],"inLanguage":"hu"},{"@type":"Organization","@id":"https:\/\/powder-products.com\/hu\/#organization","name":"PPP Private Powder Products","url":"https:\/\/powder-products.com\/hu\/","logo":{"@type":"ImageObject","inLanguage":"hu","@id":"https:\/\/powder-products.com\/hu\/#\/schema\/logo\/image\/","url":"https:\/\/powder-products.com\/wp-content\/uploads\/2024\/02\/ppp_logo_new-01.png","contentUrl":"https:\/\/powder-products.com\/wp-content\/uploads\/2024\/02\/ppp_logo_new-01.png","width":512,"height":202,"caption":"PPP Private Powder Products"},"image":{"@id":"https:\/\/powder-products.com\/hu\/#\/schema\/logo\/image\/"},"sameAs":["https:\/\/www.facebook.com\/privatepowderproducts"]}]}},"_links":{"self":[{"href":"https:\/\/powder-products.com\/hu\/wp-json\/wp\/v2\/pages\/1450","targetHints":{"allow":["GET"]}}],"collection":[{"href":"https:\/\/powder-products.com\/hu\/wp-json\/wp\/v2\/pages"}],"about":[{"href":"https:\/\/powder-products.com\/hu\/wp-json\/wp\/v2\/types\/page"}],"author":[{"embeddable":true,"href":"https:\/\/powder-products.com\/hu\/wp-json\/wp\/v2\/users\/2"}],"replies":[{"embeddable":true,"href":"https:\/\/powder-products.com\/hu\/wp-json\/wp\/v2\/comments?post=1450"}],"version-history":[{"count":2,"href":"https:\/\/powder-products.com\/hu\/wp-json\/wp\/v2\/pages\/1450\/revisions"}],"predecessor-version":[{"id":1458,"href":"https:\/\/powder-products.com\/hu\/wp-json\/wp\/v2\/pages\/1450\/revisions\/1458"}],"wp:attachment":[{"href":"https:\/\/powder-products.com\/hu\/wp-json\/wp\/v2\/media?parent=1450"}],"curies":[{"name":"wp","href":"https:\/\/api.w.org\/{rel}","templated":true}]}}