{"id":1474,"date":"2025-05-20T09:01:59","date_gmt":"2025-05-20T09:01:59","guid":{"rendered":"https:\/\/powder-products.com\/?page_id=1474"},"modified":"2025-05-20T09:02:01","modified_gmt":"2025-05-20T09:02:01","slug":"wonderful-angel-hair","status":"publish","type":"page","link":"https:\/\/powder-products.com\/hu\/wonderful-angel-hair\/","title":{"rendered":"Wonderful Angel Hair"},"content":{"rendered":"\n<p>Fedezd fel a Wonderful Angel Hair Choco var\u00e1zslatos \u00e9lm\u00e9ny\u00e9t!<br><br>A Wonderful Angel Hair forr\u00f3 csokol\u00e1d\u00e9 a t\u00f6r\u00f6k vattacukor finom \u00e9dess\u00e9g\u00e9t \u00f6tv\u00f6zi a rubin csokol\u00e1d\u00e9 karakteres, bogy\u00f3s gy\u00fcm\u00f6lcs\u00f6kre eml\u00e9keztet\u0151 \u00edzjegyeivel.<br><br>Selymes \u00e9s k\u00e9nyeztet\u0151 finoms\u00e1g, azoknak, akik \u00e9rt\u00e9kelik az \u00e9let kifinomult pillanatait.<\/p>\n\n\n\n<p>R\u00e9szletek: <br>sales@powder-products.com<\/p>\n\n\n\n<figure class=\"wp-block-image size-large\"><img loading=\"lazy\" decoding=\"async\" width=\"1024\" height=\"1024\" src=\"https:\/\/powder-products.com\/wp-content\/uploads\/2025\/05\/Angelhair-hot-chocolate-1024x1024.png\" alt=\"\" class=\"wp-image-1475\" srcset=\"https:\/\/powder-products.com\/wp-content\/uploads\/2025\/05\/Angelhair-hot-chocolate-1024x1024.png 1024w, https:\/\/powder-products.com\/wp-content\/uploads\/2025\/05\/Angelhair-hot-chocolate-300x300.png 300w, https:\/\/powder-products.com\/wp-content\/uploads\/2025\/05\/Angelhair-hot-chocolate-150x150.png 150w, https:\/\/powder-products.com\/wp-content\/uploads\/2025\/05\/Angelhair-hot-chocolate-768x768.png 768w, https:\/\/powder-products.com\/wp-content\/uploads\/2025\/05\/Angelhair-hot-chocolate-100x100.png 100w, https:\/\/powder-products.com\/wp-content\/uploads\/2025\/05\/Angelhair-hot-chocolate.png 1080w\" sizes=\"auto, (max-width: 767px) 89vw, (max-width: 1000px) 54vw, (max-width: 1071px) 543px, 580px\" \/><\/figure>\n","protected":false},"excerpt":{"rendered":"<p>Fedezd fel a Wonderful Angel Hair Choco var\u00e1zslatos \u00e9lm\u00e9ny\u00e9t! A Wonderful Angel Hair forr\u00f3 csokol\u00e1d\u00e9 a t\u00f6r\u00f6k vattacukor finom \u00e9dess\u00e9g\u00e9t \u00f6tv\u00f6zi a rubin csokol\u00e1d\u00e9 karakteres, bogy\u00f3s gy\u00fcm\u00f6lcs\u00f6kre eml\u00e9keztet\u0151 \u00edzjegyeivel. Selymes \u00e9s k\u00e9nyeztet\u0151 finoms\u00e1g, azoknak, akik \u00e9rt\u00e9kelik az \u00e9let kifinomult pillanatait. R\u00e9szletek: sales@powder-products.com<\/p>\n","protected":false},"author":2,"featured_media":0,"parent":0,"menu_order":0,"comment_status":"closed","ping_status":"closed","template":"","meta":{"footnotes":""},"class_list":["post-1474","page","type-page","status-publish","hentry"],"yoast_head":"<!-- This site is optimized with the Yoast SEO Premium plugin v25.6 (Yoast SEO v26.1.1) - https:\/\/yoast.com\/wordpress\/plugins\/seo\/ -->\n<title>Wonderful Angel Hair - PPP Private Powder Products<\/title>\n<meta name=\"robots\" content=\"index, follow, max-snippet:-1, max-image-preview:large, max-video-preview:-1\" \/>\n<link rel=\"canonical\" href=\"https:\/\/powder-products.com\/hu\/wonderful-angel-hair\/\" \/>\n<meta property=\"og:locale\" content=\"hu_HU\" \/>\n<meta property=\"og:type\" content=\"article\" \/>\n<meta property=\"og:title\" content=\"Wonderful Angel Hair\" \/>\n<meta property=\"og:description\" content=\"Fedezd fel a Wonderful Angel Hair Choco var\u00e1zslatos \u00e9lm\u00e9ny\u00e9t! A Wonderful Angel Hair forr\u00f3 csokol\u00e1d\u00e9 a t\u00f6r\u00f6k vattacukor finom \u00e9dess\u00e9g\u00e9t \u00f6tv\u00f6zi a rubin csokol\u00e1d\u00e9 karakteres, bogy\u00f3s gy\u00fcm\u00f6lcs\u00f6kre eml\u00e9keztet\u0151 \u00edzjegyeivel. Selymes \u00e9s k\u00e9nyeztet\u0151 finoms\u00e1g, azoknak, akik \u00e9rt\u00e9kelik az \u00e9let kifinomult pillanatait. R\u00e9szletek: sales@powder-products.com\" \/>\n<meta property=\"og:url\" content=\"https:\/\/powder-products.com\/hu\/wonderful-angel-hair\/\" \/>\n<meta property=\"og:site_name\" content=\"PPP Private Powder Products\" \/>\n<meta property=\"article:publisher\" content=\"https:\/\/www.facebook.com\/privatepowderproducts\" \/>\n<meta property=\"article:modified_time\" content=\"2025-05-20T09:02:01+00:00\" \/>\n<meta property=\"og:image\" content=\"https:\/\/powder-products.com\/wp-content\/uploads\/2025\/05\/Angelhair-hot-chocolate-1024x1024.png\" \/>\n<meta name=\"twitter:card\" content=\"summary_large_image\" \/>\n<meta name=\"twitter:label1\" content=\"Becs\u00fclt olvas\u00e1si id\u0151\" \/>\n\t<meta name=\"twitter:data1\" content=\"1 perc\" \/>\n<script type=\"application\/ld+json\" class=\"yoast-schema-graph\">{\"@context\":\"https:\/\/schema.org\",\"@graph\":[{\"@type\":\"WebPage\",\"@id\":\"https:\/\/powder-products.com\/hu\/wonderful-angel-hair\/\",\"url\":\"https:\/\/powder-products.com\/hu\/wonderful-angel-hair\/\",\"name\":\"Wonderful Angel Hair - PPP Private Powder Products\",\"isPartOf\":{\"@id\":\"https:\/\/powder-products.com\/hu\/#website\"},\"primaryImageOfPage\":{\"@id\":\"https:\/\/powder-products.com\/hu\/wonderful-angel-hair\/#primaryimage\"},\"image\":{\"@id\":\"https:\/\/powder-products.com\/hu\/wonderful-angel-hair\/#primaryimage\"},\"thumbnailUrl\":\"https:\/\/powder-products.com\/wp-content\/uploads\/2025\/05\/Angelhair-hot-chocolate-1024x1024.png\",\"datePublished\":\"2025-05-20T09:01:59+00:00\",\"dateModified\":\"2025-05-20T09:02:01+00:00\",\"breadcrumb\":{\"@id\":\"https:\/\/powder-products.com\/hu\/wonderful-angel-hair\/#breadcrumb\"},\"inLanguage\":\"hu\",\"potentialAction\":[{\"@type\":\"ReadAction\",\"target\":[\"https:\/\/powder-products.com\/hu\/wonderful-angel-hair\/\"]}]},{\"@type\":\"ImageObject\",\"inLanguage\":\"hu\",\"@id\":\"https:\/\/powder-products.com\/hu\/wonderful-angel-hair\/#primaryimage\",\"url\":\"https:\/\/powder-products.com\/wp-content\/uploads\/2025\/05\/Angelhair-hot-chocolate-1024x1024.png\",\"contentUrl\":\"https:\/\/powder-products.com\/wp-content\/uploads\/2025\/05\/Angelhair-hot-chocolate-1024x1024.png\"},{\"@type\":\"BreadcrumbList\",\"@id\":\"https:\/\/powder-products.com\/hu\/wonderful-angel-hair\/#breadcrumb\",\"itemListElement\":[{\"@type\":\"ListItem\",\"position\":1,\"name\":\"Home\",\"item\":\"https:\/\/powder-products.com\/hu\/\"},{\"@type\":\"ListItem\",\"position\":2,\"name\":\"Wonderful Angel Hair\"}]},{\"@type\":\"WebSite\",\"@id\":\"https:\/\/powder-products.com\/hu\/#website\",\"url\":\"https:\/\/powder-products.com\/hu\/\",\"name\":\"PPP Private Powder Products\",\"description\":\"Powder based products according to your needs.\",\"publisher\":{\"@id\":\"https:\/\/powder-products.com\/hu\/#organization\"},\"potentialAction\":[{\"@type\":\"SearchAction\",\"target\":{\"@type\":\"EntryPoint\",\"urlTemplate\":\"https:\/\/powder-products.com\/hu\/?s={search_term_string}\"},\"query-input\":{\"@type\":\"PropertyValueSpecification\",\"valueRequired\":true,\"valueName\":\"search_term_string\"}}],\"inLanguage\":\"hu\"},{\"@type\":\"Organization\",\"@id\":\"https:\/\/powder-products.com\/hu\/#organization\",\"name\":\"PPP Private Powder Products\",\"url\":\"https:\/\/powder-products.com\/hu\/\",\"logo\":{\"@type\":\"ImageObject\",\"inLanguage\":\"hu\",\"@id\":\"https:\/\/powder-products.com\/hu\/#\/schema\/logo\/image\/\",\"url\":\"https:\/\/powder-products.com\/wp-content\/uploads\/2024\/02\/ppp_logo_new-01.png\",\"contentUrl\":\"https:\/\/powder-products.com\/wp-content\/uploads\/2024\/02\/ppp_logo_new-01.png\",\"width\":512,\"height\":202,\"caption\":\"PPP Private Powder Products\"},\"image\":{\"@id\":\"https:\/\/powder-products.com\/hu\/#\/schema\/logo\/image\/\"},\"sameAs\":[\"https:\/\/www.facebook.com\/privatepowderproducts\"]}]}<\/script>\n<!-- \/ Yoast SEO Premium plugin. -->","yoast_head_json":{"title":"Wonderful Angel Hair - PPP Private Powder Products","robots":{"index":"index","follow":"follow","max-snippet":"max-snippet:-1","max-image-preview":"max-image-preview:large","max-video-preview":"max-video-preview:-1"},"canonical":"https:\/\/powder-products.com\/hu\/wonderful-angel-hair\/","og_locale":"hu_HU","og_type":"article","og_title":"Wonderful Angel Hair","og_description":"Fedezd fel a Wonderful Angel Hair Choco var\u00e1zslatos \u00e9lm\u00e9ny\u00e9t! A Wonderful Angel Hair forr\u00f3 csokol\u00e1d\u00e9 a t\u00f6r\u00f6k vattacukor finom \u00e9dess\u00e9g\u00e9t \u00f6tv\u00f6zi a rubin csokol\u00e1d\u00e9 karakteres, bogy\u00f3s gy\u00fcm\u00f6lcs\u00f6kre eml\u00e9keztet\u0151 \u00edzjegyeivel. Selymes \u00e9s k\u00e9nyeztet\u0151 finoms\u00e1g, azoknak, akik \u00e9rt\u00e9kelik az \u00e9let kifinomult pillanatait. R\u00e9szletek: sales@powder-products.com","og_url":"https:\/\/powder-products.com\/hu\/wonderful-angel-hair\/","og_site_name":"PPP Private Powder Products","article_publisher":"https:\/\/www.facebook.com\/privatepowderproducts","article_modified_time":"2025-05-20T09:02:01+00:00","og_image":[{"url":"https:\/\/powder-products.com\/wp-content\/uploads\/2025\/05\/Angelhair-hot-chocolate-1024x1024.png","type":"","width":"","height":""}],"twitter_card":"summary_large_image","twitter_misc":{"Becs\u00fclt olvas\u00e1si id\u0151":"1 perc"},"schema":{"@context":"https:\/\/schema.org","@graph":[{"@type":"WebPage","@id":"https:\/\/powder-products.com\/hu\/wonderful-angel-hair\/","url":"https:\/\/powder-products.com\/hu\/wonderful-angel-hair\/","name":"Wonderful Angel Hair - PPP Private Powder Products","isPartOf":{"@id":"https:\/\/powder-products.com\/hu\/#website"},"primaryImageOfPage":{"@id":"https:\/\/powder-products.com\/hu\/wonderful-angel-hair\/#primaryimage"},"image":{"@id":"https:\/\/powder-products.com\/hu\/wonderful-angel-hair\/#primaryimage"},"thumbnailUrl":"https:\/\/powder-products.com\/wp-content\/uploads\/2025\/05\/Angelhair-hot-chocolate-1024x1024.png","datePublished":"2025-05-20T09:01:59+00:00","dateModified":"2025-05-20T09:02:01+00:00","breadcrumb":{"@id":"https:\/\/powder-products.com\/hu\/wonderful-angel-hair\/#breadcrumb"},"inLanguage":"hu","potentialAction":[{"@type":"ReadAction","target":["https:\/\/powder-products.com\/hu\/wonderful-angel-hair\/"]}]},{"@type":"ImageObject","inLanguage":"hu","@id":"https:\/\/powder-products.com\/hu\/wonderful-angel-hair\/#primaryimage","url":"https:\/\/powder-products.com\/wp-content\/uploads\/2025\/05\/Angelhair-hot-chocolate-1024x1024.png","contentUrl":"https:\/\/powder-products.com\/wp-content\/uploads\/2025\/05\/Angelhair-hot-chocolate-1024x1024.png"},{"@type":"BreadcrumbList","@id":"https:\/\/powder-products.com\/hu\/wonderful-angel-hair\/#breadcrumb","itemListElement":[{"@type":"ListItem","position":1,"name":"Home","item":"https:\/\/powder-products.com\/hu\/"},{"@type":"ListItem","position":2,"name":"Wonderful Angel Hair"}]},{"@type":"WebSite","@id":"https:\/\/powder-products.com\/hu\/#website","url":"https:\/\/powder-products.com\/hu\/","name":"PPP Private Powder Products","description":"Powder based products according to your needs.","publisher":{"@id":"https:\/\/powder-products.com\/hu\/#organization"},"potentialAction":[{"@type":"SearchAction","target":{"@type":"EntryPoint","urlTemplate":"https:\/\/powder-products.com\/hu\/?s={search_term_string}"},"query-input":{"@type":"PropertyValueSpecification","valueRequired":true,"valueName":"search_term_string"}}],"inLanguage":"hu"},{"@type":"Organization","@id":"https:\/\/powder-products.com\/hu\/#organization","name":"PPP Private Powder Products","url":"https:\/\/powder-products.com\/hu\/","logo":{"@type":"ImageObject","inLanguage":"hu","@id":"https:\/\/powder-products.com\/hu\/#\/schema\/logo\/image\/","url":"https:\/\/powder-products.com\/wp-content\/uploads\/2024\/02\/ppp_logo_new-01.png","contentUrl":"https:\/\/powder-products.com\/wp-content\/uploads\/2024\/02\/ppp_logo_new-01.png","width":512,"height":202,"caption":"PPP Private Powder Products"},"image":{"@id":"https:\/\/powder-products.com\/hu\/#\/schema\/logo\/image\/"},"sameAs":["https:\/\/www.facebook.com\/privatepowderproducts"]}]}},"_links":{"self":[{"href":"https:\/\/powder-products.com\/hu\/wp-json\/wp\/v2\/pages\/1474","targetHints":{"allow":["GET"]}}],"collection":[{"href":"https:\/\/powder-products.com\/hu\/wp-json\/wp\/v2\/pages"}],"about":[{"href":"https:\/\/powder-products.com\/hu\/wp-json\/wp\/v2\/types\/page"}],"author":[{"embeddable":true,"href":"https:\/\/powder-products.com\/hu\/wp-json\/wp\/v2\/users\/2"}],"replies":[{"embeddable":true,"href":"https:\/\/powder-products.com\/hu\/wp-json\/wp\/v2\/comments?post=1474"}],"version-history":[{"count":1,"href":"https:\/\/powder-products.com\/hu\/wp-json\/wp\/v2\/pages\/1474\/revisions"}],"predecessor-version":[{"id":1478,"href":"https:\/\/powder-products.com\/hu\/wp-json\/wp\/v2\/pages\/1474\/revisions\/1478"}],"wp:attachment":[{"href":"https:\/\/powder-products.com\/hu\/wp-json\/wp\/v2\/media?parent=1474"}],"curies":[{"name":"wp","href":"https:\/\/api.w.org\/{rel}","templated":true}]}}