{"id":1525,"date":"2025-08-04T09:03:20","date_gmt":"2025-08-04T09:03:20","guid":{"rendered":"https:\/\/powder-products.com\/?page_id=1525"},"modified":"2025-08-04T09:03:23","modified_gmt":"2025-08-04T09:03:23","slug":"talalkozzunk-parizsban","status":"publish","type":"page","link":"https:\/\/powder-products.com\/hu\/talalkozzunk-parizsban\/","title":{"rendered":"Tal\u00e1lkozzunk P\u00e1rizsban!"},"content":{"rendered":"\n<p>Id\u00e9n ki\u00e1ll\u00edt\u00f3k\u00e9nt vesz\u00fcnk r\u00e9szt a Paris Vending Show-n, \u00e9s izgatottan k\u00e9sz\u00fcl\u00fcnk, hogy tal\u00e1lkozhassunk veletek!<\/p>\n\n\n\n<p><a><\/a><img loading=\"lazy\" decoding=\"async\" height=\"16\" width=\"16\" alt=\"\ud83d\udcc5\" src=\"https:\/\/static.xx.fbcdn.net\/images\/emoji.php\/v9\/t7e\/1\/16\/1f4c5.png\"> 2025. j\u00fanius 24\u201327.<\/p>\n\n\n\n<p><img loading=\"lazy\" decoding=\"async\" height=\"16\" width=\"16\" alt=\"\ud83d\udccd\" src=\"https:\/\/static.xx.fbcdn.net\/images\/emoji.php\/v9\/t2d\/1\/16\/1f4cd.png\"> C1 stand \u2013 Paris Expo Porte de Versailles<\/p>\n\n\n\n<p>Gyere, fedezd fel leg\u00fajabb megold\u00e1sainkat, k\u00f3stolj bele az \u00fajdons\u00e1gainkba, \u00e9s besz\u00e9lgess\u00fcnk arr\u00f3l, hogyan form\u00e1lhatjuk egy\u00fctt a vending vil\u00e1g\u00e1t!<\/p>\n\n\n\n<p>Tal\u00e1lkozzunk P\u00e1rizsban!<\/p>\n\n\n\n<figure class=\"wp-block-image size-large\"><img loading=\"lazy\" decoding=\"async\" width=\"768\" height=\"1024\" src=\"https:\/\/powder-products.com\/wp-content\/uploads\/2025\/08\/PPPteamParis-768x1024.jpg\" alt=\"\" class=\"wp-image-1526\" srcset=\"https:\/\/powder-products.com\/wp-content\/uploads\/2025\/08\/PPPteamParis-768x1024.jpg 768w, https:\/\/powder-products.com\/wp-content\/uploads\/2025\/08\/PPPteamParis-225x300.jpg 225w, https:\/\/powder-products.com\/wp-content\/uploads\/2025\/08\/PPPteamParis-1152x1536.jpg 1152w, https:\/\/powder-products.com\/wp-content\/uploads\/2025\/08\/PPPteamParis.jpg 1200w\" sizes=\"auto, (max-width: 767px) 89vw, (max-width: 1000px) 54vw, (max-width: 1071px) 543px, 580px\" \/><\/figure>\n","protected":false},"excerpt":{"rendered":"<p>Id\u00e9n ki\u00e1ll\u00edt\u00f3k\u00e9nt vesz\u00fcnk r\u00e9szt a Paris Vending Show-n, \u00e9s izgatottan k\u00e9sz\u00fcl\u00fcnk, hogy tal\u00e1lkozhassunk veletek! 2025. j\u00fanius 24\u201327. C1 stand \u2013 Paris Expo Porte de Versailles Gyere, fedezd fel leg\u00fajabb megold\u00e1sainkat, k\u00f3stolj bele az \u00fajdons\u00e1gainkba, \u00e9s besz\u00e9lgess\u00fcnk arr\u00f3l, hogyan form\u00e1lhatjuk egy\u00fctt a vending vil\u00e1g\u00e1t! Tal\u00e1lkozzunk P\u00e1rizsban!<\/p>\n","protected":false},"author":2,"featured_media":0,"parent":0,"menu_order":0,"comment_status":"closed","ping_status":"closed","template":"","meta":{"footnotes":""},"class_list":["post-1525","page","type-page","status-publish","hentry"],"yoast_head":"<!-- This site is optimized with the Yoast SEO Premium plugin v25.6 (Yoast SEO v26.1.1) - https:\/\/yoast.com\/wordpress\/plugins\/seo\/ -->\n<title>Tal\u00e1lkozzunk P\u00e1rizsban! - PPP Private Powder Products<\/title>\n<meta name=\"robots\" content=\"index, follow, max-snippet:-1, max-image-preview:large, max-video-preview:-1\" \/>\n<link rel=\"canonical\" href=\"https:\/\/powder-products.com\/hu\/talalkozzunk-parizsban\/\" \/>\n<meta property=\"og:locale\" content=\"hu_HU\" \/>\n<meta property=\"og:type\" content=\"article\" \/>\n<meta property=\"og:title\" content=\"Tal\u00e1lkozzunk P\u00e1rizsban!\" \/>\n<meta property=\"og:description\" content=\"Id\u00e9n ki\u00e1ll\u00edt\u00f3k\u00e9nt vesz\u00fcnk r\u00e9szt a Paris Vending Show-n, \u00e9s izgatottan k\u00e9sz\u00fcl\u00fcnk, hogy tal\u00e1lkozhassunk veletek! 2025. j\u00fanius 24\u201327. C1 stand \u2013 Paris Expo Porte de Versailles Gyere, fedezd fel leg\u00fajabb megold\u00e1sainkat, k\u00f3stolj bele az \u00fajdons\u00e1gainkba, \u00e9s besz\u00e9lgess\u00fcnk arr\u00f3l, hogyan form\u00e1lhatjuk egy\u00fctt a vending vil\u00e1g\u00e1t! Tal\u00e1lkozzunk P\u00e1rizsban!\" \/>\n<meta property=\"og:url\" content=\"https:\/\/powder-products.com\/hu\/talalkozzunk-parizsban\/\" \/>\n<meta property=\"og:site_name\" content=\"PPP Private Powder Products\" \/>\n<meta property=\"article:publisher\" content=\"https:\/\/www.facebook.com\/privatepowderproducts\" \/>\n<meta property=\"article:modified_time\" content=\"2025-08-04T09:03:23+00:00\" \/>\n<meta property=\"og:image\" content=\"https:\/\/static.xx.fbcdn.net\/images\/emoji.php\/v9\/t7e\/1\/16\/1f4c5.png\" \/>\n<meta name=\"twitter:card\" content=\"summary_large_image\" \/>\n<meta name=\"twitter:label1\" content=\"Becs\u00fclt olvas\u00e1si id\u0151\" \/>\n\t<meta name=\"twitter:data1\" content=\"1 perc\" \/>\n<script type=\"application\/ld+json\" class=\"yoast-schema-graph\">{\"@context\":\"https:\/\/schema.org\",\"@graph\":[{\"@type\":\"WebPage\",\"@id\":\"https:\/\/powder-products.com\/hu\/talalkozzunk-parizsban\/\",\"url\":\"https:\/\/powder-products.com\/hu\/talalkozzunk-parizsban\/\",\"name\":\"Tal\u00e1lkozzunk P\u00e1rizsban! - PPP Private Powder Products\",\"isPartOf\":{\"@id\":\"https:\/\/powder-products.com\/hu\/#website\"},\"primaryImageOfPage\":{\"@id\":\"https:\/\/powder-products.com\/hu\/talalkozzunk-parizsban\/#primaryimage\"},\"image\":{\"@id\":\"https:\/\/powder-products.com\/hu\/talalkozzunk-parizsban\/#primaryimage\"},\"thumbnailUrl\":\"https:\/\/static.xx.fbcdn.net\/images\/emoji.php\/v9\/t7e\/1\/16\/1f4c5.png\",\"datePublished\":\"2025-08-04T09:03:20+00:00\",\"dateModified\":\"2025-08-04T09:03:23+00:00\",\"breadcrumb\":{\"@id\":\"https:\/\/powder-products.com\/hu\/talalkozzunk-parizsban\/#breadcrumb\"},\"inLanguage\":\"hu\",\"potentialAction\":[{\"@type\":\"ReadAction\",\"target\":[\"https:\/\/powder-products.com\/hu\/talalkozzunk-parizsban\/\"]}]},{\"@type\":\"ImageObject\",\"inLanguage\":\"hu\",\"@id\":\"https:\/\/powder-products.com\/hu\/talalkozzunk-parizsban\/#primaryimage\",\"url\":\"https:\/\/static.xx.fbcdn.net\/images\/emoji.php\/v9\/t7e\/1\/16\/1f4c5.png\",\"contentUrl\":\"https:\/\/static.xx.fbcdn.net\/images\/emoji.php\/v9\/t7e\/1\/16\/1f4c5.png\"},{\"@type\":\"BreadcrumbList\",\"@id\":\"https:\/\/powder-products.com\/hu\/talalkozzunk-parizsban\/#breadcrumb\",\"itemListElement\":[{\"@type\":\"ListItem\",\"position\":1,\"name\":\"Home\",\"item\":\"https:\/\/powder-products.com\/hu\/\"},{\"@type\":\"ListItem\",\"position\":2,\"name\":\"Tal\u00e1lkozzunk P\u00e1rizsban!\"}]},{\"@type\":\"WebSite\",\"@id\":\"https:\/\/powder-products.com\/hu\/#website\",\"url\":\"https:\/\/powder-products.com\/hu\/\",\"name\":\"PPP Private Powder Products\",\"description\":\"Powder based products according to your needs.\",\"publisher\":{\"@id\":\"https:\/\/powder-products.com\/hu\/#organization\"},\"potentialAction\":[{\"@type\":\"SearchAction\",\"target\":{\"@type\":\"EntryPoint\",\"urlTemplate\":\"https:\/\/powder-products.com\/hu\/?s={search_term_string}\"},\"query-input\":{\"@type\":\"PropertyValueSpecification\",\"valueRequired\":true,\"valueName\":\"search_term_string\"}}],\"inLanguage\":\"hu\"},{\"@type\":\"Organization\",\"@id\":\"https:\/\/powder-products.com\/hu\/#organization\",\"name\":\"PPP Private Powder Products\",\"url\":\"https:\/\/powder-products.com\/hu\/\",\"logo\":{\"@type\":\"ImageObject\",\"inLanguage\":\"hu\",\"@id\":\"https:\/\/powder-products.com\/hu\/#\/schema\/logo\/image\/\",\"url\":\"https:\/\/powder-products.com\/wp-content\/uploads\/2024\/02\/ppp_logo_new-01.png\",\"contentUrl\":\"https:\/\/powder-products.com\/wp-content\/uploads\/2024\/02\/ppp_logo_new-01.png\",\"width\":512,\"height\":202,\"caption\":\"PPP Private Powder Products\"},\"image\":{\"@id\":\"https:\/\/powder-products.com\/hu\/#\/schema\/logo\/image\/\"},\"sameAs\":[\"https:\/\/www.facebook.com\/privatepowderproducts\"]}]}<\/script>\n<!-- \/ Yoast SEO Premium plugin. -->","yoast_head_json":{"title":"Tal\u00e1lkozzunk P\u00e1rizsban! - PPP Private Powder Products","robots":{"index":"index","follow":"follow","max-snippet":"max-snippet:-1","max-image-preview":"max-image-preview:large","max-video-preview":"max-video-preview:-1"},"canonical":"https:\/\/powder-products.com\/hu\/talalkozzunk-parizsban\/","og_locale":"hu_HU","og_type":"article","og_title":"Tal\u00e1lkozzunk P\u00e1rizsban!","og_description":"Id\u00e9n ki\u00e1ll\u00edt\u00f3k\u00e9nt vesz\u00fcnk r\u00e9szt a Paris Vending Show-n, \u00e9s izgatottan k\u00e9sz\u00fcl\u00fcnk, hogy tal\u00e1lkozhassunk veletek! 2025. j\u00fanius 24\u201327. C1 stand \u2013 Paris Expo Porte de Versailles Gyere, fedezd fel leg\u00fajabb megold\u00e1sainkat, k\u00f3stolj bele az \u00fajdons\u00e1gainkba, \u00e9s besz\u00e9lgess\u00fcnk arr\u00f3l, hogyan form\u00e1lhatjuk egy\u00fctt a vending vil\u00e1g\u00e1t! Tal\u00e1lkozzunk P\u00e1rizsban!","og_url":"https:\/\/powder-products.com\/hu\/talalkozzunk-parizsban\/","og_site_name":"PPP Private Powder Products","article_publisher":"https:\/\/www.facebook.com\/privatepowderproducts","article_modified_time":"2025-08-04T09:03:23+00:00","og_image":[{"url":"https:\/\/static.xx.fbcdn.net\/images\/emoji.php\/v9\/t7e\/1\/16\/1f4c5.png","type":"","width":"","height":""}],"twitter_card":"summary_large_image","twitter_misc":{"Becs\u00fclt olvas\u00e1si id\u0151":"1 perc"},"schema":{"@context":"https:\/\/schema.org","@graph":[{"@type":"WebPage","@id":"https:\/\/powder-products.com\/hu\/talalkozzunk-parizsban\/","url":"https:\/\/powder-products.com\/hu\/talalkozzunk-parizsban\/","name":"Tal\u00e1lkozzunk P\u00e1rizsban! - PPP Private Powder Products","isPartOf":{"@id":"https:\/\/powder-products.com\/hu\/#website"},"primaryImageOfPage":{"@id":"https:\/\/powder-products.com\/hu\/talalkozzunk-parizsban\/#primaryimage"},"image":{"@id":"https:\/\/powder-products.com\/hu\/talalkozzunk-parizsban\/#primaryimage"},"thumbnailUrl":"https:\/\/static.xx.fbcdn.net\/images\/emoji.php\/v9\/t7e\/1\/16\/1f4c5.png","datePublished":"2025-08-04T09:03:20+00:00","dateModified":"2025-08-04T09:03:23+00:00","breadcrumb":{"@id":"https:\/\/powder-products.com\/hu\/talalkozzunk-parizsban\/#breadcrumb"},"inLanguage":"hu","potentialAction":[{"@type":"ReadAction","target":["https:\/\/powder-products.com\/hu\/talalkozzunk-parizsban\/"]}]},{"@type":"ImageObject","inLanguage":"hu","@id":"https:\/\/powder-products.com\/hu\/talalkozzunk-parizsban\/#primaryimage","url":"https:\/\/static.xx.fbcdn.net\/images\/emoji.php\/v9\/t7e\/1\/16\/1f4c5.png","contentUrl":"https:\/\/static.xx.fbcdn.net\/images\/emoji.php\/v9\/t7e\/1\/16\/1f4c5.png"},{"@type":"BreadcrumbList","@id":"https:\/\/powder-products.com\/hu\/talalkozzunk-parizsban\/#breadcrumb","itemListElement":[{"@type":"ListItem","position":1,"name":"Home","item":"https:\/\/powder-products.com\/hu\/"},{"@type":"ListItem","position":2,"name":"Tal\u00e1lkozzunk P\u00e1rizsban!"}]},{"@type":"WebSite","@id":"https:\/\/powder-products.com\/hu\/#website","url":"https:\/\/powder-products.com\/hu\/","name":"PPP Private Powder Products","description":"Powder based products according to your needs.","publisher":{"@id":"https:\/\/powder-products.com\/hu\/#organization"},"potentialAction":[{"@type":"SearchAction","target":{"@type":"EntryPoint","urlTemplate":"https:\/\/powder-products.com\/hu\/?s={search_term_string}"},"query-input":{"@type":"PropertyValueSpecification","valueRequired":true,"valueName":"search_term_string"}}],"inLanguage":"hu"},{"@type":"Organization","@id":"https:\/\/powder-products.com\/hu\/#organization","name":"PPP Private Powder Products","url":"https:\/\/powder-products.com\/hu\/","logo":{"@type":"ImageObject","inLanguage":"hu","@id":"https:\/\/powder-products.com\/hu\/#\/schema\/logo\/image\/","url":"https:\/\/powder-products.com\/wp-content\/uploads\/2024\/02\/ppp_logo_new-01.png","contentUrl":"https:\/\/powder-products.com\/wp-content\/uploads\/2024\/02\/ppp_logo_new-01.png","width":512,"height":202,"caption":"PPP Private Powder Products"},"image":{"@id":"https:\/\/powder-products.com\/hu\/#\/schema\/logo\/image\/"},"sameAs":["https:\/\/www.facebook.com\/privatepowderproducts"]}]}},"_links":{"self":[{"href":"https:\/\/powder-products.com\/hu\/wp-json\/wp\/v2\/pages\/1525","targetHints":{"allow":["GET"]}}],"collection":[{"href":"https:\/\/powder-products.com\/hu\/wp-json\/wp\/v2\/pages"}],"about":[{"href":"https:\/\/powder-products.com\/hu\/wp-json\/wp\/v2\/types\/page"}],"author":[{"embeddable":true,"href":"https:\/\/powder-products.com\/hu\/wp-json\/wp\/v2\/users\/2"}],"replies":[{"embeddable":true,"href":"https:\/\/powder-products.com\/hu\/wp-json\/wp\/v2\/comments?post=1525"}],"version-history":[{"count":1,"href":"https:\/\/powder-products.com\/hu\/wp-json\/wp\/v2\/pages\/1525\/revisions"}],"predecessor-version":[{"id":1529,"href":"https:\/\/powder-products.com\/hu\/wp-json\/wp\/v2\/pages\/1525\/revisions\/1529"}],"wp:attachment":[{"href":"https:\/\/powder-products.com\/hu\/wp-json\/wp\/v2\/media?parent=1525"}],"curies":[{"name":"wp","href":"https:\/\/api.w.org\/{rel}","templated":true}]}}