{"id":1539,"date":"2025-08-04T09:22:23","date_gmt":"2025-08-04T09:22:23","guid":{"rendered":"https:\/\/powder-products.com\/?page_id=1539"},"modified":"2025-08-04T09:22:25","modified_gmt":"2025-08-04T09:22:25","slug":"szeptember-6-an-ujra-orfun-az-akadalymentes-nap-fotamogatojakent","status":"publish","type":"page","link":"https:\/\/powder-products.com\/hu\/szeptember-6-an-ujra-orfun-az-akadalymentes-nap-fotamogatojakent\/","title":{"rendered":"Szeptember 6-\u00e1n \u00fajra Orf\u0171n, az Akad\u00e1lymentes Nap f\u0151t\u00e1mogat\u00f3jak\u00e9nt!"},"content":{"rendered":"\n<p>Id\u00e9n imm\u00e1r <strong>m\u00e1sodik alkalommal<\/strong> vesz\u00fcnk r\u00e9szt f\u0151t\u00e1mogat\u00f3k\u00e9nt a <strong>9. Orf\u0171i Akad\u00e1lymentes Napon<\/strong>, ahol ism\u00e9t egy\u00fctt \u00fcnnepelhetj\u00fck az elfogad\u00e1st, a k\u00f6z\u00f6ss\u00e9get \u00e9s az \u00f6sszefog\u00e1s erej\u00e9t.<\/p>\n\n\n\n<p>A <strong>PPP \u2013 Priwate Powder Products<\/strong> csapata <strong>hidegitalokkal gondoskodik a friss\u00edt\u00e9sr\u0151l<\/strong>, \u00e9s szem\u00e9lyesen is jelen lesz\u00fcnk, hogy seg\u00edts\u00fck a rendezv\u00e9ny lebonyol\u00edt\u00e1s\u00e1t.<\/p>\n\n\n\n<p>Tal\u00e1lkozunk <strong>szeptember 6-\u00e1n<\/strong> Orf\u0171n \u2013 ahol mindenki\u00e9 a p\u00e1lya!<\/p>\n\n\n\n<figure class=\"wp-block-image size-large\"><img loading=\"lazy\" decoding=\"async\" width=\"1024\" height=\"768\" src=\"https:\/\/powder-products.com\/wp-content\/uploads\/2025\/08\/3-1024x768.jpg\" alt=\"\" class=\"wp-image-1540\" srcset=\"https:\/\/powder-products.com\/wp-content\/uploads\/2025\/08\/3-1024x768.jpg 1024w, https:\/\/powder-products.com\/wp-content\/uploads\/2025\/08\/3-300x225.jpg 300w, https:\/\/powder-products.com\/wp-content\/uploads\/2025\/08\/3-768x576.jpg 768w, https:\/\/powder-products.com\/wp-content\/uploads\/2025\/08\/3-1536x1152.jpg 1536w, https:\/\/powder-products.com\/wp-content\/uploads\/2025\/08\/3.jpg 2016w\" sizes=\"auto, (max-width: 767px) 89vw, (max-width: 1000px) 54vw, (max-width: 1071px) 543px, 580px\" \/><\/figure>\n","protected":false},"excerpt":{"rendered":"<p>Id\u00e9n imm\u00e1r m\u00e1sodik alkalommal vesz\u00fcnk r\u00e9szt f\u0151t\u00e1mogat\u00f3k\u00e9nt a 9. Orf\u0171i Akad\u00e1lymentes Napon, ahol ism\u00e9t egy\u00fctt \u00fcnnepelhetj\u00fck az elfogad\u00e1st, a k\u00f6z\u00f6ss\u00e9get \u00e9s az \u00f6sszefog\u00e1s erej\u00e9t. A PPP \u2013 Priwate Powder Products csapata hidegitalokkal gondoskodik a friss\u00edt\u00e9sr\u0151l, \u00e9s szem\u00e9lyesen is jelen lesz\u00fcnk, hogy seg\u00edts\u00fck a rendezv\u00e9ny lebonyol\u00edt\u00e1s\u00e1t. Tal\u00e1lkozunk szeptember 6-\u00e1n Orf\u0171n \u2013 ahol mindenki\u00e9 a p\u00e1lya!<\/p>\n","protected":false},"author":2,"featured_media":0,"parent":0,"menu_order":0,"comment_status":"closed","ping_status":"closed","template":"","meta":{"footnotes":""},"class_list":["post-1539","page","type-page","status-publish","hentry"],"yoast_head":"<!-- This site is optimized with the Yoast SEO Premium plugin v25.6 (Yoast SEO v26.1.1) - https:\/\/yoast.com\/wordpress\/plugins\/seo\/ -->\n<title>Szeptember 6-\u00e1n \u00fajra Orf\u0171n, az Akad\u00e1lymentes Nap f\u0151t\u00e1mogat\u00f3jak\u00e9nt! - PPP Private Powder Products<\/title>\n<meta name=\"robots\" content=\"index, follow, max-snippet:-1, max-image-preview:large, max-video-preview:-1\" \/>\n<link rel=\"canonical\" href=\"https:\/\/powder-products.com\/hu\/szeptember-6-an-ujra-orfun-az-akadalymentes-nap-fotamogatojakent\/\" \/>\n<meta property=\"og:locale\" content=\"hu_HU\" \/>\n<meta property=\"og:type\" content=\"article\" \/>\n<meta property=\"og:title\" content=\"Szeptember 6-\u00e1n \u00fajra Orf\u0171n, az Akad\u00e1lymentes Nap f\u0151t\u00e1mogat\u00f3jak\u00e9nt!\" \/>\n<meta property=\"og:description\" content=\"Id\u00e9n imm\u00e1r m\u00e1sodik alkalommal vesz\u00fcnk r\u00e9szt f\u0151t\u00e1mogat\u00f3k\u00e9nt a 9. Orf\u0171i Akad\u00e1lymentes Napon, ahol ism\u00e9t egy\u00fctt \u00fcnnepelhetj\u00fck az elfogad\u00e1st, a k\u00f6z\u00f6ss\u00e9get \u00e9s az \u00f6sszefog\u00e1s erej\u00e9t. A PPP \u2013 Priwate Powder Products csapata hidegitalokkal gondoskodik a friss\u00edt\u00e9sr\u0151l, \u00e9s szem\u00e9lyesen is jelen lesz\u00fcnk, hogy seg\u00edts\u00fck a rendezv\u00e9ny lebonyol\u00edt\u00e1s\u00e1t. Tal\u00e1lkozunk szeptember 6-\u00e1n Orf\u0171n \u2013 ahol mindenki\u00e9 a p\u00e1lya!\" \/>\n<meta property=\"og:url\" content=\"https:\/\/powder-products.com\/hu\/szeptember-6-an-ujra-orfun-az-akadalymentes-nap-fotamogatojakent\/\" \/>\n<meta property=\"og:site_name\" content=\"PPP Private Powder Products\" \/>\n<meta property=\"article:publisher\" content=\"https:\/\/www.facebook.com\/privatepowderproducts\" \/>\n<meta property=\"article:modified_time\" content=\"2025-08-04T09:22:25+00:00\" \/>\n<meta property=\"og:image\" content=\"https:\/\/powder-products.com\/wp-content\/uploads\/2025\/08\/3-1024x768.jpg\" \/>\n<meta name=\"twitter:card\" content=\"summary_large_image\" \/>\n<meta name=\"twitter:label1\" content=\"Becs\u00fclt olvas\u00e1si id\u0151\" \/>\n\t<meta name=\"twitter:data1\" content=\"1 perc\" \/>\n<script type=\"application\/ld+json\" class=\"yoast-schema-graph\">{\"@context\":\"https:\/\/schema.org\",\"@graph\":[{\"@type\":\"WebPage\",\"@id\":\"https:\/\/powder-products.com\/hu\/szeptember-6-an-ujra-orfun-az-akadalymentes-nap-fotamogatojakent\/\",\"url\":\"https:\/\/powder-products.com\/hu\/szeptember-6-an-ujra-orfun-az-akadalymentes-nap-fotamogatojakent\/\",\"name\":\"Szeptember 6-\u00e1n \u00fajra Orf\u0171n, az Akad\u00e1lymentes Nap f\u0151t\u00e1mogat\u00f3jak\u00e9nt! - PPP Private Powder Products\",\"isPartOf\":{\"@id\":\"https:\/\/powder-products.com\/hu\/#website\"},\"primaryImageOfPage\":{\"@id\":\"https:\/\/powder-products.com\/hu\/szeptember-6-an-ujra-orfun-az-akadalymentes-nap-fotamogatojakent\/#primaryimage\"},\"image\":{\"@id\":\"https:\/\/powder-products.com\/hu\/szeptember-6-an-ujra-orfun-az-akadalymentes-nap-fotamogatojakent\/#primaryimage\"},\"thumbnailUrl\":\"https:\/\/powder-products.com\/wp-content\/uploads\/2025\/08\/3-1024x768.jpg\",\"datePublished\":\"2025-08-04T09:22:23+00:00\",\"dateModified\":\"2025-08-04T09:22:25+00:00\",\"breadcrumb\":{\"@id\":\"https:\/\/powder-products.com\/hu\/szeptember-6-an-ujra-orfun-az-akadalymentes-nap-fotamogatojakent\/#breadcrumb\"},\"inLanguage\":\"hu\",\"potentialAction\":[{\"@type\":\"ReadAction\",\"target\":[\"https:\/\/powder-products.com\/hu\/szeptember-6-an-ujra-orfun-az-akadalymentes-nap-fotamogatojakent\/\"]}]},{\"@type\":\"ImageObject\",\"inLanguage\":\"hu\",\"@id\":\"https:\/\/powder-products.com\/hu\/szeptember-6-an-ujra-orfun-az-akadalymentes-nap-fotamogatojakent\/#primaryimage\",\"url\":\"https:\/\/powder-products.com\/wp-content\/uploads\/2025\/08\/3-1024x768.jpg\",\"contentUrl\":\"https:\/\/powder-products.com\/wp-content\/uploads\/2025\/08\/3-1024x768.jpg\"},{\"@type\":\"BreadcrumbList\",\"@id\":\"https:\/\/powder-products.com\/hu\/szeptember-6-an-ujra-orfun-az-akadalymentes-nap-fotamogatojakent\/#breadcrumb\",\"itemListElement\":[{\"@type\":\"ListItem\",\"position\":1,\"name\":\"Home\",\"item\":\"https:\/\/powder-products.com\/hu\/\"},{\"@type\":\"ListItem\",\"position\":2,\"name\":\"Szeptember 6-\u00e1n \u00fajra Orf\u0171n, az Akad\u00e1lymentes Nap f\u0151t\u00e1mogat\u00f3jak\u00e9nt!\"}]},{\"@type\":\"WebSite\",\"@id\":\"https:\/\/powder-products.com\/hu\/#website\",\"url\":\"https:\/\/powder-products.com\/hu\/\",\"name\":\"PPP Private Powder Products\",\"description\":\"Powder based products according to your needs.\",\"publisher\":{\"@id\":\"https:\/\/powder-products.com\/hu\/#organization\"},\"potentialAction\":[{\"@type\":\"SearchAction\",\"target\":{\"@type\":\"EntryPoint\",\"urlTemplate\":\"https:\/\/powder-products.com\/hu\/?s={search_term_string}\"},\"query-input\":{\"@type\":\"PropertyValueSpecification\",\"valueRequired\":true,\"valueName\":\"search_term_string\"}}],\"inLanguage\":\"hu\"},{\"@type\":\"Organization\",\"@id\":\"https:\/\/powder-products.com\/hu\/#organization\",\"name\":\"PPP Private Powder Products\",\"url\":\"https:\/\/powder-products.com\/hu\/\",\"logo\":{\"@type\":\"ImageObject\",\"inLanguage\":\"hu\",\"@id\":\"https:\/\/powder-products.com\/hu\/#\/schema\/logo\/image\/\",\"url\":\"https:\/\/powder-products.com\/wp-content\/uploads\/2024\/02\/ppp_logo_new-01.png\",\"contentUrl\":\"https:\/\/powder-products.com\/wp-content\/uploads\/2024\/02\/ppp_logo_new-01.png\",\"width\":512,\"height\":202,\"caption\":\"PPP Private Powder Products\"},\"image\":{\"@id\":\"https:\/\/powder-products.com\/hu\/#\/schema\/logo\/image\/\"},\"sameAs\":[\"https:\/\/www.facebook.com\/privatepowderproducts\"]}]}<\/script>\n<!-- \/ Yoast SEO Premium plugin. -->","yoast_head_json":{"title":"Szeptember 6-\u00e1n \u00fajra Orf\u0171n, az Akad\u00e1lymentes Nap f\u0151t\u00e1mogat\u00f3jak\u00e9nt! - PPP Private Powder Products","robots":{"index":"index","follow":"follow","max-snippet":"max-snippet:-1","max-image-preview":"max-image-preview:large","max-video-preview":"max-video-preview:-1"},"canonical":"https:\/\/powder-products.com\/hu\/szeptember-6-an-ujra-orfun-az-akadalymentes-nap-fotamogatojakent\/","og_locale":"hu_HU","og_type":"article","og_title":"Szeptember 6-\u00e1n \u00fajra Orf\u0171n, az Akad\u00e1lymentes Nap f\u0151t\u00e1mogat\u00f3jak\u00e9nt!","og_description":"Id\u00e9n imm\u00e1r m\u00e1sodik alkalommal vesz\u00fcnk r\u00e9szt f\u0151t\u00e1mogat\u00f3k\u00e9nt a 9. Orf\u0171i Akad\u00e1lymentes Napon, ahol ism\u00e9t egy\u00fctt \u00fcnnepelhetj\u00fck az elfogad\u00e1st, a k\u00f6z\u00f6ss\u00e9get \u00e9s az \u00f6sszefog\u00e1s erej\u00e9t. A PPP \u2013 Priwate Powder Products csapata hidegitalokkal gondoskodik a friss\u00edt\u00e9sr\u0151l, \u00e9s szem\u00e9lyesen is jelen lesz\u00fcnk, hogy seg\u00edts\u00fck a rendezv\u00e9ny lebonyol\u00edt\u00e1s\u00e1t. Tal\u00e1lkozunk szeptember 6-\u00e1n Orf\u0171n \u2013 ahol mindenki\u00e9 a p\u00e1lya!","og_url":"https:\/\/powder-products.com\/hu\/szeptember-6-an-ujra-orfun-az-akadalymentes-nap-fotamogatojakent\/","og_site_name":"PPP Private Powder Products","article_publisher":"https:\/\/www.facebook.com\/privatepowderproducts","article_modified_time":"2025-08-04T09:22:25+00:00","og_image":[{"url":"https:\/\/powder-products.com\/wp-content\/uploads\/2025\/08\/3-1024x768.jpg","type":"","width":"","height":""}],"twitter_card":"summary_large_image","twitter_misc":{"Becs\u00fclt olvas\u00e1si id\u0151":"1 perc"},"schema":{"@context":"https:\/\/schema.org","@graph":[{"@type":"WebPage","@id":"https:\/\/powder-products.com\/hu\/szeptember-6-an-ujra-orfun-az-akadalymentes-nap-fotamogatojakent\/","url":"https:\/\/powder-products.com\/hu\/szeptember-6-an-ujra-orfun-az-akadalymentes-nap-fotamogatojakent\/","name":"Szeptember 6-\u00e1n \u00fajra Orf\u0171n, az Akad\u00e1lymentes Nap f\u0151t\u00e1mogat\u00f3jak\u00e9nt! - PPP Private Powder Products","isPartOf":{"@id":"https:\/\/powder-products.com\/hu\/#website"},"primaryImageOfPage":{"@id":"https:\/\/powder-products.com\/hu\/szeptember-6-an-ujra-orfun-az-akadalymentes-nap-fotamogatojakent\/#primaryimage"},"image":{"@id":"https:\/\/powder-products.com\/hu\/szeptember-6-an-ujra-orfun-az-akadalymentes-nap-fotamogatojakent\/#primaryimage"},"thumbnailUrl":"https:\/\/powder-products.com\/wp-content\/uploads\/2025\/08\/3-1024x768.jpg","datePublished":"2025-08-04T09:22:23+00:00","dateModified":"2025-08-04T09:22:25+00:00","breadcrumb":{"@id":"https:\/\/powder-products.com\/hu\/szeptember-6-an-ujra-orfun-az-akadalymentes-nap-fotamogatojakent\/#breadcrumb"},"inLanguage":"hu","potentialAction":[{"@type":"ReadAction","target":["https:\/\/powder-products.com\/hu\/szeptember-6-an-ujra-orfun-az-akadalymentes-nap-fotamogatojakent\/"]}]},{"@type":"ImageObject","inLanguage":"hu","@id":"https:\/\/powder-products.com\/hu\/szeptember-6-an-ujra-orfun-az-akadalymentes-nap-fotamogatojakent\/#primaryimage","url":"https:\/\/powder-products.com\/wp-content\/uploads\/2025\/08\/3-1024x768.jpg","contentUrl":"https:\/\/powder-products.com\/wp-content\/uploads\/2025\/08\/3-1024x768.jpg"},{"@type":"BreadcrumbList","@id":"https:\/\/powder-products.com\/hu\/szeptember-6-an-ujra-orfun-az-akadalymentes-nap-fotamogatojakent\/#breadcrumb","itemListElement":[{"@type":"ListItem","position":1,"name":"Home","item":"https:\/\/powder-products.com\/hu\/"},{"@type":"ListItem","position":2,"name":"Szeptember 6-\u00e1n \u00fajra Orf\u0171n, az Akad\u00e1lymentes Nap f\u0151t\u00e1mogat\u00f3jak\u00e9nt!"}]},{"@type":"WebSite","@id":"https:\/\/powder-products.com\/hu\/#website","url":"https:\/\/powder-products.com\/hu\/","name":"PPP Private Powder Products","description":"Powder based products according to your needs.","publisher":{"@id":"https:\/\/powder-products.com\/hu\/#organization"},"potentialAction":[{"@type":"SearchAction","target":{"@type":"EntryPoint","urlTemplate":"https:\/\/powder-products.com\/hu\/?s={search_term_string}"},"query-input":{"@type":"PropertyValueSpecification","valueRequired":true,"valueName":"search_term_string"}}],"inLanguage":"hu"},{"@type":"Organization","@id":"https:\/\/powder-products.com\/hu\/#organization","name":"PPP Private Powder Products","url":"https:\/\/powder-products.com\/hu\/","logo":{"@type":"ImageObject","inLanguage":"hu","@id":"https:\/\/powder-products.com\/hu\/#\/schema\/logo\/image\/","url":"https:\/\/powder-products.com\/wp-content\/uploads\/2024\/02\/ppp_logo_new-01.png","contentUrl":"https:\/\/powder-products.com\/wp-content\/uploads\/2024\/02\/ppp_logo_new-01.png","width":512,"height":202,"caption":"PPP Private Powder Products"},"image":{"@id":"https:\/\/powder-products.com\/hu\/#\/schema\/logo\/image\/"},"sameAs":["https:\/\/www.facebook.com\/privatepowderproducts"]}]}},"_links":{"self":[{"href":"https:\/\/powder-products.com\/hu\/wp-json\/wp\/v2\/pages\/1539","targetHints":{"allow":["GET"]}}],"collection":[{"href":"https:\/\/powder-products.com\/hu\/wp-json\/wp\/v2\/pages"}],"about":[{"href":"https:\/\/powder-products.com\/hu\/wp-json\/wp\/v2\/types\/page"}],"author":[{"embeddable":true,"href":"https:\/\/powder-products.com\/hu\/wp-json\/wp\/v2\/users\/2"}],"replies":[{"embeddable":true,"href":"https:\/\/powder-products.com\/hu\/wp-json\/wp\/v2\/comments?post=1539"}],"version-history":[{"count":1,"href":"https:\/\/powder-products.com\/hu\/wp-json\/wp\/v2\/pages\/1539\/revisions"}],"predecessor-version":[{"id":1543,"href":"https:\/\/powder-products.com\/hu\/wp-json\/wp\/v2\/pages\/1539\/revisions\/1543"}],"wp:attachment":[{"href":"https:\/\/powder-products.com\/hu\/wp-json\/wp\/v2\/media?parent=1539"}],"curies":[{"name":"wp","href":"https:\/\/api.w.org\/{rel}","templated":true}]}}