{"id":1612,"date":"2025-10-07T10:45:09","date_gmt":"2025-10-07T10:45:09","guid":{"rendered":"https:\/\/powder-products.com\/?page_id=1612"},"modified":"2025-10-07T11:45:07","modified_gmt":"2025-10-07T11:45:07","slug":"ppp-az-omek-on","status":"publish","type":"page","link":"https:\/\/powder-products.com\/hu\/ppp-az-omek-on\/","title":{"rendered":"PPP az OM\u00c9K-on!"},"content":{"rendered":"\n<p>Id\u00e9n el\u0151sz\u00f6r vett r\u00e9szt c\u00e9g\u00fcnk, a <strong>PPP Private Powder Products<\/strong>, az <strong>Orsz\u00e1gos Mez\u0151gazdas\u00e1gi \u00e9s \u00c9lelmiszeripari Ki\u00e1ll\u00edt\u00e1son (OM\u00c9K)<\/strong>, Magyarorsz\u00e1g egyik legrangosabb \u00e9s legnagyobb agr\u00e1r- \u00e9s \u00e9lelmiszeripari esem\u00e9ny\u00e9n. Az OM\u00c9K t\u00f6bb \u00e9vtizedes m\u00faltra tekint vissza, \u00e9s orsz\u00e1gos szinten kiemelked\u0151 preszt\u00edzzsel b\u00edr: \u00e9vente a szakma legfontosabb szerepl\u0151i, kiemelt besz\u00e1ll\u00edt\u00f3k \u00e9s innovat\u00edv term\u00e9kek mutatkoznak be.<\/p>\n\n\n\n<p>Az OM\u00c9K-on val\u00f3 r\u00e9szv\u00e9tel sz\u00e1munkra kiemelten fontos, hiszen lehet\u0151s\u00e9get biztos\u00edt, hogy bemutassuk <strong>innovat\u00edv poralap\u00fa term\u00e9keinket<\/strong>, tal\u00e1lkozzunk megl\u00e9v\u0151 partnereinkkel, \u00e9s \u00faj egy\u00fcttm\u0171k\u00f6d\u00e9seket alak\u00edtsunk ki hazai \u00e9s nemzetk\u00f6zi szinten. <\/p>\n\n\n\n<figure class=\"wp-block-image size-large is-resized\"><img loading=\"lazy\" decoding=\"async\" width=\"768\" height=\"1024\" src=\"https:\/\/powder-products.com\/wp-content\/uploads\/2025\/10\/thumbnail_IMG-4456-768x1024.jpg\" alt=\"\" class=\"wp-image-1613\" style=\"width:510px;height:auto\" srcset=\"https:\/\/powder-products.com\/wp-content\/uploads\/2025\/10\/thumbnail_IMG-4456-768x1024.jpg 768w, https:\/\/powder-products.com\/wp-content\/uploads\/2025\/10\/thumbnail_IMG-4456-225x300.jpg 225w, https:\/\/powder-products.com\/wp-content\/uploads\/2025\/10\/thumbnail_IMG-4456-1152x1536.jpg 1152w, https:\/\/powder-products.com\/wp-content\/uploads\/2025\/10\/thumbnail_IMG-4456.jpg 1440w\" sizes=\"auto, (max-width: 767px) 89vw, (max-width: 1000px) 54vw, (max-width: 1071px) 543px, 580px\" \/><\/figure>\n","protected":false},"excerpt":{"rendered":"<p>Id\u00e9n el\u0151sz\u00f6r vett r\u00e9szt c\u00e9g\u00fcnk, a PPP Private Powder Products, az Orsz\u00e1gos Mez\u0151gazdas\u00e1gi \u00e9s \u00c9lelmiszeripari Ki\u00e1ll\u00edt\u00e1son (OM\u00c9K), Magyarorsz\u00e1g egyik legrangosabb \u00e9s legnagyobb agr\u00e1r- \u00e9s \u00e9lelmiszeripari esem\u00e9ny\u00e9n. Az OM\u00c9K t\u00f6bb \u00e9vtizedes m\u00faltra tekint vissza, \u00e9s orsz\u00e1gos szinten kiemelked\u0151 preszt\u00edzzsel b\u00edr: \u00e9vente a szakma legfontosabb szerepl\u0151i, kiemelt besz\u00e1ll\u00edt\u00f3k \u00e9s innovat\u00edv term\u00e9kek mutatkoznak be. Az OM\u00c9K-on val\u00f3 r\u00e9szv\u00e9tel &hellip; <\/p>\n<p class=\"link-more\"><a href=\"https:\/\/powder-products.com\/hu\/ppp-az-omek-on\/\" class=\"more-link\"><span class=\"screen-reader-text\">&#8222;PPP az OM\u00c9K-on!&#8221;<\/span> b\u0151vebben<\/a><\/p>\n","protected":false},"author":2,"featured_media":0,"parent":0,"menu_order":0,"comment_status":"closed","ping_status":"closed","template":"","meta":{"footnotes":""},"class_list":["post-1612","page","type-page","status-publish","hentry"],"yoast_head":"<!-- This site is optimized with the Yoast SEO Premium plugin v25.6 (Yoast SEO v26.1.1) - https:\/\/yoast.com\/wordpress\/plugins\/seo\/ -->\n<title>PPP az OM\u00c9K-on! - PPP Private Powder Products<\/title>\n<meta name=\"robots\" content=\"index, follow, max-snippet:-1, max-image-preview:large, max-video-preview:-1\" \/>\n<link rel=\"canonical\" href=\"https:\/\/powder-products.com\/hu\/ppp-az-omek-on\/\" \/>\n<meta property=\"og:locale\" content=\"hu_HU\" \/>\n<meta property=\"og:type\" content=\"article\" \/>\n<meta property=\"og:title\" content=\"PPP az OM\u00c9K-on!\" \/>\n<meta property=\"og:description\" content=\"Id\u00e9n el\u0151sz\u00f6r vett r\u00e9szt c\u00e9g\u00fcnk, a PPP Private Powder Products, az Orsz\u00e1gos Mez\u0151gazdas\u00e1gi \u00e9s \u00c9lelmiszeripari Ki\u00e1ll\u00edt\u00e1son (OM\u00c9K), Magyarorsz\u00e1g egyik legrangosabb \u00e9s legnagyobb agr\u00e1r- \u00e9s \u00e9lelmiszeripari esem\u00e9ny\u00e9n. Az OM\u00c9K t\u00f6bb \u00e9vtizedes m\u00faltra tekint vissza, \u00e9s orsz\u00e1gos szinten kiemelked\u0151 preszt\u00edzzsel b\u00edr: \u00e9vente a szakma legfontosabb szerepl\u0151i, kiemelt besz\u00e1ll\u00edt\u00f3k \u00e9s innovat\u00edv term\u00e9kek mutatkoznak be. Az OM\u00c9K-on val\u00f3 r\u00e9szv\u00e9tel &hellip; &quot;PPP az OM\u00c9K-on!&quot; b\u0151vebben\" \/>\n<meta property=\"og:url\" content=\"https:\/\/powder-products.com\/hu\/ppp-az-omek-on\/\" \/>\n<meta property=\"og:site_name\" content=\"PPP Private Powder Products\" \/>\n<meta property=\"article:publisher\" content=\"https:\/\/www.facebook.com\/privatepowderproducts\" \/>\n<meta property=\"article:modified_time\" content=\"2025-10-07T11:45:07+00:00\" \/>\n<meta property=\"og:image\" content=\"https:\/\/powder-products.com\/wp-content\/uploads\/2025\/10\/thumbnail_IMG-4456-768x1024.jpg\" \/>\n<meta name=\"twitter:card\" content=\"summary_large_image\" \/>\n<meta name=\"twitter:label1\" content=\"Becs\u00fclt olvas\u00e1si id\u0151\" \/>\n\t<meta name=\"twitter:data1\" content=\"1 perc\" \/>\n<script type=\"application\/ld+json\" class=\"yoast-schema-graph\">{\"@context\":\"https:\/\/schema.org\",\"@graph\":[{\"@type\":\"WebPage\",\"@id\":\"https:\/\/powder-products.com\/hu\/ppp-az-omek-on\/\",\"url\":\"https:\/\/powder-products.com\/hu\/ppp-az-omek-on\/\",\"name\":\"PPP az OM\u00c9K-on! - PPP Private Powder Products\",\"isPartOf\":{\"@id\":\"https:\/\/powder-products.com\/hu\/#website\"},\"primaryImageOfPage\":{\"@id\":\"https:\/\/powder-products.com\/hu\/ppp-az-omek-on\/#primaryimage\"},\"image\":{\"@id\":\"https:\/\/powder-products.com\/hu\/ppp-az-omek-on\/#primaryimage\"},\"thumbnailUrl\":\"https:\/\/powder-products.com\/wp-content\/uploads\/2025\/10\/thumbnail_IMG-4456-768x1024.jpg\",\"datePublished\":\"2025-10-07T10:45:09+00:00\",\"dateModified\":\"2025-10-07T11:45:07+00:00\",\"breadcrumb\":{\"@id\":\"https:\/\/powder-products.com\/hu\/ppp-az-omek-on\/#breadcrumb\"},\"inLanguage\":\"hu\",\"potentialAction\":[{\"@type\":\"ReadAction\",\"target\":[\"https:\/\/powder-products.com\/hu\/ppp-az-omek-on\/\"]}]},{\"@type\":\"ImageObject\",\"inLanguage\":\"hu\",\"@id\":\"https:\/\/powder-products.com\/hu\/ppp-az-omek-on\/#primaryimage\",\"url\":\"https:\/\/powder-products.com\/wp-content\/uploads\/2025\/10\/thumbnail_IMG-4456-768x1024.jpg\",\"contentUrl\":\"https:\/\/powder-products.com\/wp-content\/uploads\/2025\/10\/thumbnail_IMG-4456-768x1024.jpg\"},{\"@type\":\"BreadcrumbList\",\"@id\":\"https:\/\/powder-products.com\/hu\/ppp-az-omek-on\/#breadcrumb\",\"itemListElement\":[{\"@type\":\"ListItem\",\"position\":1,\"name\":\"Home\",\"item\":\"https:\/\/powder-products.com\/hu\/\"},{\"@type\":\"ListItem\",\"position\":2,\"name\":\"PPP az OM\u00c9K-on!\"}]},{\"@type\":\"WebSite\",\"@id\":\"https:\/\/powder-products.com\/hu\/#website\",\"url\":\"https:\/\/powder-products.com\/hu\/\",\"name\":\"PPP Private Powder Products\",\"description\":\"Powder based products according to your needs.\",\"publisher\":{\"@id\":\"https:\/\/powder-products.com\/hu\/#organization\"},\"potentialAction\":[{\"@type\":\"SearchAction\",\"target\":{\"@type\":\"EntryPoint\",\"urlTemplate\":\"https:\/\/powder-products.com\/hu\/?s={search_term_string}\"},\"query-input\":{\"@type\":\"PropertyValueSpecification\",\"valueRequired\":true,\"valueName\":\"search_term_string\"}}],\"inLanguage\":\"hu\"},{\"@type\":\"Organization\",\"@id\":\"https:\/\/powder-products.com\/hu\/#organization\",\"name\":\"PPP Private Powder Products\",\"url\":\"https:\/\/powder-products.com\/hu\/\",\"logo\":{\"@type\":\"ImageObject\",\"inLanguage\":\"hu\",\"@id\":\"https:\/\/powder-products.com\/hu\/#\/schema\/logo\/image\/\",\"url\":\"https:\/\/powder-products.com\/wp-content\/uploads\/2024\/02\/ppp_logo_new-01.png\",\"contentUrl\":\"https:\/\/powder-products.com\/wp-content\/uploads\/2024\/02\/ppp_logo_new-01.png\",\"width\":512,\"height\":202,\"caption\":\"PPP Private Powder Products\"},\"image\":{\"@id\":\"https:\/\/powder-products.com\/hu\/#\/schema\/logo\/image\/\"},\"sameAs\":[\"https:\/\/www.facebook.com\/privatepowderproducts\"]}]}<\/script>\n<!-- \/ Yoast SEO Premium plugin. -->","yoast_head_json":{"title":"PPP az OM\u00c9K-on! - PPP Private Powder Products","robots":{"index":"index","follow":"follow","max-snippet":"max-snippet:-1","max-image-preview":"max-image-preview:large","max-video-preview":"max-video-preview:-1"},"canonical":"https:\/\/powder-products.com\/hu\/ppp-az-omek-on\/","og_locale":"hu_HU","og_type":"article","og_title":"PPP az OM\u00c9K-on!","og_description":"Id\u00e9n el\u0151sz\u00f6r vett r\u00e9szt c\u00e9g\u00fcnk, a PPP Private Powder Products, az Orsz\u00e1gos Mez\u0151gazdas\u00e1gi \u00e9s \u00c9lelmiszeripari Ki\u00e1ll\u00edt\u00e1son (OM\u00c9K), Magyarorsz\u00e1g egyik legrangosabb \u00e9s legnagyobb agr\u00e1r- \u00e9s \u00e9lelmiszeripari esem\u00e9ny\u00e9n. Az OM\u00c9K t\u00f6bb \u00e9vtizedes m\u00faltra tekint vissza, \u00e9s orsz\u00e1gos szinten kiemelked\u0151 preszt\u00edzzsel b\u00edr: \u00e9vente a szakma legfontosabb szerepl\u0151i, kiemelt besz\u00e1ll\u00edt\u00f3k \u00e9s innovat\u00edv term\u00e9kek mutatkoznak be. Az OM\u00c9K-on val\u00f3 r\u00e9szv\u00e9tel &hellip; \"PPP az OM\u00c9K-on!\" b\u0151vebben","og_url":"https:\/\/powder-products.com\/hu\/ppp-az-omek-on\/","og_site_name":"PPP Private Powder Products","article_publisher":"https:\/\/www.facebook.com\/privatepowderproducts","article_modified_time":"2025-10-07T11:45:07+00:00","og_image":[{"url":"https:\/\/powder-products.com\/wp-content\/uploads\/2025\/10\/thumbnail_IMG-4456-768x1024.jpg","type":"","width":"","height":""}],"twitter_card":"summary_large_image","twitter_misc":{"Becs\u00fclt olvas\u00e1si id\u0151":"1 perc"},"schema":{"@context":"https:\/\/schema.org","@graph":[{"@type":"WebPage","@id":"https:\/\/powder-products.com\/hu\/ppp-az-omek-on\/","url":"https:\/\/powder-products.com\/hu\/ppp-az-omek-on\/","name":"PPP az OM\u00c9K-on! - PPP Private Powder Products","isPartOf":{"@id":"https:\/\/powder-products.com\/hu\/#website"},"primaryImageOfPage":{"@id":"https:\/\/powder-products.com\/hu\/ppp-az-omek-on\/#primaryimage"},"image":{"@id":"https:\/\/powder-products.com\/hu\/ppp-az-omek-on\/#primaryimage"},"thumbnailUrl":"https:\/\/powder-products.com\/wp-content\/uploads\/2025\/10\/thumbnail_IMG-4456-768x1024.jpg","datePublished":"2025-10-07T10:45:09+00:00","dateModified":"2025-10-07T11:45:07+00:00","breadcrumb":{"@id":"https:\/\/powder-products.com\/hu\/ppp-az-omek-on\/#breadcrumb"},"inLanguage":"hu","potentialAction":[{"@type":"ReadAction","target":["https:\/\/powder-products.com\/hu\/ppp-az-omek-on\/"]}]},{"@type":"ImageObject","inLanguage":"hu","@id":"https:\/\/powder-products.com\/hu\/ppp-az-omek-on\/#primaryimage","url":"https:\/\/powder-products.com\/wp-content\/uploads\/2025\/10\/thumbnail_IMG-4456-768x1024.jpg","contentUrl":"https:\/\/powder-products.com\/wp-content\/uploads\/2025\/10\/thumbnail_IMG-4456-768x1024.jpg"},{"@type":"BreadcrumbList","@id":"https:\/\/powder-products.com\/hu\/ppp-az-omek-on\/#breadcrumb","itemListElement":[{"@type":"ListItem","position":1,"name":"Home","item":"https:\/\/powder-products.com\/hu\/"},{"@type":"ListItem","position":2,"name":"PPP az OM\u00c9K-on!"}]},{"@type":"WebSite","@id":"https:\/\/powder-products.com\/hu\/#website","url":"https:\/\/powder-products.com\/hu\/","name":"PPP Private Powder Products","description":"Powder based products according to your needs.","publisher":{"@id":"https:\/\/powder-products.com\/hu\/#organization"},"potentialAction":[{"@type":"SearchAction","target":{"@type":"EntryPoint","urlTemplate":"https:\/\/powder-products.com\/hu\/?s={search_term_string}"},"query-input":{"@type":"PropertyValueSpecification","valueRequired":true,"valueName":"search_term_string"}}],"inLanguage":"hu"},{"@type":"Organization","@id":"https:\/\/powder-products.com\/hu\/#organization","name":"PPP Private Powder Products","url":"https:\/\/powder-products.com\/hu\/","logo":{"@type":"ImageObject","inLanguage":"hu","@id":"https:\/\/powder-products.com\/hu\/#\/schema\/logo\/image\/","url":"https:\/\/powder-products.com\/wp-content\/uploads\/2024\/02\/ppp_logo_new-01.png","contentUrl":"https:\/\/powder-products.com\/wp-content\/uploads\/2024\/02\/ppp_logo_new-01.png","width":512,"height":202,"caption":"PPP Private Powder Products"},"image":{"@id":"https:\/\/powder-products.com\/hu\/#\/schema\/logo\/image\/"},"sameAs":["https:\/\/www.facebook.com\/privatepowderproducts"]}]}},"_links":{"self":[{"href":"https:\/\/powder-products.com\/hu\/wp-json\/wp\/v2\/pages\/1612","targetHints":{"allow":["GET"]}}],"collection":[{"href":"https:\/\/powder-products.com\/hu\/wp-json\/wp\/v2\/pages"}],"about":[{"href":"https:\/\/powder-products.com\/hu\/wp-json\/wp\/v2\/types\/page"}],"author":[{"embeddable":true,"href":"https:\/\/powder-products.com\/hu\/wp-json\/wp\/v2\/users\/2"}],"replies":[{"embeddable":true,"href":"https:\/\/powder-products.com\/hu\/wp-json\/wp\/v2\/comments?post=1612"}],"version-history":[{"count":2,"href":"https:\/\/powder-products.com\/hu\/wp-json\/wp\/v2\/pages\/1612\/revisions"}],"predecessor-version":[{"id":1618,"href":"https:\/\/powder-products.com\/hu\/wp-json\/wp\/v2\/pages\/1612\/revisions\/1618"}],"wp:attachment":[{"href":"https:\/\/powder-products.com\/hu\/wp-json\/wp\/v2\/media?parent=1612"}],"curies":[{"name":"wp","href":"https:\/\/api.w.org\/{rel}","templated":true}]}}