{"id":1654,"date":"2025-10-27T08:38:56","date_gmt":"2025-10-27T08:38:56","guid":{"rendered":"https:\/\/powder-products.com\/?page_id=1654"},"modified":"2025-10-27T08:38:58","modified_gmt":"2025-10-27T08:38:58","slug":"pte-hallgatok-napja-a-ppp-nel","status":"publish","type":"page","link":"https:\/\/powder-products.com\/hu\/pte-hallgatok-napja-a-ppp-nel\/","title":{"rendered":"PTE hallgat\u00f3k napja a PPP-n\u00e9l"},"content":{"rendered":"\n<p>Igaz\u00e1n inspir\u00e1l\u00f3 napot t\u00f6lt\u00f6tt\u00fcnk egy\u00fctt a <strong>P\u00e9csi Tudom\u00e1nyegyetem Biotechnol\u00f3gia MSc<\/strong> hallgat\u00f3ival, akik ell\u00e1togattak a <strong>PPP Private Powder Products<\/strong> \u00fczem\u00e9be!<\/p>\n\n\n\n<p>A fiatal tehets\u00e9gek betekint\u00e9st nyerhettek a poralap\u00fa italok fejleszt\u00e9s\u00e9nek \u00e9s gy\u00e1rt\u00e1s\u00e1nak kulissz\u00e1i m\u00f6g\u00e9, megn\u00e9zhett\u00e9k term\u00e9kfejleszt\u00e9si laborunkat, majd egy k\u00f6z\u00f6s <strong>term\u00e9kk\u00f3stol\u00f3n<\/strong> is r\u00e9szt vettek \u2013 ahol nemcsak hideg- \u00e9s melegital k\u00edn\u00e1latunkat, hanem az \u00faj, hamarosan deb\u00fct\u00e1l\u00f3 <strong>Wonderful Vitality<\/strong> term\u00e9kcsal\u00e1dunkat is megismerhett\u00e9k. <\/p>\n\n\n\n<p>Hissz\u00fck, hogy a helyi szakmai k\u00f6z\u00f6ss\u00e9gek t\u00e1mogat\u00e1sa \u00e9s az egyetemi egy\u00fcttm\u0171k\u00f6d\u00e9sek er\u0151s\u00edt\u00e9se kulcsfontoss\u00e1g\u00fa a j\u00f6v\u0151 <strong>fejl\u0151d\u00e9s\u00e9hez<\/strong>.  A <strong>rugalmass\u00e1g<\/strong>, az <strong>innov\u00e1ci\u00f3<\/strong> \u00e9s a <strong>felel\u0151ss\u00e9gv\u00e1llal\u00e1s<\/strong> nemcsak v\u00e1llalati \u00e9rt\u00e9keink \u2013 ezek vez\u00e9relnek minket akkor is, amikor a j\u00f6v\u0151 szakembereit seg\u00edtj\u00fck tapasztalatot szerezni \u00e9s inspir\u00e1ci\u00f3t gy\u0171jteni. <\/p>\n\n\n\n<figure class=\"wp-block-image size-large\"><img loading=\"lazy\" decoding=\"async\" width=\"1024\" height=\"1024\" src=\"https:\/\/powder-products.com\/wp-content\/uploads\/2025\/10\/PPPxPTE-1024x1024.png\" alt=\"\" class=\"wp-image-1655\" srcset=\"https:\/\/powder-products.com\/wp-content\/uploads\/2025\/10\/PPPxPTE-1024x1024.png 1024w, https:\/\/powder-products.com\/wp-content\/uploads\/2025\/10\/PPPxPTE-300x300.png 300w, https:\/\/powder-products.com\/wp-content\/uploads\/2025\/10\/PPPxPTE-150x150.png 150w, https:\/\/powder-products.com\/wp-content\/uploads\/2025\/10\/PPPxPTE-768x768.png 768w, https:\/\/powder-products.com\/wp-content\/uploads\/2025\/10\/PPPxPTE-100x100.png 100w, https:\/\/powder-products.com\/wp-content\/uploads\/2025\/10\/PPPxPTE.png 1080w\" sizes=\"auto, (max-width: 767px) 89vw, (max-width: 1000px) 54vw, (max-width: 1071px) 543px, 580px\" \/><\/figure>\n","protected":false},"excerpt":{"rendered":"<p>Igaz\u00e1n inspir\u00e1l\u00f3 napot t\u00f6lt\u00f6tt\u00fcnk egy\u00fctt a P\u00e9csi Tudom\u00e1nyegyetem Biotechnol\u00f3gia MSc hallgat\u00f3ival, akik ell\u00e1togattak a PPP Private Powder Products \u00fczem\u00e9be! A fiatal tehets\u00e9gek betekint\u00e9st nyerhettek a poralap\u00fa italok fejleszt\u00e9s\u00e9nek \u00e9s gy\u00e1rt\u00e1s\u00e1nak kulissz\u00e1i m\u00f6g\u00e9, megn\u00e9zhett\u00e9k term\u00e9kfejleszt\u00e9si laborunkat, majd egy k\u00f6z\u00f6s term\u00e9kk\u00f3stol\u00f3n is r\u00e9szt vettek \u2013 ahol nemcsak hideg- \u00e9s melegital k\u00edn\u00e1latunkat, hanem az \u00faj, hamarosan deb\u00fct\u00e1l\u00f3 Wonderful &hellip; <\/p>\n<p class=\"link-more\"><a href=\"https:\/\/powder-products.com\/hu\/pte-hallgatok-napja-a-ppp-nel\/\" class=\"more-link\"><span class=\"screen-reader-text\">&#8222;PTE hallgat\u00f3k napja a PPP-n\u00e9l&#8221;<\/span> b\u0151vebben<\/a><\/p>\n","protected":false},"author":2,"featured_media":0,"parent":0,"menu_order":0,"comment_status":"closed","ping_status":"closed","template":"","meta":{"footnotes":""},"class_list":["post-1654","page","type-page","status-publish","hentry"],"yoast_head":"<!-- This site is optimized with the Yoast SEO Premium plugin v25.6 (Yoast SEO v26.1.1) - https:\/\/yoast.com\/wordpress\/plugins\/seo\/ -->\n<title>PTE hallgat\u00f3k napja a PPP-n\u00e9l - PPP Private Powder Products<\/title>\n<meta name=\"robots\" content=\"index, follow, max-snippet:-1, max-image-preview:large, max-video-preview:-1\" \/>\n<link rel=\"canonical\" href=\"https:\/\/powder-products.com\/hu\/pte-hallgatok-napja-a-ppp-nel\/\" \/>\n<meta property=\"og:locale\" content=\"hu_HU\" \/>\n<meta property=\"og:type\" content=\"article\" \/>\n<meta property=\"og:title\" content=\"PTE hallgat\u00f3k napja a PPP-n\u00e9l\" \/>\n<meta property=\"og:description\" content=\"Igaz\u00e1n inspir\u00e1l\u00f3 napot t\u00f6lt\u00f6tt\u00fcnk egy\u00fctt a P\u00e9csi Tudom\u00e1nyegyetem Biotechnol\u00f3gia MSc hallgat\u00f3ival, akik ell\u00e1togattak a PPP Private Powder Products \u00fczem\u00e9be! A fiatal tehets\u00e9gek betekint\u00e9st nyerhettek a poralap\u00fa italok fejleszt\u00e9s\u00e9nek \u00e9s gy\u00e1rt\u00e1s\u00e1nak kulissz\u00e1i m\u00f6g\u00e9, megn\u00e9zhett\u00e9k term\u00e9kfejleszt\u00e9si laborunkat, majd egy k\u00f6z\u00f6s term\u00e9kk\u00f3stol\u00f3n is r\u00e9szt vettek \u2013 ahol nemcsak hideg- \u00e9s melegital k\u00edn\u00e1latunkat, hanem az \u00faj, hamarosan deb\u00fct\u00e1l\u00f3 Wonderful &hellip; &quot;PTE hallgat\u00f3k napja a PPP-n\u00e9l&quot; b\u0151vebben\" \/>\n<meta property=\"og:url\" content=\"https:\/\/powder-products.com\/hu\/pte-hallgatok-napja-a-ppp-nel\/\" \/>\n<meta property=\"og:site_name\" content=\"PPP Private Powder Products\" \/>\n<meta property=\"article:publisher\" content=\"https:\/\/www.facebook.com\/privatepowderproducts\" \/>\n<meta property=\"article:modified_time\" content=\"2025-10-27T08:38:58+00:00\" \/>\n<meta property=\"og:image\" content=\"https:\/\/powder-products.com\/wp-content\/uploads\/2025\/10\/PPPxPTE-1024x1024.png\" \/>\n<meta name=\"twitter:card\" content=\"summary_large_image\" \/>\n<meta name=\"twitter:label1\" content=\"Becs\u00fclt olvas\u00e1si id\u0151\" \/>\n\t<meta name=\"twitter:data1\" content=\"1 perc\" \/>\n<script type=\"application\/ld+json\" class=\"yoast-schema-graph\">{\"@context\":\"https:\/\/schema.org\",\"@graph\":[{\"@type\":\"WebPage\",\"@id\":\"https:\/\/powder-products.com\/hu\/pte-hallgatok-napja-a-ppp-nel\/\",\"url\":\"https:\/\/powder-products.com\/hu\/pte-hallgatok-napja-a-ppp-nel\/\",\"name\":\"PTE hallgat\u00f3k napja a PPP-n\u00e9l - PPP Private Powder Products\",\"isPartOf\":{\"@id\":\"https:\/\/powder-products.com\/hu\/#website\"},\"primaryImageOfPage\":{\"@id\":\"https:\/\/powder-products.com\/hu\/pte-hallgatok-napja-a-ppp-nel\/#primaryimage\"},\"image\":{\"@id\":\"https:\/\/powder-products.com\/hu\/pte-hallgatok-napja-a-ppp-nel\/#primaryimage\"},\"thumbnailUrl\":\"https:\/\/powder-products.com\/wp-content\/uploads\/2025\/10\/PPPxPTE-1024x1024.png\",\"datePublished\":\"2025-10-27T08:38:56+00:00\",\"dateModified\":\"2025-10-27T08:38:58+00:00\",\"breadcrumb\":{\"@id\":\"https:\/\/powder-products.com\/hu\/pte-hallgatok-napja-a-ppp-nel\/#breadcrumb\"},\"inLanguage\":\"hu\",\"potentialAction\":[{\"@type\":\"ReadAction\",\"target\":[\"https:\/\/powder-products.com\/hu\/pte-hallgatok-napja-a-ppp-nel\/\"]}]},{\"@type\":\"ImageObject\",\"inLanguage\":\"hu\",\"@id\":\"https:\/\/powder-products.com\/hu\/pte-hallgatok-napja-a-ppp-nel\/#primaryimage\",\"url\":\"https:\/\/powder-products.com\/wp-content\/uploads\/2025\/10\/PPPxPTE-1024x1024.png\",\"contentUrl\":\"https:\/\/powder-products.com\/wp-content\/uploads\/2025\/10\/PPPxPTE-1024x1024.png\"},{\"@type\":\"BreadcrumbList\",\"@id\":\"https:\/\/powder-products.com\/hu\/pte-hallgatok-napja-a-ppp-nel\/#breadcrumb\",\"itemListElement\":[{\"@type\":\"ListItem\",\"position\":1,\"name\":\"Home\",\"item\":\"https:\/\/powder-products.com\/hu\/\"},{\"@type\":\"ListItem\",\"position\":2,\"name\":\"PTE hallgat\u00f3k napja a PPP-n\u00e9l\"}]},{\"@type\":\"WebSite\",\"@id\":\"https:\/\/powder-products.com\/hu\/#website\",\"url\":\"https:\/\/powder-products.com\/hu\/\",\"name\":\"PPP Private Powder Products\",\"description\":\"Powder based products according to your needs.\",\"publisher\":{\"@id\":\"https:\/\/powder-products.com\/hu\/#organization\"},\"potentialAction\":[{\"@type\":\"SearchAction\",\"target\":{\"@type\":\"EntryPoint\",\"urlTemplate\":\"https:\/\/powder-products.com\/hu\/?s={search_term_string}\"},\"query-input\":{\"@type\":\"PropertyValueSpecification\",\"valueRequired\":true,\"valueName\":\"search_term_string\"}}],\"inLanguage\":\"hu\"},{\"@type\":\"Organization\",\"@id\":\"https:\/\/powder-products.com\/hu\/#organization\",\"name\":\"PPP Private Powder Products\",\"url\":\"https:\/\/powder-products.com\/hu\/\",\"logo\":{\"@type\":\"ImageObject\",\"inLanguage\":\"hu\",\"@id\":\"https:\/\/powder-products.com\/hu\/#\/schema\/logo\/image\/\",\"url\":\"https:\/\/powder-products.com\/wp-content\/uploads\/2024\/02\/ppp_logo_new-01.png\",\"contentUrl\":\"https:\/\/powder-products.com\/wp-content\/uploads\/2024\/02\/ppp_logo_new-01.png\",\"width\":512,\"height\":202,\"caption\":\"PPP Private Powder Products\"},\"image\":{\"@id\":\"https:\/\/powder-products.com\/hu\/#\/schema\/logo\/image\/\"},\"sameAs\":[\"https:\/\/www.facebook.com\/privatepowderproducts\"]}]}<\/script>\n<!-- \/ Yoast SEO Premium plugin. -->","yoast_head_json":{"title":"PTE hallgat\u00f3k napja a PPP-n\u00e9l - PPP Private Powder Products","robots":{"index":"index","follow":"follow","max-snippet":"max-snippet:-1","max-image-preview":"max-image-preview:large","max-video-preview":"max-video-preview:-1"},"canonical":"https:\/\/powder-products.com\/hu\/pte-hallgatok-napja-a-ppp-nel\/","og_locale":"hu_HU","og_type":"article","og_title":"PTE hallgat\u00f3k napja a PPP-n\u00e9l","og_description":"Igaz\u00e1n inspir\u00e1l\u00f3 napot t\u00f6lt\u00f6tt\u00fcnk egy\u00fctt a P\u00e9csi Tudom\u00e1nyegyetem Biotechnol\u00f3gia MSc hallgat\u00f3ival, akik ell\u00e1togattak a PPP Private Powder Products \u00fczem\u00e9be! A fiatal tehets\u00e9gek betekint\u00e9st nyerhettek a poralap\u00fa italok fejleszt\u00e9s\u00e9nek \u00e9s gy\u00e1rt\u00e1s\u00e1nak kulissz\u00e1i m\u00f6g\u00e9, megn\u00e9zhett\u00e9k term\u00e9kfejleszt\u00e9si laborunkat, majd egy k\u00f6z\u00f6s term\u00e9kk\u00f3stol\u00f3n is r\u00e9szt vettek \u2013 ahol nemcsak hideg- \u00e9s melegital k\u00edn\u00e1latunkat, hanem az \u00faj, hamarosan deb\u00fct\u00e1l\u00f3 Wonderful &hellip; \"PTE hallgat\u00f3k napja a PPP-n\u00e9l\" b\u0151vebben","og_url":"https:\/\/powder-products.com\/hu\/pte-hallgatok-napja-a-ppp-nel\/","og_site_name":"PPP Private Powder Products","article_publisher":"https:\/\/www.facebook.com\/privatepowderproducts","article_modified_time":"2025-10-27T08:38:58+00:00","og_image":[{"url":"https:\/\/powder-products.com\/wp-content\/uploads\/2025\/10\/PPPxPTE-1024x1024.png","type":"","width":"","height":""}],"twitter_card":"summary_large_image","twitter_misc":{"Becs\u00fclt olvas\u00e1si id\u0151":"1 perc"},"schema":{"@context":"https:\/\/schema.org","@graph":[{"@type":"WebPage","@id":"https:\/\/powder-products.com\/hu\/pte-hallgatok-napja-a-ppp-nel\/","url":"https:\/\/powder-products.com\/hu\/pte-hallgatok-napja-a-ppp-nel\/","name":"PTE hallgat\u00f3k napja a PPP-n\u00e9l - PPP Private Powder Products","isPartOf":{"@id":"https:\/\/powder-products.com\/hu\/#website"},"primaryImageOfPage":{"@id":"https:\/\/powder-products.com\/hu\/pte-hallgatok-napja-a-ppp-nel\/#primaryimage"},"image":{"@id":"https:\/\/powder-products.com\/hu\/pte-hallgatok-napja-a-ppp-nel\/#primaryimage"},"thumbnailUrl":"https:\/\/powder-products.com\/wp-content\/uploads\/2025\/10\/PPPxPTE-1024x1024.png","datePublished":"2025-10-27T08:38:56+00:00","dateModified":"2025-10-27T08:38:58+00:00","breadcrumb":{"@id":"https:\/\/powder-products.com\/hu\/pte-hallgatok-napja-a-ppp-nel\/#breadcrumb"},"inLanguage":"hu","potentialAction":[{"@type":"ReadAction","target":["https:\/\/powder-products.com\/hu\/pte-hallgatok-napja-a-ppp-nel\/"]}]},{"@type":"ImageObject","inLanguage":"hu","@id":"https:\/\/powder-products.com\/hu\/pte-hallgatok-napja-a-ppp-nel\/#primaryimage","url":"https:\/\/powder-products.com\/wp-content\/uploads\/2025\/10\/PPPxPTE-1024x1024.png","contentUrl":"https:\/\/powder-products.com\/wp-content\/uploads\/2025\/10\/PPPxPTE-1024x1024.png"},{"@type":"BreadcrumbList","@id":"https:\/\/powder-products.com\/hu\/pte-hallgatok-napja-a-ppp-nel\/#breadcrumb","itemListElement":[{"@type":"ListItem","position":1,"name":"Home","item":"https:\/\/powder-products.com\/hu\/"},{"@type":"ListItem","position":2,"name":"PTE hallgat\u00f3k napja a PPP-n\u00e9l"}]},{"@type":"WebSite","@id":"https:\/\/powder-products.com\/hu\/#website","url":"https:\/\/powder-products.com\/hu\/","name":"PPP Private Powder Products","description":"Powder based products according to your needs.","publisher":{"@id":"https:\/\/powder-products.com\/hu\/#organization"},"potentialAction":[{"@type":"SearchAction","target":{"@type":"EntryPoint","urlTemplate":"https:\/\/powder-products.com\/hu\/?s={search_term_string}"},"query-input":{"@type":"PropertyValueSpecification","valueRequired":true,"valueName":"search_term_string"}}],"inLanguage":"hu"},{"@type":"Organization","@id":"https:\/\/powder-products.com\/hu\/#organization","name":"PPP Private Powder Products","url":"https:\/\/powder-products.com\/hu\/","logo":{"@type":"ImageObject","inLanguage":"hu","@id":"https:\/\/powder-products.com\/hu\/#\/schema\/logo\/image\/","url":"https:\/\/powder-products.com\/wp-content\/uploads\/2024\/02\/ppp_logo_new-01.png","contentUrl":"https:\/\/powder-products.com\/wp-content\/uploads\/2024\/02\/ppp_logo_new-01.png","width":512,"height":202,"caption":"PPP Private Powder Products"},"image":{"@id":"https:\/\/powder-products.com\/hu\/#\/schema\/logo\/image\/"},"sameAs":["https:\/\/www.facebook.com\/privatepowderproducts"]}]}},"_links":{"self":[{"href":"https:\/\/powder-products.com\/hu\/wp-json\/wp\/v2\/pages\/1654","targetHints":{"allow":["GET"]}}],"collection":[{"href":"https:\/\/powder-products.com\/hu\/wp-json\/wp\/v2\/pages"}],"about":[{"href":"https:\/\/powder-products.com\/hu\/wp-json\/wp\/v2\/types\/page"}],"author":[{"embeddable":true,"href":"https:\/\/powder-products.com\/hu\/wp-json\/wp\/v2\/users\/2"}],"replies":[{"embeddable":true,"href":"https:\/\/powder-products.com\/hu\/wp-json\/wp\/v2\/comments?post=1654"}],"version-history":[{"count":1,"href":"https:\/\/powder-products.com\/hu\/wp-json\/wp\/v2\/pages\/1654\/revisions"}],"predecessor-version":[{"id":1658,"href":"https:\/\/powder-products.com\/hu\/wp-json\/wp\/v2\/pages\/1654\/revisions\/1658"}],"wp:attachment":[{"href":"https:\/\/powder-products.com\/hu\/wp-json\/wp\/v2\/media?parent=1654"}],"curies":[{"name":"wp","href":"https:\/\/api.w.org\/{rel}","templated":true}]}}