{"id":1675,"date":"2025-10-28T06:50:51","date_gmt":"2025-10-28T06:50:51","guid":{"rendered":"https:\/\/powder-products.com\/?page_id=1675"},"modified":"2025-10-28T06:59:00","modified_gmt":"2025-10-28T06:59:00","slug":"technologiai-fejlesztes-es-uj-laboratorium-a-ppp-private-powder-products-nal","status":"publish","type":"page","link":"https:\/\/powder-products.com\/hu\/technologiai-fejlesztes-es-uj-laboratorium-a-ppp-private-powder-products-nal\/","title":{"rendered":"Technol\u00f3giai fejleszt\u00e9s \u00e9s \u00faj laborat\u00f3rium a PPP Private Powder Products-n\u00e1l"},"content":{"rendered":"\n<p>A PPP Private Powder Products m\u00e1ra meghat\u00e1roz\u00f3 szerepl\u0151v\u00e9 v\u00e1lt a poralap\u00fa italok piac\u00e1n, a forr\u00f3ital \u00e9s hidegital-porok, j\u00e9gk\u00e1s\u00e1k, frapp\u00e9k \u00e9s egy\u00e9b instant term\u00e9kek gy\u00e1rt\u00e1s\u00e1ban.<br>A v\u00e1llalat c\u00e9lja, hogy innova\u01a1v, fenntarthat\u00f3 \u00e9s \u00fcgyf\u00e9lk\u00f6zpont\u00fa megold\u00e1sokkal szil\u00e1rd\u00edtsa meg poz\u00edci\u00f3j\u00e1t a hazai \u00e9s nemzetk\u00f6zi sz\u00ednt\u00e9ren.<br>A PPP Private Powder Products Kft. \u00faj alapanyag-\u00e9rkeztet\u0151 \u00e9s -kim\u00e9r\u0151 \u00e1llom\u00e1s l\u00e9tes\u00edt\u00e9s\u00e9vel jelent\u0151s technol\u00f3giai fejleszt\u00e9st val\u00f3s\u00edtott meg, mellyel tov\u00e1bb er\u0151s\u00edti elk\u00f6telezetts\u00e9g\u00e9t a rugalmass\u00e1g, innov\u00e1ci\u00f3 \u00e9s felel\u0151ss\u00e9gv\u00e1llal\u00e1s ir\u00e1nt.<br>Az \u00faj rendszer r\u00e9v\u00e9n a v\u00e1llalat egy l\u00e9p\u00e9ssel k\u00f6zelebb ker\u00fclt a pormentes gy\u00e1rt\u00e1stechnol\u00f3gia teljes bevezet\u00e9s\u00e9hez, ami nemcsak a termel\u00e9si hat\u00e9konys\u00e1got n\u00f6veli, hanem a munkat\u00e1rsak ergonomikus \u00e9s biztons\u00e1gos munkak\u00f6rnyezet\u00e9t is tov\u00e1bb jav\u00edtja.<br>Emellett b\u0151v\u00fcl a gy\u00e1rt\u00f3kapacit\u00e1s, \u00edgy a v\u00e1llalat m\u00e9g rugalmasabban tud reag\u00e1lni a n\u00f6vekv\u0151 piaci ig\u00e9nyekre.<br>A fejleszt\u00e9sek r\u00e9szek\u00e9nt \u00faj gy\u00e1rt\u00e1sk\u00f6zi min\u0151s\u00e9gellen\u0151rz\u00e9si laborat\u00f3riumot is kialak\u00edtottak, amely a vev\u0151i ig\u00e9nyek marad\u00e9ktalan kiel\u00e9g\u00edt\u00e9s\u00e9t \u00e9s a folyamatos min\u0151s\u00e9gbiztos\u00edt\u00e1st szolg\u00e1lja. Az \u00faj kapacit\u00e1sok nemcsak modern technol\u00f3gi\u00e1t \u00e9s eszk\u00f6z\u00f6ket jelentenek, hanem \u00faj, kvalifik\u00e1lt szakemberek csatlakoz\u00e1s\u00e1t is \u2014 ennek k\u00f6sz\u00f6nhet\u0151en a PPP csapata k\u00f6zel 130 f\u0151re b\u0151v\u00fclt.<br>Rugalmass\u00e1g. Innov\u00e1ci\u00f3. Felel\u0151ss\u00e9gv\u00e1llal\u00e1s.<\/p>\n\n\n\n<figure class=\"wp-block-image size-large\"><img loading=\"lazy\" decoding=\"async\" width=\"1024\" height=\"682\" src=\"https:\/\/powder-products.com\/wp-content\/uploads\/2025\/10\/DDS_5850jkL2-1024x682.jpg\" alt=\"\" class=\"wp-image-1676\" srcset=\"https:\/\/powder-products.com\/wp-content\/uploads\/2025\/10\/DDS_5850jkL2-1024x682.jpg 1024w, https:\/\/powder-products.com\/wp-content\/uploads\/2025\/10\/DDS_5850jkL2-300x200.jpg 300w, https:\/\/powder-products.com\/wp-content\/uploads\/2025\/10\/DDS_5850jkL2-768x511.jpg 768w, https:\/\/powder-products.com\/wp-content\/uploads\/2025\/10\/DDS_5850jkL2-1536x1022.jpg 1536w, https:\/\/powder-products.com\/wp-content\/uploads\/2025\/10\/DDS_5850jkL2.jpg 1600w\" sizes=\"auto, (max-width: 767px) 89vw, (max-width: 1000px) 54vw, (max-width: 1071px) 543px, 580px\" \/><\/figure>\n\n\n\n<figure class=\"wp-block-image size-large\"><img loading=\"lazy\" decoding=\"async\" width=\"1024\" height=\"682\" src=\"https:\/\/powder-products.com\/wp-content\/uploads\/2025\/10\/DDS_5939j2_kL2-1024x682.jpg\" alt=\"\" class=\"wp-image-1679\" srcset=\"https:\/\/powder-products.com\/wp-content\/uploads\/2025\/10\/DDS_5939j2_kL2-1024x682.jpg 1024w, https:\/\/powder-products.com\/wp-content\/uploads\/2025\/10\/DDS_5939j2_kL2-300x200.jpg 300w, https:\/\/powder-products.com\/wp-content\/uploads\/2025\/10\/DDS_5939j2_kL2-768x511.jpg 768w, https:\/\/powder-products.com\/wp-content\/uploads\/2025\/10\/DDS_5939j2_kL2-1536x1022.jpg 1536w, https:\/\/powder-products.com\/wp-content\/uploads\/2025\/10\/DDS_5939j2_kL2.jpg 1600w\" sizes=\"auto, (max-width: 767px) 89vw, (max-width: 1000px) 54vw, (max-width: 1071px) 543px, 580px\" \/><\/figure>\n","protected":false},"excerpt":{"rendered":"<p>A PPP Private Powder Products m\u00e1ra meghat\u00e1roz\u00f3 szerepl\u0151v\u00e9 v\u00e1lt a poralap\u00fa italok piac\u00e1n, a forr\u00f3ital \u00e9s hidegital-porok, j\u00e9gk\u00e1s\u00e1k, frapp\u00e9k \u00e9s egy\u00e9b instant term\u00e9kek gy\u00e1rt\u00e1s\u00e1ban.A v\u00e1llalat c\u00e9lja, hogy innova\u01a1v, fenntarthat\u00f3 \u00e9s \u00fcgyf\u00e9lk\u00f6zpont\u00fa megold\u00e1sokkal szil\u00e1rd\u00edtsa meg poz\u00edci\u00f3j\u00e1t a hazai \u00e9s nemzetk\u00f6zi sz\u00ednt\u00e9ren.A PPP Private Powder Products Kft. \u00faj alapanyag-\u00e9rkeztet\u0151 \u00e9s -kim\u00e9r\u0151 \u00e1llom\u00e1s l\u00e9tes\u00edt\u00e9s\u00e9vel jelent\u0151s technol\u00f3giai fejleszt\u00e9st val\u00f3s\u00edtott &hellip; <\/p>\n<p class=\"link-more\"><a href=\"https:\/\/powder-products.com\/hu\/technologiai-fejlesztes-es-uj-laboratorium-a-ppp-private-powder-products-nal\/\" class=\"more-link\"><span class=\"screen-reader-text\">&#8222;Technol\u00f3giai fejleszt\u00e9s \u00e9s \u00faj laborat\u00f3rium a PPP Private Powder Products-n\u00e1l&#8221;<\/span> b\u0151vebben<\/a><\/p>\n","protected":false},"author":2,"featured_media":0,"parent":0,"menu_order":0,"comment_status":"closed","ping_status":"closed","template":"","meta":{"footnotes":""},"class_list":["post-1675","page","type-page","status-publish","hentry"],"yoast_head":"<!-- This site is optimized with the Yoast SEO Premium plugin v25.6 (Yoast SEO v26.1.1) - https:\/\/yoast.com\/wordpress\/plugins\/seo\/ -->\n<title>Technol\u00f3giai fejleszt\u00e9s \u00e9s \u00faj laborat\u00f3rium a PPP Private Powder Products-n\u00e1l - PPP Private Powder Products<\/title>\n<meta name=\"robots\" content=\"index, follow, max-snippet:-1, max-image-preview:large, max-video-preview:-1\" \/>\n<link rel=\"canonical\" href=\"https:\/\/powder-products.com\/hu\/technologiai-fejlesztes-es-uj-laboratorium-a-ppp-private-powder-products-nal\/\" \/>\n<meta property=\"og:locale\" content=\"hu_HU\" \/>\n<meta property=\"og:type\" content=\"article\" \/>\n<meta property=\"og:title\" content=\"Technol\u00f3giai fejleszt\u00e9s \u00e9s \u00faj laborat\u00f3rium a PPP Private Powder Products-n\u00e1l\" \/>\n<meta property=\"og:description\" content=\"A PPP Private Powder Products m\u00e1ra meghat\u00e1roz\u00f3 szerepl\u0151v\u00e9 v\u00e1lt a poralap\u00fa italok piac\u00e1n, a forr\u00f3ital \u00e9s hidegital-porok, j\u00e9gk\u00e1s\u00e1k, frapp\u00e9k \u00e9s egy\u00e9b instant term\u00e9kek gy\u00e1rt\u00e1s\u00e1ban.A v\u00e1llalat c\u00e9lja, hogy innova\u01a1v, fenntarthat\u00f3 \u00e9s \u00fcgyf\u00e9lk\u00f6zpont\u00fa megold\u00e1sokkal szil\u00e1rd\u00edtsa meg poz\u00edci\u00f3j\u00e1t a hazai \u00e9s nemzetk\u00f6zi sz\u00ednt\u00e9ren.A PPP Private Powder Products Kft. \u00faj alapanyag-\u00e9rkeztet\u0151 \u00e9s -kim\u00e9r\u0151 \u00e1llom\u00e1s l\u00e9tes\u00edt\u00e9s\u00e9vel jelent\u0151s technol\u00f3giai fejleszt\u00e9st val\u00f3s\u00edtott &hellip; &quot;Technol\u00f3giai fejleszt\u00e9s \u00e9s \u00faj laborat\u00f3rium a PPP Private Powder Products-n\u00e1l&quot; b\u0151vebben\" \/>\n<meta property=\"og:url\" content=\"https:\/\/powder-products.com\/hu\/technologiai-fejlesztes-es-uj-laboratorium-a-ppp-private-powder-products-nal\/\" \/>\n<meta property=\"og:site_name\" content=\"PPP Private Powder Products\" \/>\n<meta property=\"article:publisher\" content=\"https:\/\/www.facebook.com\/privatepowderproducts\" \/>\n<meta property=\"article:modified_time\" content=\"2025-10-28T06:59:00+00:00\" \/>\n<meta property=\"og:image\" content=\"https:\/\/powder-products.com\/wp-content\/uploads\/2025\/10\/DDS_5850jkL2-1024x682.jpg\" \/>\n<meta name=\"twitter:card\" content=\"summary_large_image\" \/>\n<meta name=\"twitter:label1\" content=\"Becs\u00fclt olvas\u00e1si id\u0151\" \/>\n\t<meta name=\"twitter:data1\" content=\"2 perc\" \/>\n<script type=\"application\/ld+json\" class=\"yoast-schema-graph\">{\"@context\":\"https:\/\/schema.org\",\"@graph\":[{\"@type\":\"WebPage\",\"@id\":\"https:\/\/powder-products.com\/hu\/technologiai-fejlesztes-es-uj-laboratorium-a-ppp-private-powder-products-nal\/\",\"url\":\"https:\/\/powder-products.com\/hu\/technologiai-fejlesztes-es-uj-laboratorium-a-ppp-private-powder-products-nal\/\",\"name\":\"Technol\u00f3giai fejleszt\u00e9s \u00e9s \u00faj laborat\u00f3rium a PPP Private Powder Products-n\u00e1l - PPP Private Powder Products\",\"isPartOf\":{\"@id\":\"https:\/\/powder-products.com\/hu\/#website\"},\"primaryImageOfPage\":{\"@id\":\"https:\/\/powder-products.com\/hu\/technologiai-fejlesztes-es-uj-laboratorium-a-ppp-private-powder-products-nal\/#primaryimage\"},\"image\":{\"@id\":\"https:\/\/powder-products.com\/hu\/technologiai-fejlesztes-es-uj-laboratorium-a-ppp-private-powder-products-nal\/#primaryimage\"},\"thumbnailUrl\":\"https:\/\/powder-products.com\/wp-content\/uploads\/2025\/10\/DDS_5850jkL2-1024x682.jpg\",\"datePublished\":\"2025-10-28T06:50:51+00:00\",\"dateModified\":\"2025-10-28T06:59:00+00:00\",\"breadcrumb\":{\"@id\":\"https:\/\/powder-products.com\/hu\/technologiai-fejlesztes-es-uj-laboratorium-a-ppp-private-powder-products-nal\/#breadcrumb\"},\"inLanguage\":\"hu\",\"potentialAction\":[{\"@type\":\"ReadAction\",\"target\":[\"https:\/\/powder-products.com\/hu\/technologiai-fejlesztes-es-uj-laboratorium-a-ppp-private-powder-products-nal\/\"]}]},{\"@type\":\"ImageObject\",\"inLanguage\":\"hu\",\"@id\":\"https:\/\/powder-products.com\/hu\/technologiai-fejlesztes-es-uj-laboratorium-a-ppp-private-powder-products-nal\/#primaryimage\",\"url\":\"https:\/\/powder-products.com\/wp-content\/uploads\/2025\/10\/DDS_5850jkL2-1024x682.jpg\",\"contentUrl\":\"https:\/\/powder-products.com\/wp-content\/uploads\/2025\/10\/DDS_5850jkL2-1024x682.jpg\"},{\"@type\":\"BreadcrumbList\",\"@id\":\"https:\/\/powder-products.com\/hu\/technologiai-fejlesztes-es-uj-laboratorium-a-ppp-private-powder-products-nal\/#breadcrumb\",\"itemListElement\":[{\"@type\":\"ListItem\",\"position\":1,\"name\":\"Home\",\"item\":\"https:\/\/powder-products.com\/hu\/\"},{\"@type\":\"ListItem\",\"position\":2,\"name\":\"Technol\u00f3giai fejleszt\u00e9s \u00e9s \u00faj laborat\u00f3rium a PPP Private Powder Products-n\u00e1l\"}]},{\"@type\":\"WebSite\",\"@id\":\"https:\/\/powder-products.com\/hu\/#website\",\"url\":\"https:\/\/powder-products.com\/hu\/\",\"name\":\"PPP Private Powder Products\",\"description\":\"Powder based products according to your needs.\",\"publisher\":{\"@id\":\"https:\/\/powder-products.com\/hu\/#organization\"},\"potentialAction\":[{\"@type\":\"SearchAction\",\"target\":{\"@type\":\"EntryPoint\",\"urlTemplate\":\"https:\/\/powder-products.com\/hu\/?s={search_term_string}\"},\"query-input\":{\"@type\":\"PropertyValueSpecification\",\"valueRequired\":true,\"valueName\":\"search_term_string\"}}],\"inLanguage\":\"hu\"},{\"@type\":\"Organization\",\"@id\":\"https:\/\/powder-products.com\/hu\/#organization\",\"name\":\"PPP Private Powder Products\",\"url\":\"https:\/\/powder-products.com\/hu\/\",\"logo\":{\"@type\":\"ImageObject\",\"inLanguage\":\"hu\",\"@id\":\"https:\/\/powder-products.com\/hu\/#\/schema\/logo\/image\/\",\"url\":\"https:\/\/powder-products.com\/wp-content\/uploads\/2024\/02\/ppp_logo_new-01.png\",\"contentUrl\":\"https:\/\/powder-products.com\/wp-content\/uploads\/2024\/02\/ppp_logo_new-01.png\",\"width\":512,\"height\":202,\"caption\":\"PPP Private Powder Products\"},\"image\":{\"@id\":\"https:\/\/powder-products.com\/hu\/#\/schema\/logo\/image\/\"},\"sameAs\":[\"https:\/\/www.facebook.com\/privatepowderproducts\"]}]}<\/script>\n<!-- \/ Yoast SEO Premium plugin. -->","yoast_head_json":{"title":"Technol\u00f3giai fejleszt\u00e9s \u00e9s \u00faj laborat\u00f3rium a PPP Private Powder Products-n\u00e1l - PPP Private Powder Products","robots":{"index":"index","follow":"follow","max-snippet":"max-snippet:-1","max-image-preview":"max-image-preview:large","max-video-preview":"max-video-preview:-1"},"canonical":"https:\/\/powder-products.com\/hu\/technologiai-fejlesztes-es-uj-laboratorium-a-ppp-private-powder-products-nal\/","og_locale":"hu_HU","og_type":"article","og_title":"Technol\u00f3giai fejleszt\u00e9s \u00e9s \u00faj laborat\u00f3rium a PPP Private Powder Products-n\u00e1l","og_description":"A PPP Private Powder Products m\u00e1ra meghat\u00e1roz\u00f3 szerepl\u0151v\u00e9 v\u00e1lt a poralap\u00fa italok piac\u00e1n, a forr\u00f3ital \u00e9s hidegital-porok, j\u00e9gk\u00e1s\u00e1k, frapp\u00e9k \u00e9s egy\u00e9b instant term\u00e9kek gy\u00e1rt\u00e1s\u00e1ban.A v\u00e1llalat c\u00e9lja, hogy innova\u01a1v, fenntarthat\u00f3 \u00e9s \u00fcgyf\u00e9lk\u00f6zpont\u00fa megold\u00e1sokkal szil\u00e1rd\u00edtsa meg poz\u00edci\u00f3j\u00e1t a hazai \u00e9s nemzetk\u00f6zi sz\u00ednt\u00e9ren.A PPP Private Powder Products Kft. \u00faj alapanyag-\u00e9rkeztet\u0151 \u00e9s -kim\u00e9r\u0151 \u00e1llom\u00e1s l\u00e9tes\u00edt\u00e9s\u00e9vel jelent\u0151s technol\u00f3giai fejleszt\u00e9st val\u00f3s\u00edtott &hellip; \"Technol\u00f3giai fejleszt\u00e9s \u00e9s \u00faj laborat\u00f3rium a PPP Private Powder Products-n\u00e1l\" b\u0151vebben","og_url":"https:\/\/powder-products.com\/hu\/technologiai-fejlesztes-es-uj-laboratorium-a-ppp-private-powder-products-nal\/","og_site_name":"PPP Private Powder Products","article_publisher":"https:\/\/www.facebook.com\/privatepowderproducts","article_modified_time":"2025-10-28T06:59:00+00:00","og_image":[{"url":"https:\/\/powder-products.com\/wp-content\/uploads\/2025\/10\/DDS_5850jkL2-1024x682.jpg","type":"","width":"","height":""}],"twitter_card":"summary_large_image","twitter_misc":{"Becs\u00fclt olvas\u00e1si id\u0151":"2 perc"},"schema":{"@context":"https:\/\/schema.org","@graph":[{"@type":"WebPage","@id":"https:\/\/powder-products.com\/hu\/technologiai-fejlesztes-es-uj-laboratorium-a-ppp-private-powder-products-nal\/","url":"https:\/\/powder-products.com\/hu\/technologiai-fejlesztes-es-uj-laboratorium-a-ppp-private-powder-products-nal\/","name":"Technol\u00f3giai fejleszt\u00e9s \u00e9s \u00faj laborat\u00f3rium a PPP Private Powder Products-n\u00e1l - PPP Private Powder Products","isPartOf":{"@id":"https:\/\/powder-products.com\/hu\/#website"},"primaryImageOfPage":{"@id":"https:\/\/powder-products.com\/hu\/technologiai-fejlesztes-es-uj-laboratorium-a-ppp-private-powder-products-nal\/#primaryimage"},"image":{"@id":"https:\/\/powder-products.com\/hu\/technologiai-fejlesztes-es-uj-laboratorium-a-ppp-private-powder-products-nal\/#primaryimage"},"thumbnailUrl":"https:\/\/powder-products.com\/wp-content\/uploads\/2025\/10\/DDS_5850jkL2-1024x682.jpg","datePublished":"2025-10-28T06:50:51+00:00","dateModified":"2025-10-28T06:59:00+00:00","breadcrumb":{"@id":"https:\/\/powder-products.com\/hu\/technologiai-fejlesztes-es-uj-laboratorium-a-ppp-private-powder-products-nal\/#breadcrumb"},"inLanguage":"hu","potentialAction":[{"@type":"ReadAction","target":["https:\/\/powder-products.com\/hu\/technologiai-fejlesztes-es-uj-laboratorium-a-ppp-private-powder-products-nal\/"]}]},{"@type":"ImageObject","inLanguage":"hu","@id":"https:\/\/powder-products.com\/hu\/technologiai-fejlesztes-es-uj-laboratorium-a-ppp-private-powder-products-nal\/#primaryimage","url":"https:\/\/powder-products.com\/wp-content\/uploads\/2025\/10\/DDS_5850jkL2-1024x682.jpg","contentUrl":"https:\/\/powder-products.com\/wp-content\/uploads\/2025\/10\/DDS_5850jkL2-1024x682.jpg"},{"@type":"BreadcrumbList","@id":"https:\/\/powder-products.com\/hu\/technologiai-fejlesztes-es-uj-laboratorium-a-ppp-private-powder-products-nal\/#breadcrumb","itemListElement":[{"@type":"ListItem","position":1,"name":"Home","item":"https:\/\/powder-products.com\/hu\/"},{"@type":"ListItem","position":2,"name":"Technol\u00f3giai fejleszt\u00e9s \u00e9s \u00faj laborat\u00f3rium a PPP Private Powder Products-n\u00e1l"}]},{"@type":"WebSite","@id":"https:\/\/powder-products.com\/hu\/#website","url":"https:\/\/powder-products.com\/hu\/","name":"PPP Private Powder Products","description":"Powder based products according to your needs.","publisher":{"@id":"https:\/\/powder-products.com\/hu\/#organization"},"potentialAction":[{"@type":"SearchAction","target":{"@type":"EntryPoint","urlTemplate":"https:\/\/powder-products.com\/hu\/?s={search_term_string}"},"query-input":{"@type":"PropertyValueSpecification","valueRequired":true,"valueName":"search_term_string"}}],"inLanguage":"hu"},{"@type":"Organization","@id":"https:\/\/powder-products.com\/hu\/#organization","name":"PPP Private Powder Products","url":"https:\/\/powder-products.com\/hu\/","logo":{"@type":"ImageObject","inLanguage":"hu","@id":"https:\/\/powder-products.com\/hu\/#\/schema\/logo\/image\/","url":"https:\/\/powder-products.com\/wp-content\/uploads\/2024\/02\/ppp_logo_new-01.png","contentUrl":"https:\/\/powder-products.com\/wp-content\/uploads\/2024\/02\/ppp_logo_new-01.png","width":512,"height":202,"caption":"PPP Private Powder Products"},"image":{"@id":"https:\/\/powder-products.com\/hu\/#\/schema\/logo\/image\/"},"sameAs":["https:\/\/www.facebook.com\/privatepowderproducts"]}]}},"_links":{"self":[{"href":"https:\/\/powder-products.com\/hu\/wp-json\/wp\/v2\/pages\/1675","targetHints":{"allow":["GET"]}}],"collection":[{"href":"https:\/\/powder-products.com\/hu\/wp-json\/wp\/v2\/pages"}],"about":[{"href":"https:\/\/powder-products.com\/hu\/wp-json\/wp\/v2\/types\/page"}],"author":[{"embeddable":true,"href":"https:\/\/powder-products.com\/hu\/wp-json\/wp\/v2\/users\/2"}],"replies":[{"embeddable":true,"href":"https:\/\/powder-products.com\/hu\/wp-json\/wp\/v2\/comments?post=1675"}],"version-history":[{"count":2,"href":"https:\/\/powder-products.com\/hu\/wp-json\/wp\/v2\/pages\/1675\/revisions"}],"predecessor-version":[{"id":1689,"href":"https:\/\/powder-products.com\/hu\/wp-json\/wp\/v2\/pages\/1675\/revisions\/1689"}],"wp:attachment":[{"href":"https:\/\/powder-products.com\/hu\/wp-json\/wp\/v2\/media?parent=1675"}],"curies":[{"name":"wp","href":"https:\/\/api.w.org\/{rel}","templated":true}]}}