{"id":1728,"date":"2025-12-05T11:55:25","date_gmt":"2025-12-05T11:55:25","guid":{"rendered":"https:\/\/powder-products.com\/?page_id=1728"},"modified":"2025-12-05T11:58:20","modified_gmt":"2025-12-05T11:58:20","slug":"staying-alive-mert-a-biztonsag-kozos-felelossegunk","status":"publish","type":"page","link":"https:\/\/powder-products.com\/hu\/staying-alive-mert-a-biztonsag-kozos-felelossegunk\/","title":{"rendered":"Staying Alive \u2013 mert a biztons\u00e1g k\u00f6z\u00f6s felel\u0151ss\u00e9g\u00fcnk"},"content":{"rendered":"\n<p>Csapatunk nemcsak a mindennapi munk\u00e1ban t\u00f6rekszik a pontoss\u00e1gra \u00e9s megb\u00edzhat\u00f3s\u00e1gra. Ugyanezt k\u00e9pviselj\u00fck a biztons\u00e1g ter\u00e9n is. B\u00e1r szeret\u00fcnk vesz\u00e9lymentesen dolgozni, hissz\u00fck, hogy a legjobb k\u00f6z\u00f6ss\u00e9gek nemcsak elker\u00fclik a bajt, hanem fel is k\u00e9sz\u00fclnek a legrosszabbra.<\/p>\n\n\n\n<p>Ez\u00e9rt vett\u00fcnk r\u00e9szt egy \u00e1tfog\u00f3 els\u0151seg\u00e9ly-tanfolyamon, ahol megtanultuk, hogyan maradhatunk <em>staying alive<\/em> helyzetben: hogyan ny\u00fajtsunk hat\u00e9kony seg\u00edts\u00e9get v\u00e9szhelyzetben, hogyan reag\u00e1ljunk gyorsan \u00e9s magabiztosan, \u00e9s hogyan vigy\u00e1zzunk egym\u00e1sra a mindennapokban.<\/p>\n\n\n\n<p>A biztons\u00e1g sz\u00e1munkra nem k\u00f6telez\u0151 feladat, hanem \u00e9rt\u00e9k. A megb\u00edzhat\u00f3s\u00e1g alapja egy j\u00f3l felk\u00e9sz\u00fclt, \u00f6sszetart\u00f3 k\u00f6z\u00f6ss\u00e9g, \u00e9s erre a tanfolyam is eml\u00e9keztetett: <strong>a val\u00f3di er\u0151 abban rejlik, ha tudjuk, sz\u00e1m\u00edthatunk egym\u00e1sra.<\/strong><\/p>\n\n\n\n<p>Mi \u00edgy \u00e9p\u00edtj\u00fck a bizalmat: tud\u00e1ssal, odafigyel\u00e9ssel \u00e9s felel\u0151ss\u00e9ggel.<\/p>\n\n\n\n<figure class=\"wp-block-image size-large is-resized\"><img loading=\"lazy\" decoding=\"async\" width=\"1024\" height=\"768\" src=\"https:\/\/powder-products.com\/wp-content\/uploads\/2025\/12\/Nevtelen-terv-37-1024x768.png\" alt=\"\" class=\"wp-image-1732\" style=\"width:489px;height:auto\" srcset=\"https:\/\/powder-products.com\/wp-content\/uploads\/2025\/12\/Nevtelen-terv-37-1024x768.png 1024w, https:\/\/powder-products.com\/wp-content\/uploads\/2025\/12\/Nevtelen-terv-37-300x225.png 300w, https:\/\/powder-products.com\/wp-content\/uploads\/2025\/12\/Nevtelen-terv-37-768x576.png 768w, https:\/\/powder-products.com\/wp-content\/uploads\/2025\/12\/Nevtelen-terv-37-1536x1152.png 1536w, https:\/\/powder-products.com\/wp-content\/uploads\/2025\/12\/Nevtelen-terv-37.png 1600w\" sizes=\"auto, (max-width: 767px) 89vw, (max-width: 1000px) 54vw, (max-width: 1071px) 543px, 580px\" \/><\/figure>\n\n\n\n<figure class=\"wp-block-image size-large is-resized\"><img loading=\"lazy\" decoding=\"async\" width=\"768\" height=\"1024\" src=\"https:\/\/powder-products.com\/wp-content\/uploads\/2025\/12\/Nevtelen-terv-36-768x1024.png\" alt=\"\" class=\"wp-image-1729\" style=\"aspect-ratio:0.750008693535487;width:434px;height:auto\" srcset=\"https:\/\/powder-products.com\/wp-content\/uploads\/2025\/12\/Nevtelen-terv-36-768x1024.png 768w, https:\/\/powder-products.com\/wp-content\/uploads\/2025\/12\/Nevtelen-terv-36-225x300.png 225w, https:\/\/powder-products.com\/wp-content\/uploads\/2025\/12\/Nevtelen-terv-36-1152x1536.png 1152w, https:\/\/powder-products.com\/wp-content\/uploads\/2025\/12\/Nevtelen-terv-36.png 1200w\" sizes=\"auto, (max-width: 767px) 89vw, (max-width: 1000px) 54vw, (max-width: 1071px) 543px, 580px\" \/><\/figure>\n\n\n\n<figure class=\"wp-block-image size-large is-resized\"><img loading=\"lazy\" decoding=\"async\" width=\"768\" height=\"1024\" src=\"https:\/\/powder-products.com\/wp-content\/uploads\/2025\/12\/Nevtelen-terv-34-768x1024.png\" alt=\"\" class=\"wp-image-1735\" style=\"aspect-ratio:0.750008693535487;width:436px;height:auto\" srcset=\"https:\/\/powder-products.com\/wp-content\/uploads\/2025\/12\/Nevtelen-terv-34-768x1024.png 768w, https:\/\/powder-products.com\/wp-content\/uploads\/2025\/12\/Nevtelen-terv-34-225x300.png 225w, https:\/\/powder-products.com\/wp-content\/uploads\/2025\/12\/Nevtelen-terv-34-1152x1536.png 1152w, https:\/\/powder-products.com\/wp-content\/uploads\/2025\/12\/Nevtelen-terv-34.png 1200w\" sizes=\"auto, (max-width: 767px) 89vw, (max-width: 1000px) 54vw, (max-width: 1071px) 543px, 580px\" \/><\/figure>\n","protected":false},"excerpt":{"rendered":"<p>Csapatunk nemcsak a mindennapi munk\u00e1ban t\u00f6rekszik a pontoss\u00e1gra \u00e9s megb\u00edzhat\u00f3s\u00e1gra. Ugyanezt k\u00e9pviselj\u00fck a biztons\u00e1g ter\u00e9n is. B\u00e1r szeret\u00fcnk vesz\u00e9lymentesen dolgozni, hissz\u00fck, hogy a legjobb k\u00f6z\u00f6ss\u00e9gek nemcsak elker\u00fclik a bajt, hanem fel is k\u00e9sz\u00fclnek a legrosszabbra. Ez\u00e9rt vett\u00fcnk r\u00e9szt egy \u00e1tfog\u00f3 els\u0151seg\u00e9ly-tanfolyamon, ahol megtanultuk, hogyan maradhatunk staying alive helyzetben: hogyan ny\u00fajtsunk hat\u00e9kony seg\u00edts\u00e9get v\u00e9szhelyzetben, hogyan reag\u00e1ljunk &hellip; <\/p>\n<p class=\"link-more\"><a href=\"https:\/\/powder-products.com\/hu\/staying-alive-mert-a-biztonsag-kozos-felelossegunk\/\" class=\"more-link\"><span class=\"screen-reader-text\">&#8222;Staying Alive \u2013 mert a biztons\u00e1g k\u00f6z\u00f6s felel\u0151ss\u00e9g\u00fcnk&#8221;<\/span> b\u0151vebben<\/a><\/p>\n","protected":false},"author":2,"featured_media":0,"parent":0,"menu_order":0,"comment_status":"closed","ping_status":"closed","template":"","meta":{"footnotes":""},"class_list":["post-1728","page","type-page","status-publish","hentry"],"yoast_head":"<!-- This site is optimized with the Yoast SEO Premium plugin v25.6 (Yoast SEO v26.1.1) - https:\/\/yoast.com\/wordpress\/plugins\/seo\/ -->\n<title>Staying Alive \u2013 mert a biztons\u00e1g k\u00f6z\u00f6s felel\u0151ss\u00e9g\u00fcnk - PPP Private Powder Products<\/title>\n<meta name=\"robots\" content=\"index, follow, max-snippet:-1, max-image-preview:large, max-video-preview:-1\" \/>\n<link rel=\"canonical\" href=\"https:\/\/powder-products.com\/hu\/staying-alive-mert-a-biztonsag-kozos-felelossegunk\/\" \/>\n<meta property=\"og:locale\" content=\"hu_HU\" \/>\n<meta property=\"og:type\" content=\"article\" \/>\n<meta property=\"og:title\" content=\"Staying Alive \u2013 mert a biztons\u00e1g k\u00f6z\u00f6s felel\u0151ss\u00e9g\u00fcnk\" \/>\n<meta property=\"og:description\" content=\"Csapatunk nemcsak a mindennapi munk\u00e1ban t\u00f6rekszik a pontoss\u00e1gra \u00e9s megb\u00edzhat\u00f3s\u00e1gra. Ugyanezt k\u00e9pviselj\u00fck a biztons\u00e1g ter\u00e9n is. B\u00e1r szeret\u00fcnk vesz\u00e9lymentesen dolgozni, hissz\u00fck, hogy a legjobb k\u00f6z\u00f6ss\u00e9gek nemcsak elker\u00fclik a bajt, hanem fel is k\u00e9sz\u00fclnek a legrosszabbra. Ez\u00e9rt vett\u00fcnk r\u00e9szt egy \u00e1tfog\u00f3 els\u0151seg\u00e9ly-tanfolyamon, ahol megtanultuk, hogyan maradhatunk staying alive helyzetben: hogyan ny\u00fajtsunk hat\u00e9kony seg\u00edts\u00e9get v\u00e9szhelyzetben, hogyan reag\u00e1ljunk &hellip; &quot;Staying Alive \u2013 mert a biztons\u00e1g k\u00f6z\u00f6s felel\u0151ss\u00e9g\u00fcnk&quot; b\u0151vebben\" \/>\n<meta property=\"og:url\" content=\"https:\/\/powder-products.com\/hu\/staying-alive-mert-a-biztonsag-kozos-felelossegunk\/\" \/>\n<meta property=\"og:site_name\" content=\"PPP Private Powder Products\" \/>\n<meta property=\"article:publisher\" content=\"https:\/\/www.facebook.com\/privatepowderproducts\" \/>\n<meta property=\"article:modified_time\" content=\"2025-12-05T11:58:20+00:00\" \/>\n<meta property=\"og:image\" content=\"https:\/\/powder-products.com\/wp-content\/uploads\/2025\/12\/Nevtelen-terv-37-1024x768.png\" \/>\n<meta name=\"twitter:card\" content=\"summary_large_image\" \/>\n<meta name=\"twitter:label1\" content=\"Becs\u00fclt olvas\u00e1si id\u0151\" \/>\n\t<meta name=\"twitter:data1\" content=\"2 perc\" \/>\n<script type=\"application\/ld+json\" class=\"yoast-schema-graph\">{\"@context\":\"https:\/\/schema.org\",\"@graph\":[{\"@type\":\"WebPage\",\"@id\":\"https:\/\/powder-products.com\/hu\/staying-alive-mert-a-biztonsag-kozos-felelossegunk\/\",\"url\":\"https:\/\/powder-products.com\/hu\/staying-alive-mert-a-biztonsag-kozos-felelossegunk\/\",\"name\":\"Staying Alive \u2013 mert a biztons\u00e1g k\u00f6z\u00f6s felel\u0151ss\u00e9g\u00fcnk - PPP Private Powder Products\",\"isPartOf\":{\"@id\":\"https:\/\/powder-products.com\/hu\/#website\"},\"primaryImageOfPage\":{\"@id\":\"https:\/\/powder-products.com\/hu\/staying-alive-mert-a-biztonsag-kozos-felelossegunk\/#primaryimage\"},\"image\":{\"@id\":\"https:\/\/powder-products.com\/hu\/staying-alive-mert-a-biztonsag-kozos-felelossegunk\/#primaryimage\"},\"thumbnailUrl\":\"https:\/\/powder-products.com\/wp-content\/uploads\/2025\/12\/Nevtelen-terv-37-1024x768.png\",\"datePublished\":\"2025-12-05T11:55:25+00:00\",\"dateModified\":\"2025-12-05T11:58:20+00:00\",\"breadcrumb\":{\"@id\":\"https:\/\/powder-products.com\/hu\/staying-alive-mert-a-biztonsag-kozos-felelossegunk\/#breadcrumb\"},\"inLanguage\":\"hu\",\"potentialAction\":[{\"@type\":\"ReadAction\",\"target\":[\"https:\/\/powder-products.com\/hu\/staying-alive-mert-a-biztonsag-kozos-felelossegunk\/\"]}]},{\"@type\":\"ImageObject\",\"inLanguage\":\"hu\",\"@id\":\"https:\/\/powder-products.com\/hu\/staying-alive-mert-a-biztonsag-kozos-felelossegunk\/#primaryimage\",\"url\":\"https:\/\/powder-products.com\/wp-content\/uploads\/2025\/12\/Nevtelen-terv-37-1024x768.png\",\"contentUrl\":\"https:\/\/powder-products.com\/wp-content\/uploads\/2025\/12\/Nevtelen-terv-37-1024x768.png\"},{\"@type\":\"BreadcrumbList\",\"@id\":\"https:\/\/powder-products.com\/hu\/staying-alive-mert-a-biztonsag-kozos-felelossegunk\/#breadcrumb\",\"itemListElement\":[{\"@type\":\"ListItem\",\"position\":1,\"name\":\"Home\",\"item\":\"https:\/\/powder-products.com\/hu\/\"},{\"@type\":\"ListItem\",\"position\":2,\"name\":\"Staying Alive \u2013 mert a biztons\u00e1g k\u00f6z\u00f6s felel\u0151ss\u00e9g\u00fcnk\"}]},{\"@type\":\"WebSite\",\"@id\":\"https:\/\/powder-products.com\/hu\/#website\",\"url\":\"https:\/\/powder-products.com\/hu\/\",\"name\":\"PPP Private Powder Products\",\"description\":\"Powder based products according to your needs.\",\"publisher\":{\"@id\":\"https:\/\/powder-products.com\/hu\/#organization\"},\"potentialAction\":[{\"@type\":\"SearchAction\",\"target\":{\"@type\":\"EntryPoint\",\"urlTemplate\":\"https:\/\/powder-products.com\/hu\/?s={search_term_string}\"},\"query-input\":{\"@type\":\"PropertyValueSpecification\",\"valueRequired\":true,\"valueName\":\"search_term_string\"}}],\"inLanguage\":\"hu\"},{\"@type\":\"Organization\",\"@id\":\"https:\/\/powder-products.com\/hu\/#organization\",\"name\":\"PPP Private Powder Products\",\"url\":\"https:\/\/powder-products.com\/hu\/\",\"logo\":{\"@type\":\"ImageObject\",\"inLanguage\":\"hu\",\"@id\":\"https:\/\/powder-products.com\/hu\/#\/schema\/logo\/image\/\",\"url\":\"https:\/\/powder-products.com\/wp-content\/uploads\/2024\/02\/ppp_logo_new-01.png\",\"contentUrl\":\"https:\/\/powder-products.com\/wp-content\/uploads\/2024\/02\/ppp_logo_new-01.png\",\"width\":512,\"height\":202,\"caption\":\"PPP Private Powder Products\"},\"image\":{\"@id\":\"https:\/\/powder-products.com\/hu\/#\/schema\/logo\/image\/\"},\"sameAs\":[\"https:\/\/www.facebook.com\/privatepowderproducts\"]}]}<\/script>\n<!-- \/ Yoast SEO Premium plugin. -->","yoast_head_json":{"title":"Staying Alive \u2013 mert a biztons\u00e1g k\u00f6z\u00f6s felel\u0151ss\u00e9g\u00fcnk - PPP Private Powder Products","robots":{"index":"index","follow":"follow","max-snippet":"max-snippet:-1","max-image-preview":"max-image-preview:large","max-video-preview":"max-video-preview:-1"},"canonical":"https:\/\/powder-products.com\/hu\/staying-alive-mert-a-biztonsag-kozos-felelossegunk\/","og_locale":"hu_HU","og_type":"article","og_title":"Staying Alive \u2013 mert a biztons\u00e1g k\u00f6z\u00f6s felel\u0151ss\u00e9g\u00fcnk","og_description":"Csapatunk nemcsak a mindennapi munk\u00e1ban t\u00f6rekszik a pontoss\u00e1gra \u00e9s megb\u00edzhat\u00f3s\u00e1gra. Ugyanezt k\u00e9pviselj\u00fck a biztons\u00e1g ter\u00e9n is. B\u00e1r szeret\u00fcnk vesz\u00e9lymentesen dolgozni, hissz\u00fck, hogy a legjobb k\u00f6z\u00f6ss\u00e9gek nemcsak elker\u00fclik a bajt, hanem fel is k\u00e9sz\u00fclnek a legrosszabbra. Ez\u00e9rt vett\u00fcnk r\u00e9szt egy \u00e1tfog\u00f3 els\u0151seg\u00e9ly-tanfolyamon, ahol megtanultuk, hogyan maradhatunk staying alive helyzetben: hogyan ny\u00fajtsunk hat\u00e9kony seg\u00edts\u00e9get v\u00e9szhelyzetben, hogyan reag\u00e1ljunk &hellip; \"Staying Alive \u2013 mert a biztons\u00e1g k\u00f6z\u00f6s felel\u0151ss\u00e9g\u00fcnk\" b\u0151vebben","og_url":"https:\/\/powder-products.com\/hu\/staying-alive-mert-a-biztonsag-kozos-felelossegunk\/","og_site_name":"PPP Private Powder Products","article_publisher":"https:\/\/www.facebook.com\/privatepowderproducts","article_modified_time":"2025-12-05T11:58:20+00:00","og_image":[{"url":"https:\/\/powder-products.com\/wp-content\/uploads\/2025\/12\/Nevtelen-terv-37-1024x768.png","type":"","width":"","height":""}],"twitter_card":"summary_large_image","twitter_misc":{"Becs\u00fclt olvas\u00e1si id\u0151":"2 perc"},"schema":{"@context":"https:\/\/schema.org","@graph":[{"@type":"WebPage","@id":"https:\/\/powder-products.com\/hu\/staying-alive-mert-a-biztonsag-kozos-felelossegunk\/","url":"https:\/\/powder-products.com\/hu\/staying-alive-mert-a-biztonsag-kozos-felelossegunk\/","name":"Staying Alive \u2013 mert a biztons\u00e1g k\u00f6z\u00f6s felel\u0151ss\u00e9g\u00fcnk - PPP Private Powder Products","isPartOf":{"@id":"https:\/\/powder-products.com\/hu\/#website"},"primaryImageOfPage":{"@id":"https:\/\/powder-products.com\/hu\/staying-alive-mert-a-biztonsag-kozos-felelossegunk\/#primaryimage"},"image":{"@id":"https:\/\/powder-products.com\/hu\/staying-alive-mert-a-biztonsag-kozos-felelossegunk\/#primaryimage"},"thumbnailUrl":"https:\/\/powder-products.com\/wp-content\/uploads\/2025\/12\/Nevtelen-terv-37-1024x768.png","datePublished":"2025-12-05T11:55:25+00:00","dateModified":"2025-12-05T11:58:20+00:00","breadcrumb":{"@id":"https:\/\/powder-products.com\/hu\/staying-alive-mert-a-biztonsag-kozos-felelossegunk\/#breadcrumb"},"inLanguage":"hu","potentialAction":[{"@type":"ReadAction","target":["https:\/\/powder-products.com\/hu\/staying-alive-mert-a-biztonsag-kozos-felelossegunk\/"]}]},{"@type":"ImageObject","inLanguage":"hu","@id":"https:\/\/powder-products.com\/hu\/staying-alive-mert-a-biztonsag-kozos-felelossegunk\/#primaryimage","url":"https:\/\/powder-products.com\/wp-content\/uploads\/2025\/12\/Nevtelen-terv-37-1024x768.png","contentUrl":"https:\/\/powder-products.com\/wp-content\/uploads\/2025\/12\/Nevtelen-terv-37-1024x768.png"},{"@type":"BreadcrumbList","@id":"https:\/\/powder-products.com\/hu\/staying-alive-mert-a-biztonsag-kozos-felelossegunk\/#breadcrumb","itemListElement":[{"@type":"ListItem","position":1,"name":"Home","item":"https:\/\/powder-products.com\/hu\/"},{"@type":"ListItem","position":2,"name":"Staying Alive \u2013 mert a biztons\u00e1g k\u00f6z\u00f6s felel\u0151ss\u00e9g\u00fcnk"}]},{"@type":"WebSite","@id":"https:\/\/powder-products.com\/hu\/#website","url":"https:\/\/powder-products.com\/hu\/","name":"PPP Private Powder Products","description":"Powder based products according to your needs.","publisher":{"@id":"https:\/\/powder-products.com\/hu\/#organization"},"potentialAction":[{"@type":"SearchAction","target":{"@type":"EntryPoint","urlTemplate":"https:\/\/powder-products.com\/hu\/?s={search_term_string}"},"query-input":{"@type":"PropertyValueSpecification","valueRequired":true,"valueName":"search_term_string"}}],"inLanguage":"hu"},{"@type":"Organization","@id":"https:\/\/powder-products.com\/hu\/#organization","name":"PPP Private Powder Products","url":"https:\/\/powder-products.com\/hu\/","logo":{"@type":"ImageObject","inLanguage":"hu","@id":"https:\/\/powder-products.com\/hu\/#\/schema\/logo\/image\/","url":"https:\/\/powder-products.com\/wp-content\/uploads\/2024\/02\/ppp_logo_new-01.png","contentUrl":"https:\/\/powder-products.com\/wp-content\/uploads\/2024\/02\/ppp_logo_new-01.png","width":512,"height":202,"caption":"PPP Private Powder Products"},"image":{"@id":"https:\/\/powder-products.com\/hu\/#\/schema\/logo\/image\/"},"sameAs":["https:\/\/www.facebook.com\/privatepowderproducts"]}]}},"_links":{"self":[{"href":"https:\/\/powder-products.com\/hu\/wp-json\/wp\/v2\/pages\/1728","targetHints":{"allow":["GET"]}}],"collection":[{"href":"https:\/\/powder-products.com\/hu\/wp-json\/wp\/v2\/pages"}],"about":[{"href":"https:\/\/powder-products.com\/hu\/wp-json\/wp\/v2\/types\/page"}],"author":[{"embeddable":true,"href":"https:\/\/powder-products.com\/hu\/wp-json\/wp\/v2\/users\/2"}],"replies":[{"embeddable":true,"href":"https:\/\/powder-products.com\/hu\/wp-json\/wp\/v2\/comments?post=1728"}],"version-history":[{"count":1,"href":"https:\/\/powder-products.com\/hu\/wp-json\/wp\/v2\/pages\/1728\/revisions"}],"predecessor-version":[{"id":1738,"href":"https:\/\/powder-products.com\/hu\/wp-json\/wp\/v2\/pages\/1728\/revisions\/1738"}],"wp:attachment":[{"href":"https:\/\/powder-products.com\/hu\/wp-json\/wp\/v2\/media?parent=1728"}],"curies":[{"name":"wp","href":"https:\/\/api.w.org\/{rel}","templated":true}]}}