{"id":1789,"date":"2025-12-16T11:28:17","date_gmt":"2025-12-16T11:28:17","guid":{"rendered":"https:\/\/powder-products.com\/?page_id=1789"},"modified":"2025-12-16T11:28:20","modified_gmt":"2025-12-16T11:28:20","slug":"amikor-a-csapatmunka-tarsadalmi-erteket-teremt","status":"publish","type":"page","link":"https:\/\/powder-products.com\/hu\/amikor-a-csapatmunka-tarsadalmi-erteket-teremt\/","title":{"rendered":"Amikor a csapatmunka t\u00e1rsadalmi \u00e9rt\u00e9ket teremt"},"content":{"rendered":"\n<p>C\u00e9g\u00fcnkn\u00e9l \u00fagy gondoljuk, hogy a felel\u0151s m\u0171k\u00f6d\u00e9s t\u00falmutat a mindennapi \u00fczleti tev\u00e9kenys\u00e9gen \u00e9s az \u00fczleti eredm\u00e9nyeken. Egyben azt is jelenti, hogy akt\u00edvan hozz\u00e1j\u00e1rulunk a minket k\u00f6r\u00fclvev\u0151 k\u00f6z\u00f6ss\u00e9gek t\u00e1mogat\u00e1s\u00e1hoz.<\/p>\n\n\n\n<p>Nemr\u00e9g r\u00e9szt vett\u00fcnk a Nevetnik\u00e9k csapat\u00e9p\u00edt\u0151 j\u00e1t\u00e9kk\u00e9sz\u00edt\u0151 m\u0171hely\u00e9n, ahol k\u00e9zzel k\u00e9sz\u00edtett, k\u00f6rnyezetbar\u00e1t j\u00e1t\u00e9kokat alkottunk beteg gyermekek sz\u00e1m\u00e1ra. A program lehet\u0151s\u00e9get adott arra, hogy a csapatmunka val\u00f3di t\u00e1rsadalmi \u00e9rt\u00e9kkel p\u00e1rosuljon, \u00e9s meger\u0151s\u00edtette benn\u00fcnk a k\u00f6z\u00f6s felel\u0151ss\u00e9gv\u00e1llal\u00e1s fontoss\u00e1g\u00e1t.<\/p>\n\n\n\n<p>Az elk\u00e9sz\u00fclt j\u00e1t\u00e9kok a p\u00e9csi \u00e9s kaposv\u00e1ri kis betegekhez ker\u00fclnek majd, akik egy megterhel\u0151 kezel\u00e9s vagy beavatkoz\u00e1s ut\u00e1n egy kincsesl\u00e1d\u00e1b\u00f3l v\u00e1laszthatj\u00e1k ki a sz\u00e1mukra kedves darabot, \u00e9s hazavihetik magukkal. Ezek az apr\u00f3 gesztusok fontos szerepet j\u00e1tszhatnak abban, hogy a neh\u00e9z pillanatokban is legyen jelen egy kis megnyugv\u00e1s \u00e9s lelki t\u00e1mogat\u00e1s.<\/p>\n\n\n\n<p>Ez m\u00e1r a m\u00e1sodik k\u00f6z\u00f6s programunk a Nevetnik\u00e9kkel, az el\u0151z\u0151 alkalommal egy k\u00f3rterem fest\u00e9s\u00e9ben vett\u00fcnk r\u00e9szt. B\u00e1r az ilyen jelleg\u0171 kezdem\u00e9nyez\u00e9sek sz\u00e1munkra eg\u00e9sz \u00e9vben fontosak, decemberben tal\u00e1n m\u00e9g hangs\u00falyosabb\u00e1 v\u00e1lik a jelent\u0151s\u00e9g\u00fck \u2013 ez az id\u0151szak k\u00fcl\u00f6n\u00f6sen alkalmas arra, hogy meg\u00e1lljunk egy pillanatra, \u00e9s tudatosan figyelj\u00fcnk m\u00e1sokra.<\/p>\n\n\n\n<p>B\u00fcszk\u00e9k vagyunk arra, hogy olyan kezdem\u00e9nyez\u00e9sek mell\u00e9 \u00e1llhatunk, amelyek val\u00f3di \u00e9rt\u00e9ket teremtenek, \u00e9s k\u00e9zzelfoghat\u00f3 m\u00f3don j\u00e1rulnak hozz\u00e1 a k\u00f6z\u00f6ss\u00e9g j\u00f3l\u00e9t\u00e9hez.<\/p>\n\n\n\n<figure class=\"wp-block-image size-large\"><img loading=\"lazy\" decoding=\"async\" width=\"1024\" height=\"683\" src=\"https:\/\/powder-products.com\/wp-content\/uploads\/2025\/12\/Nevtelen-terv-4-1-1024x683.png\" alt=\"\" class=\"wp-image-1790\" srcset=\"https:\/\/powder-products.com\/wp-content\/uploads\/2025\/12\/Nevtelen-terv-4-1-1024x683.png 1024w, https:\/\/powder-products.com\/wp-content\/uploads\/2025\/12\/Nevtelen-terv-4-1-300x200.png 300w, https:\/\/powder-products.com\/wp-content\/uploads\/2025\/12\/Nevtelen-terv-4-1-768x512.png 768w, https:\/\/powder-products.com\/wp-content\/uploads\/2025\/12\/Nevtelen-terv-4-1-1536x1024.png 1536w, https:\/\/powder-products.com\/wp-content\/uploads\/2025\/12\/Nevtelen-terv-4-1.png 2048w\" sizes=\"auto, (max-width: 767px) 89vw, (max-width: 1000px) 54vw, (max-width: 1071px) 543px, 580px\" \/><\/figure>\n\n\n\n<figure class=\"wp-block-image size-large\"><img loading=\"lazy\" decoding=\"async\" width=\"1024\" height=\"683\" src=\"https:\/\/powder-products.com\/wp-content\/uploads\/2025\/12\/Nevtelen-terv-5-1-1024x683.png\" alt=\"\" class=\"wp-image-1793\" srcset=\"https:\/\/powder-products.com\/wp-content\/uploads\/2025\/12\/Nevtelen-terv-5-1-1024x683.png 1024w, https:\/\/powder-products.com\/wp-content\/uploads\/2025\/12\/Nevtelen-terv-5-1-300x200.png 300w, https:\/\/powder-products.com\/wp-content\/uploads\/2025\/12\/Nevtelen-terv-5-1-768x512.png 768w, https:\/\/powder-products.com\/wp-content\/uploads\/2025\/12\/Nevtelen-terv-5-1-1536x1024.png 1536w, https:\/\/powder-products.com\/wp-content\/uploads\/2025\/12\/Nevtelen-terv-5-1.png 2048w\" sizes=\"auto, (max-width: 767px) 89vw, (max-width: 1000px) 54vw, (max-width: 1071px) 543px, 580px\" \/><\/figure>\n\n\n\n<figure class=\"wp-block-image size-large\"><img loading=\"lazy\" decoding=\"async\" width=\"1024\" height=\"683\" src=\"https:\/\/powder-products.com\/wp-content\/uploads\/2025\/12\/Nevtelen-terv-6-1-1024x683.png\" alt=\"\" class=\"wp-image-1796\" srcset=\"https:\/\/powder-products.com\/wp-content\/uploads\/2025\/12\/Nevtelen-terv-6-1-1024x683.png 1024w, https:\/\/powder-products.com\/wp-content\/uploads\/2025\/12\/Nevtelen-terv-6-1-300x200.png 300w, https:\/\/powder-products.com\/wp-content\/uploads\/2025\/12\/Nevtelen-terv-6-1-768x512.png 768w, https:\/\/powder-products.com\/wp-content\/uploads\/2025\/12\/Nevtelen-terv-6-1-1536x1024.png 1536w, https:\/\/powder-products.com\/wp-content\/uploads\/2025\/12\/Nevtelen-terv-6-1.png 2048w\" sizes=\"auto, (max-width: 767px) 89vw, (max-width: 1000px) 54vw, (max-width: 1071px) 543px, 580px\" \/><\/figure>\n","protected":false},"excerpt":{"rendered":"<p>C\u00e9g\u00fcnkn\u00e9l \u00fagy gondoljuk, hogy a felel\u0151s m\u0171k\u00f6d\u00e9s t\u00falmutat a mindennapi \u00fczleti tev\u00e9kenys\u00e9gen \u00e9s az \u00fczleti eredm\u00e9nyeken. Egyben azt is jelenti, hogy akt\u00edvan hozz\u00e1j\u00e1rulunk a minket k\u00f6r\u00fclvev\u0151 k\u00f6z\u00f6ss\u00e9gek t\u00e1mogat\u00e1s\u00e1hoz. Nemr\u00e9g r\u00e9szt vett\u00fcnk a Nevetnik\u00e9k csapat\u00e9p\u00edt\u0151 j\u00e1t\u00e9kk\u00e9sz\u00edt\u0151 m\u0171hely\u00e9n, ahol k\u00e9zzel k\u00e9sz\u00edtett, k\u00f6rnyezetbar\u00e1t j\u00e1t\u00e9kokat alkottunk beteg gyermekek sz\u00e1m\u00e1ra. A program lehet\u0151s\u00e9get adott arra, hogy a csapatmunka val\u00f3di t\u00e1rsadalmi &hellip; <\/p>\n<p class=\"link-more\"><a href=\"https:\/\/powder-products.com\/hu\/amikor-a-csapatmunka-tarsadalmi-erteket-teremt\/\" class=\"more-link\"><span class=\"screen-reader-text\">&#8222;Amikor a csapatmunka t\u00e1rsadalmi \u00e9rt\u00e9ket teremt&#8221;<\/span> b\u0151vebben<\/a><\/p>\n","protected":false},"author":2,"featured_media":0,"parent":0,"menu_order":0,"comment_status":"closed","ping_status":"closed","template":"","meta":{"footnotes":""},"class_list":["post-1789","page","type-page","status-publish","hentry"],"yoast_head":"<!-- This site is optimized with the Yoast SEO Premium plugin v25.6 (Yoast SEO v26.1.1) - https:\/\/yoast.com\/wordpress\/plugins\/seo\/ -->\n<title>Amikor a csapatmunka t\u00e1rsadalmi \u00e9rt\u00e9ket teremt - PPP Private Powder Products<\/title>\n<meta name=\"robots\" content=\"index, follow, max-snippet:-1, max-image-preview:large, max-video-preview:-1\" \/>\n<link rel=\"canonical\" href=\"https:\/\/powder-products.com\/hu\/amikor-a-csapatmunka-tarsadalmi-erteket-teremt\/\" \/>\n<meta property=\"og:locale\" content=\"hu_HU\" \/>\n<meta property=\"og:type\" content=\"article\" \/>\n<meta property=\"og:title\" content=\"Amikor a csapatmunka t\u00e1rsadalmi \u00e9rt\u00e9ket teremt\" \/>\n<meta property=\"og:description\" content=\"C\u00e9g\u00fcnkn\u00e9l \u00fagy gondoljuk, hogy a felel\u0151s m\u0171k\u00f6d\u00e9s t\u00falmutat a mindennapi \u00fczleti tev\u00e9kenys\u00e9gen \u00e9s az \u00fczleti eredm\u00e9nyeken. Egyben azt is jelenti, hogy akt\u00edvan hozz\u00e1j\u00e1rulunk a minket k\u00f6r\u00fclvev\u0151 k\u00f6z\u00f6ss\u00e9gek t\u00e1mogat\u00e1s\u00e1hoz. Nemr\u00e9g r\u00e9szt vett\u00fcnk a Nevetnik\u00e9k csapat\u00e9p\u00edt\u0151 j\u00e1t\u00e9kk\u00e9sz\u00edt\u0151 m\u0171hely\u00e9n, ahol k\u00e9zzel k\u00e9sz\u00edtett, k\u00f6rnyezetbar\u00e1t j\u00e1t\u00e9kokat alkottunk beteg gyermekek sz\u00e1m\u00e1ra. A program lehet\u0151s\u00e9get adott arra, hogy a csapatmunka val\u00f3di t\u00e1rsadalmi &hellip; &quot;Amikor a csapatmunka t\u00e1rsadalmi \u00e9rt\u00e9ket teremt&quot; b\u0151vebben\" \/>\n<meta property=\"og:url\" content=\"https:\/\/powder-products.com\/hu\/amikor-a-csapatmunka-tarsadalmi-erteket-teremt\/\" \/>\n<meta property=\"og:site_name\" content=\"PPP Private Powder Products\" \/>\n<meta property=\"article:publisher\" content=\"https:\/\/www.facebook.com\/privatepowderproducts\" \/>\n<meta property=\"article:modified_time\" content=\"2025-12-16T11:28:20+00:00\" \/>\n<meta property=\"og:image\" content=\"https:\/\/powder-products.com\/wp-content\/uploads\/2025\/12\/Nevtelen-terv-4-1-1024x683.png\" \/>\n<meta name=\"twitter:card\" content=\"summary_large_image\" \/>\n<meta name=\"twitter:label1\" content=\"Becs\u00fclt olvas\u00e1si id\u0151\" \/>\n\t<meta name=\"twitter:data1\" content=\"2 perc\" \/>\n<script type=\"application\/ld+json\" class=\"yoast-schema-graph\">{\"@context\":\"https:\/\/schema.org\",\"@graph\":[{\"@type\":\"WebPage\",\"@id\":\"https:\/\/powder-products.com\/hu\/amikor-a-csapatmunka-tarsadalmi-erteket-teremt\/\",\"url\":\"https:\/\/powder-products.com\/hu\/amikor-a-csapatmunka-tarsadalmi-erteket-teremt\/\",\"name\":\"Amikor a csapatmunka t\u00e1rsadalmi \u00e9rt\u00e9ket teremt - PPP Private Powder Products\",\"isPartOf\":{\"@id\":\"https:\/\/powder-products.com\/hu\/#website\"},\"primaryImageOfPage\":{\"@id\":\"https:\/\/powder-products.com\/hu\/amikor-a-csapatmunka-tarsadalmi-erteket-teremt\/#primaryimage\"},\"image\":{\"@id\":\"https:\/\/powder-products.com\/hu\/amikor-a-csapatmunka-tarsadalmi-erteket-teremt\/#primaryimage\"},\"thumbnailUrl\":\"https:\/\/powder-products.com\/wp-content\/uploads\/2025\/12\/Nevtelen-terv-4-1-1024x683.png\",\"datePublished\":\"2025-12-16T11:28:17+00:00\",\"dateModified\":\"2025-12-16T11:28:20+00:00\",\"breadcrumb\":{\"@id\":\"https:\/\/powder-products.com\/hu\/amikor-a-csapatmunka-tarsadalmi-erteket-teremt\/#breadcrumb\"},\"inLanguage\":\"hu\",\"potentialAction\":[{\"@type\":\"ReadAction\",\"target\":[\"https:\/\/powder-products.com\/hu\/amikor-a-csapatmunka-tarsadalmi-erteket-teremt\/\"]}]},{\"@type\":\"ImageObject\",\"inLanguage\":\"hu\",\"@id\":\"https:\/\/powder-products.com\/hu\/amikor-a-csapatmunka-tarsadalmi-erteket-teremt\/#primaryimage\",\"url\":\"https:\/\/powder-products.com\/wp-content\/uploads\/2025\/12\/Nevtelen-terv-4-1-1024x683.png\",\"contentUrl\":\"https:\/\/powder-products.com\/wp-content\/uploads\/2025\/12\/Nevtelen-terv-4-1-1024x683.png\"},{\"@type\":\"BreadcrumbList\",\"@id\":\"https:\/\/powder-products.com\/hu\/amikor-a-csapatmunka-tarsadalmi-erteket-teremt\/#breadcrumb\",\"itemListElement\":[{\"@type\":\"ListItem\",\"position\":1,\"name\":\"Home\",\"item\":\"https:\/\/powder-products.com\/hu\/\"},{\"@type\":\"ListItem\",\"position\":2,\"name\":\"Amikor a csapatmunka t\u00e1rsadalmi \u00e9rt\u00e9ket teremt\"}]},{\"@type\":\"WebSite\",\"@id\":\"https:\/\/powder-products.com\/hu\/#website\",\"url\":\"https:\/\/powder-products.com\/hu\/\",\"name\":\"PPP Private Powder Products\",\"description\":\"Powder based products according to your needs.\",\"publisher\":{\"@id\":\"https:\/\/powder-products.com\/hu\/#organization\"},\"potentialAction\":[{\"@type\":\"SearchAction\",\"target\":{\"@type\":\"EntryPoint\",\"urlTemplate\":\"https:\/\/powder-products.com\/hu\/?s={search_term_string}\"},\"query-input\":{\"@type\":\"PropertyValueSpecification\",\"valueRequired\":true,\"valueName\":\"search_term_string\"}}],\"inLanguage\":\"hu\"},{\"@type\":\"Organization\",\"@id\":\"https:\/\/powder-products.com\/hu\/#organization\",\"name\":\"PPP Private Powder Products\",\"url\":\"https:\/\/powder-products.com\/hu\/\",\"logo\":{\"@type\":\"ImageObject\",\"inLanguage\":\"hu\",\"@id\":\"https:\/\/powder-products.com\/hu\/#\/schema\/logo\/image\/\",\"url\":\"https:\/\/powder-products.com\/wp-content\/uploads\/2024\/02\/ppp_logo_new-01.png\",\"contentUrl\":\"https:\/\/powder-products.com\/wp-content\/uploads\/2024\/02\/ppp_logo_new-01.png\",\"width\":512,\"height\":202,\"caption\":\"PPP Private Powder Products\"},\"image\":{\"@id\":\"https:\/\/powder-products.com\/hu\/#\/schema\/logo\/image\/\"},\"sameAs\":[\"https:\/\/www.facebook.com\/privatepowderproducts\"]}]}<\/script>\n<!-- \/ Yoast SEO Premium plugin. -->","yoast_head_json":{"title":"Amikor a csapatmunka t\u00e1rsadalmi \u00e9rt\u00e9ket teremt - PPP Private Powder Products","robots":{"index":"index","follow":"follow","max-snippet":"max-snippet:-1","max-image-preview":"max-image-preview:large","max-video-preview":"max-video-preview:-1"},"canonical":"https:\/\/powder-products.com\/hu\/amikor-a-csapatmunka-tarsadalmi-erteket-teremt\/","og_locale":"hu_HU","og_type":"article","og_title":"Amikor a csapatmunka t\u00e1rsadalmi \u00e9rt\u00e9ket teremt","og_description":"C\u00e9g\u00fcnkn\u00e9l \u00fagy gondoljuk, hogy a felel\u0151s m\u0171k\u00f6d\u00e9s t\u00falmutat a mindennapi \u00fczleti tev\u00e9kenys\u00e9gen \u00e9s az \u00fczleti eredm\u00e9nyeken. Egyben azt is jelenti, hogy akt\u00edvan hozz\u00e1j\u00e1rulunk a minket k\u00f6r\u00fclvev\u0151 k\u00f6z\u00f6ss\u00e9gek t\u00e1mogat\u00e1s\u00e1hoz. Nemr\u00e9g r\u00e9szt vett\u00fcnk a Nevetnik\u00e9k csapat\u00e9p\u00edt\u0151 j\u00e1t\u00e9kk\u00e9sz\u00edt\u0151 m\u0171hely\u00e9n, ahol k\u00e9zzel k\u00e9sz\u00edtett, k\u00f6rnyezetbar\u00e1t j\u00e1t\u00e9kokat alkottunk beteg gyermekek sz\u00e1m\u00e1ra. A program lehet\u0151s\u00e9get adott arra, hogy a csapatmunka val\u00f3di t\u00e1rsadalmi &hellip; \"Amikor a csapatmunka t\u00e1rsadalmi \u00e9rt\u00e9ket teremt\" b\u0151vebben","og_url":"https:\/\/powder-products.com\/hu\/amikor-a-csapatmunka-tarsadalmi-erteket-teremt\/","og_site_name":"PPP Private Powder Products","article_publisher":"https:\/\/www.facebook.com\/privatepowderproducts","article_modified_time":"2025-12-16T11:28:20+00:00","og_image":[{"url":"https:\/\/powder-products.com\/wp-content\/uploads\/2025\/12\/Nevtelen-terv-4-1-1024x683.png","type":"","width":"","height":""}],"twitter_card":"summary_large_image","twitter_misc":{"Becs\u00fclt olvas\u00e1si id\u0151":"2 perc"},"schema":{"@context":"https:\/\/schema.org","@graph":[{"@type":"WebPage","@id":"https:\/\/powder-products.com\/hu\/amikor-a-csapatmunka-tarsadalmi-erteket-teremt\/","url":"https:\/\/powder-products.com\/hu\/amikor-a-csapatmunka-tarsadalmi-erteket-teremt\/","name":"Amikor a csapatmunka t\u00e1rsadalmi \u00e9rt\u00e9ket teremt - PPP Private Powder Products","isPartOf":{"@id":"https:\/\/powder-products.com\/hu\/#website"},"primaryImageOfPage":{"@id":"https:\/\/powder-products.com\/hu\/amikor-a-csapatmunka-tarsadalmi-erteket-teremt\/#primaryimage"},"image":{"@id":"https:\/\/powder-products.com\/hu\/amikor-a-csapatmunka-tarsadalmi-erteket-teremt\/#primaryimage"},"thumbnailUrl":"https:\/\/powder-products.com\/wp-content\/uploads\/2025\/12\/Nevtelen-terv-4-1-1024x683.png","datePublished":"2025-12-16T11:28:17+00:00","dateModified":"2025-12-16T11:28:20+00:00","breadcrumb":{"@id":"https:\/\/powder-products.com\/hu\/amikor-a-csapatmunka-tarsadalmi-erteket-teremt\/#breadcrumb"},"inLanguage":"hu","potentialAction":[{"@type":"ReadAction","target":["https:\/\/powder-products.com\/hu\/amikor-a-csapatmunka-tarsadalmi-erteket-teremt\/"]}]},{"@type":"ImageObject","inLanguage":"hu","@id":"https:\/\/powder-products.com\/hu\/amikor-a-csapatmunka-tarsadalmi-erteket-teremt\/#primaryimage","url":"https:\/\/powder-products.com\/wp-content\/uploads\/2025\/12\/Nevtelen-terv-4-1-1024x683.png","contentUrl":"https:\/\/powder-products.com\/wp-content\/uploads\/2025\/12\/Nevtelen-terv-4-1-1024x683.png"},{"@type":"BreadcrumbList","@id":"https:\/\/powder-products.com\/hu\/amikor-a-csapatmunka-tarsadalmi-erteket-teremt\/#breadcrumb","itemListElement":[{"@type":"ListItem","position":1,"name":"Home","item":"https:\/\/powder-products.com\/hu\/"},{"@type":"ListItem","position":2,"name":"Amikor a csapatmunka t\u00e1rsadalmi \u00e9rt\u00e9ket teremt"}]},{"@type":"WebSite","@id":"https:\/\/powder-products.com\/hu\/#website","url":"https:\/\/powder-products.com\/hu\/","name":"PPP Private Powder Products","description":"Powder based products according to your needs.","publisher":{"@id":"https:\/\/powder-products.com\/hu\/#organization"},"potentialAction":[{"@type":"SearchAction","target":{"@type":"EntryPoint","urlTemplate":"https:\/\/powder-products.com\/hu\/?s={search_term_string}"},"query-input":{"@type":"PropertyValueSpecification","valueRequired":true,"valueName":"search_term_string"}}],"inLanguage":"hu"},{"@type":"Organization","@id":"https:\/\/powder-products.com\/hu\/#organization","name":"PPP Private Powder Products","url":"https:\/\/powder-products.com\/hu\/","logo":{"@type":"ImageObject","inLanguage":"hu","@id":"https:\/\/powder-products.com\/hu\/#\/schema\/logo\/image\/","url":"https:\/\/powder-products.com\/wp-content\/uploads\/2024\/02\/ppp_logo_new-01.png","contentUrl":"https:\/\/powder-products.com\/wp-content\/uploads\/2024\/02\/ppp_logo_new-01.png","width":512,"height":202,"caption":"PPP Private Powder Products"},"image":{"@id":"https:\/\/powder-products.com\/hu\/#\/schema\/logo\/image\/"},"sameAs":["https:\/\/www.facebook.com\/privatepowderproducts"]}]}},"_links":{"self":[{"href":"https:\/\/powder-products.com\/hu\/wp-json\/wp\/v2\/pages\/1789","targetHints":{"allow":["GET"]}}],"collection":[{"href":"https:\/\/powder-products.com\/hu\/wp-json\/wp\/v2\/pages"}],"about":[{"href":"https:\/\/powder-products.com\/hu\/wp-json\/wp\/v2\/types\/page"}],"author":[{"embeddable":true,"href":"https:\/\/powder-products.com\/hu\/wp-json\/wp\/v2\/users\/2"}],"replies":[{"embeddable":true,"href":"https:\/\/powder-products.com\/hu\/wp-json\/wp\/v2\/comments?post=1789"}],"version-history":[{"count":1,"href":"https:\/\/powder-products.com\/hu\/wp-json\/wp\/v2\/pages\/1789\/revisions"}],"predecessor-version":[{"id":1799,"href":"https:\/\/powder-products.com\/hu\/wp-json\/wp\/v2\/pages\/1789\/revisions\/1799"}],"wp:attachment":[{"href":"https:\/\/powder-products.com\/hu\/wp-json\/wp\/v2\/media?parent=1789"}],"curies":[{"name":"wp","href":"https:\/\/api.w.org\/{rel}","templated":true}]}}