{"id":1838,"date":"2026-02-02T10:25:31","date_gmt":"2026-02-02T10:25:31","guid":{"rendered":"https:\/\/powder-products.com\/sedex-tagokka-valtunk\/"},"modified":"2026-02-02T10:25:31","modified_gmt":"2026-02-02T10:25:31","slug":"sedex-tagokka-valtunk","status":"publish","type":"page","link":"https:\/\/powder-products.com\/hu\/sedex-tagokka-valtunk\/","title":{"rendered":"Sedex-tagokk\u00e1 v\u00e1ltunk"},"content":{"rendered":"\n<p>B\u00fcszk\u00e9n jelentj\u00fck, hogy c\u00e9g\u00fcnkn\u00e9l sikerrel z\u00e1rult a n\u00e9gyfaktoros SMETA-audit, \u00e9s ez\u00e1ltal Sedex-tagokk\u00e1 v\u00e1ltunk!We are proud to announce that we became Sedex members, and successfully completed a SMETA-audit according to their 4-pillar standard!<br><br><strong>Hogy mi\u00e9rt k\u00fcl\u00f6n\u00f6sen fontos ez sz\u00e1munkra?Why is this especially important for us?<\/strong> <\/p>\n\n\n\n<p>A Sedex \u00e1ltal m\u0171k\u00f6dtetett SMETA a vil\u00e1g legsz\u00e9lesebb k\u00f6rben haszn\u00e1lt szoci\u00e1lis auditja. Seg\u00edt meg\u00e9rtetni a munkav\u00e9gz\u00e9s, az eg\u00e9szs\u00e9g \u00e9s biztons\u00e1g, a k\u00f6rnyezetre gyakorolt hat\u00e1sok, valamint az etikus elj\u00e1r\u00e1sok standardjait az adott v\u00e1llalat saj\u00e1t ter\u00fclet\u00e9n, vagy \u00e9ppen a besz\u00e1ll\u00edt\u00f3 telephely\u00e9n. <\/p>\n\n\n\n<p>A v\u00e1llalkoz\u00e1sok a SMETA \u00e1ltal tekintik \u00e1t az egyes keretfelt\u00e9teleket, bevett gyakorlatokat, a munkav\u00e1llal\u00f3k helyzet\u00e9t \u00e9s a felmer\u00fcl\u0151 kock\u00e1zatokat az ell\u00e1t\u00e1si l\u00e1nc egyes \u00e1llom\u00e1sain. Az audit eredm\u00e9nyeit pedig arra haszn\u00e1lj\u00e1k, hogy fejleszt\u00e9seket hajtsanak v\u00e9gre, \u00e9s tov\u00e1bbi l\u00e9p\u00e9seket tegyenek p\u00e9ld\u00e1ul egyes r\u00e9szter\u00fcletek m\u00e9lyebb ki\u00e9rt\u00e9kel\u00e9se r\u00e9v\u00e9n.&nbsp;<\/p>\n\n\n\n<figure class=\"wp-block-image size-large\"><img loading=\"lazy\" decoding=\"async\" width=\"1024\" height=\"1024\" src=\"https:\/\/powder-products.com\/wp-content\/uploads\/2026\/02\/Sedex-Member-Collage-2-1024x1024.jpg\" alt=\"\" class=\"wp-image-1829\" srcset=\"https:\/\/powder-products.com\/wp-content\/uploads\/2026\/02\/Sedex-Member-Collage-2-1024x1024.jpg 1024w, https:\/\/powder-products.com\/wp-content\/uploads\/2026\/02\/Sedex-Member-Collage-2-300x300.jpg 300w, https:\/\/powder-products.com\/wp-content\/uploads\/2026\/02\/Sedex-Member-Collage-2-150x150.jpg 150w, https:\/\/powder-products.com\/wp-content\/uploads\/2026\/02\/Sedex-Member-Collage-2-768x768.jpg 768w, https:\/\/powder-products.com\/wp-content\/uploads\/2026\/02\/Sedex-Member-Collage-2-1536x1536.jpg 1536w, https:\/\/powder-products.com\/wp-content\/uploads\/2026\/02\/Sedex-Member-Collage-2-2048x2048.jpg 2048w, https:\/\/powder-products.com\/wp-content\/uploads\/2026\/02\/Sedex-Member-Collage-2-100x100.jpg 100w\" sizes=\"auto, (max-width: 767px) 89vw, (max-width: 1000px) 54vw, (max-width: 1071px) 543px, 580px\" \/><\/figure>\n","protected":false},"excerpt":{"rendered":"<p>B\u00fcszk\u00e9n jelentj\u00fck, hogy c\u00e9g\u00fcnkn\u00e9l sikerrel z\u00e1rult a n\u00e9gyfaktoros SMETA-audit, \u00e9s ez\u00e1ltal Sedex-tagokk\u00e1 v\u00e1ltunk!We are proud to announce that we became Sedex members, and successfully completed a SMETA-audit according to their 4-pillar standard! Hogy mi\u00e9rt k\u00fcl\u00f6n\u00f6sen fontos ez sz\u00e1munkra?Why is this especially important for us? A Sedex \u00e1ltal m\u0171k\u00f6dtetett SMETA a vil\u00e1g legsz\u00e9lesebb k\u00f6rben haszn\u00e1lt szoci\u00e1lis &hellip; <\/p>\n<p class=\"link-more\"><a href=\"https:\/\/powder-products.com\/hu\/sedex-tagokka-valtunk\/\" class=\"more-link\"><span class=\"screen-reader-text\">&#8222;Sedex-tagokk\u00e1 v\u00e1ltunk&#8221;<\/span> b\u0151vebben<\/a><\/p>\n","protected":false},"author":1,"featured_media":0,"parent":0,"menu_order":0,"comment_status":"closed","ping_status":"closed","template":"","meta":{"footnotes":""},"class_list":["post-1838","page","type-page","status-publish","hentry"],"yoast_head":"<!-- This site is optimized with the Yoast SEO Premium plugin v25.6 (Yoast SEO v26.1.1) - https:\/\/yoast.com\/wordpress\/plugins\/seo\/ -->\n<title>Sedex-tagokk\u00e1 v\u00e1ltunk - PPP Private Powder Products<\/title>\n<meta name=\"robots\" content=\"index, follow, max-snippet:-1, max-image-preview:large, max-video-preview:-1\" \/>\n<link rel=\"canonical\" href=\"https:\/\/powder-products.com\/sedex-tagokka-valtunk\/\" \/>\n<meta property=\"og:locale\" content=\"hu_HU\" \/>\n<meta property=\"og:type\" content=\"article\" \/>\n<meta property=\"og:title\" content=\"Sedex-tagokk\u00e1 v\u00e1ltunk\" \/>\n<meta property=\"og:description\" content=\"B\u00fcszk\u00e9n jelentj\u00fck, hogy c\u00e9g\u00fcnkn\u00e9l sikerrel z\u00e1rult a n\u00e9gyfaktoros SMETA-audit, \u00e9s ez\u00e1ltal Sedex-tagokk\u00e1 v\u00e1ltunk!We are proud to announce that we became Sedex members, and successfully completed a SMETA-audit according to their 4-pillar standard! Hogy mi\u00e9rt k\u00fcl\u00f6n\u00f6sen fontos ez sz\u00e1munkra?Why is this especially important for us? A Sedex \u00e1ltal m\u0171k\u00f6dtetett SMETA a vil\u00e1g legsz\u00e9lesebb k\u00f6rben haszn\u00e1lt szoci\u00e1lis &hellip; &quot;Sedex-tagokk\u00e1 v\u00e1ltunk&quot; b\u0151vebben\" \/>\n<meta property=\"og:url\" content=\"https:\/\/powder-products.com\/sedex-tagokka-valtunk\/\" \/>\n<meta property=\"og:site_name\" content=\"PPP Private Powder Products\" \/>\n<meta property=\"article:publisher\" content=\"https:\/\/www.facebook.com\/privatepowderproducts\" \/>\n<meta property=\"og:image\" content=\"https:\/\/powder-products.com\/wp-content\/uploads\/2026\/02\/Sedex-Member-Collage-2-scaled.jpg\" \/>\n\t<meta property=\"og:image:width\" content=\"2560\" \/>\n\t<meta property=\"og:image:height\" content=\"2560\" \/>\n\t<meta property=\"og:image:type\" content=\"image\/jpeg\" \/>\n<meta name=\"twitter:card\" content=\"summary_large_image\" \/>\n<meta name=\"twitter:label1\" content=\"Becs\u00fclt olvas\u00e1si id\u0151\" \/>\n\t<meta name=\"twitter:data1\" content=\"1 perc\" \/>\n<script type=\"application\/ld+json\" class=\"yoast-schema-graph\">{\"@context\":\"https:\/\/schema.org\",\"@graph\":[{\"@type\":\"WebPage\",\"@id\":\"https:\/\/powder-products.com\/sedex-tagokka-valtunk\/\",\"url\":\"https:\/\/powder-products.com\/sedex-tagokka-valtunk\/\",\"name\":\"Sedex-tagokk\u00e1 v\u00e1ltunk - PPP Private Powder Products\",\"isPartOf\":{\"@id\":\"https:\/\/powder-products.com\/hu\/#website\"},\"primaryImageOfPage\":{\"@id\":\"https:\/\/powder-products.com\/sedex-tagokka-valtunk\/#primaryimage\"},\"image\":{\"@id\":\"https:\/\/powder-products.com\/sedex-tagokka-valtunk\/#primaryimage\"},\"thumbnailUrl\":\"https:\/\/powder-products.com\/wp-content\/uploads\/2026\/02\/Sedex-Member-Collage-2-1024x1024.jpg\",\"datePublished\":\"2026-02-02T10:25:31+00:00\",\"breadcrumb\":{\"@id\":\"https:\/\/powder-products.com\/sedex-tagokka-valtunk\/#breadcrumb\"},\"inLanguage\":\"hu\",\"potentialAction\":[{\"@type\":\"ReadAction\",\"target\":[\"https:\/\/powder-products.com\/sedex-tagokka-valtunk\/\"]}]},{\"@type\":\"ImageObject\",\"inLanguage\":\"hu\",\"@id\":\"https:\/\/powder-products.com\/sedex-tagokka-valtunk\/#primaryimage\",\"url\":\"https:\/\/powder-products.com\/wp-content\/uploads\/2026\/02\/Sedex-Member-Collage-2-1024x1024.jpg\",\"contentUrl\":\"https:\/\/powder-products.com\/wp-content\/uploads\/2026\/02\/Sedex-Member-Collage-2-1024x1024.jpg\"},{\"@type\":\"BreadcrumbList\",\"@id\":\"https:\/\/powder-products.com\/sedex-tagokka-valtunk\/#breadcrumb\",\"itemListElement\":[{\"@type\":\"ListItem\",\"position\":1,\"name\":\"Home\",\"item\":\"https:\/\/powder-products.com\/hu\/\"},{\"@type\":\"ListItem\",\"position\":2,\"name\":\"Sedex-tagokk\u00e1 v\u00e1ltunk\"}]},{\"@type\":\"WebSite\",\"@id\":\"https:\/\/powder-products.com\/hu\/#website\",\"url\":\"https:\/\/powder-products.com\/hu\/\",\"name\":\"PPP Private Powder Products\",\"description\":\"Powder based products according to your needs.\",\"publisher\":{\"@id\":\"https:\/\/powder-products.com\/hu\/#organization\"},\"potentialAction\":[{\"@type\":\"SearchAction\",\"target\":{\"@type\":\"EntryPoint\",\"urlTemplate\":\"https:\/\/powder-products.com\/hu\/?s={search_term_string}\"},\"query-input\":{\"@type\":\"PropertyValueSpecification\",\"valueRequired\":true,\"valueName\":\"search_term_string\"}}],\"inLanguage\":\"hu\"},{\"@type\":\"Organization\",\"@id\":\"https:\/\/powder-products.com\/hu\/#organization\",\"name\":\"PPP Private Powder Products\",\"url\":\"https:\/\/powder-products.com\/hu\/\",\"logo\":{\"@type\":\"ImageObject\",\"inLanguage\":\"hu\",\"@id\":\"https:\/\/powder-products.com\/hu\/#\/schema\/logo\/image\/\",\"url\":\"https:\/\/powder-products.com\/wp-content\/uploads\/2024\/02\/ppp_logo_new-01.png\",\"contentUrl\":\"https:\/\/powder-products.com\/wp-content\/uploads\/2024\/02\/ppp_logo_new-01.png\",\"width\":512,\"height\":202,\"caption\":\"PPP Private Powder Products\"},\"image\":{\"@id\":\"https:\/\/powder-products.com\/hu\/#\/schema\/logo\/image\/\"},\"sameAs\":[\"https:\/\/www.facebook.com\/privatepowderproducts\"]}]}<\/script>\n<!-- \/ Yoast SEO Premium plugin. -->","yoast_head_json":{"title":"Sedex-tagokk\u00e1 v\u00e1ltunk - PPP Private Powder Products","robots":{"index":"index","follow":"follow","max-snippet":"max-snippet:-1","max-image-preview":"max-image-preview:large","max-video-preview":"max-video-preview:-1"},"canonical":"https:\/\/powder-products.com\/sedex-tagokka-valtunk\/","og_locale":"hu_HU","og_type":"article","og_title":"Sedex-tagokk\u00e1 v\u00e1ltunk","og_description":"B\u00fcszk\u00e9n jelentj\u00fck, hogy c\u00e9g\u00fcnkn\u00e9l sikerrel z\u00e1rult a n\u00e9gyfaktoros SMETA-audit, \u00e9s ez\u00e1ltal Sedex-tagokk\u00e1 v\u00e1ltunk!We are proud to announce that we became Sedex members, and successfully completed a SMETA-audit according to their 4-pillar standard! Hogy mi\u00e9rt k\u00fcl\u00f6n\u00f6sen fontos ez sz\u00e1munkra?Why is this especially important for us? A Sedex \u00e1ltal m\u0171k\u00f6dtetett SMETA a vil\u00e1g legsz\u00e9lesebb k\u00f6rben haszn\u00e1lt szoci\u00e1lis &hellip; \"Sedex-tagokk\u00e1 v\u00e1ltunk\" b\u0151vebben","og_url":"https:\/\/powder-products.com\/sedex-tagokka-valtunk\/","og_site_name":"PPP Private Powder Products","article_publisher":"https:\/\/www.facebook.com\/privatepowderproducts","og_image":[{"width":2560,"height":2560,"url":"https:\/\/powder-products.com\/wp-content\/uploads\/2026\/02\/Sedex-Member-Collage-2-scaled.jpg","type":"image\/jpeg"}],"twitter_card":"summary_large_image","twitter_misc":{"Becs\u00fclt olvas\u00e1si id\u0151":"1 perc"},"schema":{"@context":"https:\/\/schema.org","@graph":[{"@type":"WebPage","@id":"https:\/\/powder-products.com\/sedex-tagokka-valtunk\/","url":"https:\/\/powder-products.com\/sedex-tagokka-valtunk\/","name":"Sedex-tagokk\u00e1 v\u00e1ltunk - PPP Private Powder Products","isPartOf":{"@id":"https:\/\/powder-products.com\/hu\/#website"},"primaryImageOfPage":{"@id":"https:\/\/powder-products.com\/sedex-tagokka-valtunk\/#primaryimage"},"image":{"@id":"https:\/\/powder-products.com\/sedex-tagokka-valtunk\/#primaryimage"},"thumbnailUrl":"https:\/\/powder-products.com\/wp-content\/uploads\/2026\/02\/Sedex-Member-Collage-2-1024x1024.jpg","datePublished":"2026-02-02T10:25:31+00:00","breadcrumb":{"@id":"https:\/\/powder-products.com\/sedex-tagokka-valtunk\/#breadcrumb"},"inLanguage":"hu","potentialAction":[{"@type":"ReadAction","target":["https:\/\/powder-products.com\/sedex-tagokka-valtunk\/"]}]},{"@type":"ImageObject","inLanguage":"hu","@id":"https:\/\/powder-products.com\/sedex-tagokka-valtunk\/#primaryimage","url":"https:\/\/powder-products.com\/wp-content\/uploads\/2026\/02\/Sedex-Member-Collage-2-1024x1024.jpg","contentUrl":"https:\/\/powder-products.com\/wp-content\/uploads\/2026\/02\/Sedex-Member-Collage-2-1024x1024.jpg"},{"@type":"BreadcrumbList","@id":"https:\/\/powder-products.com\/sedex-tagokka-valtunk\/#breadcrumb","itemListElement":[{"@type":"ListItem","position":1,"name":"Home","item":"https:\/\/powder-products.com\/hu\/"},{"@type":"ListItem","position":2,"name":"Sedex-tagokk\u00e1 v\u00e1ltunk"}]},{"@type":"WebSite","@id":"https:\/\/powder-products.com\/hu\/#website","url":"https:\/\/powder-products.com\/hu\/","name":"PPP Private Powder Products","description":"Powder based products according to your needs.","publisher":{"@id":"https:\/\/powder-products.com\/hu\/#organization"},"potentialAction":[{"@type":"SearchAction","target":{"@type":"EntryPoint","urlTemplate":"https:\/\/powder-products.com\/hu\/?s={search_term_string}"},"query-input":{"@type":"PropertyValueSpecification","valueRequired":true,"valueName":"search_term_string"}}],"inLanguage":"hu"},{"@type":"Organization","@id":"https:\/\/powder-products.com\/hu\/#organization","name":"PPP Private Powder Products","url":"https:\/\/powder-products.com\/hu\/","logo":{"@type":"ImageObject","inLanguage":"hu","@id":"https:\/\/powder-products.com\/hu\/#\/schema\/logo\/image\/","url":"https:\/\/powder-products.com\/wp-content\/uploads\/2024\/02\/ppp_logo_new-01.png","contentUrl":"https:\/\/powder-products.com\/wp-content\/uploads\/2024\/02\/ppp_logo_new-01.png","width":512,"height":202,"caption":"PPP Private Powder Products"},"image":{"@id":"https:\/\/powder-products.com\/hu\/#\/schema\/logo\/image\/"},"sameAs":["https:\/\/www.facebook.com\/privatepowderproducts"]}]}},"_links":{"self":[{"href":"https:\/\/powder-products.com\/hu\/wp-json\/wp\/v2\/pages\/1838","targetHints":{"allow":["GET"]}}],"collection":[{"href":"https:\/\/powder-products.com\/hu\/wp-json\/wp\/v2\/pages"}],"about":[{"href":"https:\/\/powder-products.com\/hu\/wp-json\/wp\/v2\/types\/page"}],"author":[{"embeddable":true,"href":"https:\/\/powder-products.com\/hu\/wp-json\/wp\/v2\/users\/1"}],"replies":[{"embeddable":true,"href":"https:\/\/powder-products.com\/hu\/wp-json\/wp\/v2\/comments?post=1838"}],"version-history":[{"count":0,"href":"https:\/\/powder-products.com\/hu\/wp-json\/wp\/v2\/pages\/1838\/revisions"}],"wp:attachment":[{"href":"https:\/\/powder-products.com\/hu\/wp-json\/wp\/v2\/media?parent=1838"}],"curies":[{"name":"wp","href":"https:\/\/api.w.org\/{rel}","templated":true}]}}