{"id":280,"date":"2024-02-13T07:54:49","date_gmt":"2024-02-13T07:54:49","guid":{"rendered":"https:\/\/acc91073.maxer.hu\/elelmiszer-biztonsagi-politika\/"},"modified":"2025-06-18T12:45:21","modified_gmt":"2025-06-18T12:45:21","slug":"elelmiszer-biztonsagi-politika","status":"publish","type":"page","link":"https:\/\/powder-products.com\/hu\/elelmiszer-biztonsagi-politika\/","title":{"rendered":"\u00c9lelmiszer-biztons\u00e1gi politika"},"content":{"rendered":"\n<p>PPP PRIVATE POWDER PRODUCTS &#8211; \u00c9LELMISZER-BIZTONS\u00c1GI POLITIKA<\/p>\n\n\n\n<p class=\"has-text-align-left\">Alapvet\u0151 c\u00e9lunk, hogy tev\u00e9kenys\u00e9g\u00fcnkkel, term\u00e9keink \u00e1lland\u00f3 j\u00f3 min\u0151s\u00e9g\u00e9vel hitelesen megfelelj\u00fcnk vev\u0151ink elv\u00e1r\u00e1sainak, k\u00f6lcs\u00f6n\u00f6sen egyeztetett \u00e9s elfogadott k\u00f6vetelm\u00e9nyeinek, valamint az alkalmazhat\u00f3 nemzetk\u00f6zi \u00e9s hazai jogszab\u00e1lyoknak \u00e9s szab\u00e1lyoz\u00f3 k\u00f6r\u00fclm\u00e9nyeknek. Azonos\u00edtottuk azon k\u00fcls\u0151 \u00e9s bels\u0151 t\u00e9nyez\u0151ket, melyek kihathatnak az elv\u00e1rt eredm\u00e9nyeinkre \u00e9s ezen inform\u00e1ci\u00f3kat folyamatosan friss\u00edtj\u00fck.<\/p>\n\n\n\n<p class=\"has-text-align-left\">Folyamatosan figyelemmel k\u00eds\u00e9rj\u00fck vev\u0151ink ig\u00e9nyeit, vev\u0151k\u00f6zpont\u00fa hozz\u00e1\u00e1ll\u00e1ssal \u00e9s a vev\u0151i ig\u00e9nyekhez igazodva alak\u00edtjuk ki term\u00e9k el\u0151\u00e1ll\u00edt\u00e1si folyamataikat, rendszer\u00fcnket betartva a j\u00f3 gy\u00e1rt\u00e1si gyakorlatra vonatkoz\u00f3 javaslatokat.<\/p>\n\n\n\n<p class=\"has-text-align-left\">A rendszer tan\u00fas\u00edt\u00e1s megszerz\u00e9se \u00e9s megtart\u00e1sa \u00e9rdek\u00e9ben t\u00f6reksz\u00fcnk arra, \u00e9s k\u00f6telezetts\u00e9get v\u00e1llalunk, hogy az FSSC 22000 <strong>\u00e9s <\/strong>IFS szabv\u00e1nyok \u00e9s az \u00e9lelmiszer biztons\u00e1g k\u00f6vetelm\u00e9nyeinek min\u00e9l magasabb szinten megfelelj\u00fcnk, ezeket teljes\u00edts\u00fck szem el\u0151tt tartva a folyamatos fejl\u0151d\u00e9st.<\/p>\n\n\n\n<p class=\"has-text-align-left\">C\u00e9lunk a magas szint\u0171 higi\u00e9niai k\u00f6r\u00fclm\u00e9nyek k\u00f6z\u00f6tt t\u00f6rt\u00e9n\u0151, biztons\u00e1gos \u00e9lelmiszer el\u0151\u00e1ll\u00edt\u00e1sa, a HACCP alapelveinek alkalmaz\u00e1s\u00e1val. Fontosnak \u00e9s sz\u00fcks\u00e9gesnek tartjuk, hogy minden dolgoz\u00f3nk rendelkezzen a sz\u00fcks\u00e9ges \u00e9lelmiszer-biztons\u00e1ggal kapcsolatos kompetenci\u00e1val \u00e9s c\u00e9lunk, hogy ezt folyamatosan a megfelel\u0151 szinten tartsuk, valamint, hogy az \u00e9lelmiszerbiztons\u00e1gi kult\u00fara fejleszt\u00e9s\u00e9vel, akci\u00f3tervek kidolgoz\u00e1s\u00e1val a teljes rendszert folyamatosan fejlesztj\u00fck.<\/p>\n\n\n\n<p class=\"has-text-align-left\">Term\u00e9k el\u0151\u00e1ll\u00edt\u00e1si technol\u00f3gi\u00e1nkat folyamatosan fejlesztj\u00fck a biztons\u00e1gos \u00e9lelmiszer el\u0151\u00e1ll\u00edt\u00e1s \u00e9s a gazdas\u00e1gi eredm\u00e9nyek n\u00f6vel\u00e9se \u00e9rdek\u00e9ben.<\/p>\n\n\n\n<p class=\"has-text-align-left\">Az \u00e9lelmiszer-biztons\u00e1gi ir\u00e1ny\u00edt\u00e1si rendszer alkalmaz\u00e1s\u00e1val arra t\u00f6reksz\u00fcnk, hogy a reklam\u00e1ci\u00f3k sz\u00e1m\u00e1t folyamatosan cs\u00f6kkents\u00fck, \u00e9s c\u00e9ljainkban meghat\u00e1rozott szint alatt tartsuk, valamint hogy elker\u00fclj\u00fck az \u00e9lelmiszerbiztons\u00e1ggal kapcsolatos incidenseket \u00e9s a negat\u00edv eg\u00e9szs\u00e9g\u00fcgyi k\u00f6vetkezm\u00e9nyeket a term\u00e9kek elfogyaszt\u00e1sa miatt. Egy\u00e9b c\u00e9ljaink kit\u0171z\u00e9sekor els\u0151dleges figyelmet ford\u00edtunk az \u00e9lelmiszerbiztons\u00e1gi t\u00e9nyez\u0151kre \u00e9s azok fejleszt\u00e9s\u00e9re, c\u00e9ljainkat a meghat\u00e1rozott id\u0151k\u00f6z\u00f6nk\u00e9nt fel\u00fclvizsg\u00e1ljuk, \u00e9s ha sz\u00fcks\u00e9ges m\u00f3dos\u00edtsuk azokat vagy \u00fajakat t\u0171z\u00fcnk ki.<\/p>\n\n\n\n<p class=\"has-text-align-left\">Elk\u00f6telezettek vagyunk k\u00f6rnyezet\u00fcnk v\u00e9delme mellett. Mindent megtesz\u00fcnk annak \u00e9rdek\u00e9ben, hogy a felhaszn\u00e1lt energia mennyis\u00e9ge \u2013 a term\u00e9kbiztons\u00e1g vesz\u00e9lyeztet\u00e9se n\u00e9lk\u00fcl \u2013 cs\u00f6kkenjen.<\/p>\n\n\n\n<p class=\"has-text-align-left\">Fenntarthat\u00f3 politik\u00e1kon dolgozunk, amelyek t\u00e1mogatj\u00e1k a jelenlegi \u00e9s a j\u00f6v\u0151 gener\u00e1ci\u00f3inak hossz\u00fa t\u00e1v\u00fa \u00e9lelmez\u00e9sbiztons\u00e1g\u00e1t \u00e9s eg\u00e9szs\u00e9g\u00e9t, mik\u00f6zben v\u00e9dik a k\u00f6rnyezetet, el\u0151mozd\u00edtj\u00e1k a t\u00e1rsadalmi \u00e9s gazdas\u00e1gi egyenl\u0151s\u00e9get, \u00e9s tiszteletben tartj\u00e1k az \u00e1llatj\u00f3l\u00e9tet.<\/p>\n\n\n\n<p class=\"has-text-align-left\">C\u00e9lunk, hogy vev\u0151ink \u00e9rt\u00e9kel\u00e9si szempontjainak folyamatosan megfelelj\u00fcnk \u00e9s n\u00f6velj\u00fck el\u00e9gedetts\u00e9g\u00fcket.<\/p>\n\n\n\n<p class=\"has-text-align-left\">Besz\u00e1ll\u00edt\u00f3inkkal, alv\u00e1llalkoz\u00f3inkkal \u00e9s vev\u0151inkkel is hossz\u00fa t\u00e1v\u00fa, k\u00f6lcs\u00f6n\u00f6sen el\u0151ny\u00f6s kapcsolatokra t\u00f6reksz\u00fcnk, \u00e9s ez\u00e9rt hat\u00e9kony kommunik\u00e1ci\u00f3t folytatunk vel\u00fck, ahogyan a relev\u00e1ns hat\u00f3s\u00e1gokkal is, \u00e9s ez \u00e1ltal biztos\u00edtjuk minden \u00e9rdekelt f\u00e9l sz\u00e1m\u00e1ra sz\u00fcks\u00e9ges \u00e9lelmiszer biztons\u00e1gi ismeretet.<\/p>\n\n\n\n<p class=\"has-text-align-left\">Bels\u0151 kommunik\u00e1ci\u00f3nkkal biztos\u00edtjuk, hogy az \u00e9lelmiszer biztons\u00e1g szempontj\u00e1b\u00f3l fontos inform\u00e1ci\u00f3k id\u0151ben rendelkez\u00e9s\u00fcnkre \u00e1lljanak mindennem\u0171 befoly\u00e1sol\u00f3 t\u00e9nyez\u0151r\u0151l, \u00e9s hogy ezek \u00e1ltal sz\u00fcletett d\u00f6nt\u00e9sek az \u00e9lelmiszer biztons\u00e1got folyamatosan garant\u00e1lj\u00e1k.<\/p>\n\n\n\n<p class=\"has-text-align-left\">A szervezet minden tagj\u00e1nak alapvet\u0151 k\u00f6teless\u00e9ge a min\u0151s\u00e9g \u00e9s az \u00e9lelmiszer-biztons\u00e1g ir\u00e1nti elk\u00f6telezetts\u00e9g valamint munk\u00e1ja sor\u00e1n mindent meg kell tennie az\u00e9rt, hogy a t\u00e1rsas\u00e1g eredm\u00e9nyesen m\u0171k\u00f6dj\u00f6n.<\/p>\n\n\n\n<p>P\u00e9cs, 2025. m\u00e1rcius 10.<\/p>\n\n\n\n<p><em>Bogn\u00e1r J\u00f3zsef <\/em><\/p>\n\n\n\n<p><em>C\u00e9gvezet\u0151<\/em><\/p>\n","protected":false},"excerpt":{"rendered":"<p>PPP PRIVATE POWDER PRODUCTS &#8211; \u00c9LELMISZER-BIZTONS\u00c1GI POLITIKA Alapvet\u0151 c\u00e9lunk, hogy tev\u00e9kenys\u00e9g\u00fcnkkel, term\u00e9keink \u00e1lland\u00f3 j\u00f3 min\u0151s\u00e9g\u00e9vel hitelesen megfelelj\u00fcnk vev\u0151ink elv\u00e1r\u00e1sainak, k\u00f6lcs\u00f6n\u00f6sen egyeztetett \u00e9s elfogadott k\u00f6vetelm\u00e9nyeinek, valamint az alkalmazhat\u00f3 nemzetk\u00f6zi \u00e9s hazai jogszab\u00e1lyoknak \u00e9s szab\u00e1lyoz\u00f3 k\u00f6r\u00fclm\u00e9nyeknek. Azonos\u00edtottuk azon k\u00fcls\u0151 \u00e9s bels\u0151 t\u00e9nyez\u0151ket, melyek kihathatnak az elv\u00e1rt eredm\u00e9nyeinkre \u00e9s ezen inform\u00e1ci\u00f3kat folyamatosan friss\u00edtj\u00fck. Folyamatosan figyelemmel k\u00eds\u00e9rj\u00fck vev\u0151ink ig\u00e9nyeit, &hellip; <\/p>\n<p class=\"link-more\"><a href=\"https:\/\/powder-products.com\/hu\/elelmiszer-biztonsagi-politika\/\" class=\"more-link\"><span class=\"screen-reader-text\">&#8222;\u00c9lelmiszer-biztons\u00e1gi politika&#8221;<\/span> b\u0151vebben<\/a><\/p>\n","protected":false},"author":2,"featured_media":0,"parent":0,"menu_order":0,"comment_status":"closed","ping_status":"closed","template":"","meta":{"footnotes":""},"class_list":["post-280","page","type-page","status-publish","hentry"],"yoast_head":"<!-- This site is optimized with the Yoast SEO Premium plugin v25.6 (Yoast SEO v26.1.1) - https:\/\/yoast.com\/wordpress\/plugins\/seo\/ -->\n<title>\u00c9lelmiszer-biztons\u00e1gi politika - PPP Private Powder Products<\/title>\n<meta name=\"robots\" content=\"index, follow, max-snippet:-1, max-image-preview:large, max-video-preview:-1\" \/>\n<link rel=\"canonical\" href=\"https:\/\/powder-products.com\/ppp-private-powder-products-ltd-food-safety-policy\/\" \/>\n<meta property=\"og:locale\" content=\"hu_HU\" \/>\n<meta property=\"og:type\" content=\"article\" \/>\n<meta property=\"og:title\" content=\"\u00c9lelmiszer-biztons\u00e1gi politika\" \/>\n<meta property=\"og:description\" content=\"PPP PRIVATE POWDER PRODUCTS &#8211; \u00c9LELMISZER-BIZTONS\u00c1GI POLITIKA Alapvet\u0151 c\u00e9lunk, hogy tev\u00e9kenys\u00e9g\u00fcnkkel, term\u00e9keink \u00e1lland\u00f3 j\u00f3 min\u0151s\u00e9g\u00e9vel hitelesen megfelelj\u00fcnk vev\u0151ink elv\u00e1r\u00e1sainak, k\u00f6lcs\u00f6n\u00f6sen egyeztetett \u00e9s elfogadott k\u00f6vetelm\u00e9nyeinek, valamint az alkalmazhat\u00f3 nemzetk\u00f6zi \u00e9s hazai jogszab\u00e1lyoknak \u00e9s szab\u00e1lyoz\u00f3 k\u00f6r\u00fclm\u00e9nyeknek. Azonos\u00edtottuk azon k\u00fcls\u0151 \u00e9s bels\u0151 t\u00e9nyez\u0151ket, melyek kihathatnak az elv\u00e1rt eredm\u00e9nyeinkre \u00e9s ezen inform\u00e1ci\u00f3kat folyamatosan friss\u00edtj\u00fck. Folyamatosan figyelemmel k\u00eds\u00e9rj\u00fck vev\u0151ink ig\u00e9nyeit, &hellip; &quot;\u00c9lelmiszer-biztons\u00e1gi politika&quot; b\u0151vebben\" \/>\n<meta property=\"og:url\" content=\"https:\/\/powder-products.com\/ppp-private-powder-products-ltd-food-safety-policy\/\" \/>\n<meta property=\"og:site_name\" content=\"PPP Private Powder Products\" \/>\n<meta property=\"article:publisher\" content=\"https:\/\/www.facebook.com\/privatepowderproducts\" \/>\n<meta property=\"article:modified_time\" content=\"2025-06-18T12:45:21+00:00\" \/>\n<meta name=\"twitter:card\" content=\"summary_large_image\" \/>\n<meta name=\"twitter:label1\" content=\"Becs\u00fclt olvas\u00e1si id\u0151\" \/>\n\t<meta name=\"twitter:data1\" content=\"2 perc\" \/>\n<script type=\"application\/ld+json\" class=\"yoast-schema-graph\">{\"@context\":\"https:\/\/schema.org\",\"@graph\":[{\"@type\":\"WebPage\",\"@id\":\"https:\/\/powder-products.com\/ppp-private-powder-products-ltd-food-safety-policy\/\",\"url\":\"https:\/\/powder-products.com\/ppp-private-powder-products-ltd-food-safety-policy\/\",\"name\":\"\u00c9lelmiszer-biztons\u00e1gi politika - PPP Private Powder Products\",\"isPartOf\":{\"@id\":\"https:\/\/powder-products.com\/hu\/#website\"},\"datePublished\":\"2024-02-13T07:54:49+00:00\",\"dateModified\":\"2025-06-18T12:45:21+00:00\",\"breadcrumb\":{\"@id\":\"https:\/\/powder-products.com\/ppp-private-powder-products-ltd-food-safety-policy\/#breadcrumb\"},\"inLanguage\":\"hu\",\"potentialAction\":[{\"@type\":\"ReadAction\",\"target\":[\"https:\/\/powder-products.com\/ppp-private-powder-products-ltd-food-safety-policy\/\"]}]},{\"@type\":\"BreadcrumbList\",\"@id\":\"https:\/\/powder-products.com\/ppp-private-powder-products-ltd-food-safety-policy\/#breadcrumb\",\"itemListElement\":[{\"@type\":\"ListItem\",\"position\":1,\"name\":\"Home\",\"item\":\"https:\/\/powder-products.com\/hu\/\"},{\"@type\":\"ListItem\",\"position\":2,\"name\":\"\u00c9lelmiszer-biztons\u00e1gi politika\"}]},{\"@type\":\"WebSite\",\"@id\":\"https:\/\/powder-products.com\/hu\/#website\",\"url\":\"https:\/\/powder-products.com\/hu\/\",\"name\":\"PPP Private Powder Products\",\"description\":\"Powder based products according to your needs.\",\"publisher\":{\"@id\":\"https:\/\/powder-products.com\/hu\/#organization\"},\"potentialAction\":[{\"@type\":\"SearchAction\",\"target\":{\"@type\":\"EntryPoint\",\"urlTemplate\":\"https:\/\/powder-products.com\/hu\/?s={search_term_string}\"},\"query-input\":{\"@type\":\"PropertyValueSpecification\",\"valueRequired\":true,\"valueName\":\"search_term_string\"}}],\"inLanguage\":\"hu\"},{\"@type\":\"Organization\",\"@id\":\"https:\/\/powder-products.com\/hu\/#organization\",\"name\":\"PPP Private Powder Products\",\"url\":\"https:\/\/powder-products.com\/hu\/\",\"logo\":{\"@type\":\"ImageObject\",\"inLanguage\":\"hu\",\"@id\":\"https:\/\/powder-products.com\/hu\/#\/schema\/logo\/image\/\",\"url\":\"https:\/\/powder-products.com\/wp-content\/uploads\/2024\/02\/ppp_logo_new-01.png\",\"contentUrl\":\"https:\/\/powder-products.com\/wp-content\/uploads\/2024\/02\/ppp_logo_new-01.png\",\"width\":512,\"height\":202,\"caption\":\"PPP Private Powder Products\"},\"image\":{\"@id\":\"https:\/\/powder-products.com\/hu\/#\/schema\/logo\/image\/\"},\"sameAs\":[\"https:\/\/www.facebook.com\/privatepowderproducts\"]}]}<\/script>\n<!-- \/ Yoast SEO Premium plugin. -->","yoast_head_json":{"title":"\u00c9lelmiszer-biztons\u00e1gi politika - PPP Private Powder Products","robots":{"index":"index","follow":"follow","max-snippet":"max-snippet:-1","max-image-preview":"max-image-preview:large","max-video-preview":"max-video-preview:-1"},"canonical":"https:\/\/powder-products.com\/ppp-private-powder-products-ltd-food-safety-policy\/","og_locale":"hu_HU","og_type":"article","og_title":"\u00c9lelmiszer-biztons\u00e1gi politika","og_description":"PPP PRIVATE POWDER PRODUCTS &#8211; \u00c9LELMISZER-BIZTONS\u00c1GI POLITIKA Alapvet\u0151 c\u00e9lunk, hogy tev\u00e9kenys\u00e9g\u00fcnkkel, term\u00e9keink \u00e1lland\u00f3 j\u00f3 min\u0151s\u00e9g\u00e9vel hitelesen megfelelj\u00fcnk vev\u0151ink elv\u00e1r\u00e1sainak, k\u00f6lcs\u00f6n\u00f6sen egyeztetett \u00e9s elfogadott k\u00f6vetelm\u00e9nyeinek, valamint az alkalmazhat\u00f3 nemzetk\u00f6zi \u00e9s hazai jogszab\u00e1lyoknak \u00e9s szab\u00e1lyoz\u00f3 k\u00f6r\u00fclm\u00e9nyeknek. Azonos\u00edtottuk azon k\u00fcls\u0151 \u00e9s bels\u0151 t\u00e9nyez\u0151ket, melyek kihathatnak az elv\u00e1rt eredm\u00e9nyeinkre \u00e9s ezen inform\u00e1ci\u00f3kat folyamatosan friss\u00edtj\u00fck. Folyamatosan figyelemmel k\u00eds\u00e9rj\u00fck vev\u0151ink ig\u00e9nyeit, &hellip; \"\u00c9lelmiszer-biztons\u00e1gi politika\" b\u0151vebben","og_url":"https:\/\/powder-products.com\/ppp-private-powder-products-ltd-food-safety-policy\/","og_site_name":"PPP Private Powder Products","article_publisher":"https:\/\/www.facebook.com\/privatepowderproducts","article_modified_time":"2025-06-18T12:45:21+00:00","twitter_card":"summary_large_image","twitter_misc":{"Becs\u00fclt olvas\u00e1si id\u0151":"2 perc"},"schema":{"@context":"https:\/\/schema.org","@graph":[{"@type":"WebPage","@id":"https:\/\/powder-products.com\/ppp-private-powder-products-ltd-food-safety-policy\/","url":"https:\/\/powder-products.com\/ppp-private-powder-products-ltd-food-safety-policy\/","name":"\u00c9lelmiszer-biztons\u00e1gi politika - PPP Private Powder Products","isPartOf":{"@id":"https:\/\/powder-products.com\/hu\/#website"},"datePublished":"2024-02-13T07:54:49+00:00","dateModified":"2025-06-18T12:45:21+00:00","breadcrumb":{"@id":"https:\/\/powder-products.com\/ppp-private-powder-products-ltd-food-safety-policy\/#breadcrumb"},"inLanguage":"hu","potentialAction":[{"@type":"ReadAction","target":["https:\/\/powder-products.com\/ppp-private-powder-products-ltd-food-safety-policy\/"]}]},{"@type":"BreadcrumbList","@id":"https:\/\/powder-products.com\/ppp-private-powder-products-ltd-food-safety-policy\/#breadcrumb","itemListElement":[{"@type":"ListItem","position":1,"name":"Home","item":"https:\/\/powder-products.com\/hu\/"},{"@type":"ListItem","position":2,"name":"\u00c9lelmiszer-biztons\u00e1gi politika"}]},{"@type":"WebSite","@id":"https:\/\/powder-products.com\/hu\/#website","url":"https:\/\/powder-products.com\/hu\/","name":"PPP Private Powder Products","description":"Powder based products according to your needs.","publisher":{"@id":"https:\/\/powder-products.com\/hu\/#organization"},"potentialAction":[{"@type":"SearchAction","target":{"@type":"EntryPoint","urlTemplate":"https:\/\/powder-products.com\/hu\/?s={search_term_string}"},"query-input":{"@type":"PropertyValueSpecification","valueRequired":true,"valueName":"search_term_string"}}],"inLanguage":"hu"},{"@type":"Organization","@id":"https:\/\/powder-products.com\/hu\/#organization","name":"PPP Private Powder Products","url":"https:\/\/powder-products.com\/hu\/","logo":{"@type":"ImageObject","inLanguage":"hu","@id":"https:\/\/powder-products.com\/hu\/#\/schema\/logo\/image\/","url":"https:\/\/powder-products.com\/wp-content\/uploads\/2024\/02\/ppp_logo_new-01.png","contentUrl":"https:\/\/powder-products.com\/wp-content\/uploads\/2024\/02\/ppp_logo_new-01.png","width":512,"height":202,"caption":"PPP Private Powder Products"},"image":{"@id":"https:\/\/powder-products.com\/hu\/#\/schema\/logo\/image\/"},"sameAs":["https:\/\/www.facebook.com\/privatepowderproducts"]}]}},"_links":{"self":[{"href":"https:\/\/powder-products.com\/hu\/wp-json\/wp\/v2\/pages\/280","targetHints":{"allow":["GET"]}}],"collection":[{"href":"https:\/\/powder-products.com\/hu\/wp-json\/wp\/v2\/pages"}],"about":[{"href":"https:\/\/powder-products.com\/hu\/wp-json\/wp\/v2\/types\/page"}],"author":[{"embeddable":true,"href":"https:\/\/powder-products.com\/hu\/wp-json\/wp\/v2\/users\/2"}],"replies":[{"embeddable":true,"href":"https:\/\/powder-products.com\/hu\/wp-json\/wp\/v2\/comments?post=280"}],"version-history":[{"count":5,"href":"https:\/\/powder-products.com\/hu\/wp-json\/wp\/v2\/pages\/280\/revisions"}],"predecessor-version":[{"id":1498,"href":"https:\/\/powder-products.com\/hu\/wp-json\/wp\/v2\/pages\/280\/revisions\/1498"}],"wp:attachment":[{"href":"https:\/\/powder-products.com\/hu\/wp-json\/wp\/v2\/media?parent=280"}],"curies":[{"name":"wp","href":"https:\/\/api.w.org\/{rel}","templated":true}]}}