{"id":309,"date":"2024-02-13T07:34:43","date_gmt":"2024-02-13T07:34:43","guid":{"rendered":"https:\/\/acc91073.maxer.hu\/impresszum\/"},"modified":"2024-12-04T13:03:55","modified_gmt":"2024-12-04T13:03:55","slug":"impresszum","status":"publish","type":"page","link":"https:\/\/powder-products.com\/hu\/impresszum\/","title":{"rendered":"Impresszum"},"content":{"rendered":"\n<div class=\"wp-block-columns is-layout-flex wp-container-core-columns-is-layout-9d6595d7 wp-block-columns-is-layout-flex\">\n<div class=\"wp-block-column is-layout-flow wp-block-column-is-layout-flow\">\n<p class=\"has-text-align-center\"><strong><mark style=\"background-color:rgba(0, 0, 0, 0)\" class=\"has-inline-color has-vivid-red-color\">Az oldal \u00fczembentart\u00f3ja:<\/mark><\/strong><br><strong>PRIVATE POWDER PRODUCTS KFT.<\/strong><br>7630 P\u00e9cs, Moh\u00e1csi \u00fat 58.<br>Telefon: +36 30 619 2184<br>mail: <a href=\"mailto:ujhelyi@powder-products.com\">ujhelyi@powder-products.com<\/a><\/p>\n<\/div>\n\n\n\n<div class=\"wp-block-column is-layout-flow wp-block-column-is-layout-flow\">\n<p class=\"has-text-align-center\"><strong><mark style=\"background-color:rgba(0, 0, 0, 0)\" class=\"has-inline-color has-vivid-red-color\">Hosting:<\/mark><\/strong><br><strong>INFOCOMPLEX<\/strong><br>H-7630 P\u00e9cs, Edison u. 1. fsz. 1\/A,<br>Telefon: +36 72 555 777<br>web: <a href=\"http:\/\/infocomplex.hu\/\" target=\"_blank\" rel=\"noreferrer noopener\">infocomplex.hu<\/a><\/p>\n<\/div>\n\n\n\n<div class=\"wp-block-column is-layout-flow wp-block-column-is-layout-flow\">\n<p class=\"has-text-align-center\"><strong><mark style=\"background-color:rgba(0, 0, 0, 0)\" class=\"has-inline-color has-vivid-red-color\">Design:<\/mark><\/strong><br><strong>PRIVATE POWDER PRODUCTS KFT.<\/strong><br>7630 P\u00e9cs, Moh\u00e1csi \u00fat 58.<\/p>\n<\/div>\n<\/div>\n","protected":false},"excerpt":{"rendered":"<p>Az oldal \u00fczembentart\u00f3ja:PRIVATE POWDER PRODUCTS KFT.7630 P\u00e9cs, Moh\u00e1csi \u00fat 58.Telefon: +36 30 619 2184mail: ujhelyi@powder-products.com Hosting:INFOCOMPLEXH-7630 P\u00e9cs, Edison u. 1. fsz. 1\/A,Telefon: +36 72 555 777web: infocomplex.hu Design:PRIVATE POWDER PRODUCTS KFT.7630 P\u00e9cs, Moh\u00e1csi \u00fat 58.<\/p>\n","protected":false},"author":2,"featured_media":0,"parent":0,"menu_order":0,"comment_status":"closed","ping_status":"closed","template":"","meta":{"footnotes":""},"class_list":["post-309","page","type-page","status-publish","hentry"],"yoast_head":"<!-- This site is optimized with the Yoast SEO Premium plugin v25.6 (Yoast SEO v26.1.1) - https:\/\/yoast.com\/wordpress\/plugins\/seo\/ -->\n<title>Impresszum - PPP Private Powder Products<\/title>\n<meta name=\"robots\" content=\"index, follow, max-snippet:-1, max-image-preview:large, max-video-preview:-1\" \/>\n<link rel=\"canonical\" href=\"https:\/\/powder-products.com\/impressum\/\" \/>\n<meta property=\"og:locale\" content=\"hu_HU\" \/>\n<meta property=\"og:type\" content=\"article\" \/>\n<meta property=\"og:title\" content=\"Impresszum\" \/>\n<meta property=\"og:description\" content=\"Az oldal \u00fczembentart\u00f3ja:PRIVATE POWDER PRODUCTS KFT.7630 P\u00e9cs, Moh\u00e1csi \u00fat 58.Telefon: +36 30 619 2184mail: ujhelyi@powder-products.com Hosting:INFOCOMPLEXH-7630 P\u00e9cs, Edison u. 1. fsz. 1\/A,Telefon: +36 72 555 777web: infocomplex.hu Design:PRIVATE POWDER PRODUCTS KFT.7630 P\u00e9cs, Moh\u00e1csi \u00fat 58.\" \/>\n<meta property=\"og:url\" content=\"https:\/\/powder-products.com\/impressum\/\" \/>\n<meta property=\"og:site_name\" content=\"PPP Private Powder Products\" \/>\n<meta property=\"article:publisher\" content=\"https:\/\/www.facebook.com\/privatepowderproducts\" \/>\n<meta property=\"article:modified_time\" content=\"2024-12-04T13:03:55+00:00\" \/>\n<meta name=\"twitter:card\" content=\"summary_large_image\" \/>\n<meta name=\"twitter:label1\" content=\"Becs\u00fclt olvas\u00e1si id\u0151\" \/>\n\t<meta name=\"twitter:data1\" content=\"1 perc\" \/>\n<script type=\"application\/ld+json\" class=\"yoast-schema-graph\">{\"@context\":\"https:\/\/schema.org\",\"@graph\":[{\"@type\":\"WebPage\",\"@id\":\"https:\/\/powder-products.com\/impressum\/\",\"url\":\"https:\/\/powder-products.com\/impressum\/\",\"name\":\"Impresszum - PPP Private Powder Products\",\"isPartOf\":{\"@id\":\"https:\/\/powder-products.com\/hu\/#website\"},\"datePublished\":\"2024-02-13T07:34:43+00:00\",\"dateModified\":\"2024-12-04T13:03:55+00:00\",\"breadcrumb\":{\"@id\":\"https:\/\/powder-products.com\/impressum\/#breadcrumb\"},\"inLanguage\":\"hu\",\"potentialAction\":[{\"@type\":\"ReadAction\",\"target\":[\"https:\/\/powder-products.com\/impressum\/\"]}]},{\"@type\":\"BreadcrumbList\",\"@id\":\"https:\/\/powder-products.com\/impressum\/#breadcrumb\",\"itemListElement\":[{\"@type\":\"ListItem\",\"position\":1,\"name\":\"Home\",\"item\":\"https:\/\/powder-products.com\/hu\/\"},{\"@type\":\"ListItem\",\"position\":2,\"name\":\"Impresszum\"}]},{\"@type\":\"WebSite\",\"@id\":\"https:\/\/powder-products.com\/hu\/#website\",\"url\":\"https:\/\/powder-products.com\/hu\/\",\"name\":\"PPP Private Powder Products\",\"description\":\"Powder based products according to your needs.\",\"publisher\":{\"@id\":\"https:\/\/powder-products.com\/hu\/#organization\"},\"potentialAction\":[{\"@type\":\"SearchAction\",\"target\":{\"@type\":\"EntryPoint\",\"urlTemplate\":\"https:\/\/powder-products.com\/hu\/?s={search_term_string}\"},\"query-input\":{\"@type\":\"PropertyValueSpecification\",\"valueRequired\":true,\"valueName\":\"search_term_string\"}}],\"inLanguage\":\"hu\"},{\"@type\":\"Organization\",\"@id\":\"https:\/\/powder-products.com\/hu\/#organization\",\"name\":\"PPP Private Powder Products\",\"url\":\"https:\/\/powder-products.com\/hu\/\",\"logo\":{\"@type\":\"ImageObject\",\"inLanguage\":\"hu\",\"@id\":\"https:\/\/powder-products.com\/hu\/#\/schema\/logo\/image\/\",\"url\":\"https:\/\/powder-products.com\/wp-content\/uploads\/2024\/02\/ppp_logo_new-01.png\",\"contentUrl\":\"https:\/\/powder-products.com\/wp-content\/uploads\/2024\/02\/ppp_logo_new-01.png\",\"width\":512,\"height\":202,\"caption\":\"PPP Private Powder Products\"},\"image\":{\"@id\":\"https:\/\/powder-products.com\/hu\/#\/schema\/logo\/image\/\"},\"sameAs\":[\"https:\/\/www.facebook.com\/privatepowderproducts\"]}]}<\/script>\n<!-- \/ Yoast SEO Premium plugin. -->","yoast_head_json":{"title":"Impresszum - PPP Private Powder Products","robots":{"index":"index","follow":"follow","max-snippet":"max-snippet:-1","max-image-preview":"max-image-preview:large","max-video-preview":"max-video-preview:-1"},"canonical":"https:\/\/powder-products.com\/impressum\/","og_locale":"hu_HU","og_type":"article","og_title":"Impresszum","og_description":"Az oldal \u00fczembentart\u00f3ja:PRIVATE POWDER PRODUCTS KFT.7630 P\u00e9cs, Moh\u00e1csi \u00fat 58.Telefon: +36 30 619 2184mail: ujhelyi@powder-products.com Hosting:INFOCOMPLEXH-7630 P\u00e9cs, Edison u. 1. fsz. 1\/A,Telefon: +36 72 555 777web: infocomplex.hu Design:PRIVATE POWDER PRODUCTS KFT.7630 P\u00e9cs, Moh\u00e1csi \u00fat 58.","og_url":"https:\/\/powder-products.com\/impressum\/","og_site_name":"PPP Private Powder Products","article_publisher":"https:\/\/www.facebook.com\/privatepowderproducts","article_modified_time":"2024-12-04T13:03:55+00:00","twitter_card":"summary_large_image","twitter_misc":{"Becs\u00fclt olvas\u00e1si id\u0151":"1 perc"},"schema":{"@context":"https:\/\/schema.org","@graph":[{"@type":"WebPage","@id":"https:\/\/powder-products.com\/impressum\/","url":"https:\/\/powder-products.com\/impressum\/","name":"Impresszum - PPP Private Powder Products","isPartOf":{"@id":"https:\/\/powder-products.com\/hu\/#website"},"datePublished":"2024-02-13T07:34:43+00:00","dateModified":"2024-12-04T13:03:55+00:00","breadcrumb":{"@id":"https:\/\/powder-products.com\/impressum\/#breadcrumb"},"inLanguage":"hu","potentialAction":[{"@type":"ReadAction","target":["https:\/\/powder-products.com\/impressum\/"]}]},{"@type":"BreadcrumbList","@id":"https:\/\/powder-products.com\/impressum\/#breadcrumb","itemListElement":[{"@type":"ListItem","position":1,"name":"Home","item":"https:\/\/powder-products.com\/hu\/"},{"@type":"ListItem","position":2,"name":"Impresszum"}]},{"@type":"WebSite","@id":"https:\/\/powder-products.com\/hu\/#website","url":"https:\/\/powder-products.com\/hu\/","name":"PPP Private Powder Products","description":"Powder based products according to your needs.","publisher":{"@id":"https:\/\/powder-products.com\/hu\/#organization"},"potentialAction":[{"@type":"SearchAction","target":{"@type":"EntryPoint","urlTemplate":"https:\/\/powder-products.com\/hu\/?s={search_term_string}"},"query-input":{"@type":"PropertyValueSpecification","valueRequired":true,"valueName":"search_term_string"}}],"inLanguage":"hu"},{"@type":"Organization","@id":"https:\/\/powder-products.com\/hu\/#organization","name":"PPP Private Powder Products","url":"https:\/\/powder-products.com\/hu\/","logo":{"@type":"ImageObject","inLanguage":"hu","@id":"https:\/\/powder-products.com\/hu\/#\/schema\/logo\/image\/","url":"https:\/\/powder-products.com\/wp-content\/uploads\/2024\/02\/ppp_logo_new-01.png","contentUrl":"https:\/\/powder-products.com\/wp-content\/uploads\/2024\/02\/ppp_logo_new-01.png","width":512,"height":202,"caption":"PPP Private Powder Products"},"image":{"@id":"https:\/\/powder-products.com\/hu\/#\/schema\/logo\/image\/"},"sameAs":["https:\/\/www.facebook.com\/privatepowderproducts"]}]}},"_links":{"self":[{"href":"https:\/\/powder-products.com\/hu\/wp-json\/wp\/v2\/pages\/309","targetHints":{"allow":["GET"]}}],"collection":[{"href":"https:\/\/powder-products.com\/hu\/wp-json\/wp\/v2\/pages"}],"about":[{"href":"https:\/\/powder-products.com\/hu\/wp-json\/wp\/v2\/types\/page"}],"author":[{"embeddable":true,"href":"https:\/\/powder-products.com\/hu\/wp-json\/wp\/v2\/users\/2"}],"replies":[{"embeddable":true,"href":"https:\/\/powder-products.com\/hu\/wp-json\/wp\/v2\/comments?post=309"}],"version-history":[{"count":1,"href":"https:\/\/powder-products.com\/hu\/wp-json\/wp\/v2\/pages\/309\/revisions"}],"predecessor-version":[{"id":1331,"href":"https:\/\/powder-products.com\/hu\/wp-json\/wp\/v2\/pages\/309\/revisions\/1331"}],"wp:attachment":[{"href":"https:\/\/powder-products.com\/hu\/wp-json\/wp\/v2\/media?parent=309"}],"curies":[{"name":"wp","href":"https:\/\/api.w.org\/{rel}","templated":true}]}}