{"id":328,"date":"2024-02-13T14:29:28","date_gmt":"2024-02-13T14:29:28","guid":{"rendered":"https:\/\/acc91073.maxer.hu\/italporok\/"},"modified":"2024-04-11T07:52:07","modified_gmt":"2024-04-11T07:52:07","slug":"italporok","status":"publish","type":"page","link":"https:\/\/powder-products.com\/hu\/italporok\/","title":{"rendered":"Italporok"},"content":{"rendered":"\n<p>Magas min\u0151s\u00e9g\u0171 alapanyagok felhaszn\u00e1l\u00e1s\u00e1val k\u00e9sz\u00fcl\u0151 meleg- \u00e9s hidegitalporok gy\u00e1rt\u00e1sa a vev\u0151i ig\u00e9nyek figyelembe v\u00e9tel\u00e9vel. Teljes term\u00e9kpaletta k\u00edn\u00e1lat a melegital automat\u00e1k \u00fczemeltet\u0151i sz\u00e1m\u00e1ra. A PPP m\u00e1rk\u00e1s term\u00e9kei \u2013 PPP Wonderful Drinks \u00e9s Moouw \u2013 mellet teljesen egyedi csomagol\u00e1sban, egyedi term\u00e9kek k\u00edn\u00e1lata.<\/p>\n\n\n\n<div class=\"wp-block-buttons is-layout-flex wp-block-buttons-is-layout-flex\"><\/div>\n","protected":false},"excerpt":{"rendered":"<p>Magas min\u0151s\u00e9g\u0171 alapanyagok felhaszn\u00e1l\u00e1s\u00e1val k\u00e9sz\u00fcl\u0151 meleg- \u00e9s hidegitalporok gy\u00e1rt\u00e1sa a vev\u0151i ig\u00e9nyek figyelembe v\u00e9tel\u00e9vel. Teljes term\u00e9kpaletta k\u00edn\u00e1lat a melegital automat\u00e1k \u00fczemeltet\u0151i sz\u00e1m\u00e1ra. A PPP m\u00e1rk\u00e1s term\u00e9kei \u2013 PPP Wonderful Drinks \u00e9s Moouw \u2013 mellet teljesen egyedi csomagol\u00e1sban, egyedi term\u00e9kek k\u00edn\u00e1lata.<\/p>\n","protected":false},"author":2,"featured_media":0,"parent":0,"menu_order":0,"comment_status":"closed","ping_status":"closed","template":"","meta":{"footnotes":""},"class_list":["post-328","page","type-page","status-publish","hentry"],"yoast_head":"<!-- This site is optimized with the Yoast SEO Premium plugin v25.6 (Yoast SEO v26.1.1) - https:\/\/yoast.com\/wordpress\/plugins\/seo\/ -->\n<title>Italporok - PPP Private Powder Products<\/title>\n<meta name=\"robots\" content=\"index, follow, max-snippet:-1, max-image-preview:large, max-video-preview:-1\" \/>\n<link rel=\"canonical\" href=\"https:\/\/powder-products.com\/powder-based-products\/\" \/>\n<meta property=\"og:locale\" content=\"hu_HU\" \/>\n<meta property=\"og:type\" content=\"article\" \/>\n<meta property=\"og:title\" content=\"Italporok\" \/>\n<meta property=\"og:description\" content=\"Magas min\u0151s\u00e9g\u0171 alapanyagok felhaszn\u00e1l\u00e1s\u00e1val k\u00e9sz\u00fcl\u0151 meleg- \u00e9s hidegitalporok gy\u00e1rt\u00e1sa a vev\u0151i ig\u00e9nyek figyelembe v\u00e9tel\u00e9vel. Teljes term\u00e9kpaletta k\u00edn\u00e1lat a melegital automat\u00e1k \u00fczemeltet\u0151i sz\u00e1m\u00e1ra. A PPP m\u00e1rk\u00e1s term\u00e9kei \u2013 PPP Wonderful Drinks \u00e9s Moouw \u2013 mellet teljesen egyedi csomagol\u00e1sban, egyedi term\u00e9kek k\u00edn\u00e1lata.\" \/>\n<meta property=\"og:url\" content=\"https:\/\/powder-products.com\/powder-based-products\/\" \/>\n<meta property=\"og:site_name\" content=\"PPP Private Powder Products\" \/>\n<meta property=\"article:publisher\" content=\"https:\/\/www.facebook.com\/privatepowderproducts\" \/>\n<meta property=\"article:modified_time\" content=\"2024-04-11T07:52:07+00:00\" \/>\n<meta name=\"twitter:card\" content=\"summary_large_image\" \/>\n<script type=\"application\/ld+json\" class=\"yoast-schema-graph\">{\"@context\":\"https:\/\/schema.org\",\"@graph\":[{\"@type\":\"WebPage\",\"@id\":\"https:\/\/powder-products.com\/powder-based-products\/\",\"url\":\"https:\/\/powder-products.com\/powder-based-products\/\",\"name\":\"Italporok - PPP Private Powder Products\",\"isPartOf\":{\"@id\":\"https:\/\/powder-products.com\/hu\/#website\"},\"datePublished\":\"2024-02-13T14:29:28+00:00\",\"dateModified\":\"2024-04-11T07:52:07+00:00\",\"breadcrumb\":{\"@id\":\"https:\/\/powder-products.com\/powder-based-products\/#breadcrumb\"},\"inLanguage\":\"hu\",\"potentialAction\":[{\"@type\":\"ReadAction\",\"target\":[\"https:\/\/powder-products.com\/powder-based-products\/\"]}]},{\"@type\":\"BreadcrumbList\",\"@id\":\"https:\/\/powder-products.com\/powder-based-products\/#breadcrumb\",\"itemListElement\":[{\"@type\":\"ListItem\",\"position\":1,\"name\":\"Home\",\"item\":\"https:\/\/powder-products.com\/hu\/\"},{\"@type\":\"ListItem\",\"position\":2,\"name\":\"Italporok\"}]},{\"@type\":\"WebSite\",\"@id\":\"https:\/\/powder-products.com\/hu\/#website\",\"url\":\"https:\/\/powder-products.com\/hu\/\",\"name\":\"PPP Private Powder Products\",\"description\":\"Powder based products according to your needs.\",\"publisher\":{\"@id\":\"https:\/\/powder-products.com\/hu\/#organization\"},\"potentialAction\":[{\"@type\":\"SearchAction\",\"target\":{\"@type\":\"EntryPoint\",\"urlTemplate\":\"https:\/\/powder-products.com\/hu\/?s={search_term_string}\"},\"query-input\":{\"@type\":\"PropertyValueSpecification\",\"valueRequired\":true,\"valueName\":\"search_term_string\"}}],\"inLanguage\":\"hu\"},{\"@type\":\"Organization\",\"@id\":\"https:\/\/powder-products.com\/hu\/#organization\",\"name\":\"PPP Private Powder Products\",\"url\":\"https:\/\/powder-products.com\/hu\/\",\"logo\":{\"@type\":\"ImageObject\",\"inLanguage\":\"hu\",\"@id\":\"https:\/\/powder-products.com\/hu\/#\/schema\/logo\/image\/\",\"url\":\"https:\/\/powder-products.com\/wp-content\/uploads\/2024\/02\/ppp_logo_new-01.png\",\"contentUrl\":\"https:\/\/powder-products.com\/wp-content\/uploads\/2024\/02\/ppp_logo_new-01.png\",\"width\":512,\"height\":202,\"caption\":\"PPP Private Powder Products\"},\"image\":{\"@id\":\"https:\/\/powder-products.com\/hu\/#\/schema\/logo\/image\/\"},\"sameAs\":[\"https:\/\/www.facebook.com\/privatepowderproducts\"]}]}<\/script>\n<!-- \/ Yoast SEO Premium plugin. -->","yoast_head_json":{"title":"Italporok - PPP Private Powder Products","robots":{"index":"index","follow":"follow","max-snippet":"max-snippet:-1","max-image-preview":"max-image-preview:large","max-video-preview":"max-video-preview:-1"},"canonical":"https:\/\/powder-products.com\/powder-based-products\/","og_locale":"hu_HU","og_type":"article","og_title":"Italporok","og_description":"Magas min\u0151s\u00e9g\u0171 alapanyagok felhaszn\u00e1l\u00e1s\u00e1val k\u00e9sz\u00fcl\u0151 meleg- \u00e9s hidegitalporok gy\u00e1rt\u00e1sa a vev\u0151i ig\u00e9nyek figyelembe v\u00e9tel\u00e9vel. Teljes term\u00e9kpaletta k\u00edn\u00e1lat a melegital automat\u00e1k \u00fczemeltet\u0151i sz\u00e1m\u00e1ra. A PPP m\u00e1rk\u00e1s term\u00e9kei \u2013 PPP Wonderful Drinks \u00e9s Moouw \u2013 mellet teljesen egyedi csomagol\u00e1sban, egyedi term\u00e9kek k\u00edn\u00e1lata.","og_url":"https:\/\/powder-products.com\/powder-based-products\/","og_site_name":"PPP Private Powder Products","article_publisher":"https:\/\/www.facebook.com\/privatepowderproducts","article_modified_time":"2024-04-11T07:52:07+00:00","twitter_card":"summary_large_image","schema":{"@context":"https:\/\/schema.org","@graph":[{"@type":"WebPage","@id":"https:\/\/powder-products.com\/powder-based-products\/","url":"https:\/\/powder-products.com\/powder-based-products\/","name":"Italporok - PPP Private Powder Products","isPartOf":{"@id":"https:\/\/powder-products.com\/hu\/#website"},"datePublished":"2024-02-13T14:29:28+00:00","dateModified":"2024-04-11T07:52:07+00:00","breadcrumb":{"@id":"https:\/\/powder-products.com\/powder-based-products\/#breadcrumb"},"inLanguage":"hu","potentialAction":[{"@type":"ReadAction","target":["https:\/\/powder-products.com\/powder-based-products\/"]}]},{"@type":"BreadcrumbList","@id":"https:\/\/powder-products.com\/powder-based-products\/#breadcrumb","itemListElement":[{"@type":"ListItem","position":1,"name":"Home","item":"https:\/\/powder-products.com\/hu\/"},{"@type":"ListItem","position":2,"name":"Italporok"}]},{"@type":"WebSite","@id":"https:\/\/powder-products.com\/hu\/#website","url":"https:\/\/powder-products.com\/hu\/","name":"PPP Private Powder Products","description":"Powder based products according to your needs.","publisher":{"@id":"https:\/\/powder-products.com\/hu\/#organization"},"potentialAction":[{"@type":"SearchAction","target":{"@type":"EntryPoint","urlTemplate":"https:\/\/powder-products.com\/hu\/?s={search_term_string}"},"query-input":{"@type":"PropertyValueSpecification","valueRequired":true,"valueName":"search_term_string"}}],"inLanguage":"hu"},{"@type":"Organization","@id":"https:\/\/powder-products.com\/hu\/#organization","name":"PPP Private Powder Products","url":"https:\/\/powder-products.com\/hu\/","logo":{"@type":"ImageObject","inLanguage":"hu","@id":"https:\/\/powder-products.com\/hu\/#\/schema\/logo\/image\/","url":"https:\/\/powder-products.com\/wp-content\/uploads\/2024\/02\/ppp_logo_new-01.png","contentUrl":"https:\/\/powder-products.com\/wp-content\/uploads\/2024\/02\/ppp_logo_new-01.png","width":512,"height":202,"caption":"PPP Private Powder Products"},"image":{"@id":"https:\/\/powder-products.com\/hu\/#\/schema\/logo\/image\/"},"sameAs":["https:\/\/www.facebook.com\/privatepowderproducts"]}]}},"_links":{"self":[{"href":"https:\/\/powder-products.com\/hu\/wp-json\/wp\/v2\/pages\/328","targetHints":{"allow":["GET"]}}],"collection":[{"href":"https:\/\/powder-products.com\/hu\/wp-json\/wp\/v2\/pages"}],"about":[{"href":"https:\/\/powder-products.com\/hu\/wp-json\/wp\/v2\/types\/page"}],"author":[{"embeddable":true,"href":"https:\/\/powder-products.com\/hu\/wp-json\/wp\/v2\/users\/2"}],"replies":[{"embeddable":true,"href":"https:\/\/powder-products.com\/hu\/wp-json\/wp\/v2\/comments?post=328"}],"version-history":[{"count":1,"href":"https:\/\/powder-products.com\/hu\/wp-json\/wp\/v2\/pages\/328\/revisions"}],"predecessor-version":[{"id":1013,"href":"https:\/\/powder-products.com\/hu\/wp-json\/wp\/v2\/pages\/328\/revisions\/1013"}],"wp:attachment":[{"href":"https:\/\/powder-products.com\/hu\/wp-json\/wp\/v2\/media?parent=328"}],"curies":[{"name":"wp","href":"https:\/\/api.w.org\/{rel}","templated":true}]}}