{"id":334,"date":"2024-02-12T10:38:32","date_gmt":"2024-02-12T10:38:32","guid":{"rendered":"https:\/\/acc91073.maxer.hu\/minosegbiztositas\/"},"modified":"2025-09-30T06:17:15","modified_gmt":"2025-09-30T06:17:15","slug":"minosegbiztositas","status":"publish","type":"page","link":"https:\/\/powder-products.com\/hu\/minosegbiztositas\/","title":{"rendered":"Min\u0151s\u00e9gbiztos\u00edt\u00e1s"},"content":{"rendered":"\n<p>A v\u00e1llalat FSSC22000 \u00e9s IFS tan\u00fas\u00edtott \u00e9lelmiszer-biztons\u00e1gi ir\u00e1ny\u00edt\u00e1si rendszerekkel rendelkezik, ahol a HACCP er\u0151s alapot k\u00e9pez.<\/p>\n\n\n\n<p>Ezenk\u00edv\u00fcl tan\u00fas\u00edtottunk Halal, Kosher, Rainforest Alliance, Fairtrade \u00e9s Bio term\u00e9keket is.<\/p>\n\n\n\n<p>K\u00e9r\u00e9sre vagy egyedi meg\u00e1llapod\u00e1s alapj\u00e1n tov\u00e1bbi (min\u0151s\u00e9g)ir\u00e1ny\u00edt\u00e1si rendszerek \u00e9s term\u00e9ktan\u00fas\u00edt\u00e1si rendszerek is el\u00e9rhet\u0151k.<\/p>\n\n\n\n<div class=\"wp-block-buttons is-layout-flex wp-block-buttons-is-layout-flex\">\n<div class=\"wp-block-button has-custom-width wp-block-button__width-75 is-style-outline is-style-outline--1\"><a class=\"wp-block-button__link has-small-font-size has-custom-font-size wp-element-button\" href=\"https:\/\/acc91073.maxer.hu\/hu\/elelmiszer-biztonsagi-politika\/\"><strong>Tov\u00e1bb<\/strong><\/a><\/div>\n<\/div>\n\n\n\n<div class=\"wp-block-buttons is-layout-flex wp-block-buttons-is-layout-flex\">\n<div class=\"wp-block-button has-custom-width wp-block-button__width-75 is-style-outline is-style-outline--2\"><a class=\"wp-block-button__link has-small-font-size has-custom-font-size wp-element-button\" href=\"https:\/\/acc91073.maxer.hu\/hu\/tanusitvanyaink\/\"><strong>Tan\u00fas\u00edtv\u00e1nyaink<\/strong><\/a><\/div>\n<\/div>\n","protected":false},"excerpt":{"rendered":"<p>A v\u00e1llalat FSSC22000 \u00e9s IFS tan\u00fas\u00edtott \u00e9lelmiszer-biztons\u00e1gi ir\u00e1ny\u00edt\u00e1si rendszerekkel rendelkezik, ahol a HACCP er\u0151s alapot k\u00e9pez. Ezenk\u00edv\u00fcl tan\u00fas\u00edtottunk Halal, Kosher, Rainforest Alliance, Fairtrade \u00e9s Bio term\u00e9keket is. K\u00e9r\u00e9sre vagy egyedi meg\u00e1llapod\u00e1s alapj\u00e1n tov\u00e1bbi (min\u0151s\u00e9g)ir\u00e1ny\u00edt\u00e1si rendszerek \u00e9s term\u00e9ktan\u00fas\u00edt\u00e1si rendszerek is el\u00e9rhet\u0151k.<\/p>\n","protected":false},"author":2,"featured_media":884,"parent":0,"menu_order":0,"comment_status":"closed","ping_status":"closed","template":"","meta":{"footnotes":""},"class_list":["post-334","page","type-page","status-publish","has-post-thumbnail","hentry"],"yoast_head":"<!-- This site is optimized with the Yoast SEO Premium plugin v25.6 (Yoast SEO v26.1.1) - https:\/\/yoast.com\/wordpress\/plugins\/seo\/ -->\n<title>Min\u0151s\u00e9gbiztos\u00edt\u00e1s - PPP Private Powder Products<\/title>\n<meta name=\"robots\" content=\"index, follow, max-snippet:-1, max-image-preview:large, max-video-preview:-1\" \/>\n<link rel=\"canonical\" href=\"https:\/\/powder-products.com\/quality-assurance\/\" \/>\n<meta property=\"og:locale\" content=\"hu_HU\" \/>\n<meta property=\"og:type\" content=\"article\" \/>\n<meta property=\"og:title\" content=\"Min\u0151s\u00e9gbiztos\u00edt\u00e1s\" \/>\n<meta property=\"og:description\" content=\"A v\u00e1llalat FSSC22000 \u00e9s IFS tan\u00fas\u00edtott \u00e9lelmiszer-biztons\u00e1gi ir\u00e1ny\u00edt\u00e1si rendszerekkel rendelkezik, ahol a HACCP er\u0151s alapot k\u00e9pez. Ezenk\u00edv\u00fcl tan\u00fas\u00edtottunk Halal, Kosher, Rainforest Alliance, Fairtrade \u00e9s Bio term\u00e9keket is. K\u00e9r\u00e9sre vagy egyedi meg\u00e1llapod\u00e1s alapj\u00e1n tov\u00e1bbi (min\u0151s\u00e9g)ir\u00e1ny\u00edt\u00e1si rendszerek \u00e9s term\u00e9ktan\u00fas\u00edt\u00e1si rendszerek is el\u00e9rhet\u0151k.\" \/>\n<meta property=\"og:url\" content=\"https:\/\/powder-products.com\/quality-assurance\/\" \/>\n<meta property=\"og:site_name\" content=\"PPP Private Powder Products\" \/>\n<meta property=\"article:publisher\" content=\"https:\/\/www.facebook.com\/privatepowderproducts\" \/>\n<meta property=\"article:modified_time\" content=\"2025-09-30T06:17:15+00:00\" \/>\n<meta property=\"og:image\" content=\"https:\/\/powder-products.com\/wp-content\/uploads\/2024\/04\/DDS_9754jk-2000.jpg\" \/>\n\t<meta property=\"og:image:width\" content=\"2000\" \/>\n\t<meta property=\"og:image:height\" content=\"1200\" \/>\n\t<meta property=\"og:image:type\" content=\"image\/jpeg\" \/>\n<meta name=\"twitter:card\" content=\"summary_large_image\" \/>\n<meta name=\"twitter:label1\" content=\"Becs\u00fclt olvas\u00e1si id\u0151\" \/>\n\t<meta name=\"twitter:data1\" content=\"1 perc\" \/>\n<script type=\"application\/ld+json\" class=\"yoast-schema-graph\">{\"@context\":\"https:\/\/schema.org\",\"@graph\":[{\"@type\":\"WebPage\",\"@id\":\"https:\/\/powder-products.com\/quality-assurance\/\",\"url\":\"https:\/\/powder-products.com\/quality-assurance\/\",\"name\":\"Min\u0151s\u00e9gbiztos\u00edt\u00e1s - PPP Private Powder Products\",\"isPartOf\":{\"@id\":\"https:\/\/powder-products.com\/hu\/#website\"},\"primaryImageOfPage\":{\"@id\":\"https:\/\/powder-products.com\/quality-assurance\/#primaryimage\"},\"image\":{\"@id\":\"https:\/\/powder-products.com\/quality-assurance\/#primaryimage\"},\"thumbnailUrl\":\"https:\/\/powder-products.com\/wp-content\/uploads\/2024\/04\/DDS_9754jk-2000.jpg\",\"datePublished\":\"2024-02-12T10:38:32+00:00\",\"dateModified\":\"2025-09-30T06:17:15+00:00\",\"breadcrumb\":{\"@id\":\"https:\/\/powder-products.com\/quality-assurance\/#breadcrumb\"},\"inLanguage\":\"hu\",\"potentialAction\":[{\"@type\":\"ReadAction\",\"target\":[\"https:\/\/powder-products.com\/quality-assurance\/\"]}]},{\"@type\":\"ImageObject\",\"inLanguage\":\"hu\",\"@id\":\"https:\/\/powder-products.com\/quality-assurance\/#primaryimage\",\"url\":\"https:\/\/powder-products.com\/wp-content\/uploads\/2024\/04\/DDS_9754jk-2000.jpg\",\"contentUrl\":\"https:\/\/powder-products.com\/wp-content\/uploads\/2024\/04\/DDS_9754jk-2000.jpg\",\"width\":2000,\"height\":1200},{\"@type\":\"BreadcrumbList\",\"@id\":\"https:\/\/powder-products.com\/quality-assurance\/#breadcrumb\",\"itemListElement\":[{\"@type\":\"ListItem\",\"position\":1,\"name\":\"Home\",\"item\":\"https:\/\/powder-products.com\/hu\/\"},{\"@type\":\"ListItem\",\"position\":2,\"name\":\"Min\u0151s\u00e9gbiztos\u00edt\u00e1s\"}]},{\"@type\":\"WebSite\",\"@id\":\"https:\/\/powder-products.com\/hu\/#website\",\"url\":\"https:\/\/powder-products.com\/hu\/\",\"name\":\"PPP Private Powder Products\",\"description\":\"Powder based products according to your needs.\",\"publisher\":{\"@id\":\"https:\/\/powder-products.com\/hu\/#organization\"},\"potentialAction\":[{\"@type\":\"SearchAction\",\"target\":{\"@type\":\"EntryPoint\",\"urlTemplate\":\"https:\/\/powder-products.com\/hu\/?s={search_term_string}\"},\"query-input\":{\"@type\":\"PropertyValueSpecification\",\"valueRequired\":true,\"valueName\":\"search_term_string\"}}],\"inLanguage\":\"hu\"},{\"@type\":\"Organization\",\"@id\":\"https:\/\/powder-products.com\/hu\/#organization\",\"name\":\"PPP Private Powder Products\",\"url\":\"https:\/\/powder-products.com\/hu\/\",\"logo\":{\"@type\":\"ImageObject\",\"inLanguage\":\"hu\",\"@id\":\"https:\/\/powder-products.com\/hu\/#\/schema\/logo\/image\/\",\"url\":\"https:\/\/powder-products.com\/wp-content\/uploads\/2024\/02\/ppp_logo_new-01.png\",\"contentUrl\":\"https:\/\/powder-products.com\/wp-content\/uploads\/2024\/02\/ppp_logo_new-01.png\",\"width\":512,\"height\":202,\"caption\":\"PPP Private Powder Products\"},\"image\":{\"@id\":\"https:\/\/powder-products.com\/hu\/#\/schema\/logo\/image\/\"},\"sameAs\":[\"https:\/\/www.facebook.com\/privatepowderproducts\"]}]}<\/script>\n<!-- \/ Yoast SEO Premium plugin. -->","yoast_head_json":{"title":"Min\u0151s\u00e9gbiztos\u00edt\u00e1s - PPP Private Powder Products","robots":{"index":"index","follow":"follow","max-snippet":"max-snippet:-1","max-image-preview":"max-image-preview:large","max-video-preview":"max-video-preview:-1"},"canonical":"https:\/\/powder-products.com\/quality-assurance\/","og_locale":"hu_HU","og_type":"article","og_title":"Min\u0151s\u00e9gbiztos\u00edt\u00e1s","og_description":"A v\u00e1llalat FSSC22000 \u00e9s IFS tan\u00fas\u00edtott \u00e9lelmiszer-biztons\u00e1gi ir\u00e1ny\u00edt\u00e1si rendszerekkel rendelkezik, ahol a HACCP er\u0151s alapot k\u00e9pez. Ezenk\u00edv\u00fcl tan\u00fas\u00edtottunk Halal, Kosher, Rainforest Alliance, Fairtrade \u00e9s Bio term\u00e9keket is. K\u00e9r\u00e9sre vagy egyedi meg\u00e1llapod\u00e1s alapj\u00e1n tov\u00e1bbi (min\u0151s\u00e9g)ir\u00e1ny\u00edt\u00e1si rendszerek \u00e9s term\u00e9ktan\u00fas\u00edt\u00e1si rendszerek is el\u00e9rhet\u0151k.","og_url":"https:\/\/powder-products.com\/quality-assurance\/","og_site_name":"PPP Private Powder Products","article_publisher":"https:\/\/www.facebook.com\/privatepowderproducts","article_modified_time":"2025-09-30T06:17:15+00:00","og_image":[{"width":2000,"height":1200,"url":"https:\/\/powder-products.com\/wp-content\/uploads\/2024\/04\/DDS_9754jk-2000.jpg","type":"image\/jpeg"}],"twitter_card":"summary_large_image","twitter_misc":{"Becs\u00fclt olvas\u00e1si id\u0151":"1 perc"},"schema":{"@context":"https:\/\/schema.org","@graph":[{"@type":"WebPage","@id":"https:\/\/powder-products.com\/quality-assurance\/","url":"https:\/\/powder-products.com\/quality-assurance\/","name":"Min\u0151s\u00e9gbiztos\u00edt\u00e1s - PPP Private Powder Products","isPartOf":{"@id":"https:\/\/powder-products.com\/hu\/#website"},"primaryImageOfPage":{"@id":"https:\/\/powder-products.com\/quality-assurance\/#primaryimage"},"image":{"@id":"https:\/\/powder-products.com\/quality-assurance\/#primaryimage"},"thumbnailUrl":"https:\/\/powder-products.com\/wp-content\/uploads\/2024\/04\/DDS_9754jk-2000.jpg","datePublished":"2024-02-12T10:38:32+00:00","dateModified":"2025-09-30T06:17:15+00:00","breadcrumb":{"@id":"https:\/\/powder-products.com\/quality-assurance\/#breadcrumb"},"inLanguage":"hu","potentialAction":[{"@type":"ReadAction","target":["https:\/\/powder-products.com\/quality-assurance\/"]}]},{"@type":"ImageObject","inLanguage":"hu","@id":"https:\/\/powder-products.com\/quality-assurance\/#primaryimage","url":"https:\/\/powder-products.com\/wp-content\/uploads\/2024\/04\/DDS_9754jk-2000.jpg","contentUrl":"https:\/\/powder-products.com\/wp-content\/uploads\/2024\/04\/DDS_9754jk-2000.jpg","width":2000,"height":1200},{"@type":"BreadcrumbList","@id":"https:\/\/powder-products.com\/quality-assurance\/#breadcrumb","itemListElement":[{"@type":"ListItem","position":1,"name":"Home","item":"https:\/\/powder-products.com\/hu\/"},{"@type":"ListItem","position":2,"name":"Min\u0151s\u00e9gbiztos\u00edt\u00e1s"}]},{"@type":"WebSite","@id":"https:\/\/powder-products.com\/hu\/#website","url":"https:\/\/powder-products.com\/hu\/","name":"PPP Private Powder Products","description":"Powder based products according to your needs.","publisher":{"@id":"https:\/\/powder-products.com\/hu\/#organization"},"potentialAction":[{"@type":"SearchAction","target":{"@type":"EntryPoint","urlTemplate":"https:\/\/powder-products.com\/hu\/?s={search_term_string}"},"query-input":{"@type":"PropertyValueSpecification","valueRequired":true,"valueName":"search_term_string"}}],"inLanguage":"hu"},{"@type":"Organization","@id":"https:\/\/powder-products.com\/hu\/#organization","name":"PPP Private Powder Products","url":"https:\/\/powder-products.com\/hu\/","logo":{"@type":"ImageObject","inLanguage":"hu","@id":"https:\/\/powder-products.com\/hu\/#\/schema\/logo\/image\/","url":"https:\/\/powder-products.com\/wp-content\/uploads\/2024\/02\/ppp_logo_new-01.png","contentUrl":"https:\/\/powder-products.com\/wp-content\/uploads\/2024\/02\/ppp_logo_new-01.png","width":512,"height":202,"caption":"PPP Private Powder Products"},"image":{"@id":"https:\/\/powder-products.com\/hu\/#\/schema\/logo\/image\/"},"sameAs":["https:\/\/www.facebook.com\/privatepowderproducts"]}]}},"_links":{"self":[{"href":"https:\/\/powder-products.com\/hu\/wp-json\/wp\/v2\/pages\/334","targetHints":{"allow":["GET"]}}],"collection":[{"href":"https:\/\/powder-products.com\/hu\/wp-json\/wp\/v2\/pages"}],"about":[{"href":"https:\/\/powder-products.com\/hu\/wp-json\/wp\/v2\/types\/page"}],"author":[{"embeddable":true,"href":"https:\/\/powder-products.com\/hu\/wp-json\/wp\/v2\/users\/2"}],"replies":[{"embeddable":true,"href":"https:\/\/powder-products.com\/hu\/wp-json\/wp\/v2\/comments?post=334"}],"version-history":[{"count":2,"href":"https:\/\/powder-products.com\/hu\/wp-json\/wp\/v2\/pages\/334\/revisions"}],"predecessor-version":[{"id":1609,"href":"https:\/\/powder-products.com\/hu\/wp-json\/wp\/v2\/pages\/334\/revisions\/1609"}],"wp:featuredmedia":[{"embeddable":true,"href":"https:\/\/powder-products.com\/hu\/wp-json\/wp\/v2\/media\/884"}],"wp:attachment":[{"href":"https:\/\/powder-products.com\/hu\/wp-json\/wp\/v2\/media?parent=334"}],"curies":[{"name":"wp","href":"https:\/\/api.w.org\/{rel}","templated":true}]}}