{"id":335,"date":"2024-02-13T14:34:33","date_gmt":"2024-02-13T14:34:33","guid":{"rendered":"https:\/\/acc91073.maxer.hu\/szolgaltatasaink\/"},"modified":"2024-04-18T11:22:59","modified_gmt":"2024-04-18T11:22:59","slug":"szolgaltatasaink","status":"publish","type":"page","link":"https:\/\/powder-products.com\/hu\/szolgaltatasaink\/","title":{"rendered":"Term\u00e9kek \u00e9s szolg\u00e1ltat\u00e1sok"},"content":{"rendered":"\n<h2 class=\"wp-block-heading\"><strong>Poralap\u00fa term\u00e9kek<\/strong><\/h2>\n\n\n\n<p>Magas min\u0151s\u00e9g\u0171 alapanyagok felhaszn\u00e1l\u00e1s\u00e1val k\u00e9sz\u00fcl\u0151 melegital-porok gy\u00e1rt\u00e1sa a vev\u0151i ig\u00e9nyek figyelembe v\u00e9tel\u00e9vel. Teljes term\u00e9kpaletta k\u00edn\u00e1lat a melegital automat\u00e1k \u00fczemeltet\u0151i sz\u00e1m\u00e1ra. A PPP m\u00e1rk\u00e1s term\u00e9kei \u2013 PPP Wonderful Drinks \u00e9s Moouw \u2013 mellet teljesen egyedi csomagol\u00e1sban, egyedi term\u00e9kek k\u00edn\u00e1lata.<\/p>\n\n\n\n<div class=\"wp-block-buttons is-layout-flex wp-block-buttons-is-layout-flex\"><\/div>\n\n\n\n<h2 class=\"wp-block-heading\"><strong>Term\u00e9kfejleszt\u00e9s<\/strong><\/h2>\n\n\n\n<p>Egyedi term\u00e9kfejleszt\u00e9si feladatok elv\u00e9gz\u00e9se a vev\u0151 ig\u00e9nyei szerint, poralap\u00fa, granul\u00e1lt \u00e9s darabos term\u00e9kek ter\u00fclet\u00e9n. A term\u00e9kek jelleg\u00e9nek kialak\u00edt\u00e1sa mellett a teljes term\u00e9kfejleszt\u00e9s elv\u00e9gz\u00e9se az alapanyagok kiv\u00e1laszt\u00e1s\u00e1t\u00f3l a gy\u00e1rt\u00e1si technol\u00f3gia meghat\u00e1roz\u00e1s\u00e1n kereszt\u00fcl a term\u00e9kcsomagol\u00e1s \u00e9s hat\u00f3s\u00e1gi enged\u00e9lyeztet\u00e9sig bez\u00e1r\u00f3lag.<\/p>\n\n\n\n<div class=\"wp-block-buttons is-layout-flex wp-block-buttons-is-layout-flex\">\n<div class=\"wp-block-button has-custom-width wp-block-button__width-50 has-custom-font-size has-small-font-size\"><a class=\"wp-block-button__link wp-element-button\" href=\"https:\/\/acc91073.maxer.hu\/hu\/termekfejlesztes\/\"><strong>R\u00e9szletek<\/strong><\/a><\/div>\n<\/div>\n\n\n\n<h2 class=\"wp-block-heading\"><strong>B\u00e9rgy\u00e1rt\u00e1s<\/strong><\/h2>\n\n\n\n<p>Poralap\u00fa \u00e9s darabos term\u00e9kek b\u00e9rgy\u00e1rt\u00e1sa, egyedi meg\u00e1llapod\u00e1s alapj\u00e1n: Sz\u00e1razkever\u00e9s, Agglomer\u00e1l\u00e1s (instantiz\u00e1l\u00e1s), \u00c1tcsomagol\u00e1s, B\u00e9rcsomagol\u00e1s (stick-pack, f\u00e9m doboz, zacsk\u00f3, doy-pack, zs\u00e1k, big-bag, karton, m\u0171anyag vagy \u00fcveg palack), Rakt\u00e1roz\u00e1s \u00e9s logisztika.<\/p>\n\n\n\n<div class=\"wp-block-buttons is-layout-flex wp-block-buttons-is-layout-flex\">\n<div class=\"wp-block-button has-custom-width wp-block-button__width-50 has-custom-font-size has-small-font-size\"><a class=\"wp-block-button__link wp-element-button\" href=\"https:\/\/acc91073.maxer.hu\/hu\/bergyartas\/\"><strong>R\u00e9szletek<\/strong><\/a><\/div>\n\n\n<\/div>\n","protected":false},"excerpt":{"rendered":"<p>Poralap\u00fa term\u00e9kek Magas min\u0151s\u00e9g\u0171 alapanyagok felhaszn\u00e1l\u00e1s\u00e1val k\u00e9sz\u00fcl\u0151 melegital-porok gy\u00e1rt\u00e1sa a vev\u0151i ig\u00e9nyek figyelembe v\u00e9tel\u00e9vel. Teljes term\u00e9kpaletta k\u00edn\u00e1lat a melegital automat\u00e1k \u00fczemeltet\u0151i sz\u00e1m\u00e1ra. A PPP m\u00e1rk\u00e1s term\u00e9kei \u2013 PPP Wonderful Drinks \u00e9s Moouw \u2013 mellet teljesen egyedi csomagol\u00e1sban, egyedi term\u00e9kek k\u00edn\u00e1lata. Term\u00e9kfejleszt\u00e9s Egyedi term\u00e9kfejleszt\u00e9si feladatok elv\u00e9gz\u00e9se a vev\u0151 ig\u00e9nyei szerint, poralap\u00fa, granul\u00e1lt \u00e9s darabos term\u00e9kek ter\u00fclet\u00e9n. &hellip; <\/p>\n<p class=\"link-more\"><a href=\"https:\/\/powder-products.com\/hu\/szolgaltatasaink\/\" class=\"more-link\"><span class=\"screen-reader-text\">&#8222;Term\u00e9kek \u00e9s szolg\u00e1ltat\u00e1sok&#8221;<\/span> b\u0151vebben<\/a><\/p>\n","protected":false},"author":2,"featured_media":0,"parent":0,"menu_order":0,"comment_status":"closed","ping_status":"closed","template":"","meta":{"footnotes":""},"class_list":["post-335","page","type-page","status-publish","hentry"],"yoast_head":"<!-- This site is optimized with the Yoast SEO Premium plugin v25.6 (Yoast SEO v26.1.1) - https:\/\/yoast.com\/wordpress\/plugins\/seo\/ -->\n<title>Term\u00e9kek \u00e9s szolg\u00e1ltat\u00e1sok - PPP Private Powder Products<\/title>\n<meta name=\"robots\" content=\"index, follow, max-snippet:-1, max-image-preview:large, max-video-preview:-1\" \/>\n<link rel=\"canonical\" href=\"https:\/\/powder-products.com\/services\/\" \/>\n<meta property=\"og:locale\" content=\"hu_HU\" \/>\n<meta property=\"og:type\" content=\"article\" \/>\n<meta property=\"og:title\" content=\"Term\u00e9kek \u00e9s szolg\u00e1ltat\u00e1sok\" \/>\n<meta property=\"og:description\" content=\"Poralap\u00fa term\u00e9kek Magas min\u0151s\u00e9g\u0171 alapanyagok felhaszn\u00e1l\u00e1s\u00e1val k\u00e9sz\u00fcl\u0151 melegital-porok gy\u00e1rt\u00e1sa a vev\u0151i ig\u00e9nyek figyelembe v\u00e9tel\u00e9vel. Teljes term\u00e9kpaletta k\u00edn\u00e1lat a melegital automat\u00e1k \u00fczemeltet\u0151i sz\u00e1m\u00e1ra. A PPP m\u00e1rk\u00e1s term\u00e9kei \u2013 PPP Wonderful Drinks \u00e9s Moouw \u2013 mellet teljesen egyedi csomagol\u00e1sban, egyedi term\u00e9kek k\u00edn\u00e1lata. Term\u00e9kfejleszt\u00e9s Egyedi term\u00e9kfejleszt\u00e9si feladatok elv\u00e9gz\u00e9se a vev\u0151 ig\u00e9nyei szerint, poralap\u00fa, granul\u00e1lt \u00e9s darabos term\u00e9kek ter\u00fclet\u00e9n. &hellip; &quot;Term\u00e9kek \u00e9s szolg\u00e1ltat\u00e1sok&quot; b\u0151vebben\" \/>\n<meta property=\"og:url\" content=\"https:\/\/powder-products.com\/services\/\" \/>\n<meta property=\"og:site_name\" content=\"PPP Private Powder Products\" \/>\n<meta property=\"article:publisher\" content=\"https:\/\/www.facebook.com\/privatepowderproducts\" \/>\n<meta property=\"article:modified_time\" content=\"2024-04-18T11:22:59+00:00\" \/>\n<meta name=\"twitter:card\" content=\"summary_large_image\" \/>\n<meta name=\"twitter:label1\" content=\"Becs\u00fclt olvas\u00e1si id\u0151\" \/>\n\t<meta name=\"twitter:data1\" content=\"1 perc\" \/>\n<script type=\"application\/ld+json\" class=\"yoast-schema-graph\">{\"@context\":\"https:\/\/schema.org\",\"@graph\":[{\"@type\":\"WebPage\",\"@id\":\"https:\/\/powder-products.com\/services\/\",\"url\":\"https:\/\/powder-products.com\/services\/\",\"name\":\"Term\u00e9kek \u00e9s szolg\u00e1ltat\u00e1sok - PPP Private Powder Products\",\"isPartOf\":{\"@id\":\"https:\/\/powder-products.com\/hu\/#website\"},\"datePublished\":\"2024-02-13T14:34:33+00:00\",\"dateModified\":\"2024-04-18T11:22:59+00:00\",\"breadcrumb\":{\"@id\":\"https:\/\/powder-products.com\/services\/#breadcrumb\"},\"inLanguage\":\"hu\",\"potentialAction\":[{\"@type\":\"ReadAction\",\"target\":[\"https:\/\/powder-products.com\/services\/\"]}]},{\"@type\":\"BreadcrumbList\",\"@id\":\"https:\/\/powder-products.com\/services\/#breadcrumb\",\"itemListElement\":[{\"@type\":\"ListItem\",\"position\":1,\"name\":\"Home\",\"item\":\"https:\/\/powder-products.com\/hu\/\"},{\"@type\":\"ListItem\",\"position\":2,\"name\":\"Term\u00e9kek \u00e9s szolg\u00e1ltat\u00e1sok\"}]},{\"@type\":\"WebSite\",\"@id\":\"https:\/\/powder-products.com\/hu\/#website\",\"url\":\"https:\/\/powder-products.com\/hu\/\",\"name\":\"PPP Private Powder Products\",\"description\":\"Powder based products according to your needs.\",\"publisher\":{\"@id\":\"https:\/\/powder-products.com\/hu\/#organization\"},\"potentialAction\":[{\"@type\":\"SearchAction\",\"target\":{\"@type\":\"EntryPoint\",\"urlTemplate\":\"https:\/\/powder-products.com\/hu\/?s={search_term_string}\"},\"query-input\":{\"@type\":\"PropertyValueSpecification\",\"valueRequired\":true,\"valueName\":\"search_term_string\"}}],\"inLanguage\":\"hu\"},{\"@type\":\"Organization\",\"@id\":\"https:\/\/powder-products.com\/hu\/#organization\",\"name\":\"PPP Private Powder Products\",\"url\":\"https:\/\/powder-products.com\/hu\/\",\"logo\":{\"@type\":\"ImageObject\",\"inLanguage\":\"hu\",\"@id\":\"https:\/\/powder-products.com\/hu\/#\/schema\/logo\/image\/\",\"url\":\"https:\/\/powder-products.com\/wp-content\/uploads\/2024\/02\/ppp_logo_new-01.png\",\"contentUrl\":\"https:\/\/powder-products.com\/wp-content\/uploads\/2024\/02\/ppp_logo_new-01.png\",\"width\":512,\"height\":202,\"caption\":\"PPP Private Powder Products\"},\"image\":{\"@id\":\"https:\/\/powder-products.com\/hu\/#\/schema\/logo\/image\/\"},\"sameAs\":[\"https:\/\/www.facebook.com\/privatepowderproducts\"]}]}<\/script>\n<!-- \/ Yoast SEO Premium plugin. -->","yoast_head_json":{"title":"Term\u00e9kek \u00e9s szolg\u00e1ltat\u00e1sok - PPP Private Powder Products","robots":{"index":"index","follow":"follow","max-snippet":"max-snippet:-1","max-image-preview":"max-image-preview:large","max-video-preview":"max-video-preview:-1"},"canonical":"https:\/\/powder-products.com\/services\/","og_locale":"hu_HU","og_type":"article","og_title":"Term\u00e9kek \u00e9s szolg\u00e1ltat\u00e1sok","og_description":"Poralap\u00fa term\u00e9kek Magas min\u0151s\u00e9g\u0171 alapanyagok felhaszn\u00e1l\u00e1s\u00e1val k\u00e9sz\u00fcl\u0151 melegital-porok gy\u00e1rt\u00e1sa a vev\u0151i ig\u00e9nyek figyelembe v\u00e9tel\u00e9vel. Teljes term\u00e9kpaletta k\u00edn\u00e1lat a melegital automat\u00e1k \u00fczemeltet\u0151i sz\u00e1m\u00e1ra. A PPP m\u00e1rk\u00e1s term\u00e9kei \u2013 PPP Wonderful Drinks \u00e9s Moouw \u2013 mellet teljesen egyedi csomagol\u00e1sban, egyedi term\u00e9kek k\u00edn\u00e1lata. Term\u00e9kfejleszt\u00e9s Egyedi term\u00e9kfejleszt\u00e9si feladatok elv\u00e9gz\u00e9se a vev\u0151 ig\u00e9nyei szerint, poralap\u00fa, granul\u00e1lt \u00e9s darabos term\u00e9kek ter\u00fclet\u00e9n. &hellip; \"Term\u00e9kek \u00e9s szolg\u00e1ltat\u00e1sok\" b\u0151vebben","og_url":"https:\/\/powder-products.com\/services\/","og_site_name":"PPP Private Powder Products","article_publisher":"https:\/\/www.facebook.com\/privatepowderproducts","article_modified_time":"2024-04-18T11:22:59+00:00","twitter_card":"summary_large_image","twitter_misc":{"Becs\u00fclt olvas\u00e1si id\u0151":"1 perc"},"schema":{"@context":"https:\/\/schema.org","@graph":[{"@type":"WebPage","@id":"https:\/\/powder-products.com\/services\/","url":"https:\/\/powder-products.com\/services\/","name":"Term\u00e9kek \u00e9s szolg\u00e1ltat\u00e1sok - PPP Private Powder Products","isPartOf":{"@id":"https:\/\/powder-products.com\/hu\/#website"},"datePublished":"2024-02-13T14:34:33+00:00","dateModified":"2024-04-18T11:22:59+00:00","breadcrumb":{"@id":"https:\/\/powder-products.com\/services\/#breadcrumb"},"inLanguage":"hu","potentialAction":[{"@type":"ReadAction","target":["https:\/\/powder-products.com\/services\/"]}]},{"@type":"BreadcrumbList","@id":"https:\/\/powder-products.com\/services\/#breadcrumb","itemListElement":[{"@type":"ListItem","position":1,"name":"Home","item":"https:\/\/powder-products.com\/hu\/"},{"@type":"ListItem","position":2,"name":"Term\u00e9kek \u00e9s szolg\u00e1ltat\u00e1sok"}]},{"@type":"WebSite","@id":"https:\/\/powder-products.com\/hu\/#website","url":"https:\/\/powder-products.com\/hu\/","name":"PPP Private Powder Products","description":"Powder based products according to your needs.","publisher":{"@id":"https:\/\/powder-products.com\/hu\/#organization"},"potentialAction":[{"@type":"SearchAction","target":{"@type":"EntryPoint","urlTemplate":"https:\/\/powder-products.com\/hu\/?s={search_term_string}"},"query-input":{"@type":"PropertyValueSpecification","valueRequired":true,"valueName":"search_term_string"}}],"inLanguage":"hu"},{"@type":"Organization","@id":"https:\/\/powder-products.com\/hu\/#organization","name":"PPP Private Powder Products","url":"https:\/\/powder-products.com\/hu\/","logo":{"@type":"ImageObject","inLanguage":"hu","@id":"https:\/\/powder-products.com\/hu\/#\/schema\/logo\/image\/","url":"https:\/\/powder-products.com\/wp-content\/uploads\/2024\/02\/ppp_logo_new-01.png","contentUrl":"https:\/\/powder-products.com\/wp-content\/uploads\/2024\/02\/ppp_logo_new-01.png","width":512,"height":202,"caption":"PPP Private Powder Products"},"image":{"@id":"https:\/\/powder-products.com\/hu\/#\/schema\/logo\/image\/"},"sameAs":["https:\/\/www.facebook.com\/privatepowderproducts"]}]}},"_links":{"self":[{"href":"https:\/\/powder-products.com\/hu\/wp-json\/wp\/v2\/pages\/335","targetHints":{"allow":["GET"]}}],"collection":[{"href":"https:\/\/powder-products.com\/hu\/wp-json\/wp\/v2\/pages"}],"about":[{"href":"https:\/\/powder-products.com\/hu\/wp-json\/wp\/v2\/types\/page"}],"author":[{"embeddable":true,"href":"https:\/\/powder-products.com\/hu\/wp-json\/wp\/v2\/users\/2"}],"replies":[{"embeddable":true,"href":"https:\/\/powder-products.com\/hu\/wp-json\/wp\/v2\/comments?post=335"}],"version-history":[{"count":2,"href":"https:\/\/powder-products.com\/hu\/wp-json\/wp\/v2\/pages\/335\/revisions"}],"predecessor-version":[{"id":1065,"href":"https:\/\/powder-products.com\/hu\/wp-json\/wp\/v2\/pages\/335\/revisions\/1065"}],"wp:attachment":[{"href":"https:\/\/powder-products.com\/hu\/wp-json\/wp\/v2\/media?parent=335"}],"curies":[{"name":"wp","href":"https:\/\/api.w.org\/{rel}","templated":true}]}}