{"id":361,"date":"2024-02-09T12:16:37","date_gmt":"2024-02-09T12:16:37","guid":{"rendered":"https:\/\/acc91073.maxer.hu\/kapcsolat\/"},"modified":"2024-05-30T09:26:52","modified_gmt":"2024-05-30T09:26:52","slug":"kapcsolat","status":"publish","type":"page","link":"https:\/\/powder-products.com\/hu\/kapcsolat\/","title":{"rendered":"Kapcsolat"},"content":{"rendered":"\n<p><strong>Itt tal\u00e1lsz meg minket:<\/strong><\/p>\n\n\n\n<p><strong><mark style=\"background-color:rgba(0, 0, 0, 0)\" class=\"has-inline-color has-vivid-red-color\">A Private Powder Products Kft.<\/mark><\/strong><\/p>\n\n\n\n<p>7630, P\u00e9cs, Moh\u00e1csi \u00fat 58.<br><br><strong><mark style=\"background-color:rgba(0, 0, 0, 0)\" class=\"has-inline-color has-vivid-red-color\">\u00c1ll\u00e1shirdet\u00e9sekkel kapcsolatos inform\u00e1ci\u00f3:<\/mark><\/strong><\/p>\n\n\n\n<p><strong>telefon: +36 70 733 23 05<\/strong><\/p>\n\n\n\n<p><strong>email:<\/strong> <strong>hr@powder-products.com<\/strong><\/p>\n\n\n\n<p><strong><mark style=\"background-color:rgba(0, 0, 0, 0)\" class=\"has-inline-color has-vivid-red-color\">\u00c1ltal\u00e1nos inform\u00e1ci\u00f3:<\/mark><\/strong><\/p>\n\n\n\n<p><strong>telefon: +36 30 779 7801<\/strong><\/p>\n\n\n\n<p><strong>email: karl@powder-products.com<\/strong><\/p>\n","protected":false},"excerpt":{"rendered":"<p>Itt tal\u00e1lsz meg minket: A Private Powder Products Kft. 7630, P\u00e9cs, Moh\u00e1csi \u00fat 58. \u00c1ll\u00e1shirdet\u00e9sekkel kapcsolatos inform\u00e1ci\u00f3: telefon: +36 70 733 23 05 email: hr@powder-products.com \u00c1ltal\u00e1nos inform\u00e1ci\u00f3: telefon: +36 30 779 7801 email: karl@powder-products.com<\/p>\n","protected":false},"author":1,"featured_media":0,"parent":0,"menu_order":0,"comment_status":"closed","ping_status":"closed","template":"","meta":{"footnotes":""},"class_list":["post-361","page","type-page","status-publish","hentry"],"yoast_head":"<!-- This site is optimized with the Yoast SEO Premium plugin v25.6 (Yoast SEO v26.1.1) - https:\/\/yoast.com\/wordpress\/plugins\/seo\/ -->\n<title>Kapcsolat - PPP Private Powder Products<\/title>\n<meta name=\"robots\" content=\"index, follow, max-snippet:-1, max-image-preview:large, max-video-preview:-1\" \/>\n<link rel=\"canonical\" href=\"https:\/\/powder-products.com\/contact\/\" \/>\n<meta property=\"og:locale\" content=\"hu_HU\" \/>\n<meta property=\"og:type\" content=\"article\" \/>\n<meta property=\"og:title\" content=\"Kapcsolat\" \/>\n<meta property=\"og:description\" content=\"Itt tal\u00e1lsz meg minket: A Private Powder Products Kft. 7630, P\u00e9cs, Moh\u00e1csi \u00fat 58. \u00c1ll\u00e1shirdet\u00e9sekkel kapcsolatos inform\u00e1ci\u00f3: telefon: +36 70 733 23 05 email: hr@powder-products.com \u00c1ltal\u00e1nos inform\u00e1ci\u00f3: telefon: +36 30 779 7801 email: karl@powder-products.com\" \/>\n<meta property=\"og:url\" content=\"https:\/\/powder-products.com\/contact\/\" \/>\n<meta property=\"og:site_name\" content=\"PPP Private Powder Products\" \/>\n<meta property=\"article:publisher\" content=\"https:\/\/www.facebook.com\/privatepowderproducts\" \/>\n<meta property=\"article:modified_time\" content=\"2024-05-30T09:26:52+00:00\" \/>\n<meta name=\"twitter:card\" content=\"summary_large_image\" \/>\n<script type=\"application\/ld+json\" class=\"yoast-schema-graph\">{\"@context\":\"https:\/\/schema.org\",\"@graph\":[{\"@type\":\"WebPage\",\"@id\":\"https:\/\/powder-products.com\/contact\/\",\"url\":\"https:\/\/powder-products.com\/contact\/\",\"name\":\"Kapcsolat - PPP Private Powder Products\",\"isPartOf\":{\"@id\":\"https:\/\/powder-products.com\/hu\/#website\"},\"datePublished\":\"2024-02-09T12:16:37+00:00\",\"dateModified\":\"2024-05-30T09:26:52+00:00\",\"breadcrumb\":{\"@id\":\"https:\/\/powder-products.com\/contact\/#breadcrumb\"},\"inLanguage\":\"hu\",\"potentialAction\":[{\"@type\":\"ReadAction\",\"target\":[\"https:\/\/powder-products.com\/contact\/\"]}]},{\"@type\":\"BreadcrumbList\",\"@id\":\"https:\/\/powder-products.com\/contact\/#breadcrumb\",\"itemListElement\":[{\"@type\":\"ListItem\",\"position\":1,\"name\":\"Home\",\"item\":\"https:\/\/powder-products.com\/hu\/\"},{\"@type\":\"ListItem\",\"position\":2,\"name\":\"Kapcsolat\"}]},{\"@type\":\"WebSite\",\"@id\":\"https:\/\/powder-products.com\/hu\/#website\",\"url\":\"https:\/\/powder-products.com\/hu\/\",\"name\":\"PPP Private Powder Products\",\"description\":\"Powder based products according to your needs.\",\"publisher\":{\"@id\":\"https:\/\/powder-products.com\/hu\/#organization\"},\"potentialAction\":[{\"@type\":\"SearchAction\",\"target\":{\"@type\":\"EntryPoint\",\"urlTemplate\":\"https:\/\/powder-products.com\/hu\/?s={search_term_string}\"},\"query-input\":{\"@type\":\"PropertyValueSpecification\",\"valueRequired\":true,\"valueName\":\"search_term_string\"}}],\"inLanguage\":\"hu\"},{\"@type\":\"Organization\",\"@id\":\"https:\/\/powder-products.com\/hu\/#organization\",\"name\":\"PPP Private Powder Products\",\"url\":\"https:\/\/powder-products.com\/hu\/\",\"logo\":{\"@type\":\"ImageObject\",\"inLanguage\":\"hu\",\"@id\":\"https:\/\/powder-products.com\/hu\/#\/schema\/logo\/image\/\",\"url\":\"https:\/\/powder-products.com\/wp-content\/uploads\/2024\/02\/ppp_logo_new-01.png\",\"contentUrl\":\"https:\/\/powder-products.com\/wp-content\/uploads\/2024\/02\/ppp_logo_new-01.png\",\"width\":512,\"height\":202,\"caption\":\"PPP Private Powder Products\"},\"image\":{\"@id\":\"https:\/\/powder-products.com\/hu\/#\/schema\/logo\/image\/\"},\"sameAs\":[\"https:\/\/www.facebook.com\/privatepowderproducts\"]}]}<\/script>\n<!-- \/ Yoast SEO Premium plugin. -->","yoast_head_json":{"title":"Kapcsolat - PPP Private Powder Products","robots":{"index":"index","follow":"follow","max-snippet":"max-snippet:-1","max-image-preview":"max-image-preview:large","max-video-preview":"max-video-preview:-1"},"canonical":"https:\/\/powder-products.com\/contact\/","og_locale":"hu_HU","og_type":"article","og_title":"Kapcsolat","og_description":"Itt tal\u00e1lsz meg minket: A Private Powder Products Kft. 7630, P\u00e9cs, Moh\u00e1csi \u00fat 58. \u00c1ll\u00e1shirdet\u00e9sekkel kapcsolatos inform\u00e1ci\u00f3: telefon: +36 70 733 23 05 email: hr@powder-products.com \u00c1ltal\u00e1nos inform\u00e1ci\u00f3: telefon: +36 30 779 7801 email: karl@powder-products.com","og_url":"https:\/\/powder-products.com\/contact\/","og_site_name":"PPP Private Powder Products","article_publisher":"https:\/\/www.facebook.com\/privatepowderproducts","article_modified_time":"2024-05-30T09:26:52+00:00","twitter_card":"summary_large_image","schema":{"@context":"https:\/\/schema.org","@graph":[{"@type":"WebPage","@id":"https:\/\/powder-products.com\/contact\/","url":"https:\/\/powder-products.com\/contact\/","name":"Kapcsolat - PPP Private Powder Products","isPartOf":{"@id":"https:\/\/powder-products.com\/hu\/#website"},"datePublished":"2024-02-09T12:16:37+00:00","dateModified":"2024-05-30T09:26:52+00:00","breadcrumb":{"@id":"https:\/\/powder-products.com\/contact\/#breadcrumb"},"inLanguage":"hu","potentialAction":[{"@type":"ReadAction","target":["https:\/\/powder-products.com\/contact\/"]}]},{"@type":"BreadcrumbList","@id":"https:\/\/powder-products.com\/contact\/#breadcrumb","itemListElement":[{"@type":"ListItem","position":1,"name":"Home","item":"https:\/\/powder-products.com\/hu\/"},{"@type":"ListItem","position":2,"name":"Kapcsolat"}]},{"@type":"WebSite","@id":"https:\/\/powder-products.com\/hu\/#website","url":"https:\/\/powder-products.com\/hu\/","name":"PPP Private Powder Products","description":"Powder based products according to your needs.","publisher":{"@id":"https:\/\/powder-products.com\/hu\/#organization"},"potentialAction":[{"@type":"SearchAction","target":{"@type":"EntryPoint","urlTemplate":"https:\/\/powder-products.com\/hu\/?s={search_term_string}"},"query-input":{"@type":"PropertyValueSpecification","valueRequired":true,"valueName":"search_term_string"}}],"inLanguage":"hu"},{"@type":"Organization","@id":"https:\/\/powder-products.com\/hu\/#organization","name":"PPP Private Powder Products","url":"https:\/\/powder-products.com\/hu\/","logo":{"@type":"ImageObject","inLanguage":"hu","@id":"https:\/\/powder-products.com\/hu\/#\/schema\/logo\/image\/","url":"https:\/\/powder-products.com\/wp-content\/uploads\/2024\/02\/ppp_logo_new-01.png","contentUrl":"https:\/\/powder-products.com\/wp-content\/uploads\/2024\/02\/ppp_logo_new-01.png","width":512,"height":202,"caption":"PPP Private Powder Products"},"image":{"@id":"https:\/\/powder-products.com\/hu\/#\/schema\/logo\/image\/"},"sameAs":["https:\/\/www.facebook.com\/privatepowderproducts"]}]}},"_links":{"self":[{"href":"https:\/\/powder-products.com\/hu\/wp-json\/wp\/v2\/pages\/361","targetHints":{"allow":["GET"]}}],"collection":[{"href":"https:\/\/powder-products.com\/hu\/wp-json\/wp\/v2\/pages"}],"about":[{"href":"https:\/\/powder-products.com\/hu\/wp-json\/wp\/v2\/types\/page"}],"author":[{"embeddable":true,"href":"https:\/\/powder-products.com\/hu\/wp-json\/wp\/v2\/users\/1"}],"replies":[{"embeddable":true,"href":"https:\/\/powder-products.com\/hu\/wp-json\/wp\/v2\/comments?post=361"}],"version-history":[{"count":4,"href":"https:\/\/powder-products.com\/hu\/wp-json\/wp\/v2\/pages\/361\/revisions"}],"predecessor-version":[{"id":1127,"href":"https:\/\/powder-products.com\/hu\/wp-json\/wp\/v2\/pages\/361\/revisions\/1127"}],"wp:attachment":[{"href":"https:\/\/powder-products.com\/hu\/wp-json\/wp\/v2\/media?parent=361"}],"curies":[{"name":"wp","href":"https:\/\/api.w.org\/{rel}","templated":true}]}}