{"id":368,"date":"2024-02-14T12:59:14","date_gmt":"2024-02-14T12:59:14","guid":{"rendered":"https:\/\/acc91073.maxer.hu\/termekfejlesztes\/"},"modified":"2024-04-08T13:27:00","modified_gmt":"2024-04-08T13:27:00","slug":"termekfejlesztes","status":"publish","type":"page","link":"https:\/\/powder-products.com\/hu\/termekfejlesztes\/","title":{"rendered":"Term\u00e9kfejleszt\u00e9s"},"content":{"rendered":"\n<h2 class=\"wp-block-heading\"><strong><mark style=\"background-color:rgba(0, 0, 0, 0)\" class=\"has-inline-color has-vivid-red-color\">1. l\u00e9p\u00e9s<\/mark><\/strong><\/h2>\n\n\n\n<div class=\"wp-block-media-text is-stacked-on-mobile\" style=\"grid-template-columns:15% auto\"><figure class=\"wp-block-media-text__media\"><img loading=\"lazy\" decoding=\"async\" width=\"128\" height=\"128\" src=\"https:\/\/acc91073.maxer.hu\/wp-content\/uploads\/2024\/04\/10505838651639495756-128-1.png\" alt=\"\" class=\"wp-image-954 size-full\" srcset=\"https:\/\/powder-products.com\/wp-content\/uploads\/2024\/04\/10505838651639495756-128-1.png 128w, https:\/\/powder-products.com\/wp-content\/uploads\/2024\/04\/10505838651639495756-128-1-100x100.png 100w\" sizes=\"auto, (max-width: 128px) 100vw, 128px\" \/><\/figure><div class=\"wp-block-media-text__content\">\n<p>Oszd meg vel\u00fcnk milyen poralap\u00fa term\u00e9ket \u00e1lmodt\u00e1l meg, mi pedig ismertetj\u00fck a lehet\u0151s\u00e9geket, bele\u00e9rtve term\u00e9kk\u00edn\u00e1latunkat, az el\u00e9rhet\u0151 csomagol\u00e1si form\u00e1kat \u00e9s term\u00e9kfejleszt\u00e9si folyamatokat. Biztos\u00edtunk sz\u00e1modra egy dedik\u00e1lt kapcsolattart\u00f3t, aki ell\u00e1tja a projekt menedzseri feladatokat \u00e9s naprak\u00e9sz inform\u00e1ci\u00f3kkal szolg\u00e1l sz\u00e1modra.<\/p>\n<\/div><\/div>\n\n\n\n<div class=\"wp-block-columns is-layout-flex wp-container-core-columns-is-layout-9d6595d7 wp-block-columns-is-layout-flex\">\n<div class=\"wp-block-column is-layout-flow wp-block-column-is-layout-flow\">\n<h2 class=\"wp-block-heading\"><strong><mark style=\"background-color:rgba(0, 0, 0, 0)\" class=\"has-inline-color has-vivid-red-color\">2. l\u00e9p\u00e9s<\/mark><\/strong><\/h2>\n\n\n\n<div class=\"wp-block-media-text is-stacked-on-mobile\" style=\"grid-template-columns:15% auto\"><figure class=\"wp-block-media-text__media\"><img loading=\"lazy\" decoding=\"async\" width=\"128\" height=\"128\" src=\"https:\/\/acc91073.maxer.hu\/wp-content\/uploads\/2024\/04\/7372861651683293150-128-1.png\" alt=\"\" class=\"wp-image-958 size-full\" srcset=\"https:\/\/powder-products.com\/wp-content\/uploads\/2024\/04\/7372861651683293150-128-1.png 128w, https:\/\/powder-products.com\/wp-content\/uploads\/2024\/04\/7372861651683293150-128-1-100x100.png 100w\" sizes=\"auto, (max-width: 128px) 100vw, 128px\" \/><\/figure><div class=\"wp-block-media-text__content\">\n<p>D\u00f6nthetsz \u00fagy, hogy saj\u00e1t arculatodra form\u00e1lsz egy m\u00e1r \u00e1ltalunk \u00e9rt\u00e9kes\u00edtett term\u00e9ket, vagy v\u00e1laszthatod all-in-one megold\u00e1sunkat, amely keretein bel\u00fcl a term\u00e9kfejleszt\u00e9st\u0151l, a csomagol\u00e1s tervez\u00e9sen \u00e1t a k\u00e9szterm\u00e9k el\u0151\u00e1ll\u00edt\u00e1s\u00e1ig \u00e9s enged\u00e9lyeztet\u00e9s\u00e9ig t\u00e1mogatunk.<\/p>\n<\/div><\/div>\n\n\n\n<h2 class=\"wp-block-heading\"><strong><mark style=\"background-color:rgba(0, 0, 0, 0)\" class=\"has-inline-color has-vivid-red-color\">3. l\u00e9p\u00e9s<\/mark><\/strong><\/h2>\n\n\n\n<div class=\"wp-block-media-text is-stacked-on-mobile\" style=\"grid-template-columns:15% auto\"><figure class=\"wp-block-media-text__media\"><img loading=\"lazy\" decoding=\"async\" width=\"128\" height=\"128\" src=\"https:\/\/acc91073.maxer.hu\/wp-content\/uploads\/2024\/04\/6769615631639470522-128-1.png\" alt=\"\" class=\"wp-image-961 size-full\" srcset=\"https:\/\/powder-products.com\/wp-content\/uploads\/2024\/04\/6769615631639470522-128-1.png 128w, https:\/\/powder-products.com\/wp-content\/uploads\/2024\/04\/6769615631639470522-128-1-100x100.png 100w\" sizes=\"auto, (max-width: 128px) 100vw, 128px\" \/><\/figure><div class=\"wp-block-media-text__content\">\n<p>Ha term\u00e9kk\u00edn\u00e1latunkb\u00f3l v\u00e1lasztasz term\u00e9ket, amit saj\u00e1t m\u00e1rk\u00e1d neve alatt \u00e9rt\u00e9kes\u00edten\u00e9l, tervez\u0151 grafikus csapatunk seg\u00edt abban, hogy term\u00e9k megjelen\u00e9si terveid val\u00f3s form\u00e1t nyerjenek.<\/p>\n<\/div><\/div>\n<\/div>\n<\/div>\n\n\n\n<div class=\"wp-block-columns is-layout-flex wp-container-core-columns-is-layout-9d6595d7 wp-block-columns-is-layout-flex\">\n<div class=\"wp-block-column is-layout-flow wp-block-column-is-layout-flow\">\n<h2 class=\"wp-block-heading\"><strong><mark style=\"background-color:rgba(0, 0, 0, 0)\" class=\"has-inline-color has-vivid-red-color\">4. l\u00e9p\u00e9s<\/mark><\/strong><\/h2>\n\n\n\n<div class=\"wp-block-media-text is-stacked-on-mobile\" style=\"grid-template-columns:15% auto\"><figure class=\"wp-block-media-text__media\"><img loading=\"lazy\" decoding=\"async\" width=\"128\" height=\"128\" src=\"https:\/\/acc91073.maxer.hu\/wp-content\/uploads\/2024\/04\/100066945116317756104233-128-1.png\" alt=\"\" class=\"wp-image-964 size-full\" srcset=\"https:\/\/powder-products.com\/wp-content\/uploads\/2024\/04\/100066945116317756104233-128-1.png 128w, https:\/\/powder-products.com\/wp-content\/uploads\/2024\/04\/100066945116317756104233-128-1-100x100.png 100w\" sizes=\"auto, (max-width: 128px) 100vw, 128px\" \/><\/figure><div class=\"wp-block-media-text__content\">\n<p>Ha egyedi term\u00e9kfejleszt\u00e9s mellett d\u00f6ntesz, term\u00e9kfejleszt\u0151, tervez\u0151 grafikus, min\u0151s\u00e9gellen\u0151r \u00e9s projekt menedzser koll\u00e9g\u00e1ink k\u00f6zrem\u0171k\u00f6d\u00e9s\u00e9vel \u00e9rheted el kit\u0171z\u00f6tt c\u00e9ljaidat.<\/p>\n<\/div><\/div>\n\n\n\n<h2 class=\"wp-block-heading\"><strong><mark style=\"background-color:rgba(0, 0, 0, 0)\" class=\"has-inline-color has-vivid-red-color\">5. l\u00e9p\u00e9s<\/mark><\/strong><\/h2>\n\n\n\n<div class=\"wp-block-media-text is-stacked-on-mobile\" style=\"grid-template-columns:15% auto\"><figure class=\"wp-block-media-text__media\"><img loading=\"lazy\" decoding=\"async\" width=\"128\" height=\"128\" src=\"https:\/\/acc91073.maxer.hu\/wp-content\/uploads\/2024\/04\/10104079031640698745-128-1.png\" alt=\"\" class=\"wp-image-967 size-full\" srcset=\"https:\/\/powder-products.com\/wp-content\/uploads\/2024\/04\/10104079031640698745-128-1.png 128w, https:\/\/powder-products.com\/wp-content\/uploads\/2024\/04\/10104079031640698745-128-1-100x100.png 100w\" sizes=\"auto, (max-width: 128px) 100vw, 128px\" \/><\/figure><div class=\"wp-block-media-text__content\">\n<p>Az egyedi \u00f6tleted \u00e9s a mi szaktud\u00e1sunk eredm\u00e9nyek\u00e9ppen egy j\u00f3 min\u0151s\u00e9g\u0171 \u00e9s piack\u00e9pes term\u00e9k sz\u00fcletik. A min\u0151s\u00e9gi \u00f6sszetev\u0151k, ig\u00e9nyes design \u00e9s szak\u00e9rtelem garant\u00e1lja term\u00e9ked sikeress\u00e9g\u00e9t.<\/p>\n<\/div><\/div>\n<\/div>\n<\/div>\n","protected":false},"excerpt":{"rendered":"<p>1. l\u00e9p\u00e9s Oszd meg vel\u00fcnk milyen poralap\u00fa term\u00e9ket \u00e1lmodt\u00e1l meg, mi pedig ismertetj\u00fck a lehet\u0151s\u00e9geket, bele\u00e9rtve term\u00e9kk\u00edn\u00e1latunkat, az el\u00e9rhet\u0151 csomagol\u00e1si form\u00e1kat \u00e9s term\u00e9kfejleszt\u00e9si folyamatokat. Biztos\u00edtunk sz\u00e1modra egy dedik\u00e1lt kapcsolattart\u00f3t, aki ell\u00e1tja a projekt menedzseri feladatokat \u00e9s naprak\u00e9sz inform\u00e1ci\u00f3kkal szolg\u00e1l sz\u00e1modra. 2. l\u00e9p\u00e9s D\u00f6nthetsz \u00fagy, hogy saj\u00e1t arculatodra form\u00e1lsz egy m\u00e1r \u00e1ltalunk \u00e9rt\u00e9kes\u00edtett term\u00e9ket, vagy v\u00e1laszthatod &hellip; <\/p>\n<p class=\"link-more\"><a href=\"https:\/\/powder-products.com\/hu\/termekfejlesztes\/\" class=\"more-link\"><span class=\"screen-reader-text\">&#8222;Term\u00e9kfejleszt\u00e9s&#8221;<\/span> b\u0151vebben<\/a><\/p>\n","protected":false},"author":2,"featured_media":0,"parent":0,"menu_order":0,"comment_status":"closed","ping_status":"closed","template":"","meta":{"footnotes":""},"class_list":["post-368","page","type-page","status-publish","hentry"],"yoast_head":"<!-- This site is optimized with the Yoast SEO Premium plugin v25.6 (Yoast SEO v26.1.1) - https:\/\/yoast.com\/wordpress\/plugins\/seo\/ -->\n<title>Term\u00e9kfejleszt\u00e9s - PPP Private Powder Products<\/title>\n<meta name=\"robots\" content=\"index, follow, max-snippet:-1, max-image-preview:large, max-video-preview:-1\" \/>\n<link rel=\"canonical\" href=\"https:\/\/powder-products.com\/product-development\/\" \/>\n<meta property=\"og:locale\" content=\"hu_HU\" \/>\n<meta property=\"og:type\" content=\"article\" \/>\n<meta property=\"og:title\" content=\"Term\u00e9kfejleszt\u00e9s\" \/>\n<meta property=\"og:description\" content=\"1. l\u00e9p\u00e9s Oszd meg vel\u00fcnk milyen poralap\u00fa term\u00e9ket \u00e1lmodt\u00e1l meg, mi pedig ismertetj\u00fck a lehet\u0151s\u00e9geket, bele\u00e9rtve term\u00e9kk\u00edn\u00e1latunkat, az el\u00e9rhet\u0151 csomagol\u00e1si form\u00e1kat \u00e9s term\u00e9kfejleszt\u00e9si folyamatokat. Biztos\u00edtunk sz\u00e1modra egy dedik\u00e1lt kapcsolattart\u00f3t, aki ell\u00e1tja a projekt menedzseri feladatokat \u00e9s naprak\u00e9sz inform\u00e1ci\u00f3kkal szolg\u00e1l sz\u00e1modra. 2. l\u00e9p\u00e9s D\u00f6nthetsz \u00fagy, hogy saj\u00e1t arculatodra form\u00e1lsz egy m\u00e1r \u00e1ltalunk \u00e9rt\u00e9kes\u00edtett term\u00e9ket, vagy v\u00e1laszthatod &hellip; &quot;Term\u00e9kfejleszt\u00e9s&quot; b\u0151vebben\" \/>\n<meta property=\"og:url\" content=\"https:\/\/powder-products.com\/product-development\/\" \/>\n<meta property=\"og:site_name\" content=\"PPP Private Powder Products\" \/>\n<meta property=\"article:publisher\" content=\"https:\/\/www.facebook.com\/privatepowderproducts\" \/>\n<meta property=\"article:modified_time\" content=\"2024-04-08T13:27:00+00:00\" \/>\n<meta property=\"og:image\" content=\"https:\/\/acc91073.maxer.hu\/wp-content\/uploads\/2024\/04\/10505838651639495756-128-1.png\" \/>\n<meta name=\"twitter:card\" content=\"summary_large_image\" \/>\n<meta name=\"twitter:label1\" content=\"Becs\u00fclt olvas\u00e1si id\u0151\" \/>\n\t<meta name=\"twitter:data1\" content=\"1 perc\" \/>\n<script type=\"application\/ld+json\" class=\"yoast-schema-graph\">{\"@context\":\"https:\/\/schema.org\",\"@graph\":[{\"@type\":\"WebPage\",\"@id\":\"https:\/\/powder-products.com\/product-development\/\",\"url\":\"https:\/\/powder-products.com\/product-development\/\",\"name\":\"Term\u00e9kfejleszt\u00e9s - PPP Private Powder Products\",\"isPartOf\":{\"@id\":\"https:\/\/powder-products.com\/hu\/#website\"},\"primaryImageOfPage\":{\"@id\":\"https:\/\/powder-products.com\/product-development\/#primaryimage\"},\"image\":{\"@id\":\"https:\/\/powder-products.com\/product-development\/#primaryimage\"},\"thumbnailUrl\":\"https:\/\/acc91073.maxer.hu\/wp-content\/uploads\/2024\/04\/10505838651639495756-128-1.png\",\"datePublished\":\"2024-02-14T12:59:14+00:00\",\"dateModified\":\"2024-04-08T13:27:00+00:00\",\"breadcrumb\":{\"@id\":\"https:\/\/powder-products.com\/product-development\/#breadcrumb\"},\"inLanguage\":\"hu\",\"potentialAction\":[{\"@type\":\"ReadAction\",\"target\":[\"https:\/\/powder-products.com\/product-development\/\"]}]},{\"@type\":\"ImageObject\",\"inLanguage\":\"hu\",\"@id\":\"https:\/\/powder-products.com\/product-development\/#primaryimage\",\"url\":\"https:\/\/acc91073.maxer.hu\/wp-content\/uploads\/2024\/04\/10505838651639495756-128-1.png\",\"contentUrl\":\"https:\/\/acc91073.maxer.hu\/wp-content\/uploads\/2024\/04\/10505838651639495756-128-1.png\"},{\"@type\":\"BreadcrumbList\",\"@id\":\"https:\/\/powder-products.com\/product-development\/#breadcrumb\",\"itemListElement\":[{\"@type\":\"ListItem\",\"position\":1,\"name\":\"Home\",\"item\":\"https:\/\/powder-products.com\/hu\/\"},{\"@type\":\"ListItem\",\"position\":2,\"name\":\"Term\u00e9kfejleszt\u00e9s\"}]},{\"@type\":\"WebSite\",\"@id\":\"https:\/\/powder-products.com\/hu\/#website\",\"url\":\"https:\/\/powder-products.com\/hu\/\",\"name\":\"PPP Private Powder Products\",\"description\":\"Powder based products according to your needs.\",\"publisher\":{\"@id\":\"https:\/\/powder-products.com\/hu\/#organization\"},\"potentialAction\":[{\"@type\":\"SearchAction\",\"target\":{\"@type\":\"EntryPoint\",\"urlTemplate\":\"https:\/\/powder-products.com\/hu\/?s={search_term_string}\"},\"query-input\":{\"@type\":\"PropertyValueSpecification\",\"valueRequired\":true,\"valueName\":\"search_term_string\"}}],\"inLanguage\":\"hu\"},{\"@type\":\"Organization\",\"@id\":\"https:\/\/powder-products.com\/hu\/#organization\",\"name\":\"PPP Private Powder Products\",\"url\":\"https:\/\/powder-products.com\/hu\/\",\"logo\":{\"@type\":\"ImageObject\",\"inLanguage\":\"hu\",\"@id\":\"https:\/\/powder-products.com\/hu\/#\/schema\/logo\/image\/\",\"url\":\"https:\/\/powder-products.com\/wp-content\/uploads\/2024\/02\/ppp_logo_new-01.png\",\"contentUrl\":\"https:\/\/powder-products.com\/wp-content\/uploads\/2024\/02\/ppp_logo_new-01.png\",\"width\":512,\"height\":202,\"caption\":\"PPP Private Powder Products\"},\"image\":{\"@id\":\"https:\/\/powder-products.com\/hu\/#\/schema\/logo\/image\/\"},\"sameAs\":[\"https:\/\/www.facebook.com\/privatepowderproducts\"]}]}<\/script>\n<!-- \/ Yoast SEO Premium plugin. -->","yoast_head_json":{"title":"Term\u00e9kfejleszt\u00e9s - PPP Private Powder Products","robots":{"index":"index","follow":"follow","max-snippet":"max-snippet:-1","max-image-preview":"max-image-preview:large","max-video-preview":"max-video-preview:-1"},"canonical":"https:\/\/powder-products.com\/product-development\/","og_locale":"hu_HU","og_type":"article","og_title":"Term\u00e9kfejleszt\u00e9s","og_description":"1. l\u00e9p\u00e9s Oszd meg vel\u00fcnk milyen poralap\u00fa term\u00e9ket \u00e1lmodt\u00e1l meg, mi pedig ismertetj\u00fck a lehet\u0151s\u00e9geket, bele\u00e9rtve term\u00e9kk\u00edn\u00e1latunkat, az el\u00e9rhet\u0151 csomagol\u00e1si form\u00e1kat \u00e9s term\u00e9kfejleszt\u00e9si folyamatokat. Biztos\u00edtunk sz\u00e1modra egy dedik\u00e1lt kapcsolattart\u00f3t, aki ell\u00e1tja a projekt menedzseri feladatokat \u00e9s naprak\u00e9sz inform\u00e1ci\u00f3kkal szolg\u00e1l sz\u00e1modra. 2. l\u00e9p\u00e9s D\u00f6nthetsz \u00fagy, hogy saj\u00e1t arculatodra form\u00e1lsz egy m\u00e1r \u00e1ltalunk \u00e9rt\u00e9kes\u00edtett term\u00e9ket, vagy v\u00e1laszthatod &hellip; \"Term\u00e9kfejleszt\u00e9s\" b\u0151vebben","og_url":"https:\/\/powder-products.com\/product-development\/","og_site_name":"PPP Private Powder Products","article_publisher":"https:\/\/www.facebook.com\/privatepowderproducts","article_modified_time":"2024-04-08T13:27:00+00:00","og_image":[{"url":"https:\/\/acc91073.maxer.hu\/wp-content\/uploads\/2024\/04\/10505838651639495756-128-1.png","type":"","width":"","height":""}],"twitter_card":"summary_large_image","twitter_misc":{"Becs\u00fclt olvas\u00e1si id\u0151":"1 perc"},"schema":{"@context":"https:\/\/schema.org","@graph":[{"@type":"WebPage","@id":"https:\/\/powder-products.com\/product-development\/","url":"https:\/\/powder-products.com\/product-development\/","name":"Term\u00e9kfejleszt\u00e9s - PPP Private Powder Products","isPartOf":{"@id":"https:\/\/powder-products.com\/hu\/#website"},"primaryImageOfPage":{"@id":"https:\/\/powder-products.com\/product-development\/#primaryimage"},"image":{"@id":"https:\/\/powder-products.com\/product-development\/#primaryimage"},"thumbnailUrl":"https:\/\/acc91073.maxer.hu\/wp-content\/uploads\/2024\/04\/10505838651639495756-128-1.png","datePublished":"2024-02-14T12:59:14+00:00","dateModified":"2024-04-08T13:27:00+00:00","breadcrumb":{"@id":"https:\/\/powder-products.com\/product-development\/#breadcrumb"},"inLanguage":"hu","potentialAction":[{"@type":"ReadAction","target":["https:\/\/powder-products.com\/product-development\/"]}]},{"@type":"ImageObject","inLanguage":"hu","@id":"https:\/\/powder-products.com\/product-development\/#primaryimage","url":"https:\/\/acc91073.maxer.hu\/wp-content\/uploads\/2024\/04\/10505838651639495756-128-1.png","contentUrl":"https:\/\/acc91073.maxer.hu\/wp-content\/uploads\/2024\/04\/10505838651639495756-128-1.png"},{"@type":"BreadcrumbList","@id":"https:\/\/powder-products.com\/product-development\/#breadcrumb","itemListElement":[{"@type":"ListItem","position":1,"name":"Home","item":"https:\/\/powder-products.com\/hu\/"},{"@type":"ListItem","position":2,"name":"Term\u00e9kfejleszt\u00e9s"}]},{"@type":"WebSite","@id":"https:\/\/powder-products.com\/hu\/#website","url":"https:\/\/powder-products.com\/hu\/","name":"PPP Private Powder Products","description":"Powder based products according to your needs.","publisher":{"@id":"https:\/\/powder-products.com\/hu\/#organization"},"potentialAction":[{"@type":"SearchAction","target":{"@type":"EntryPoint","urlTemplate":"https:\/\/powder-products.com\/hu\/?s={search_term_string}"},"query-input":{"@type":"PropertyValueSpecification","valueRequired":true,"valueName":"search_term_string"}}],"inLanguage":"hu"},{"@type":"Organization","@id":"https:\/\/powder-products.com\/hu\/#organization","name":"PPP Private Powder Products","url":"https:\/\/powder-products.com\/hu\/","logo":{"@type":"ImageObject","inLanguage":"hu","@id":"https:\/\/powder-products.com\/hu\/#\/schema\/logo\/image\/","url":"https:\/\/powder-products.com\/wp-content\/uploads\/2024\/02\/ppp_logo_new-01.png","contentUrl":"https:\/\/powder-products.com\/wp-content\/uploads\/2024\/02\/ppp_logo_new-01.png","width":512,"height":202,"caption":"PPP Private Powder Products"},"image":{"@id":"https:\/\/powder-products.com\/hu\/#\/schema\/logo\/image\/"},"sameAs":["https:\/\/www.facebook.com\/privatepowderproducts"]}]}},"_links":{"self":[{"href":"https:\/\/powder-products.com\/hu\/wp-json\/wp\/v2\/pages\/368","targetHints":{"allow":["GET"]}}],"collection":[{"href":"https:\/\/powder-products.com\/hu\/wp-json\/wp\/v2\/pages"}],"about":[{"href":"https:\/\/powder-products.com\/hu\/wp-json\/wp\/v2\/types\/page"}],"author":[{"embeddable":true,"href":"https:\/\/powder-products.com\/hu\/wp-json\/wp\/v2\/users\/2"}],"replies":[{"embeddable":true,"href":"https:\/\/powder-products.com\/hu\/wp-json\/wp\/v2\/comments?post=368"}],"version-history":[{"count":2,"href":"https:\/\/powder-products.com\/hu\/wp-json\/wp\/v2\/pages\/368\/revisions"}],"predecessor-version":[{"id":970,"href":"https:\/\/powder-products.com\/hu\/wp-json\/wp\/v2\/pages\/368\/revisions\/970"}],"wp:attachment":[{"href":"https:\/\/powder-products.com\/hu\/wp-json\/wp\/v2\/media?parent=368"}],"curies":[{"name":"wp","href":"https:\/\/api.w.org\/{rel}","templated":true}]}}