{"id":369,"date":"2024-02-14T12:59:32","date_gmt":"2024-02-14T12:59:32","guid":{"rendered":"https:\/\/acc91073.maxer.hu\/bergyartas\/"},"modified":"2024-03-11T13:36:31","modified_gmt":"2024-03-11T13:36:31","slug":"bergyartas","status":"publish","type":"page","link":"https:\/\/powder-products.com\/hu\/bergyartas\/","title":{"rendered":"B\u00e9rgy\u00e1rt\u00e1s"},"content":{"rendered":"\n<p>Egyedi term\u00e9kfejleszt\u00e9si feladatok elv\u00e9gz\u00e9se a vev\u0151 ig\u00e9nyei szerint, poralap\u00fa, granul\u00e1lt \u00e9s darabos term\u00e9kek ter\u00fclet\u00e9n. A term\u00e9kek jelleg\u00e9nek kialak\u00edt\u00e1sa mellett a teljes term\u00e9kfejleszt\u00e9s elv\u00e9gz\u00e9se az alapanyagok kiv\u00e1laszt\u00e1s\u00e1t\u00f3l a gy\u00e1rt\u00e1si technol\u00f3gia meghat\u00e1roz\u00e1s\u00e1n kereszt\u00fcl a term\u00e9kcsomagol\u00e1s \u00e9s hat\u00f3s\u00e1gi enged\u00e9lyeztet\u00e9sig bez\u00e1r\u00f3lag. <\/p>\n\n\n\n<p>El\u00e9rhet\u0151 csomagol\u00e1si megold\u00e1saink: <\/p>\n\n\n\n<p><\/p>\n\n\n\n<div class=\"wp-block-columns is-layout-flex wp-container-core-columns-is-layout-9d6595d7 wp-block-columns-is-layout-flex\">\n<div class=\"wp-block-column is-layout-flow wp-block-column-is-layout-flow\">\n<figure class=\"wp-block-image size-full is-resized\"><img loading=\"lazy\" decoding=\"async\" width=\"296\" height=\"297\" src=\"https:\/\/acc91073.maxer.hu\/wp-content\/uploads\/2024\/03\/soma_web_icon_termekek-02_f.png\" alt=\"\" class=\"wp-image-593\" style=\"width:192px;height:auto\" srcset=\"https:\/\/powder-products.com\/wp-content\/uploads\/2024\/03\/soma_web_icon_termekek-02_f.png 296w, https:\/\/powder-products.com\/wp-content\/uploads\/2024\/03\/soma_web_icon_termekek-02_f-150x150.png 150w, https:\/\/powder-products.com\/wp-content\/uploads\/2024\/03\/soma_web_icon_termekek-02_f-100x100.png 100w\" sizes=\"auto, (max-width: 296px) 100vw, 296px\" \/><\/figure>\n<\/div>\n\n\n\n<div class=\"wp-block-column is-layout-flow wp-block-column-is-layout-flow\">\n<figure class=\"wp-block-image size-full is-resized\"><img loading=\"lazy\" decoding=\"async\" width=\"296\" height=\"297\" src=\"https:\/\/acc91073.maxer.hu\/wp-content\/uploads\/2024\/03\/soma_web_icon_termekek-03_f.png\" alt=\"\" class=\"wp-image-596\" style=\"width:189px;height:auto\" srcset=\"https:\/\/powder-products.com\/wp-content\/uploads\/2024\/03\/soma_web_icon_termekek-03_f.png 296w, https:\/\/powder-products.com\/wp-content\/uploads\/2024\/03\/soma_web_icon_termekek-03_f-150x150.png 150w, https:\/\/powder-products.com\/wp-content\/uploads\/2024\/03\/soma_web_icon_termekek-03_f-100x100.png 100w\" sizes=\"auto, (max-width: 296px) 100vw, 296px\" \/><\/figure>\n<\/div>\n\n\n\n<div class=\"wp-block-column is-layout-flow wp-block-column-is-layout-flow\">\n<figure class=\"wp-block-image size-full\"><img loading=\"lazy\" decoding=\"async\" width=\"296\" height=\"297\" src=\"https:\/\/acc91073.maxer.hu\/wp-content\/uploads\/2024\/03\/soma_web_icon_termekek-04_f.png\" alt=\"\" class=\"wp-image-599\" srcset=\"https:\/\/powder-products.com\/wp-content\/uploads\/2024\/03\/soma_web_icon_termekek-04_f.png 296w, https:\/\/powder-products.com\/wp-content\/uploads\/2024\/03\/soma_web_icon_termekek-04_f-150x150.png 150w, https:\/\/powder-products.com\/wp-content\/uploads\/2024\/03\/soma_web_icon_termekek-04_f-100x100.png 100w\" sizes=\"auto, (max-width: 296px) 100vw, 296px\" \/><\/figure>\n<\/div>\n<\/div>\n\n\n\n<div class=\"wp-block-columns is-layout-flex wp-container-core-columns-is-layout-9d6595d7 wp-block-columns-is-layout-flex\">\n<div class=\"wp-block-column is-layout-flow wp-block-column-is-layout-flow\">\n<figure class=\"wp-block-image size-full\"><img loading=\"lazy\" decoding=\"async\" width=\"297\" height=\"297\" src=\"https:\/\/acc91073.maxer.hu\/wp-content\/uploads\/2024\/03\/soma_web_icon_termekek-05_f.png\" alt=\"\" class=\"wp-image-602\" srcset=\"https:\/\/powder-products.com\/wp-content\/uploads\/2024\/03\/soma_web_icon_termekek-05_f.png 297w, https:\/\/powder-products.com\/wp-content\/uploads\/2024\/03\/soma_web_icon_termekek-05_f-150x150.png 150w, https:\/\/powder-products.com\/wp-content\/uploads\/2024\/03\/soma_web_icon_termekek-05_f-100x100.png 100w\" sizes=\"auto, (max-width: 297px) 100vw, 297px\" \/><\/figure>\n<\/div>\n\n\n\n<div class=\"wp-block-column is-layout-flow wp-block-column-is-layout-flow\">\n<figure class=\"wp-block-image size-full\"><img loading=\"lazy\" decoding=\"async\" width=\"296\" height=\"297\" src=\"https:\/\/acc91073.maxer.hu\/wp-content\/uploads\/2024\/03\/soma_web_icon_termekek-06_f.png\" alt=\"\" class=\"wp-image-605\" srcset=\"https:\/\/powder-products.com\/wp-content\/uploads\/2024\/03\/soma_web_icon_termekek-06_f.png 296w, https:\/\/powder-products.com\/wp-content\/uploads\/2024\/03\/soma_web_icon_termekek-06_f-150x150.png 150w, https:\/\/powder-products.com\/wp-content\/uploads\/2024\/03\/soma_web_icon_termekek-06_f-100x100.png 100w\" sizes=\"auto, (max-width: 296px) 100vw, 296px\" \/><\/figure>\n<\/div>\n\n\n\n<div class=\"wp-block-column is-layout-flow wp-block-column-is-layout-flow\">\n<figure class=\"wp-block-image size-full\"><img loading=\"lazy\" decoding=\"async\" width=\"296\" height=\"297\" src=\"https:\/\/acc91073.maxer.hu\/wp-content\/uploads\/2024\/03\/soma_web_icon_termekek-07_f.png\" alt=\"\" class=\"wp-image-608\" srcset=\"https:\/\/powder-products.com\/wp-content\/uploads\/2024\/03\/soma_web_icon_termekek-07_f.png 296w, https:\/\/powder-products.com\/wp-content\/uploads\/2024\/03\/soma_web_icon_termekek-07_f-150x150.png 150w, https:\/\/powder-products.com\/wp-content\/uploads\/2024\/03\/soma_web_icon_termekek-07_f-100x100.png 100w\" sizes=\"auto, (max-width: 296px) 100vw, 296px\" \/><\/figure>\n<\/div>\n<\/div>\n","protected":false},"excerpt":{"rendered":"<p>Egyedi term\u00e9kfejleszt\u00e9si feladatok elv\u00e9gz\u00e9se a vev\u0151 ig\u00e9nyei szerint, poralap\u00fa, granul\u00e1lt \u00e9s darabos term\u00e9kek ter\u00fclet\u00e9n. A term\u00e9kek jelleg\u00e9nek kialak\u00edt\u00e1sa mellett a teljes term\u00e9kfejleszt\u00e9s elv\u00e9gz\u00e9se az alapanyagok kiv\u00e1laszt\u00e1s\u00e1t\u00f3l a gy\u00e1rt\u00e1si technol\u00f3gia meghat\u00e1roz\u00e1s\u00e1n kereszt\u00fcl a term\u00e9kcsomagol\u00e1s \u00e9s hat\u00f3s\u00e1gi enged\u00e9lyeztet\u00e9sig bez\u00e1r\u00f3lag. El\u00e9rhet\u0151 csomagol\u00e1si megold\u00e1saink:<\/p>\n","protected":false},"author":2,"featured_media":0,"parent":0,"menu_order":0,"comment_status":"closed","ping_status":"closed","template":"","meta":{"footnotes":""},"class_list":["post-369","page","type-page","status-publish","hentry"],"yoast_head":"<!-- This site is optimized with the Yoast SEO Premium plugin v25.6 (Yoast SEO v26.1.1) - https:\/\/yoast.com\/wordpress\/plugins\/seo\/ -->\n<title>B\u00e9rgy\u00e1rt\u00e1s - PPP Private Powder Products<\/title>\n<meta name=\"robots\" content=\"index, follow, max-snippet:-1, max-image-preview:large, max-video-preview:-1\" \/>\n<link rel=\"canonical\" href=\"https:\/\/powder-products.com\/contract-manufacturing\/\" \/>\n<meta property=\"og:locale\" content=\"hu_HU\" \/>\n<meta property=\"og:type\" content=\"article\" \/>\n<meta property=\"og:title\" content=\"B\u00e9rgy\u00e1rt\u00e1s\" \/>\n<meta property=\"og:description\" content=\"Egyedi term\u00e9kfejleszt\u00e9si feladatok elv\u00e9gz\u00e9se a vev\u0151 ig\u00e9nyei szerint, poralap\u00fa, granul\u00e1lt \u00e9s darabos term\u00e9kek ter\u00fclet\u00e9n. A term\u00e9kek jelleg\u00e9nek kialak\u00edt\u00e1sa mellett a teljes term\u00e9kfejleszt\u00e9s elv\u00e9gz\u00e9se az alapanyagok kiv\u00e1laszt\u00e1s\u00e1t\u00f3l a gy\u00e1rt\u00e1si technol\u00f3gia meghat\u00e1roz\u00e1s\u00e1n kereszt\u00fcl a term\u00e9kcsomagol\u00e1s \u00e9s hat\u00f3s\u00e1gi enged\u00e9lyeztet\u00e9sig bez\u00e1r\u00f3lag. El\u00e9rhet\u0151 csomagol\u00e1si megold\u00e1saink:\" \/>\n<meta property=\"og:url\" content=\"https:\/\/powder-products.com\/contract-manufacturing\/\" \/>\n<meta property=\"og:site_name\" content=\"PPP Private Powder Products\" \/>\n<meta property=\"article:publisher\" content=\"https:\/\/www.facebook.com\/privatepowderproducts\" \/>\n<meta property=\"article:modified_time\" content=\"2024-03-11T13:36:31+00:00\" \/>\n<meta property=\"og:image\" content=\"https:\/\/acc91073.maxer.hu\/wp-content\/uploads\/2024\/03\/soma_web_icon_termekek-02_f.png\" \/>\n<meta name=\"twitter:card\" content=\"summary_large_image\" \/>\n<script type=\"application\/ld+json\" class=\"yoast-schema-graph\">{\"@context\":\"https:\/\/schema.org\",\"@graph\":[{\"@type\":\"WebPage\",\"@id\":\"https:\/\/powder-products.com\/contract-manufacturing\/\",\"url\":\"https:\/\/powder-products.com\/contract-manufacturing\/\",\"name\":\"B\u00e9rgy\u00e1rt\u00e1s - PPP Private Powder Products\",\"isPartOf\":{\"@id\":\"https:\/\/powder-products.com\/hu\/#website\"},\"primaryImageOfPage\":{\"@id\":\"https:\/\/powder-products.com\/contract-manufacturing\/#primaryimage\"},\"image\":{\"@id\":\"https:\/\/powder-products.com\/contract-manufacturing\/#primaryimage\"},\"thumbnailUrl\":\"https:\/\/acc91073.maxer.hu\/wp-content\/uploads\/2024\/03\/soma_web_icon_termekek-02_f.png\",\"datePublished\":\"2024-02-14T12:59:32+00:00\",\"dateModified\":\"2024-03-11T13:36:31+00:00\",\"breadcrumb\":{\"@id\":\"https:\/\/powder-products.com\/contract-manufacturing\/#breadcrumb\"},\"inLanguage\":\"hu\",\"potentialAction\":[{\"@type\":\"ReadAction\",\"target\":[\"https:\/\/powder-products.com\/contract-manufacturing\/\"]}]},{\"@type\":\"ImageObject\",\"inLanguage\":\"hu\",\"@id\":\"https:\/\/powder-products.com\/contract-manufacturing\/#primaryimage\",\"url\":\"https:\/\/acc91073.maxer.hu\/wp-content\/uploads\/2024\/03\/soma_web_icon_termekek-02_f.png\",\"contentUrl\":\"https:\/\/acc91073.maxer.hu\/wp-content\/uploads\/2024\/03\/soma_web_icon_termekek-02_f.png\"},{\"@type\":\"BreadcrumbList\",\"@id\":\"https:\/\/powder-products.com\/contract-manufacturing\/#breadcrumb\",\"itemListElement\":[{\"@type\":\"ListItem\",\"position\":1,\"name\":\"Home\",\"item\":\"https:\/\/powder-products.com\/hu\/\"},{\"@type\":\"ListItem\",\"position\":2,\"name\":\"B\u00e9rgy\u00e1rt\u00e1s\"}]},{\"@type\":\"WebSite\",\"@id\":\"https:\/\/powder-products.com\/hu\/#website\",\"url\":\"https:\/\/powder-products.com\/hu\/\",\"name\":\"PPP Private Powder Products\",\"description\":\"Powder based products according to your needs.\",\"publisher\":{\"@id\":\"https:\/\/powder-products.com\/hu\/#organization\"},\"potentialAction\":[{\"@type\":\"SearchAction\",\"target\":{\"@type\":\"EntryPoint\",\"urlTemplate\":\"https:\/\/powder-products.com\/hu\/?s={search_term_string}\"},\"query-input\":{\"@type\":\"PropertyValueSpecification\",\"valueRequired\":true,\"valueName\":\"search_term_string\"}}],\"inLanguage\":\"hu\"},{\"@type\":\"Organization\",\"@id\":\"https:\/\/powder-products.com\/hu\/#organization\",\"name\":\"PPP Private Powder Products\",\"url\":\"https:\/\/powder-products.com\/hu\/\",\"logo\":{\"@type\":\"ImageObject\",\"inLanguage\":\"hu\",\"@id\":\"https:\/\/powder-products.com\/hu\/#\/schema\/logo\/image\/\",\"url\":\"https:\/\/powder-products.com\/wp-content\/uploads\/2024\/02\/ppp_logo_new-01.png\",\"contentUrl\":\"https:\/\/powder-products.com\/wp-content\/uploads\/2024\/02\/ppp_logo_new-01.png\",\"width\":512,\"height\":202,\"caption\":\"PPP Private Powder Products\"},\"image\":{\"@id\":\"https:\/\/powder-products.com\/hu\/#\/schema\/logo\/image\/\"},\"sameAs\":[\"https:\/\/www.facebook.com\/privatepowderproducts\"]}]}<\/script>\n<!-- \/ Yoast SEO Premium plugin. -->","yoast_head_json":{"title":"B\u00e9rgy\u00e1rt\u00e1s - PPP Private Powder Products","robots":{"index":"index","follow":"follow","max-snippet":"max-snippet:-1","max-image-preview":"max-image-preview:large","max-video-preview":"max-video-preview:-1"},"canonical":"https:\/\/powder-products.com\/contract-manufacturing\/","og_locale":"hu_HU","og_type":"article","og_title":"B\u00e9rgy\u00e1rt\u00e1s","og_description":"Egyedi term\u00e9kfejleszt\u00e9si feladatok elv\u00e9gz\u00e9se a vev\u0151 ig\u00e9nyei szerint, poralap\u00fa, granul\u00e1lt \u00e9s darabos term\u00e9kek ter\u00fclet\u00e9n. A term\u00e9kek jelleg\u00e9nek kialak\u00edt\u00e1sa mellett a teljes term\u00e9kfejleszt\u00e9s elv\u00e9gz\u00e9se az alapanyagok kiv\u00e1laszt\u00e1s\u00e1t\u00f3l a gy\u00e1rt\u00e1si technol\u00f3gia meghat\u00e1roz\u00e1s\u00e1n kereszt\u00fcl a term\u00e9kcsomagol\u00e1s \u00e9s hat\u00f3s\u00e1gi enged\u00e9lyeztet\u00e9sig bez\u00e1r\u00f3lag. El\u00e9rhet\u0151 csomagol\u00e1si megold\u00e1saink:","og_url":"https:\/\/powder-products.com\/contract-manufacturing\/","og_site_name":"PPP Private Powder Products","article_publisher":"https:\/\/www.facebook.com\/privatepowderproducts","article_modified_time":"2024-03-11T13:36:31+00:00","og_image":[{"url":"https:\/\/acc91073.maxer.hu\/wp-content\/uploads\/2024\/03\/soma_web_icon_termekek-02_f.png","type":"","width":"","height":""}],"twitter_card":"summary_large_image","schema":{"@context":"https:\/\/schema.org","@graph":[{"@type":"WebPage","@id":"https:\/\/powder-products.com\/contract-manufacturing\/","url":"https:\/\/powder-products.com\/contract-manufacturing\/","name":"B\u00e9rgy\u00e1rt\u00e1s - PPP Private Powder Products","isPartOf":{"@id":"https:\/\/powder-products.com\/hu\/#website"},"primaryImageOfPage":{"@id":"https:\/\/powder-products.com\/contract-manufacturing\/#primaryimage"},"image":{"@id":"https:\/\/powder-products.com\/contract-manufacturing\/#primaryimage"},"thumbnailUrl":"https:\/\/acc91073.maxer.hu\/wp-content\/uploads\/2024\/03\/soma_web_icon_termekek-02_f.png","datePublished":"2024-02-14T12:59:32+00:00","dateModified":"2024-03-11T13:36:31+00:00","breadcrumb":{"@id":"https:\/\/powder-products.com\/contract-manufacturing\/#breadcrumb"},"inLanguage":"hu","potentialAction":[{"@type":"ReadAction","target":["https:\/\/powder-products.com\/contract-manufacturing\/"]}]},{"@type":"ImageObject","inLanguage":"hu","@id":"https:\/\/powder-products.com\/contract-manufacturing\/#primaryimage","url":"https:\/\/acc91073.maxer.hu\/wp-content\/uploads\/2024\/03\/soma_web_icon_termekek-02_f.png","contentUrl":"https:\/\/acc91073.maxer.hu\/wp-content\/uploads\/2024\/03\/soma_web_icon_termekek-02_f.png"},{"@type":"BreadcrumbList","@id":"https:\/\/powder-products.com\/contract-manufacturing\/#breadcrumb","itemListElement":[{"@type":"ListItem","position":1,"name":"Home","item":"https:\/\/powder-products.com\/hu\/"},{"@type":"ListItem","position":2,"name":"B\u00e9rgy\u00e1rt\u00e1s"}]},{"@type":"WebSite","@id":"https:\/\/powder-products.com\/hu\/#website","url":"https:\/\/powder-products.com\/hu\/","name":"PPP Private Powder Products","description":"Powder based products according to your needs.","publisher":{"@id":"https:\/\/powder-products.com\/hu\/#organization"},"potentialAction":[{"@type":"SearchAction","target":{"@type":"EntryPoint","urlTemplate":"https:\/\/powder-products.com\/hu\/?s={search_term_string}"},"query-input":{"@type":"PropertyValueSpecification","valueRequired":true,"valueName":"search_term_string"}}],"inLanguage":"hu"},{"@type":"Organization","@id":"https:\/\/powder-products.com\/hu\/#organization","name":"PPP Private Powder Products","url":"https:\/\/powder-products.com\/hu\/","logo":{"@type":"ImageObject","inLanguage":"hu","@id":"https:\/\/powder-products.com\/hu\/#\/schema\/logo\/image\/","url":"https:\/\/powder-products.com\/wp-content\/uploads\/2024\/02\/ppp_logo_new-01.png","contentUrl":"https:\/\/powder-products.com\/wp-content\/uploads\/2024\/02\/ppp_logo_new-01.png","width":512,"height":202,"caption":"PPP Private Powder Products"},"image":{"@id":"https:\/\/powder-products.com\/hu\/#\/schema\/logo\/image\/"},"sameAs":["https:\/\/www.facebook.com\/privatepowderproducts"]}]}},"_links":{"self":[{"href":"https:\/\/powder-products.com\/hu\/wp-json\/wp\/v2\/pages\/369","targetHints":{"allow":["GET"]}}],"collection":[{"href":"https:\/\/powder-products.com\/hu\/wp-json\/wp\/v2\/pages"}],"about":[{"href":"https:\/\/powder-products.com\/hu\/wp-json\/wp\/v2\/types\/page"}],"author":[{"embeddable":true,"href":"https:\/\/powder-products.com\/hu\/wp-json\/wp\/v2\/users\/2"}],"replies":[{"embeddable":true,"href":"https:\/\/powder-products.com\/hu\/wp-json\/wp\/v2\/comments?post=369"}],"version-history":[{"count":2,"href":"https:\/\/powder-products.com\/hu\/wp-json\/wp\/v2\/pages\/369\/revisions"}],"predecessor-version":[{"id":616,"href":"https:\/\/powder-products.com\/hu\/wp-json\/wp\/v2\/pages\/369\/revisions\/616"}],"wp:attachment":[{"href":"https:\/\/powder-products.com\/hu\/wp-json\/wp\/v2\/media?parent=369"}],"curies":[{"name":"wp","href":"https:\/\/api.w.org\/{rel}","templated":true}]}}