{"id":631,"date":"2024-03-12T09:02:11","date_gmt":"2024-03-12T09:02:11","guid":{"rendered":"https:\/\/acc91073.maxer.hu\/tortenetunk\/"},"modified":"2024-04-03T07:18:46","modified_gmt":"2024-04-03T07:18:46","slug":"tortenetunk","status":"publish","type":"page","link":"https:\/\/powder-products.com\/hu\/tortenetunk\/","title":{"rendered":"T\u00f6rt\u00e9net\u00fcnk"},"content":{"rendered":"\n<p><\/p>\n\n\n\n<h2 class=\"wp-block-heading\"><mark style=\"background-color:rgba(0, 0, 0, 0)\" class=\"has-inline-color has-vivid-red-color\"><strong>2007<\/strong><\/mark><\/h2>\n\n\n\n<div class=\"wp-block-media-text is-stacked-on-mobile\" style=\"grid-template-columns:15% auto\"><figure class=\"wp-block-media-text__media\"><img loading=\"lazy\" decoding=\"async\" width=\"128\" height=\"128\" src=\"https:\/\/acc91073.maxer.hu\/wp-content\/uploads\/2024\/04\/8420942271578629625-128-1-1.png\" alt=\"\" class=\"wp-image-803 size-full\" srcset=\"https:\/\/powder-products.com\/wp-content\/uploads\/2024\/04\/8420942271578629625-128-1-1.png 128w, https:\/\/powder-products.com\/wp-content\/uploads\/2024\/04\/8420942271578629625-128-1-1-100x100.png 100w\" sizes=\"auto, (max-width: 128px) 100vw, 128px\" \/><\/figure><div class=\"wp-block-media-text__content\">\n<p>D\u00e1ni\u00e1ban megalakul a PPP Private Powder Products el\u0151dje, a FleXoco. A t\u00e1rsas\u00e1g b\u00e9rgy\u00e1rtatott melegitalporok term\u00e9kfejleszt\u00e9s\u00e9vel \u00e9s kereskedelm\u00e9vel foglalkozik, els\u0151sorban d\u00e1niai \u00e9s n\u00e9met piacokra.<\/p>\n<\/div><\/div>\n\n\n\n<h2 class=\"wp-block-heading\"><strong><mark style=\"background-color:rgba(0, 0, 0, 0)\" class=\"has-inline-color has-vivid-red-color\">2013<\/mark><\/strong><\/h2>\n\n\n\n<div class=\"wp-block-media-text is-stacked-on-mobile\" style=\"grid-template-columns:15% auto\"><figure class=\"wp-block-media-text__media\"><img loading=\"lazy\" decoding=\"async\" width=\"128\" height=\"128\" src=\"https:\/\/acc91073.maxer.hu\/wp-content\/uploads\/2024\/04\/3023758921639553030-128-1.png\" alt=\"\" class=\"wp-image-806 size-full\" srcset=\"https:\/\/powder-products.com\/wp-content\/uploads\/2024\/04\/3023758921639553030-128-1.png 128w, https:\/\/powder-products.com\/wp-content\/uploads\/2024\/04\/3023758921639553030-128-1-100x100.png 100w\" sizes=\"auto, (max-width: 128px) 100vw, 128px\" \/><\/figure><div class=\"wp-block-media-text__content\">\n<p>Megkezd\u0151dik a magyarorsz\u00e1gi gy\u00e1rt\u00f3b\u00e1zis \u00e9p\u00edt\u00e9se \u00e9s 10 f\u0151vel, 2000 m2 gy\u00e1rt\u00e1si \u00e9s rakt\u00e1roz\u00e1si ter\u00fcleten elindul a term\u00e9kgy\u00e1rt\u00e1s.<\/p>\n<\/div><\/div>\n\n\n\n<h2 class=\"wp-block-heading\"><strong><mark style=\"background-color:rgba(0, 0, 0, 0)\" class=\"has-inline-color has-vivid-red-color\">2016<\/mark><\/strong><\/h2>\n\n\n\n<div class=\"wp-block-media-text is-stacked-on-mobile\" style=\"grid-template-columns:15% auto\"><figure class=\"wp-block-media-text__media\"><img loading=\"lazy\" decoding=\"async\" width=\"128\" height=\"128\" src=\"https:\/\/acc91073.maxer.hu\/wp-content\/uploads\/2024\/04\/5530167231639546471-128-1.png\" alt=\"\" class=\"wp-image-809 size-full\" srcset=\"https:\/\/powder-products.com\/wp-content\/uploads\/2024\/04\/5530167231639546471-128-1.png 128w, https:\/\/powder-products.com\/wp-content\/uploads\/2024\/04\/5530167231639546471-128-1-100x100.png 100w\" sizes=\"auto, (max-width: 128px) 100vw, 128px\" \/><\/figure><div class=\"wp-block-media-text__content\">\n<p>\u00a0A c\u00e9g \u00faj gy\u00e1rt\u00f3b\u00e1zisra k\u00f6lt\u00f6zik, ahol 3600 m2 ter\u00fcleten, 20 f\u0151vel, nagyobb kapacit\u00e1ssal zajlik a gy\u00e1rt\u00e1s.<\/p>\n<\/div><\/div>\n\n\n\n<h2 class=\"wp-block-heading\"><strong><mark style=\"background-color:rgba(0, 0, 0, 0)\" class=\"has-inline-color has-vivid-red-color\">2017<\/mark><\/strong><\/h2>\n\n\n\n<div class=\"wp-block-media-text is-stacked-on-mobile\" style=\"grid-template-columns:15% auto\"><figure class=\"wp-block-media-text__media\"><img loading=\"lazy\" decoding=\"async\" width=\"128\" height=\"128\" src=\"https:\/\/acc91073.maxer.hu\/wp-content\/uploads\/2024\/04\/6561169091685266643-128-1.png\" alt=\"\" class=\"wp-image-812 size-full\" srcset=\"https:\/\/powder-products.com\/wp-content\/uploads\/2024\/04\/6561169091685266643-128-1.png 128w, https:\/\/powder-products.com\/wp-content\/uploads\/2024\/04\/6561169091685266643-128-1-100x100.png 100w\" sizes=\"auto, (max-width: 128px) 100vw, 128px\" \/><\/figure><div class=\"wp-block-media-text__content\">\n<p><br>A PPP Private Powder Products fel\u00e9p\u00edti saj\u00e1t instantiz\u00e1l\u00f3 rendszer\u00e9t.<\/p>\n<\/div><\/div>\n\n\n\n<h2 class=\"wp-block-heading\"><strong><mark style=\"background-color:rgba(0, 0, 0, 0)\" class=\"has-inline-color has-vivid-red-color\">2021<\/mark><\/strong><\/h2>\n\n\n\n<div class=\"wp-block-media-text is-stacked-on-mobile\" style=\"grid-template-columns:15% auto\"><figure class=\"wp-block-media-text__media\"><img loading=\"lazy\" decoding=\"async\" width=\"128\" height=\"128\" src=\"https:\/\/acc91073.maxer.hu\/wp-content\/uploads\/2024\/04\/16313407691680330749-128-1.png\" alt=\"\" class=\"wp-image-815 size-full\" srcset=\"https:\/\/powder-products.com\/wp-content\/uploads\/2024\/04\/16313407691680330749-128-1.png 128w, https:\/\/powder-products.com\/wp-content\/uploads\/2024\/04\/16313407691680330749-128-1-100x100.png 100w\" sizes=\"auto, (max-width: 128px) 100vw, 128px\" \/><\/figure><div class=\"wp-block-media-text__content\">\n<p>Bogn\u00e1r Bal\u00e1zs, Bogn\u00e1r J\u00f3zsef Tam\u00e1s \u00e9s Karl \u00c1kos, szakmai befektet\u0151kk\u00e9nt megv\u00e1s\u00e1rolj\u00e1k a c\u00e9get. A d\u00e1n Flexoco beolvad a magyar PPP Private Powder Products-ba. Megkezd\u0151dik a c\u00e9g reorganiz\u00e1ci\u00f3ja \u00e9s szervezetfejleszt\u00e9se.<\/p>\n<\/div><\/div>\n\n\n\n<h2 class=\"wp-block-heading\"><strong><mark style=\"background-color:rgba(0, 0, 0, 0)\" class=\"has-inline-color has-vivid-red-color\">2022<\/mark><\/strong><\/h2>\n\n\n\n<div class=\"wp-block-media-text is-stacked-on-mobile\" style=\"grid-template-columns:15% auto\"><figure class=\"wp-block-media-text__media\"><img loading=\"lazy\" decoding=\"async\" width=\"128\" height=\"128\" src=\"https:\/\/acc91073.maxer.hu\/wp-content\/uploads\/2024\/04\/17231006481680331157-128-1.png\" alt=\"\" class=\"wp-image-818 size-full\" srcset=\"https:\/\/powder-products.com\/wp-content\/uploads\/2024\/04\/17231006481680331157-128-1.png 128w, https:\/\/powder-products.com\/wp-content\/uploads\/2024\/04\/17231006481680331157-128-1-100x100.png 100w\" sizes=\"auto, (max-width: 128px) 100vw, 128px\" \/><\/figure><div class=\"wp-block-media-text__content\">\n<p>Technol\u00f3gia \u00e9s kapacit\u00e1sfejleszt\u00e9s zajlik, aminek k\u00f6sz\u00f6nhet\u0151en \u00faj piaci lehet\u0151s\u00e9gek ny\u00edlnak a c\u00e9g sz\u00e1m\u00e1ra. \u00daj \u00e9rt\u00e9kes\u00edt\u00e9si szervezet \u00e9p\u00fcl, Alexander Powel vezet\u00e9s\u00e9vel. Bevezet\u00e9sre ker\u00fcl az InCup term\u00e9kgy\u00e1rt\u00e1s.<\/p>\n<\/div><\/div>\n\n\n\n<h2 class=\"wp-block-heading\"><strong><mark style=\"background-color:rgba(0, 0, 0, 0)\" class=\"has-inline-color has-vivid-red-color\">2023<\/mark><\/strong><\/h2>\n\n\n\n<div class=\"wp-block-media-text is-stacked-on-mobile\" style=\"grid-template-columns:15% auto\"><figure class=\"wp-block-media-text__media\"><img loading=\"lazy\" decoding=\"async\" width=\"128\" height=\"128\" src=\"https:\/\/acc91073.maxer.hu\/wp-content\/uploads\/2024\/04\/17360557961683347565-128-1.png\" alt=\"\" class=\"wp-image-821 size-full\" srcset=\"https:\/\/powder-products.com\/wp-content\/uploads\/2024\/04\/17360557961683347565-128-1.png 128w, https:\/\/powder-products.com\/wp-content\/uploads\/2024\/04\/17360557961683347565-128-1-100x100.png 100w\" sizes=\"auto, (max-width: 128px) 100vw, 128px\" \/><\/figure><div class=\"wp-block-media-text__content\">\n<p>6600 m2 ter\u00fcleten, 85 f\u0151vel zajlik a gy\u00e1rt\u00e1s \u00e9s rakt\u00e1roz\u00e1s. A kapacit\u00e1sb\u0151v\u00edt\u00e9s lehet\u0151v\u00e9 teszi 30000+ MT term\u00e9k gy\u00e1rt\u00e1s\u00e1t. A term\u00e9kfejleszt\u00e9si projektek k\u00f6z\u00f6tt kiemelt a hidegital porok k\u00fcl\u00f6nb\u00f6z\u0151 term\u00e9kkateg\u00f3ri\u00e1inak kialak\u00edt\u00e1sa. Elindul az instant levesporok gy\u00e1rt\u00e1sa. T\u00f6bb, mint 30 orsz\u00e1gba export\u00e1l a PPP Private Powder Products.<\/p>\n<\/div><\/div>\n\n\n\n<h2 class=\"wp-block-heading\"><strong><mark style=\"background-color:rgba(0, 0, 0, 0)\" class=\"has-inline-color has-vivid-red-color\">2024<\/mark><\/strong><\/h2>\n\n\n\n<div class=\"wp-block-media-text is-stacked-on-mobile\" style=\"grid-template-columns:15% auto\"><figure class=\"wp-block-media-text__media\"><img loading=\"lazy\" decoding=\"async\" width=\"128\" height=\"128\" src=\"https:\/\/acc91073.maxer.hu\/wp-content\/uploads\/2024\/04\/2517599061636522166-128-1.png\" alt=\"\" class=\"wp-image-824 size-full\" srcset=\"https:\/\/powder-products.com\/wp-content\/uploads\/2024\/04\/2517599061636522166-128-1.png 128w, https:\/\/powder-products.com\/wp-content\/uploads\/2024\/04\/2517599061636522166-128-1-100x100.png 100w\" sizes=\"auto, (max-width: 128px) 100vw, 128px\" \/><\/figure><div class=\"wp-block-media-text__content\">\n<p>Technol\u00f3gia \u00e9s kapacit\u00e1s optimaliz\u00e1l\u00e1s zajlik. Kialak\u00edt\u00e1sra ker\u00fcl a c\u00e9g fenntarthat\u00f3s\u00e1gi strat\u00e9gi\u00e1ja. Elindul a \u201ePPP Powder Scinece Lab\u201d koncepci\u00f3, mely a poralap\u00fa \u00e9lelmiszerterm\u00e9kek technol\u00f3giai kutat\u00e1s-fejleszt\u00e9s\u00e9re f\u00f3kusz\u00e1l.<\/p>\n<\/div><\/div>\n","protected":false},"excerpt":{"rendered":"<p>2007 D\u00e1ni\u00e1ban megalakul a PPP Private Powder Products el\u0151dje, a FleXoco. A t\u00e1rsas\u00e1g b\u00e9rgy\u00e1rtatott melegitalporok term\u00e9kfejleszt\u00e9s\u00e9vel \u00e9s kereskedelm\u00e9vel foglalkozik, els\u0151sorban d\u00e1niai \u00e9s n\u00e9met piacokra. 2013 Megkezd\u0151dik a magyarorsz\u00e1gi gy\u00e1rt\u00f3b\u00e1zis \u00e9p\u00edt\u00e9se \u00e9s 10 f\u0151vel, 2000 m2 gy\u00e1rt\u00e1si \u00e9s rakt\u00e1roz\u00e1si ter\u00fcleten elindul a term\u00e9kgy\u00e1rt\u00e1s. 2016 \u00a0A c\u00e9g \u00faj gy\u00e1rt\u00f3b\u00e1zisra k\u00f6lt\u00f6zik, ahol 3600 m2 ter\u00fcleten, 20 f\u0151vel, nagyobb &hellip; <\/p>\n<p class=\"link-more\"><a href=\"https:\/\/powder-products.com\/hu\/tortenetunk\/\" class=\"more-link\"><span class=\"screen-reader-text\">&#8222;T\u00f6rt\u00e9net\u00fcnk&#8221;<\/span> b\u0151vebben<\/a><\/p>\n","protected":false},"author":2,"featured_media":0,"parent":0,"menu_order":0,"comment_status":"closed","ping_status":"closed","template":"","meta":{"footnotes":""},"class_list":["post-631","page","type-page","status-publish","hentry"],"yoast_head":"<!-- This site is optimized with the Yoast SEO Premium plugin v25.6 (Yoast SEO v26.1.1) - https:\/\/yoast.com\/wordpress\/plugins\/seo\/ -->\n<title>T\u00f6rt\u00e9net\u00fcnk - PPP Private Powder Products<\/title>\n<meta name=\"robots\" content=\"index, follow, max-snippet:-1, max-image-preview:large, max-video-preview:-1\" \/>\n<link rel=\"canonical\" href=\"https:\/\/powder-products.com\/our-story\/\" \/>\n<meta property=\"og:locale\" content=\"hu_HU\" \/>\n<meta property=\"og:type\" content=\"article\" \/>\n<meta property=\"og:title\" content=\"T\u00f6rt\u00e9net\u00fcnk\" \/>\n<meta property=\"og:description\" content=\"2007 D\u00e1ni\u00e1ban megalakul a PPP Private Powder Products el\u0151dje, a FleXoco. A t\u00e1rsas\u00e1g b\u00e9rgy\u00e1rtatott melegitalporok term\u00e9kfejleszt\u00e9s\u00e9vel \u00e9s kereskedelm\u00e9vel foglalkozik, els\u0151sorban d\u00e1niai \u00e9s n\u00e9met piacokra. 2013 Megkezd\u0151dik a magyarorsz\u00e1gi gy\u00e1rt\u00f3b\u00e1zis \u00e9p\u00edt\u00e9se \u00e9s 10 f\u0151vel, 2000 m2 gy\u00e1rt\u00e1si \u00e9s rakt\u00e1roz\u00e1si ter\u00fcleten elindul a term\u00e9kgy\u00e1rt\u00e1s. 2016 \u00a0A c\u00e9g \u00faj gy\u00e1rt\u00f3b\u00e1zisra k\u00f6lt\u00f6zik, ahol 3600 m2 ter\u00fcleten, 20 f\u0151vel, nagyobb &hellip; &quot;T\u00f6rt\u00e9net\u00fcnk&quot; b\u0151vebben\" \/>\n<meta property=\"og:url\" content=\"https:\/\/powder-products.com\/our-story\/\" \/>\n<meta property=\"og:site_name\" content=\"PPP Private Powder Products\" \/>\n<meta property=\"article:publisher\" content=\"https:\/\/www.facebook.com\/privatepowderproducts\" \/>\n<meta property=\"article:modified_time\" content=\"2024-04-03T07:18:46+00:00\" \/>\n<meta property=\"og:image\" content=\"https:\/\/acc91073.maxer.hu\/wp-content\/uploads\/2024\/04\/8420942271578629625-128-1-1.png\" \/>\n<meta name=\"twitter:card\" content=\"summary_large_image\" \/>\n<meta name=\"twitter:label1\" content=\"Becs\u00fclt olvas\u00e1si id\u0151\" \/>\n\t<meta name=\"twitter:data1\" content=\"2 perc\" \/>\n<script type=\"application\/ld+json\" class=\"yoast-schema-graph\">{\"@context\":\"https:\/\/schema.org\",\"@graph\":[{\"@type\":\"WebPage\",\"@id\":\"https:\/\/powder-products.com\/our-story\/\",\"url\":\"https:\/\/powder-products.com\/our-story\/\",\"name\":\"T\u00f6rt\u00e9net\u00fcnk - PPP Private Powder Products\",\"isPartOf\":{\"@id\":\"https:\/\/powder-products.com\/hu\/#website\"},\"primaryImageOfPage\":{\"@id\":\"https:\/\/powder-products.com\/our-story\/#primaryimage\"},\"image\":{\"@id\":\"https:\/\/powder-products.com\/our-story\/#primaryimage\"},\"thumbnailUrl\":\"https:\/\/acc91073.maxer.hu\/wp-content\/uploads\/2024\/04\/8420942271578629625-128-1-1.png\",\"datePublished\":\"2024-03-12T09:02:11+00:00\",\"dateModified\":\"2024-04-03T07:18:46+00:00\",\"breadcrumb\":{\"@id\":\"https:\/\/powder-products.com\/our-story\/#breadcrumb\"},\"inLanguage\":\"hu\",\"potentialAction\":[{\"@type\":\"ReadAction\",\"target\":[\"https:\/\/powder-products.com\/our-story\/\"]}]},{\"@type\":\"ImageObject\",\"inLanguage\":\"hu\",\"@id\":\"https:\/\/powder-products.com\/our-story\/#primaryimage\",\"url\":\"https:\/\/acc91073.maxer.hu\/wp-content\/uploads\/2024\/04\/8420942271578629625-128-1-1.png\",\"contentUrl\":\"https:\/\/acc91073.maxer.hu\/wp-content\/uploads\/2024\/04\/8420942271578629625-128-1-1.png\"},{\"@type\":\"BreadcrumbList\",\"@id\":\"https:\/\/powder-products.com\/our-story\/#breadcrumb\",\"itemListElement\":[{\"@type\":\"ListItem\",\"position\":1,\"name\":\"Home\",\"item\":\"https:\/\/powder-products.com\/hu\/\"},{\"@type\":\"ListItem\",\"position\":2,\"name\":\"T\u00f6rt\u00e9net\u00fcnk\"}]},{\"@type\":\"WebSite\",\"@id\":\"https:\/\/powder-products.com\/hu\/#website\",\"url\":\"https:\/\/powder-products.com\/hu\/\",\"name\":\"PPP Private Powder Products\",\"description\":\"Powder based products according to your needs.\",\"publisher\":{\"@id\":\"https:\/\/powder-products.com\/hu\/#organization\"},\"potentialAction\":[{\"@type\":\"SearchAction\",\"target\":{\"@type\":\"EntryPoint\",\"urlTemplate\":\"https:\/\/powder-products.com\/hu\/?s={search_term_string}\"},\"query-input\":{\"@type\":\"PropertyValueSpecification\",\"valueRequired\":true,\"valueName\":\"search_term_string\"}}],\"inLanguage\":\"hu\"},{\"@type\":\"Organization\",\"@id\":\"https:\/\/powder-products.com\/hu\/#organization\",\"name\":\"PPP Private Powder Products\",\"url\":\"https:\/\/powder-products.com\/hu\/\",\"logo\":{\"@type\":\"ImageObject\",\"inLanguage\":\"hu\",\"@id\":\"https:\/\/powder-products.com\/hu\/#\/schema\/logo\/image\/\",\"url\":\"https:\/\/powder-products.com\/wp-content\/uploads\/2024\/02\/ppp_logo_new-01.png\",\"contentUrl\":\"https:\/\/powder-products.com\/wp-content\/uploads\/2024\/02\/ppp_logo_new-01.png\",\"width\":512,\"height\":202,\"caption\":\"PPP Private Powder Products\"},\"image\":{\"@id\":\"https:\/\/powder-products.com\/hu\/#\/schema\/logo\/image\/\"},\"sameAs\":[\"https:\/\/www.facebook.com\/privatepowderproducts\"]}]}<\/script>\n<!-- \/ Yoast SEO Premium plugin. -->","yoast_head_json":{"title":"T\u00f6rt\u00e9net\u00fcnk - PPP Private Powder Products","robots":{"index":"index","follow":"follow","max-snippet":"max-snippet:-1","max-image-preview":"max-image-preview:large","max-video-preview":"max-video-preview:-1"},"canonical":"https:\/\/powder-products.com\/our-story\/","og_locale":"hu_HU","og_type":"article","og_title":"T\u00f6rt\u00e9net\u00fcnk","og_description":"2007 D\u00e1ni\u00e1ban megalakul a PPP Private Powder Products el\u0151dje, a FleXoco. A t\u00e1rsas\u00e1g b\u00e9rgy\u00e1rtatott melegitalporok term\u00e9kfejleszt\u00e9s\u00e9vel \u00e9s kereskedelm\u00e9vel foglalkozik, els\u0151sorban d\u00e1niai \u00e9s n\u00e9met piacokra. 2013 Megkezd\u0151dik a magyarorsz\u00e1gi gy\u00e1rt\u00f3b\u00e1zis \u00e9p\u00edt\u00e9se \u00e9s 10 f\u0151vel, 2000 m2 gy\u00e1rt\u00e1si \u00e9s rakt\u00e1roz\u00e1si ter\u00fcleten elindul a term\u00e9kgy\u00e1rt\u00e1s. 2016 \u00a0A c\u00e9g \u00faj gy\u00e1rt\u00f3b\u00e1zisra k\u00f6lt\u00f6zik, ahol 3600 m2 ter\u00fcleten, 20 f\u0151vel, nagyobb &hellip; \"T\u00f6rt\u00e9net\u00fcnk\" b\u0151vebben","og_url":"https:\/\/powder-products.com\/our-story\/","og_site_name":"PPP Private Powder Products","article_publisher":"https:\/\/www.facebook.com\/privatepowderproducts","article_modified_time":"2024-04-03T07:18:46+00:00","og_image":[{"url":"https:\/\/acc91073.maxer.hu\/wp-content\/uploads\/2024\/04\/8420942271578629625-128-1-1.png","type":"","width":"","height":""}],"twitter_card":"summary_large_image","twitter_misc":{"Becs\u00fclt olvas\u00e1si id\u0151":"2 perc"},"schema":{"@context":"https:\/\/schema.org","@graph":[{"@type":"WebPage","@id":"https:\/\/powder-products.com\/our-story\/","url":"https:\/\/powder-products.com\/our-story\/","name":"T\u00f6rt\u00e9net\u00fcnk - PPP Private Powder Products","isPartOf":{"@id":"https:\/\/powder-products.com\/hu\/#website"},"primaryImageOfPage":{"@id":"https:\/\/powder-products.com\/our-story\/#primaryimage"},"image":{"@id":"https:\/\/powder-products.com\/our-story\/#primaryimage"},"thumbnailUrl":"https:\/\/acc91073.maxer.hu\/wp-content\/uploads\/2024\/04\/8420942271578629625-128-1-1.png","datePublished":"2024-03-12T09:02:11+00:00","dateModified":"2024-04-03T07:18:46+00:00","breadcrumb":{"@id":"https:\/\/powder-products.com\/our-story\/#breadcrumb"},"inLanguage":"hu","potentialAction":[{"@type":"ReadAction","target":["https:\/\/powder-products.com\/our-story\/"]}]},{"@type":"ImageObject","inLanguage":"hu","@id":"https:\/\/powder-products.com\/our-story\/#primaryimage","url":"https:\/\/acc91073.maxer.hu\/wp-content\/uploads\/2024\/04\/8420942271578629625-128-1-1.png","contentUrl":"https:\/\/acc91073.maxer.hu\/wp-content\/uploads\/2024\/04\/8420942271578629625-128-1-1.png"},{"@type":"BreadcrumbList","@id":"https:\/\/powder-products.com\/our-story\/#breadcrumb","itemListElement":[{"@type":"ListItem","position":1,"name":"Home","item":"https:\/\/powder-products.com\/hu\/"},{"@type":"ListItem","position":2,"name":"T\u00f6rt\u00e9net\u00fcnk"}]},{"@type":"WebSite","@id":"https:\/\/powder-products.com\/hu\/#website","url":"https:\/\/powder-products.com\/hu\/","name":"PPP Private Powder Products","description":"Powder based products according to your needs.","publisher":{"@id":"https:\/\/powder-products.com\/hu\/#organization"},"potentialAction":[{"@type":"SearchAction","target":{"@type":"EntryPoint","urlTemplate":"https:\/\/powder-products.com\/hu\/?s={search_term_string}"},"query-input":{"@type":"PropertyValueSpecification","valueRequired":true,"valueName":"search_term_string"}}],"inLanguage":"hu"},{"@type":"Organization","@id":"https:\/\/powder-products.com\/hu\/#organization","name":"PPP Private Powder Products","url":"https:\/\/powder-products.com\/hu\/","logo":{"@type":"ImageObject","inLanguage":"hu","@id":"https:\/\/powder-products.com\/hu\/#\/schema\/logo\/image\/","url":"https:\/\/powder-products.com\/wp-content\/uploads\/2024\/02\/ppp_logo_new-01.png","contentUrl":"https:\/\/powder-products.com\/wp-content\/uploads\/2024\/02\/ppp_logo_new-01.png","width":512,"height":202,"caption":"PPP Private Powder Products"},"image":{"@id":"https:\/\/powder-products.com\/hu\/#\/schema\/logo\/image\/"},"sameAs":["https:\/\/www.facebook.com\/privatepowderproducts"]}]}},"_links":{"self":[{"href":"https:\/\/powder-products.com\/hu\/wp-json\/wp\/v2\/pages\/631","targetHints":{"allow":["GET"]}}],"collection":[{"href":"https:\/\/powder-products.com\/hu\/wp-json\/wp\/v2\/pages"}],"about":[{"href":"https:\/\/powder-products.com\/hu\/wp-json\/wp\/v2\/types\/page"}],"author":[{"embeddable":true,"href":"https:\/\/powder-products.com\/hu\/wp-json\/wp\/v2\/users\/2"}],"replies":[{"embeddable":true,"href":"https:\/\/powder-products.com\/hu\/wp-json\/wp\/v2\/comments?post=631"}],"version-history":[{"count":6,"href":"https:\/\/powder-products.com\/hu\/wp-json\/wp\/v2\/pages\/631\/revisions"}],"predecessor-version":[{"id":827,"href":"https:\/\/powder-products.com\/hu\/wp-json\/wp\/v2\/pages\/631\/revisions\/827"}],"wp:attachment":[{"href":"https:\/\/powder-products.com\/hu\/wp-json\/wp\/v2\/media?parent=631"}],"curies":[{"name":"wp","href":"https:\/\/api.w.org\/{rel}","templated":true}]}}